{"id":15362,"date":"2025-10-26T18:46:00","date_gmt":"2025-10-26T15:46:00","guid":{"rendered":"https:\/\/excursionsworld.com\/?post_type=product&#038;p=15362"},"modified":"2025-11-21T20:29:39","modified_gmt":"2025-11-21T17:29:39","slug":"buggy-safari-belek","status":"publish","type":"product","link":"https:\/\/excursionsworld.com\/tours\/belek-buggy-safari\/","title":{"rendered":"Buggy Safari Belek: Atemberaubendes Offroad-Abenteuer &amp; Action"},"content":{"rendered":"<h3 data-start=\"166\" data-end=\"185\"><span style=\"color: #000000;\"><strong>\ud83c\udfdd\ufe0f \u00dcberblick<\/strong><\/span><\/h3>\n<p data-start=\"186\" data-end=\"452\">Erleben Sie Adrenalin pur auf der Belek Buggy Safari Tour! Fahren Sie mit Ihrem eigenen automatischen Buggy durch staubige Waldwege und Off-Road-Pfade, umgeben von der nat\u00fcrlichen Sch\u00f6nheit von Belek. Perfekt f\u00fcr Anf\u00e4nger und Abenteuerlustige - kein F\u00fchrerschein oder Vorkenntnisse erforderlich!<\/p>\n<h3 data-start=\"454\" data-end=\"471\"><span style=\"color: #000000;\"><strong>\u00a0Inbegriffen:<\/strong><\/span><\/h3>\n<p data-start=\"472\" data-end=\"640\"><span style=\"color: #00ff00;\"><strong>\u2713<\/strong> <\/span>Abholung vom Hotel und R\u00fccktransport\u00a0<br data-start=\"534\" data-end=\"537\" \/><span style=\"color: #00ff00;\"><strong>\u2713<\/strong> <\/span>Professioneller Reisef\u00fchrer- und Ausbilder-Service<br data-start=\"580\" data-end=\"583\" \/><span style=\"color: #00ff00;\"><strong>\u2713<\/strong> <\/span>Vollst\u00e4ndiger Versicherungsschutz<br data-start=\"608\" data-end=\"611\" \/><span style=\"color: #00ff00;\"><strong>\u2713<\/strong> <\/span>Sicherheitsausr\u00fcstung (Helm)<\/p>\n<h3 data-start=\"642\" data-end=\"663\"><span style=\"color: #000000;\"><strong>\u00a0Nicht inbegriffen:<\/strong><\/span><\/h3>\n<p data-start=\"664\" data-end=\"748\"><strong><span style=\"color: #ff0000;\">\u2717<\/span><\/strong> Pers\u00f6nliche Ausgaben (Getr\u00e4nke, Snacks, Fotos, T\u00fccher)<br data-start=\"718\" data-end=\"721\" \/><strong><span style=\"color: #ff0000;\">\u2717 <\/span><\/strong>Optionale Badepause<\/p>\n<h3 data-start=\"750\" data-end=\"775\"><span style=\"color: #000000;\"><strong>\ud83c\udf1f H\u00f6hepunkte der Tour<\/strong><\/span><\/h3>\n<p data-start=\"776\" data-end=\"1086\">\ud83d\udd39 Fahren Sie Ihren eigenen Buggy durch raue Offroad-Pfade<br data-start=\"830\" data-end=\"833\" \/>\ud83d\udd39 Atemberaubende Waldwege in der N\u00e4he des Kur\u015funlu-Wasserfalls oder Lara<br data-start=\"894\" data-end=\"897\" \/>\ud83d\udd39 Einsteigerfreundliche Fahrzeuge - automatisch und einfach zu steuern<br data-start=\"958\" data-end=\"961\" \/>\ud83d\udd39 Ein lustiges und sicheres Abenteuer, geeignet f\u00fcr Paare, Familien und Gruppen<br data-start=\"1029\" data-end=\"1032\" \/>\ud83d\udd39 Zwei t\u00e4gliche Sitzungen: Vormittags- und Nachmittagsoptionen<\/p>\n<h3 data-start=\"1088\" data-end=\"1114\"><span style=\"color: #000000;\"><strong>\ud83d\udcd6 Vollst\u00e4ndige Beschreibung<\/strong><\/span><\/h3>\n<p data-start=\"1115\" data-end=\"1739\">Ihr Tag beginnt mit einer bequemen Abholung vom Hotel in Belek und Umgebung. Nach einem kurzen Transfer zur Buggy-Station erhalten Sie von professionellen Instruktoren Sicherheitsanweisungen und eine kurze Probefahrt. Sobald Sie bereit sind, beginnt Ihr aufregendes Abenteuer! Sie fahren \u00fcber staubige Waldwege, kleine Fl\u00fcsse und malerische Bergrouten - die perfekte Mischung aus Aufregung und nat\u00fcrlicher Sch\u00f6nheit. W\u00e4hrend der Tour halten Sie f\u00fcr kurze Fotopausen und ein optionales Bad (je nach Wetter und Streckenbedingungen). Nach der Fahrt k\u00f6nnen Sie sich ein paar Minuten entspannen, bevor Sie mit unvergesslichen Erinnerungen zu Ihrem Hotel zur\u00fcckgebracht werden.<\/p>\n<h3 data-start=\"1741\" data-end=\"1766\"><span style=\"color: #000000;\"><strong>\ud83d\uddfa\ufe0f Reiseverlauf<\/strong><\/span><\/h3>\n<p data-start=\"1767\" data-end=\"2032\">\ud83d\udd39 Abholung von Hotels in der Region Belek<br data-start=\"1804\" data-end=\"1807\" \/>\ud83d\udd39 Ankunft an der Buggy-Basis und Sicherheitseinweisung<br data-start=\"1851\" data-end=\"1854\" \/>\ud83d\udd39 Probefahrt und Ger\u00e4tekontrolle<br data-start=\"1887\" data-end=\"1890\" \/>Off-Road-Safari-Abenteuer durch Wald und Fl\u00fcsse<br data-start=\"1944\" data-end=\"1947\" \/>\ud83d\udd39 Foto- und Rastpl\u00e4tze<br data-start=\"1970\" data-end=\"1973\" \/>\ud83d\udd39 Fakultative Badepause<br data-start=\"1999\" data-end=\"2002\" \/>\ud83d\udd39 R\u00fccktransfer zu den Hotels<\/p>\n<h3 data-start=\"2034\" data-end=\"2062\"><span style=\"color: #000000;\"><strong>\u2139\ufe0f N\u00fctzliche Informationen<\/strong><\/span><\/h3>\n<p data-start=\"2063\" data-end=\"2356\">\ud83d\udd39 Dauer: ca. 3-4 Stunden insgesamt\u00a0<br data-start=\"2127\" data-end=\"2130\" \/>\ud83d\udd39 Zwei t\u00e4gliche Sitzungen: 09:00 und 13:30<br data-start=\"2168\" data-end=\"2171\" \/>\ud83d\udd39 Kein F\u00fchrerschein erforderlich<br data-start=\"2202\" data-end=\"2205\" \/>\ud83d\udd39 Kinder k\u00f6nnen als Beifahrer mitfahren<br data-start=\"2239\" data-end=\"2242\" \/>\ud83d\udd39 Empfohlene Kleidung: bequeme alte Kleidung und geschlossene Schuhe<br data-start=\"2305\" data-end=\"2308\" \/>\ud83d\udd39 Mitbringen: Sonnenbrille, Sonnencreme und ein Kopftuch<\/p>\n<h3 data-start=\"2454\" data-end=\"2477\"><span style=\"color: #000000;\"><strong>\ud83c\udf92 Was Sie mitbringen sollten<\/strong><\/span><\/h3>\n<p data-start=\"2478\" data-end=\"2615\">\ud83d\udd39 Sonnenbrille und Sonnenschutzmittel<br data-start=\"2505\" data-end=\"2508\" \/>\ud83d\udd39 Bandana oder Gesichtsmaske<br data-start=\"2531\" data-end=\"2534\" \/>\ud83d\udd39 Bequeme Kleidung und Schuhe<br data-start=\"2566\" data-end=\"2569\" \/>\ud83d\udd39 Kleiner Geldbetrag f\u00fcr Getr\u00e4nke oder Fotos<\/p>\n<h3 data-start=\"2358\" data-end=\"2384\"><span style=\"color: #000000;\"><strong>\ud83d\udeab Nicht geeignet f\u00fcr<\/strong><\/span><\/h3>\n<p data-start=\"2385\" data-end=\"2452\">\ud83d\udd39 Schwangere Frauen<br data-start=\"2402\" data-end=\"2405\" \/>\ud83d\udd39 G\u00e4ste mit schweren R\u00fccken- oder Herzproblemen<\/p>\n<h3 dir=\"ltr\">\ud83d\udcb8\u00a0<strong>Preis und Buchung<\/strong><\/h3>\n<p dir=\"ltr\"><strong>\ud83d\udd39 Jetzt buchen, am Tag der Tour bezahlen<\/strong><br \/>\nKontaktiere uns \u00fcber WhatsApp, Telegram, Viber oder f\u00fclle das Buchungsformular unten aus.<\/p>\n<h3 data-start=\"2032\" data-end=\"2058\">\u2139\ufe0f N\u00fctzliche Informationen<\/h3>\n<p data-start=\"2060\" data-end=\"2200\">\ud83d\udd39 Dauer: ca. 5-5,5 Stunden<br data-start=\"2092\" data-end=\"2095\" \/>\ud83d\udd39 T\u00e4gliche Abfahrten am Morgen\u00a0<br data-start=\"2136\" data-end=\"2139\" \/>\ud83d\udd39 Keine Erfahrung erforderlich<br data-start=\"2164\" data-end=\"2167\" \/>\ud83d\udd39 Komfortable Tour in kleinen Gruppen<\/p>\n<h3 data-start=\"2202\" data-end=\"2226\">\ud83d\udeab Nicht geeignet f\u00fcr<\/h3>\n<p data-start=\"2228\" data-end=\"2297\">\ud83d\udd39 Schwangere Frauen<br data-start=\"2245\" data-end=\"2248\" \/>\ud83d\udd39 G\u00e4ste mit schweren R\u00fccken- oder Herzerkrankungen<\/p>\n<h3 data-start=\"2299\" data-end=\"2320\">\ud83c\udf92 Was Sie mitbringen sollten<\/h3>\n<p data-start=\"2322\" data-end=\"2422\">\ud83d\udd39 Sonnenbrille, Hut und Sonnenschutzmittel<br data-start=\"2355\" data-end=\"2358\" \/>\ud83d\udd39 Bequeme Kleidung und Bademode<br data-start=\"2393\" data-end=\"2396\" \/>\ud83d\udd39 Kleines Geld f\u00fcr Extras<\/p>\n<div class=\"elementor-element elementor-element-884d539 e-con-full e-flex e-con e-child\" data-id=\"884d539\" data-element_type=\"container\">\n<div id=\"description\" class=\"elementor-element elementor-element-337037cc elementor-widget elementor-widget-thim-ekits-tours-content\" data-id=\"337037cc\" data-element_type=\"widget\" data-widget_type=\"thim-ekits-tours-content.default\">\n<div class=\"elementor-widget-container\">\n<h3 class=\"thim-ekit-single-tour__content\">\ud83d\udcb8\u00a0<strong data-start=\"3780\" data-end=\"3801\">Preis und Buchung<\/strong><\/h3>\n<div class=\"thim-ekit-single-tour__content\">\n<p data-start=\"3803\" data-end=\"3931\"><strong>\ud83d\udd39 Jetzt buchen, am Tag der Tour bezahlen<\/strong><br data-start=\"3842\" data-end=\"3845\" \/>\ud83d\udd39 Kontaktiere uns \u00fcber WhatsApp, Telegram, Viber oder f\u00fclle das Buchungsformular unten aus \ud83d\udc47\ud83c\udffc<\/p>\n<\/div>\n<\/div>\n<\/div>\n<\/div>","protected":false},"excerpt":{"rendered":"<p data-start=\"2866\" data-end=\"3089\">Buchen Sie Ihr <b>Belek Buggy-Safari<\/b> <b>Tour<\/b>! Genie\u00dfen Sie einen <b>ATV<\/b> <b>Abenteuer<\/b> auf schlammig <b>Gel\u00e4ndeg\u00e4ngig<\/b> Waldpfade. Perfekt f\u00fcr <b>Anf\u00e4nger<\/b>! <b>Mittagessen\/Transfer<\/b> enthalten.<\/p>","protected":false},"featured_media":15145,"comment_status":"open","ping_status":"closed","template":"","meta":[],"product_brand":[],"product_cat":[126],"product_tag":[120],"class_list":{"0":"post-15362","1":"product","2":"type-product","3":"status-publish","4":"has-post-thumbnail","6":"tour_phys-belek-tours","7":"product_cat-belek-tours","8":"product_tag-belek","9":"pa_destination-belek-tours","11":"first","12":"instock","13":"sale","14":"shipping-taxable","15":"purchasable","16":"product-type-tour_phys"},"aioseo_notices":[],"_links":{"self":[{"href":"https:\/\/excursionsworld.com\/de\/wp-json\/wp\/v2\/product\/15362","targetHints":{"allow":["GET"]}}],"collection":[{"href":"https:\/\/excursionsworld.com\/de\/wp-json\/wp\/v2\/product"}],"about":[{"href":"https:\/\/excursionsworld.com\/de\/wp-json\/wp\/v2\/types\/product"}],"replies":[{"embeddable":true,"href":"https:\/\/excursionsworld.com\/de\/wp-json\/wp\/v2\/comments?post=15362"}],"wp:featuredmedia":[{"embeddable":true,"href":"https:\/\/excursionsworld.com\/de\/wp-json\/wp\/v2\/media\/15145"}],"wp:attachment":[{"href":"https:\/\/excursionsworld.com\/de\/wp-json\/wp\/v2\/media?parent=15362"}],"wp:term":[{"taxonomy":"product_brand","embeddable":true,"href":"https:\/\/excursionsworld.com\/de\/wp-json\/wp\/v2\/product_brand?post=15362"},{"taxonomy":"product_cat","embeddable":true,"href":"https:\/\/excursionsworld.com\/de\/wp-json\/wp\/v2\/product_cat?post=15362"},{"taxonomy":"product_tag","embeddable":true,"href":"https:\/\/excursionsworld.com\/de\/wp-json\/wp\/v2\/product_tag?post=15362"}],"curies":[{"name":"wp","href":"https:\/\/api.w.org\/{rel}","templated":true}]}}