{"id":15365,"date":"2025-10-26T18:56:49","date_gmt":"2025-10-26T15:56:49","guid":{"rendered":"https:\/\/excursionsworld.com\/?post_type=product&#038;p=15365"},"modified":"2025-11-21T20:23:42","modified_gmt":"2025-11-21T17:23:42","slug":"belek-meeresangeln-tour","status":"publish","type":"product","link":"https:\/\/excursionsworld.com\/tours\/belek-sea-fishing\/","title":{"rendered":"Belek Meeresangeln Tour mit dem Boot | All Inclusive"},"content":{"rendered":"<h3 data-start=\"193\" data-end=\"551\"><span style=\"color: #000000;\"><strong>\ud83c\udfa3 \u00dcberblick<\/strong><\/span><\/h3>\n<p data-start=\"193\" data-end=\"551\">Entfliehen Sie der hektischen Atmosph\u00e4re des Ferienortes und genie\u00dfen Sie ein friedliches Angelerlebnis im Mittelmeer! Die <strong data-start=\"316\" data-end=\"338\">Belek Angeln Tour<\/strong> kombiniert Sport, Entspannung und Natur - perfekt f\u00fcr Anf\u00e4nger und erfahrene Angler. Verbringen Sie einen erfrischenden Vormittag auf dem Meer mit einem professionellen Kapit\u00e4n, der Sie zu den besten Angelpl\u00e4tzen in der N\u00e4he von Belek bringt.<\/p>\n<h3 data-start=\"553\" data-end=\"819\"><span style=\"color: #000000;\"><strong data-start=\"555\" data-end=\"567\">Inbegriffen:<\/strong><\/span><\/h3>\n<p data-start=\"553\" data-end=\"819\"><span style=\"color: #00ff00;\"><strong>\u2713<\/strong><\/span> Abholung vom Hotel und R\u00fccktransport\u00a0<br data-start=\"619\" data-end=\"622\" \/><span style=\"color: #00ff00;\"><strong>\u2713 <\/strong><\/span>S\u00e4mtliche Angelausr\u00fcstung und K\u00f6der<br data-start=\"654\" data-end=\"657\" \/><span style=\"color: #00ff00;\"><strong>\u2713 <\/strong><\/span>Professioneller Kapit\u00e4n und Angelf\u00fchrer<br data-start=\"697\" data-end=\"700\" \/><span style=\"color: #00ff00;\"><strong>\u2713 <\/strong><\/span>Fr\u00fchst\u00fcck und Mittagessen an Bord<br data-start=\"729\" data-end=\"732\" \/><span style=\"color: #00ff00;\"><strong>\u2713 <\/strong><\/span>Erfrischungsgetr\u00e4nke<br data-start=\"745\" data-end=\"748\" \/><span style=\"color: #00ff00;\"><strong>\u2713 <\/strong><\/span>Vollst\u00e4ndiger Versicherungsschutz<br data-start=\"773\" data-end=\"776\" \/><span style=\"color: #00ff00;\"><strong>\u2713 <\/strong><\/span>Sonar (Fischfinder) und Sicherheitsausr\u00fcstung<\/p>\n<h3 data-start=\"821\" data-end=\"887\"><strong data-start=\"823\" data-end=\"839\">Nicht inbegriffen:<\/strong><\/h3>\n<p data-start=\"821\" data-end=\"887\"><span style=\"color: #ff0000;\"><strong>\u2717<\/strong> <\/span>Alkoholische Getr\u00e4nke<br data-start=\"863\" data-end=\"866\" \/><span style=\"color: #ff0000;\"><strong>\u2717<\/strong> <\/span>Pers\u00f6nliche Ausgaben<\/p>\n<h3 data-start=\"889\" data-end=\"1410\">\ud83c\udf0a <strong data-start=\"892\" data-end=\"911\">H\u00f6hepunkte der Tour<\/strong><\/h3>\n<p data-start=\"889\" data-end=\"1410\">\ud83d\udd39 Fachkundige Anleitung - Gef\u00fchrt von einem professionellen Fischereikapit\u00e4n, der sowohl f\u00fcr Sicherheit als auch f\u00fcr Erfolg sorgt<br data-start=\"1008\" data-end=\"1011\" \/>\ud83d\udd39 Hochseefischen - Erleben Sie das Angeln in Tiefen von 30-60 Metern mit der gesamten Ausr\u00fcstung<br data-start=\"1105\" data-end=\"1108\" \/>\ud83d\udd39 Reiches Meeresleben - Fangen Sie verschiedene Arten wie Wolfsbarsch, Thunfisch, Bonito, Korallenfische, Tintenfische und Tintenfische<br data-start=\"1214\" data-end=\"1217\" \/>\ud83d\udd39 Entspannung und Aussicht - Nehmen Sie sich eine Auszeit zum Sonnenbaden oder Schwimmen im kristallklaren Wasser des Mittelmeers<br data-start=\"1311\" data-end=\"1314\" \/>\ud83d\udd39 Authentisches Erlebnis - Genie\u00dfen Sie eine pers\u00f6nliche Reise in einer kleinen Gruppe an Bord eines traditionellen Fischerbootes<\/p>\n<h3 data-start=\"1412\" data-end=\"1793\"><span style=\"color: #000000;\"><strong>\u23f0 Reiseroute<\/strong><\/span><\/h3>\n<p data-start=\"1412\" data-end=\"1793\">\ud83d\udd39 06:45 AM - Abholung von den Hotels in Belek<br data-start=\"1479\" data-end=\"1482\" \/>\ud83d\udd39 Treffen Sie Ihren Kapit\u00e4n und die Mannschaft, erhalten Sie Ihre Angelausr\u00fcstung und bereiten Sie sich auf die Abfahrt vor.<br data-start=\"1560\" data-end=\"1563\" \/>\ud83d\udd39 Fahren Sie zu den besten Angelpl\u00e4tzen und genie\u00dfen Sie Ihre Angelzeit unter Anleitung<br data-start=\"1638\" data-end=\"1641\" \/>Fr\u00fchst\u00fcck und Mittagessen werden an Bord serviert.<br data-start=\"1678\" data-end=\"1681\" \/>\ud83d\udd39 Fakultative Bade- und Entspannungspausen<br data-start=\"1723\" data-end=\"1726\" \/>R\u00fcckkehr zum Hafen und Transfer zu Ihrem Hotel vor dem Mittag<\/p>\n<h3 data-start=\"2032\" data-end=\"2058\">\u2139\ufe0f N\u00fctzliche Informationen<\/h3>\n<p data-start=\"2060\" data-end=\"2200\">\ud83d\udd39 Dauer: ca. 5-5,5 Stunden<br data-start=\"2092\" data-end=\"2095\" \/>\ud83d\udd39 T\u00e4gliche Abfahrten am Morgen\u00a0<br data-start=\"2136\" data-end=\"2139\" \/>\ud83d\udd39 Keine Erfahrung erforderlich<br data-start=\"2164\" data-end=\"2167\" \/>\ud83d\udd39 Komfortable Tour in kleinen Gruppen<\/p>\n<h3 data-start=\"2202\" data-end=\"2226\">\ud83d\udeab Nicht geeignet f\u00fcr<\/h3>\n<p data-start=\"2228\" data-end=\"2297\">\ud83d\udd39 Schwangere Frauen<br data-start=\"2245\" data-end=\"2248\" \/>\ud83d\udd39 G\u00e4ste mit schweren R\u00fccken- oder Herzerkrankungen<\/p>\n<h3 data-start=\"2299\" data-end=\"2320\">\ud83c\udf92 Was Sie mitbringen sollten<\/h3>\n<p data-start=\"2322\" data-end=\"2422\">\ud83d\udd39 Sonnenbrille, Hut und Sonnenschutzmittel<br data-start=\"2355\" data-end=\"2358\" \/>\ud83d\udd39 Bequeme Kleidung und Bademode<br data-start=\"2393\" data-end=\"2396\" \/>\ud83d\udd39 Kleines Geld f\u00fcr Extras<\/p>\n<div class=\"elementor-element elementor-element-884d539 e-con-full e-flex e-con e-child\" data-id=\"884d539\" data-element_type=\"container\">\n<div id=\"description\" class=\"elementor-element elementor-element-337037cc elementor-widget elementor-widget-thim-ekits-tours-content\" data-id=\"337037cc\" data-element_type=\"widget\" data-widget_type=\"thim-ekits-tours-content.default\">\n<div class=\"elementor-widget-container\">\n<h3 class=\"thim-ekit-single-tour__content\">\ud83d\udcb8\u00a0<strong data-start=\"3780\" data-end=\"3801\">Preis und Buchung<\/strong><\/h3>\n<div class=\"thim-ekit-single-tour__content\">\n<p data-start=\"3803\" data-end=\"3931\"><strong>\ud83d\udd39 Jetzt buchen, am Tag der Tour bezahlen<\/strong><br data-start=\"3842\" data-end=\"3845\" \/>\ud83d\udd39 Kontaktiere uns \u00fcber WhatsApp, Telegram, Viber oder f\u00fclle das Buchungsformular unten aus \ud83d\udc47\ud83c\udffc<\/p>\n<\/div>\n<\/div>\n<\/div>\n<\/div>","protected":false},"excerpt":{"rendered":"<p data-start=\"171\" data-end=\"381\">Buchen Sie die <b>Belek Angeln Tour<\/b>! Genie\u00dfen Sie eine <b>Tiefseeexkursion<\/b> im Mittelmeerraum. <b>Fr\u00fchst\u00fcck<\/b>, <b>Mittagessen<\/b>, Getriebe, und <b>Transfer inklusive<\/b>. Fischen Sie mit einem erfahrenen Kapit\u00e4n!<\/p>","protected":false},"featured_media":14069,"comment_status":"open","ping_status":"closed","template":"","meta":[],"product_brand":[],"product_cat":[126],"product_tag":[120],"class_list":{"0":"post-15365","1":"product","2":"type-product","3":"status-publish","4":"has-post-thumbnail","6":"tour_phys-belek-tours","7":"product_cat-belek-tours","8":"product_tag-belek","9":"pa_destination-belek-tours","11":"first","12":"instock","13":"sale","14":"shipping-taxable","15":"purchasable","16":"product-type-tour_phys"},"aioseo_notices":[],"_links":{"self":[{"href":"https:\/\/excursionsworld.com\/de\/wp-json\/wp\/v2\/product\/15365","targetHints":{"allow":["GET"]}}],"collection":[{"href":"https:\/\/excursionsworld.com\/de\/wp-json\/wp\/v2\/product"}],"about":[{"href":"https:\/\/excursionsworld.com\/de\/wp-json\/wp\/v2\/types\/product"}],"replies":[{"embeddable":true,"href":"https:\/\/excursionsworld.com\/de\/wp-json\/wp\/v2\/comments?post=15365"}],"wp:featuredmedia":[{"embeddable":true,"href":"https:\/\/excursionsworld.com\/de\/wp-json\/wp\/v2\/media\/14069"}],"wp:attachment":[{"href":"https:\/\/excursionsworld.com\/de\/wp-json\/wp\/v2\/media?parent=15365"}],"wp:term":[{"taxonomy":"product_brand","embeddable":true,"href":"https:\/\/excursionsworld.com\/de\/wp-json\/wp\/v2\/product_brand?post=15365"},{"taxonomy":"product_cat","embeddable":true,"href":"https:\/\/excursionsworld.com\/de\/wp-json\/wp\/v2\/product_cat?post=15365"},{"taxonomy":"product_tag","embeddable":true,"href":"https:\/\/excursionsworld.com\/de\/wp-json\/wp\/v2\/product_tag?post=15365"}],"curies":[{"name":"wp","href":"https:\/\/api.w.org\/{rel}","templated":true}]}}