{"id":15368,"date":"2025-10-26T19:06:14","date_gmt":"2025-10-26T16:06:14","guid":{"rendered":"https:\/\/excursionsworld.com\/?post_type=product&#038;p=15368"},"modified":"2025-12-09T19:02:18","modified_gmt":"2025-12-09T16:02:18","slug":"relax-boot-belek","status":"publish","type":"product","link":"https:\/\/excursionsworld.com\/tours\/relax-boat-belek\/","title":{"rendered":"Entspannen Sie sich Bootsfahrt von Belek - Kleine Gruppe Kemer Meer Reise"},"content":{"rendered":"<h3 data-start=\"0\" data-end=\"19\"><span style=\"color: #000000;\"><strong>\ud83c\udfdd\ufe0f \u00dcberblick<\/strong><\/span><\/h3>\n<p data-start=\"21\" data-end=\"370\">Segel setzen von <strong data-start=\"35\" data-end=\"44\">Belek<\/strong> f\u00fcr einen ruhigen und entspannenden Tag am Meer mit dem <strong data-start=\"97\" data-end=\"133\">Kemer Relax Bootsfahrt von Belek<\/strong>. Genie\u00dfen Sie Hoteltransfers, eine ruhige Kreuzfahrt entlang der t\u00fcrkisfarbenen K\u00fcste und erfrischende Badepausen in wundersch\u00f6nen Buchten wie <strong data-start=\"249\" data-end=\"261\">Phaselis<\/strong>, <strong data-start=\"263\" data-end=\"275\">Paradies<\/strong>, und <strong data-start=\"281\" data-end=\"294\">Mondschein<\/strong>. Ideal f\u00fcr Familien und Paare, die ein ruhiges, musikfreies Erlebnis suchen.<\/p>\n<h3 data-start=\"372\" data-end=\"387\"><span style=\"color: #000000;\"><strong>Inbegriffen:<\/strong><\/span><\/h3>\n<p data-start=\"388\" data-end=\"529\"><span style=\"color: #00ff00;\"><strong>\u2713<\/strong> <\/span>Abholung vom Hotel und R\u00fccktransport\u00a0<br data-start=\"449\" data-end=\"452\" \/><span style=\"color: #00ff00;\"><strong>\u2713<\/strong> <\/span>Professioneller F\u00fchrer<br data-start=\"472\" data-end=\"475\" \/><span style=\"color: #00ff00;\"><strong>\u2713<\/strong> <\/span>Versicherung<br data-start=\"486\" data-end=\"489\" \/><span style=\"color: #00ff00;\"><strong>\u2713<\/strong> <\/span>Mittagessen (gegrilltes H\u00e4hnchen, Reis, Salat)<\/p>\n<h3 data-start=\"531\" data-end=\"550\"><span style=\"color: #000000;\"><strong>Nicht inbegriffen:<\/strong><\/span><\/h3>\n<p data-start=\"551\" data-end=\"605\"><span style=\"color: #ff0000;\"><strong>\u2717<\/strong><\/span> Getr\u00e4nke<br data-start=\"559\" data-end=\"562\" \/><span style=\"color: #ff0000;\"><strong>\u2717<\/strong><\/span> Pers\u00f6nliche Ausgaben<br data-start=\"581\" data-end=\"584\" \/><span style=\"color: #ff0000;\"><strong>\u2717<\/strong><\/span> Fotos und Videos<\/p>\n<h3 data-start=\"607\" data-end=\"632\"><span style=\"color: #000000;\"><strong>\ud83c\udf1f H\u00f6hepunkte der Tour<\/strong><\/span><\/h3>\n<p data-start=\"633\" data-end=\"875\">\ud83d\udd39 Ruhiges, musikfreies Boot mit wenigen G\u00e4sten<br data-start=\"681\" data-end=\"684\" \/>\ud83d\udd39 Schwimmen in den Buchten von Phaselis, Paradise und Moonlight<br data-start=\"737\" data-end=\"740\" \/>\ud83d\udd39 Segeln Sie vorbei an der Piratenh\u00f6hle und der malerischen K\u00fcste<br data-start=\"789\" data-end=\"792\" \/>\ud83d\udd39 Leckeres Mittagessen an Bord<br data-start=\"814\" data-end=\"817\" \/>\ud83d\udd39 Ideal f\u00fcr Paare und Familien, die ruhige Seetage lieben<\/p>\n<h3 data-start=\"877\" data-end=\"903\"><span style=\"color: #000000;\"><strong>\ud83d\udcd6 Vollst\u00e4ndige Beschreibung<\/strong><\/span><\/h3>\n<p data-start=\"904\" data-end=\"1385\">Nachdem Sie von Ihrem Hotel in Belek abgeholt wurden, fahren Sie nach <strong data-start=\"958\" data-end=\"972\">Hafen Kemer<\/strong> ein komfortables Holzboot zu besteigen.<br data-start=\"1008\" data-end=\"1011\" \/>Die Kreuzfahrt f\u00fchrt entlang der atemberaubenden Mittelmeerk\u00fcste mit mehreren langen Badestopps - darunter <strong data-start=\"1112\" data-end=\"1128\">Phaselis-Bucht<\/strong> (alte Ruinen), <strong data-start=\"1146\" data-end=\"1162\">Paradiesische Bucht<\/strong> (klares Wasser und gr\u00fcne H\u00fcgel), und <strong data-start=\"1198\" data-end=\"1215\">Mondscheinbucht<\/strong> (perfekt f\u00fcr Fotos). Ein k\u00f6stliches Mittagessen wird an Bord serviert. Ohne laute Musik und Menschenmassen bietet diese entspannende Bootstour die perfekte Flucht aus dem Trubel des Ferienortes Belek.<\/p>\n<h3 data-start=\"1387\" data-end=\"1412\"><span style=\"color: #000000;\"><strong>\ud83d\uddfa\ufe0f Reiseverlauf<\/strong><\/span><\/h3>\n<p data-start=\"1413\" data-end=\"1718\">\ud83d\udd39 Hotelabholung von Belek, Kadriye, Bo\u011fazkent<br data-start=\"1459\" data-end=\"1462\" \/>\ud83d\udd39 Transfer zum Hafen von Kemer<br data-start=\"1487\" data-end=\"1490\" \/>\ud83d\udd39 Abfahrt vom Yachthafen Kemer<br data-start=\"1520\" data-end=\"1523\" \/>\ud83d\udd39 Badestopp in der Phaselis-Bucht<br data-start=\"1555\" data-end=\"1558\" \/>\ud83d\udd39 Badestopp in der Paradise Bay<br data-start=\"1590\" data-end=\"1593\" \/>\ud83d\udd39 Badestopp an der Moonlight Bay<br data-start=\"1626\" data-end=\"1629\" \/>\ud83d\udd39 F\u00fcr Fotos an der Piratenh\u00f6hle vorbeisegeln<br data-start=\"1662\" data-end=\"1665\" \/>R\u00fcckkehr zum Hafen von Kemer und R\u00fccktransfer zu den Hotels<\/p>\n<h3 data-start=\"1720\" data-end=\"1748\"><span style=\"color: #000000;\"><strong>\u2139\ufe0f N\u00fctzliche Informationen<\/strong><\/span><\/h3>\n<p data-start=\"1749\" data-end=\"1977\">\ud83d\udd39 Dauer: ca. 8-9 Stunden (einschlie\u00dflich Transfer)<br data-start=\"1800\" data-end=\"1803\" \/>\ud83d\udd39 Ruhige, familienfreundliche und musikfreie Atmosph\u00e4re<br data-start=\"1854\" data-end=\"1857\" \/>\ud83d\udd39 Vegetarisches Mittagessen verf\u00fcgbar<br data-start=\"1893\" data-end=\"1896\" \/>\ud83d\udd39 Englischsprachige Besatzung<br data-start=\"1920\" data-end=\"1923\" \/>\ud83d\udd39 Kinder unter 5 Jahren fahren kostenlos, teilen sich aber einen Bussitz<\/p>\n<h3 data-start=\"1979\" data-end=\"2002\"><span style=\"color: #000000;\"><strong>\ud83c\udf92 Was Sie mitbringen sollten<\/strong><\/span><\/h3>\n<p data-start=\"2003\" data-end=\"2112\">\ud83d\udd39 Badeanzug und Handtuch<br data-start=\"2024\" data-end=\"2027\" \/>\ud83d\udd39 Sonnenschutzmittel und Sonnenbrille<br data-start=\"2054\" data-end=\"2057\" \/>\ud83d\udd39 Hut oder M\u00fctze<br data-start=\"2070\" data-end=\"2073\" \/>\ud83d\udd39 Kleines Bargeld f\u00fcr Getr\u00e4nke oder Souvenirs<\/p>\n<h3 data-start=\"2114\" data-end=\"2140\"><span style=\"color: #000000;\"><strong>\ud83d\udeab Nicht geeignet f\u00fcr<\/strong><\/span><\/h3>\n<p data-start=\"2141\" data-end=\"2225\">\ud83d\udd39 G\u00e4ste, die eine Party oder eine Kreuzfahrt mit lauter Musik suchen<br data-start=\"2187\" data-end=\"2190\" \/>\ud83d\udd39 Menschen mit schwerer Seekrankheit<\/p>\n<h3 dir=\"ltr\">\ud83d\udcb8\u00a0<strong>Preis und Buchung<\/strong><\/h3>\n<p dir=\"ltr\"><strong>\ud83d\udd39 Jetzt buchen, am Tag der Tour bezahlen<\/strong><br \/>\nKontaktiere uns \u00fcber WhatsApp, Telegram, Viber oder f\u00fclle das Buchungsformular unten aus. \ud83d\udc47\ud83c\udffc<\/p>","protected":false},"excerpt":{"rendered":"<p>Buchen Sie die <b>Belek VIP Yacht Tour<\/b>! Genie\u00dfen Sie eine ruhige, <b>Kleingruppenreise<\/b> mit Schwimmen, Liegest\u00fchlen und Gegrilltem <b>Wolfsbarsch Mittagessen<\/b>. Ultimativ <b>erholsamer Ausflug<\/b>. <b>Transfer inklusive<\/b>.<\/p>","protected":false},"featured_media":15218,"comment_status":"open","ping_status":"closed","template":"","meta":[],"product_brand":[],"product_cat":[126],"product_tag":[120],"class_list":{"0":"post-15368","1":"product","2":"type-product","3":"status-publish","4":"has-post-thumbnail","6":"tour_phys-belek-tours","7":"tour_phys-boat-tours","8":"product_cat-belek-tours","9":"product_tag-belek","10":"pa_destination-belek-tours","11":"pa_kategori-boat-tours","13":"first","14":"instock","15":"sale","16":"shipping-taxable","17":"purchasable","18":"product-type-tour_phys"},"aioseo_notices":[],"_links":{"self":[{"href":"https:\/\/excursionsworld.com\/de\/wp-json\/wp\/v2\/product\/15368","targetHints":{"allow":["GET"]}}],"collection":[{"href":"https:\/\/excursionsworld.com\/de\/wp-json\/wp\/v2\/product"}],"about":[{"href":"https:\/\/excursionsworld.com\/de\/wp-json\/wp\/v2\/types\/product"}],"replies":[{"embeddable":true,"href":"https:\/\/excursionsworld.com\/de\/wp-json\/wp\/v2\/comments?post=15368"}],"wp:featuredmedia":[{"embeddable":true,"href":"https:\/\/excursionsworld.com\/de\/wp-json\/wp\/v2\/media\/15218"}],"wp:attachment":[{"href":"https:\/\/excursionsworld.com\/de\/wp-json\/wp\/v2\/media?parent=15368"}],"wp:term":[{"taxonomy":"product_brand","embeddable":true,"href":"https:\/\/excursionsworld.com\/de\/wp-json\/wp\/v2\/product_brand?post=15368"},{"taxonomy":"product_cat","embeddable":true,"href":"https:\/\/excursionsworld.com\/de\/wp-json\/wp\/v2\/product_cat?post=15368"},{"taxonomy":"product_tag","embeddable":true,"href":"https:\/\/excursionsworld.com\/de\/wp-json\/wp\/v2\/product_tag?post=15368"}],"curies":[{"name":"wp","href":"https:\/\/api.w.org\/{rel}","templated":true}]}}