{"id":15369,"date":"2025-10-26T19:22:16","date_gmt":"2025-10-26T16:22:16","guid":{"rendered":"https:\/\/excursionsworld.com\/?post_type=product&#038;p=15369"},"modified":"2026-03-13T23:14:23","modified_gmt":"2026-03-13T20:14:23","slug":"kappadokien-2-tage-belek","status":"publish","type":"product","link":"https:\/\/excursionsworld.com\/tours\/cappadocia-2-day-belek\/","title":{"rendered":"2-Tage Kappadokien Ausflug ab Belek \u2013 Hei\u00dfluftballonfahrt &amp; Sehensw\u00fcrdigkeiten"},"content":{"rendered":"<h3 data-start=\"100\" data-end=\"118\"><span style=\"color: #000000;\"><strong>\ud83c\udf04 \u00dcberblick<\/strong><\/span><\/h3>\n<p data-start=\"119\" data-end=\"384\">Nehmen Sie an einer 2-t\u00e4gigen gef\u00fchrten Tour von Belek und den umliegenden Gebieten (Bogazkent, Kadriye, Serik) teil, um die magische Sch\u00f6nheit Kappadokiens zu entdecken. Erkunden Sie Feenkamine, unterirdische St\u00e4dte und H\u00f6hlenkirchen mit einem professionellen F\u00fchrer - eine perfekte Mischung aus Geschichte, Natur und Kultur.<\/p>\n<h3><span style=\"color: #000000;\"><strong>Inbegriffen:<\/strong><\/span><\/h3>\n<div data-start=\"436\" data-end=\"696\"><span style=\"color: #00ff00;\"><strong>\u2713<\/strong> <\/span>Abholung vom Hotel und R\u00fccktransport<\/div>\n<div data-start=\"436\" data-end=\"696\"><span style=\"color: #00ff00;\"><strong>\u2713<\/strong> <\/span>1 \u00dcbernachtung im Hotel (Standardzimmer)<br data-start=\"603\" data-end=\"606\" \/><span style=\"color: #00ff00;\"><strong>\u2713<\/strong> <\/span>Abendessen am ersten Abend<\/div>\n<div data-start=\"436\" data-end=\"696\"><span style=\"color: #00ff00;\"><strong>\u2713 <\/strong><\/span>Fr\u00fchst\u00fcck (Tag 2 - im Hotel)<br data-start=\"635\" data-end=\"638\" \/><span style=\"color: #00ff00;\"><strong>\u2713<\/strong> <\/span>Eintrittsgelder f\u00fcr die wichtigsten Sehensw\u00fcrdigkeiten<br data-start=\"498\" data-end=\"501\" \/><span style=\"color: #00ff00;\"><strong>\u2713<\/strong> <\/span>Professioneller F\u00fchrer<br data-start=\"521\" data-end=\"524\" \/><span style=\"color: #00ff00;\"><strong>\u2713<\/strong> <\/span>Tournee-Versicherung<br data-start=\"540\" data-end=\"543\" \/><span style=\"color: #00ff00;\"><strong>\u2713<\/strong> <\/span>Klimatisierter Bus<\/div>\n<h3 data-start=\"698\" data-end=\"926\"><strong data-start=\"698\" data-end=\"714\">Ausgeschlossen:<\/strong><\/h3>\n<div data-start=\"698\" data-end=\"926\"><strong><span style=\"color: #ff0000;\">\u2717<\/span><\/strong> Getr\u00e4nke zu den Mahlzeiten<br data-start=\"738\" data-end=\"741\" \/><strong><span style=\"color: #ff0000;\">\u2717 <\/span><\/strong>Zuschlag f\u00fcr Einzelzimmer<br data-start=\"787\" data-end=\"790\" \/><strong><span style=\"color: #ff0000;\">\u2717 <\/span><\/strong>Mittagessen an beiden Tagen<br data-start=\"812\" data-end=\"815\" \/><strong><span style=\"color: #ff0000;\">\u2717<\/span><\/strong> <strong>Optionale Aktivit\u00e4ten:<\/strong><\/div>\n<div data-start=\"698\" data-end=\"926\"><strong>\u2022<\/strong> T\u00fcrkische Nacht 30\u20ac<br data-start=\"885\" data-end=\"888\" \/><strong>\u2022<\/strong> Panorama-Aussichtstour \u2013 Mit Bus \u2013 30\u20ac<br \/>\n<strong>\u2022<\/strong> Panorama-Aussichtstour \u2013 Mit Jeep \u2013 50\u20ac<\/div>\n<h3 data-start=\"913\" data-end=\"938\"><span style=\"color: #000000;\"><strong>\ud83c\udff0 H\u00f6hepunkte der Tour<\/strong><\/span><\/h3>\n<p data-start=\"939\" data-end=\"1289\">\ud83d\udd39 Das Tal der Liebe und seine M\u00e4rchenschornsteine<br data-start=\"976\" data-end=\"979\" \/>\ud83d\udd39 Antike unterirdische Stadt - ein architektonisches Wunder<br data-start=\"1032\" data-end=\"1035\" \/>\ud83d\udd39 Pa\u015faba\u011f-Tal mit pilzf\u00f6rmigen Felsen<br data-start=\"1079\" data-end=\"1082\" \/>\ud83d\udd39 Schloss Uchisar mit Panoramablick<br data-start=\"1120\" data-end=\"1123\" \/>\ud83d\udd39 Freilichtmuseum Zelve - H\u00f6hlendorf<br data-start=\"1162\" data-end=\"1165\" \/>\ud83d\udd39 Devrent-Tal mit tierf\u00f6rmigen Felsen<br data-start=\"1207\" data-end=\"1210\" \/>\ud83d\udd39 T\u00f6pfervorf\u00fchrung in Avanos<br data-start=\"1244\" data-end=\"1247\" \/>\ud83d\udd39 Optionale Hei\u00dfluftballonfahrt bei Sonnenaufgang<\/p>\n<h3 data-start=\"1291\" data-end=\"1317\"><span style=\"color: #000000;\"><strong>\ud83d\udcd6 Vollst\u00e4ndige Beschreibung<\/strong><\/span><\/h3>\n<p data-start=\"1318\" data-end=\"1875\">Ihr Kappadokien-Abenteuer beginnt mit einer fr\u00fchmorgendlichen Abholung von Belek und den umliegenden Gebieten. Reisen Sie durch das Taurusgebirge und entdecken Sie eine der faszinierendsten Regionen der T\u00fcrkei. Besuchen Sie eine unterirdische Stadt, bestaunen Sie die Feenkamine im Tal der Liebe und genie\u00dfen Sie den Panoramablick von der Burg Uchisar. Erkunden Sie das Pa\u015faba\u011f- und das Zelve-Tal und werden Sie Zeuge der T\u00f6pferkunst in Avanos. Nach dem Einchecken im Hotel genie\u00dfen Sie ein Abendessen und optional t\u00fcrkische Abendunterhaltung. Am zweiten Tag k\u00f6nnen Sie H\u00f6hlenkirchen, das Tal der Liebe und eine historische Karawanserei besuchen, bevor Sie nach Belek zur\u00fcckkehren.<\/p>\n<h3 data-start=\"1877\" data-end=\"1902\"><span style=\"color: #000000;\"><strong>\ud83d\uddfa\ufe0f Reiseverlauf<\/strong><\/span><\/h3>\n<p data-start=\"1903\" data-end=\"2167\"><strong data-start=\"1903\" data-end=\"1912\">Tag 1<\/strong><br data-start=\"1912\" data-end=\"1915\" \/>\ud83d\udd39 Abholung von den Hotels in Belek am fr\u00fchen Morgen<br data-start=\"1956\" data-end=\"1959\" \/>\ud83d\udd39 Fr\u00fchst\u00fcckspause auf dem Weg<br data-start=\"1985\" data-end=\"1988\" \/>\ud83d\udd39 Besuch der unterirdischen Stadt<br data-start=\"2013\" data-end=\"2016\" \/>\ud83d\udd39 Mittagessen in Uchisar<br data-start=\"2035\" data-end=\"2038\" \/>\ud83d\udd39 Besuch der Burg Uchisar und des G\u00f6reme-Tals<br data-start=\"2079\" data-end=\"2082\" \/>\ud83d\udd39 Erkunden Sie Pa\u015faba\u011f und das Avanos-T\u00f6pferzentrum<br data-start=\"2126\" data-end=\"2129\" \/>\ud83d\udd39 Einchecken im Hotel, Abendessen, freie Zeit<\/p>\n<p data-start=\"2169\" data-end=\"2341\"><strong data-start=\"2169\" data-end=\"2178\">Tag 2<\/strong><br data-start=\"2178\" data-end=\"2181\" \/>\ud83d\udd39 Fr\u00fchst\u00fcck im Hotel<br data-start=\"2206\" data-end=\"2209\" \/>\ud83d\udd39 Besuch des Love Valley und der H\u00f6hlenkirchen<br data-start=\"2247\" data-end=\"2250\" \/>\ud83d\udd39 Teppichweberei und Karawanserei<br data-start=\"2291\" data-end=\"2294\" \/>\ud83d\udd39 Mittagessen in Konya<br data-start=\"2311\" data-end=\"2314\" \/>\ud83d\udd39 R\u00fcckkehr zu Belek Hotels<\/p>\n<h3 data-start=\"2343\" data-end=\"2371\"><span style=\"color: #000000;\"><strong>\u2139\ufe0f N\u00fctzliche Informationen<\/strong><\/span><\/h3>\n<p data-start=\"2372\" data-end=\"2633\">\ud83d\udd39 Dauer: ca. 2 Tage<br data-start=\"2405\" data-end=\"2408\" \/>\ud83d\udd39 M\u00e4\u00dfige k\u00f6rperliche Aktivit\u00e4t<br data-start=\"2437\" data-end=\"2440\" \/>\ud83d\udd39 Hei\u00dfluftballonfahrt optional und wetterabh\u00e4ngig<br data-start=\"2494\" data-end=\"2497\" \/>\ud83d\udd39 Standardunterkunft (gegen Einzelzimmerzuschlag)<br data-start=\"2555\" data-end=\"2558\" \/>Kinder unter 6 Jahren reisen kostenlos, teilen sich aber einen Sitzplatz, wenn sie nicht separat gebucht werden.<\/p>\n<h3 data-start=\"2635\" data-end=\"2658\"><span style=\"color: #000000;\"><strong>\ud83c\udf92 Was Sie mitbringen sollten<\/strong><\/span><\/h3>\n<p data-start=\"2659\" data-end=\"2845\">\ud83d\udd39 Reisepass oder Personalausweis<br data-start=\"2676\" data-end=\"2679\" \/>\ud83d\udd39 Bequeme Wanderschuhe<br data-start=\"2707\" data-end=\"2710\" \/>\ud83d\udd39 Sonnenbrille, Hut und Sonnenschutzmittel<br data-start=\"2743\" data-end=\"2746\" \/>\ud83d\udd39 Jacke f\u00fcr k\u00fchle Morgenstunden oder Abende<br data-start=\"2785\" data-end=\"2788\" \/>\ud83d\udd39 Kamera oder Smartphone<br data-start=\"2811\" data-end=\"2814\" \/>\ud83d\udd39 Bargeld f\u00fcr freiwillige Ausgaben<\/p>\n<h3 data-start=\"2916\" data-end=\"2942\"><span style=\"color: #000000;\"><strong>\ud83d\udeab Nicht geeignet f\u00fcr<\/strong><\/span><\/h3>\n<p data-start=\"2943\" data-end=\"3001\">\ud83d\udd39 G\u00e4ste mit eingeschr\u00e4nkter Mobilit\u00e4t<br data-start=\"2974\" data-end=\"2977\" \/>\ud83d\udd39 Sehr kleine Kinder<\/p>\n<h3 dir=\"ltr\">\ud83d\udcb8\u00a0<strong>Preis und Buchung<\/strong><\/h3>\n<p dir=\"ltr\"><strong>\ud83d\udd39 Jetzt buchen, am Tag der Tour bezahlen<\/strong><br \/>\nKontaktiere uns \u00fcber WhatsApp, Telegram, Viber oder f\u00fclle das Buchungsformular unten aus. \ud83d\udc47\ud83c\udffc<\/p>","protected":false},"excerpt":{"rendered":"<p><b>Belek to Cappadocia 2-day trip<\/b>! Entdecken Sie <b>Schornsteinfeger<\/b>, <b>cave churches<\/b>, <b>unterirdische St\u00e4dte<\/b>. <b>All-inclusive-Ausflug<\/b> mit <b>Leitfaden<\/b> &amp; <b>\u00dcbertragung<\/b>.<\/p>","protected":false},"featured_media":12798,"comment_status":"open","ping_status":"closed","template":"","meta":[],"product_brand":[],"product_cat":[126],"product_tag":[120],"class_list":{"0":"post-15369","1":"product","2":"type-product","3":"status-publish","4":"has-post-thumbnail","6":"tour_phys-belek-tours","7":"product_cat-belek-tours","8":"product_tag-belek","9":"pa_destination-belek-tours","11":"first","12":"instock","13":"sale","14":"shipping-taxable","15":"purchasable","16":"product-type-tour_phys"},"aioseo_notices":[],"_links":{"self":[{"href":"https:\/\/excursionsworld.com\/de\/wp-json\/wp\/v2\/product\/15369","targetHints":{"allow":["GET"]}}],"collection":[{"href":"https:\/\/excursionsworld.com\/de\/wp-json\/wp\/v2\/product"}],"about":[{"href":"https:\/\/excursionsworld.com\/de\/wp-json\/wp\/v2\/types\/product"}],"replies":[{"embeddable":true,"href":"https:\/\/excursionsworld.com\/de\/wp-json\/wp\/v2\/comments?post=15369"}],"wp:featuredmedia":[{"embeddable":true,"href":"https:\/\/excursionsworld.com\/de\/wp-json\/wp\/v2\/media\/12798"}],"wp:attachment":[{"href":"https:\/\/excursionsworld.com\/de\/wp-json\/wp\/v2\/media?parent=15369"}],"wp:term":[{"taxonomy":"product_brand","embeddable":true,"href":"https:\/\/excursionsworld.com\/de\/wp-json\/wp\/v2\/product_brand?post=15369"},{"taxonomy":"product_cat","embeddable":true,"href":"https:\/\/excursionsworld.com\/de\/wp-json\/wp\/v2\/product_cat?post=15369"},{"taxonomy":"product_tag","embeddable":true,"href":"https:\/\/excursionsworld.com\/de\/wp-json\/wp\/v2\/product_tag?post=15369"}],"curies":[{"name":"wp","href":"https:\/\/api.w.org\/{rel}","templated":true}]}}