{"id":15370,"date":"2025-10-26T19:24:57","date_gmt":"2025-10-26T16:24:57","guid":{"rendered":"https:\/\/excursionsworld.com\/?post_type=product&#038;p=15370"},"modified":"2025-12-18T19:06:11","modified_gmt":"2025-12-18T16:06:11","slug":"pamukkale-salda-see-belek","status":"publish","type":"product","link":"https:\/\/excursionsworld.com\/tours\/pamukkale-salda-lake-belek\/","title":{"rendered":"Pamukkale &amp; Salda See Ausflug ab Belek \u2013 Tagesausflug"},"content":{"rendered":"<h3 data-start=\"191\" data-end=\"212\">\ud83c\udfdd\ufe0f <strong data-start=\"200\" data-end=\"212\">\u00dcbersicht<\/strong><\/h3>\n<p data-start=\"214\" data-end=\"560\">Machen Sie einen Ganztagesausflug von Belek aus, um die Naturwunder von Pamukkale und den t\u00fcrkisfarbenen Salda-See zu erkunden! Wandern Sie auf den wei\u00dfen Terrassen von Pamukkale, entdecken Sie die antiken Ruinen von Hierapolis und entspannen Sie sich an den \u201ct\u00fcrkischen Malediven\u201d. Die Tour beinhaltet Fr\u00fchst\u00fcck, Mittagessen, Abendessen und Hoteltransfers - eine perfekte Kombination aus Natur, Geschichte und Komfort.<\/p>\n<h3 data-start=\"562\" data-end=\"580\"><strong data-start=\"567\" data-end=\"580\">Inbegriffen:<\/strong><\/h3>\n<p data-start=\"582\" data-end=\"775\"><strong><span style=\"color: #00ff00;\">\u2713<\/span> <\/strong>Abholung vom Hotel und R\u00fccktransport\u00a0<br data-start=\"624\" data-end=\"627\" \/><strong><span style=\"color: #00ff00;\">\u2713<\/span> <\/strong>Klimatisierter Bus<br data-start=\"648\" data-end=\"651\" \/><strong><span style=\"color: #00ff00;\">\u2713<\/span> <\/strong>Eintrittsgelder f\u00fcr Pamukkale und Hierapolis<br data-start=\"694\" data-end=\"697\" \/><strong><span style=\"color: #00ff00;\">\u2713<\/span> <\/strong>Englischsprachiger F\u00fchrer<br data-start=\"721\" data-end=\"724\" \/><strong><span style=\"color: #00ff00;\">\u2713<\/span> <\/strong>Vollversicherung<br data-start=\"740\" data-end=\"743\" \/><strong><span style=\"color: #00ff00;\">\u2713<\/span> <\/strong>Fr\u00fchst\u00fcck, Mittag- und Abendessen<\/p>\n<h3 data-start=\"777\" data-end=\"799\"><strong data-start=\"782\" data-end=\"799\">Nicht inbegriffen:<\/strong><\/h3>\n<p data-start=\"801\" data-end=\"866\"><span style=\"color: #ff0000;\"><strong>\u2717<\/strong> <\/span>Eingang zu Kleopatras Pool<br data-start=\"831\" data-end=\"834\" \/><span style=\"color: #ff0000;\"><strong>\u2717<\/strong> <\/span>Pers\u00f6nliche Ausgaben<br data-start=\"853\" data-end=\"856\" \/><span style=\"color: #ff0000;\"><strong>\u2717<\/strong> <\/span>Getr\u00e4nke<\/p>\n<h3 data-start=\"868\" data-end=\"895\">\ud83c\udf1f <strong data-start=\"876\" data-end=\"895\">H\u00f6hepunkte der Tour<\/strong><\/h3>\n<p data-start=\"897\" data-end=\"1136\">\ud83d\udd39 Spaziergang auf den schneewei\u00dfen Travertinen von Pamukkale<br data-start=\"942\" data-end=\"945\" \/>\ud83d\udd39 Erkunden Sie die antike Stadt und das Theater von Hierapolis<br data-start=\"998\" data-end=\"1001\" \/>\ud83d\udd39 Entspannen in nat\u00fcrlichen Thermalbecken<br data-start=\"1034\" data-end=\"1037\" \/>\ud83d\udd39 Besuchen Sie den Salda-See - die \u201cMalediven\u201d der T\u00fcrkei\u201d<br data-start=\"1078\" data-end=\"1081\" \/>\ud83d\udd39 Genie\u00dfen Sie w\u00e4hrend der Reise traditionelle t\u00fcrkische Gerichte<\/p>\n<h3 data-start=\"1138\" data-end=\"1166\">\ud83d\udcd6 <strong data-start=\"1146\" data-end=\"1166\">Vollst\u00e4ndige Beschreibung<\/strong><\/h3>\n<p data-start=\"1168\" data-end=\"1531\">Beginnen Sie Ihr Abenteuer mit der fr\u00fchmorgendlichen Abholung von Ihrem Hotel in Belek. Nach dem Fr\u00fchst\u00fcck fahren Sie durch die malerische Landschaft nach Pamukkale, das f\u00fcr seine wei\u00dfen Terrassen und sein Heilwasser bekannt ist. Erkunden Sie Hierapolis, eine antike Kurstadt, in der Sie das r\u00f6mische Theater und den Apollo-Tempel besichtigen k\u00f6nnen. Sie k\u00f6nnen auch ein Bad in Kleopatras Pool nehmen (fakultativ). Am Nachmittag besuchen Sie den ber\u00fchmten Salda-See, der f\u00fcr sein leuchtendes T\u00fcrkis und seine zarten wei\u00dfen Ufer bewundert wird. Machen Sie unvergessliche Fotos, entspannen Sie sich in der Natur und genie\u00dfen Sie ein Abendessen, bevor Sie bequem zu Ihrem Hotel in Belek zur\u00fcckkehren.<\/p>\n<h3 data-start=\"1758\" data-end=\"1785\">\ud83d\uddfa\ufe0f <strong data-start=\"1767\" data-end=\"1785\">Reiseroute<\/strong><\/h3>\n<p data-start=\"1787\" data-end=\"2114\">\ud83d\udd39 Abholung von Hotels in Belek<br data-start=\"1817\" data-end=\"1820\" \/>\ud83d\udd39 Fr\u00fchst\u00fcck auf dem Weg<br data-start=\"1841\" data-end=\"1844\" \/>\ud83d\udd39 Reise nach Pamukkale<br data-start=\"1867\" data-end=\"1870\" \/>\ud83d\udd39 Mittagsbuffet<br data-start=\"1885\" data-end=\"1888\" \/>\ud83d\udd39 Besichtigung der Travertinen von Pamukkale<br data-start=\"1922\" data-end=\"1925\" \/>\ud83d\udd39 Besuch der Ruinen von Hierapolis<br data-start=\"1953\" data-end=\"1956\" \/>\ud83d\udd39 Freie Zeit f\u00fcr Kleopatra's Pool (optional)<br data-start=\"2000\" data-end=\"2003\" \/>\ud83d\udd39 Besuch des Salda-Sees f\u00fcr Besichtigungen und Fotos<br data-start=\"2052\" data-end=\"2055\" \/>\ud83d\udd39 Abendessen<br data-start=\"2064\" data-end=\"2067\" \/>\ud83d\udd39 R\u00fcckreise<br data-start=\"2084\" data-end=\"2087\" \/>\ud83d\udd39 Transfer zur\u00fcck zum Hotel<\/p>\n<h3 data-start=\"2116\" data-end=\"2146\">\u2139\ufe0f <strong data-start=\"2124\" data-end=\"2146\">N\u00fctzliche Informationen<\/strong><\/h3>\n<p data-start=\"2148\" data-end=\"2301\">\ud83d\udd39 Dauer: etwa 12 Stunden<br data-start=\"2175\" data-end=\"2178\" \/>\ud83d\udd39 Die Reiseroute kann je nach Wetterlage variieren<br data-start=\"2212\" data-end=\"2215\" \/>\ud83d\udd39 M\u00e4\u00dfiges Gehen erforderlich<br data-start=\"2243\" data-end=\"2246\" \/>\ud83d\udd39 Kinder unter 5 Jahren reisen kostenlos (geteilter Sitzplatz bei Vollbelegung)<\/p>\n<h3 data-start=\"2303\" data-end=\"2328\">\ud83c\udf92 <strong data-start=\"2311\" data-end=\"2328\">Was Sie mitbringen sollten<\/strong><\/h3>\n<p data-start=\"2330\" data-end=\"2453\">\ud83d\udd39 Personalausweis oder Reisepass<br data-start=\"2347\" data-end=\"2350\" \/>\ud83d\udd39 Bequeme Schuhe<br data-start=\"2370\" data-end=\"2373\" \/>\ud83d\udd39 Sonnenbrille, Hut und Sonnenschutzmittel<br data-start=\"2406\" data-end=\"2409\" \/>\ud83d\udd39 Badeanzug und Handtuch<br data-start=\"2430\" data-end=\"2433\" \/>\ud83d\udd39 Bargeld f\u00fcr Extras<\/p>\n<h3 data-start=\"2455\" data-end=\"2483\">\ud83d\udeab <strong data-start=\"2463\" data-end=\"2483\">Nicht geeignet f\u00fcr<\/strong><\/h3>\n<p data-start=\"2485\" data-end=\"2550\">\ud83d\udd39 Menschen mit eingeschr\u00e4nkter Mobilit\u00e4t<br data-start=\"2516\" data-end=\"2519\" \/>\ud83d\udd39 Schwerwiegende medizinische Probleme<\/p>\n<h3 dir=\"ltr\">\ud83d\udcb8\u00a0<strong>Preis und Buchung<\/strong><\/h3>\n<p dir=\"ltr\"><strong>\ud83d\udd39 Jetzt buchen, am Tag der Tour bezahlen<\/strong><br \/>\nKontaktiere uns \u00fcber WhatsApp, Telegram, Viber oder f\u00fclle das Buchungsformular unten aus. \ud83d\udc47\ud83c\udffc<\/p>","protected":false},"excerpt":{"rendered":"<p>Buchen Sie die <b>Belek Pamukkale Tour<\/b>! Besuch der Ruinen von Hierapolis und des Salda-Sees. Ganzt\u00e4gig <b>Reise<\/b> mit Thermalquellen, Mahlzeiten und komfortablen <b>Ausflug<\/b>. <b>Transfer inklusive<\/b>!<\/p>","protected":false},"featured_media":14072,"comment_status":"open","ping_status":"closed","template":"","meta":[],"product_brand":[],"product_cat":[126],"product_tag":[120],"class_list":{"0":"post-15370","1":"product","2":"type-product","3":"status-publish","4":"has-post-thumbnail","6":"tour_phys-belek-tours","7":"product_cat-belek-tours","8":"product_tag-belek","9":"pa_destination-belek-tours","11":"first","12":"instock","13":"sale","14":"shipping-taxable","15":"purchasable","16":"product-type-tour_phys"},"aioseo_notices":[],"_links":{"self":[{"href":"https:\/\/excursionsworld.com\/de\/wp-json\/wp\/v2\/product\/15370","targetHints":{"allow":["GET"]}}],"collection":[{"href":"https:\/\/excursionsworld.com\/de\/wp-json\/wp\/v2\/product"}],"about":[{"href":"https:\/\/excursionsworld.com\/de\/wp-json\/wp\/v2\/types\/product"}],"replies":[{"embeddable":true,"href":"https:\/\/excursionsworld.com\/de\/wp-json\/wp\/v2\/comments?post=15370"}],"wp:featuredmedia":[{"embeddable":true,"href":"https:\/\/excursionsworld.com\/de\/wp-json\/wp\/v2\/media\/14072"}],"wp:attachment":[{"href":"https:\/\/excursionsworld.com\/de\/wp-json\/wp\/v2\/media?parent=15370"}],"wp:term":[{"taxonomy":"product_brand","embeddable":true,"href":"https:\/\/excursionsworld.com\/de\/wp-json\/wp\/v2\/product_brand?post=15370"},{"taxonomy":"product_cat","embeddable":true,"href":"https:\/\/excursionsworld.com\/de\/wp-json\/wp\/v2\/product_cat?post=15370"},{"taxonomy":"product_tag","embeddable":true,"href":"https:\/\/excursionsworld.com\/de\/wp-json\/wp\/v2\/product_tag?post=15370"}],"curies":[{"name":"wp","href":"https:\/\/api.w.org\/{rel}","templated":true}]}}