{"id":15371,"date":"2025-10-26T19:25:46","date_gmt":"2025-10-26T16:25:46","guid":{"rendered":"https:\/\/excursionsworld.com\/?post_type=product&#038;p=15371"},"modified":"2026-03-14T19:20:33","modified_gmt":"2026-03-14T16:20:33","slug":"pamukkale-heissluftballon-belek","status":"publish","type":"product","link":"https:\/\/excursionsworld.com\/tours\/pamukkale-hot-air-balloon-belek\/","title":{"rendered":"Pamukkale Hei\u00dfluftballon Ausflug ab Belek \u2013 Tagesausflug"},"content":{"rendered":"<h3 data-start=\"120\" data-end=\"139\">\ud83c\udfdd\ufe0f \u00dcberblick<\/h3>\n<p data-start=\"140\" data-end=\"444\">Erleben Sie den Zauber von Pamukkale bei einer Hei\u00dfluftballonfahrt zum Sonnenaufgang von Belek aus. Bequeme Hoteltransfers sind von Belek, Kadriye, Bo\u011fazkent, Kundu und den umliegenden Gebieten m\u00f6glich. Genie\u00dfen Sie nach dem Flug eine gef\u00fchrte Tour durch Pamukkale und die antike Stadt Hierapolis, gefolgt von einem k\u00f6stlichen Mittagessen.<\/p>\n<h3 dir=\"ltr\"><span style=\"color: #000000;\"><strong>Inbegriffen:<\/strong><\/span><\/h3>\n<p dir=\"ltr\"><strong><span style=\"color: #00ff00;\">\u2713<\/span><\/strong> Abholung vom Hotel und R\u00fccktransport<br \/>\n<strong><span style=\"color: #00ff00;\">\u2713 <\/span><\/strong>Klimatisierter Bus<br \/>\n<strong><span style=\"color: #00ff00;\">\u2713 <\/span><\/strong>Fahrt im Hei\u00dfluftballon<br \/>\n<strong><span style=\"color: #00ff00;\">\u2713 <\/span><\/strong><span style=\"color: #00ff00;\"><span style=\"color: #000000;\">Englisch<\/span><\/span>-sprechender historischer F\u00fchrer<br \/>\n<strong><span style=\"color: #00ff00;\">\u2713 <\/span><\/strong>Mittagessen<br \/>\n<strong><span style=\"color: #00ff00;\">\u2713 <\/span><\/strong>Berufspilot<br \/>\n<strong><span style=\"color: #00ff00;\">\u2713 <\/span><\/strong>Flugschein<br \/>\n<strong><span style=\"color: #00ff00;\">\u2713 <\/span><\/strong>Vollversicherung<\/p>\n<h3 dir=\"ltr\"><span style=\"color: #000000;\"><strong>Ausgeschlossen:<\/strong><\/span><\/h3>\n<div dir=\"ltr\"><span style=\"color: #ff0000;\"><strong>\u2717 <\/strong><\/span>Eintrittsgelder Pamukkale &amp; Hierapolis (40 \u20ac)<\/div>\n<div dir=\"ltr\"><span style=\"color: #ff0000;\"><strong>\u2717<\/strong><\/span> Eingang zu Kleopatras Pool<br \/>\n<span style=\"color: #ff0000;\"><strong>\u2717<\/strong><\/span> Getr\u00e4nke<\/div>\n<h3 data-start=\"823\" data-end=\"848\">\ud83c\udf1f H\u00f6hepunkte der Tour<\/h3>\n<p data-start=\"849\" data-end=\"1143\">\ud83d\udd39 Sonnenaufgang im Hei\u00dfluftballon \u00fcber den wei\u00dfen Terrassen von Pamukkale<br data-start=\"912\" data-end=\"915\" \/>\ud83d\udd39 Atemberaubende Panoramablicke und einzigartige Fotom\u00f6glichkeiten<br data-start=\"973\" data-end=\"976\" \/>\ud83d\udd39 Champagner und Flugschein bei der Landung<br data-start=\"1024\" data-end=\"1027\" \/>\ud83d\udd39 Gef\u00fchrte Besichtigung von Hierapolis, einschlie\u00dflich r\u00f6mischem Theater und Gr\u00e4bern<br data-start=\"1090\" data-end=\"1093\" \/>\ud83d\udd39 Optionales Schwimmen in Cleopatra's Pool (gegen Aufpreis)<\/p>\n<h3 data-start=\"1145\" data-end=\"1171\">\ud83d\udcd6 Vollst\u00e4ndige Beschreibung<\/h3>\n<p data-start=\"1172\" data-end=\"1808\">Ihr Tag beginnt mit einer fr\u00fchen Abholung vom Hotel in Belek, gefolgt von einer bequemen 3,5-st\u00fcndigen Fahrt nach Pamukkale. Begeben Sie sich auf eine atemberaubende Hei\u00dfluftballonfahrt bei Sonnenaufgang \u00fcber die ber\u00fchmten wei\u00dfen Terrassen und antiken Ruinen von Pamukkale. Machen Sie unvergessliche Fotos und genie\u00dfen Sie bei der Landung ein Glas Sekt und Ihr Flugzertifikat. Anschlie\u00dfend erkunden Sie mit Ihrem professionellen Reiseleiter die antike Stadt Hierapolis und besuchen das r\u00f6mische Theater, die Thermen und andere historische Sehensw\u00fcrdigkeiten. G\u00e4ste, die es w\u00fcnschen, k\u00f6nnen gegen eine zus\u00e4tzliche Geb\u00fchr in Kleopatras Pool schwimmen. Die Tour endet mit einem k\u00f6stlichen Mittagessen, bevor Sie zu Ihrem Hotel in Belek zur\u00fcckkehren.<\/p>\n<h3 data-start=\"1810\" data-end=\"1835\">\ud83d\uddfa\ufe0f Reiseverlauf<\/h3>\n<p data-start=\"1836\" data-end=\"2092\">\ud83d\udd39 Fr\u00fche Abholung vom Hotel in Belek<br data-start=\"1866\" data-end=\"1869\" \/>\ud83d\udd39 Transfer nach Pamukkale<br data-start=\"1893\" data-end=\"1896\" \/>\ud83d\udd39 Hei\u00dfluftballonfahrt bei Sonnenaufgang<br data-start=\"1927\" data-end=\"1930\" \/>\ud83d\udd39 Champagner und Flugschein<br data-start=\"1965\" data-end=\"1968\" \/>\ud83d\udd39 Gef\u00fchrte Besichtigung von Pamukkale und Hierapolis<br data-start=\"2010\" data-end=\"2013\" \/>\ud83d\udd39 Optionales Schwimmen in Kleopatras Pool<br data-start=\"2049\" data-end=\"2052\" \/>\ud83d\udd39 Mittagessen<br data-start=\"2060\" data-end=\"2063\" \/>\ud83d\udd39 R\u00fccktransfer zum Hotel<\/p>\n<h3 data-start=\"2094\" data-end=\"2122\">\u2139\ufe0f N\u00fctzliche Informationen<\/h3>\n<p data-start=\"2123\" data-end=\"2429\">\ud83d\udd39 Dauer: etwa 12 Stunden<br data-start=\"2158\" data-end=\"2161\" \/>\ud83d\udd39 Ballonfahrten k\u00f6nnen wetterbedingt abgesagt werden (volle R\u00fcckerstattung des Fluganteils)<br data-start=\"2243\" data-end=\"2246\" \/>\ud83d\udd39 Kurze Zwischenstopps auf dem Weg inklusive<br data-start=\"2280\" data-end=\"2283\" \/>\ud83d\udd39 Kinder unter 5 Jahren fahren kostenlos, haben aber keinen eigenen Sitzplatz; wenn der Bus voll ist, sitzen sie auf dem Scho\u00df eines Erwachsenen oder es kann ein eigener Sitzplatz gebucht werden<\/p>\n<h3 data-start=\"2431\" data-end=\"2454\">\ud83c\udf92 Was Sie mitbringen sollten<\/h3>\n<p data-start=\"2455\" data-end=\"2581\">\ud83d\udd39 Sonnenbrille<br data-start=\"2468\" data-end=\"2471\" \/>\ud83d\udd39 Hut oder M\u00fctze<br data-start=\"2484\" data-end=\"2487\" \/>\ud83d\udd39 Badeanzug und Handtuch<br data-start=\"2508\" data-end=\"2511\" \/>\ud83d\udd39 Bequeme Kleidung und Turnschuhe<br data-start=\"2547\" data-end=\"2550\" \/>\ud83d\udd39 Bargeld f\u00fcr pers\u00f6nliche Ausgaben<\/p>\n<h3 data-start=\"2583\" data-end=\"2609\">\ud83d\udeab Nicht geeignet f\u00fcr<\/h3>\n<p data-start=\"2610\" data-end=\"2657\">\ud83d\udd39 Kinder unter 7 Jahren<br data-start=\"2635\" data-end=\"2638\" \/>\ud83d\udd39 Schwangere Frauen<\/p>\n<h3 dir=\"ltr\">\ud83d\udcb8\u00a0<strong>Preis und Buchung<\/strong><\/h3>\n<p dir=\"ltr\"><strong>\ud83d\udd39 Jetzt buchen, am Tag der Tour bezahlen<\/strong><br \/>\nKontaktiere uns \u00fcber WhatsApp, Telegram, Viber oder f\u00fclle das Buchungsformular unten aus. \ud83d\udc47\ud83c\udffc<\/p>","protected":false},"excerpt":{"rendered":"<p><b>Tagesausflug von Belek nach Pamukkale<\/b>! Buchen Sie Ihr <b>Hei\u00dfluftballonfahrt<\/b> &amp; <b>Hierapolis-Tour<\/b>. <b>All-inclusive-Ausflug<\/b> mit <b>Leitfaden<\/b> und nahtlos <b>\u00dcbertragung<\/b>.<\/p>","protected":false},"featured_media":12607,"comment_status":"open","ping_status":"closed","template":"","meta":[],"product_brand":[],"product_cat":[126],"product_tag":[120],"class_list":{"0":"post-15371","1":"product","2":"type-product","3":"status-publish","4":"has-post-thumbnail","6":"tour_phys-belek-tours","7":"product_cat-belek-tours","8":"product_tag-belek","9":"pa_destination-belek-tours","11":"first","12":"instock","13":"sale","14":"shipping-taxable","15":"purchasable","16":"product-type-tour_phys"},"aioseo_notices":[],"_links":{"self":[{"href":"https:\/\/excursionsworld.com\/de\/wp-json\/wp\/v2\/product\/15371","targetHints":{"allow":["GET"]}}],"collection":[{"href":"https:\/\/excursionsworld.com\/de\/wp-json\/wp\/v2\/product"}],"about":[{"href":"https:\/\/excursionsworld.com\/de\/wp-json\/wp\/v2\/types\/product"}],"replies":[{"embeddable":true,"href":"https:\/\/excursionsworld.com\/de\/wp-json\/wp\/v2\/comments?post=15371"}],"wp:featuredmedia":[{"embeddable":true,"href":"https:\/\/excursionsworld.com\/de\/wp-json\/wp\/v2\/media\/12607"}],"wp:attachment":[{"href":"https:\/\/excursionsworld.com\/de\/wp-json\/wp\/v2\/media?parent=15371"}],"wp:term":[{"taxonomy":"product_brand","embeddable":true,"href":"https:\/\/excursionsworld.com\/de\/wp-json\/wp\/v2\/product_brand?post=15371"},{"taxonomy":"product_cat","embeddable":true,"href":"https:\/\/excursionsworld.com\/de\/wp-json\/wp\/v2\/product_cat?post=15371"},{"taxonomy":"product_tag","embeddable":true,"href":"https:\/\/excursionsworld.com\/de\/wp-json\/wp\/v2\/product_tag?post=15371"}],"curies":[{"name":"wp","href":"https:\/\/api.w.org\/{rel}","templated":true}]}}