{"id":15372,"date":"2025-10-26T19:26:45","date_gmt":"2025-10-26T16:26:45","guid":{"rendered":"https:\/\/excursionsworld.com\/?post_type=product&#038;p=15372"},"modified":"2025-12-09T18:48:58","modified_gmt":"2025-12-09T15:48:58","slug":"demre-myra-kekova-belek","status":"publish","type":"product","link":"https:\/\/excursionsworld.com\/tours\/demre-myra-kekova-belek\/","title":{"rendered":"Demre, Myra &amp; Kekova Ausflug ab Belek \u2013 Nikolaus Kirche"},"content":{"rendered":"<h3 data-start=\"0\" data-end=\"19\"><span style=\"color: #000000;\"><strong>\ud83c\udfdd\ufe0f \u00dcberblick<\/strong><\/span><\/h3>\n<p data-start=\"20\" data-end=\"364\">Entdecken Sie die antiken Wunder Lykiens auf einer eint\u00e4gigen Tour ab Belek! Segeln Sie auf einer Glasbodenyacht \u00fcber die versunkene Stadt Kekova, besuchen Sie die antiken Felsengr\u00e4ber von Myra und erkunden Sie die St. Nikolaus-Kirche in Demre - die Inspiration f\u00fcr den Weihnachtsmann. Diese Tour ist eine perfekte Kombination aus Geschichte, Kultur und der landschaftlichen Sch\u00f6nheit der Mittelmeerk\u00fcste.<\/p>\n<h3 data-start=\"366\" data-end=\"383\"><span style=\"color: #000000;\"><strong>\u00a0Inbegriffen:<\/strong><\/span><\/h3>\n<p data-start=\"384\" data-end=\"586\"><span style=\"color: #00ff00;\"><strong>\u2713<\/strong> <\/span>Abholung und R\u00fccktransport vom Hotel (Region Belek)<br data-start=\"426\" data-end=\"429\" \/><span style=\"color: #00ff00;\"><strong>\u2713<\/strong> <\/span>Komfortabler klimatisierter Bus<br data-start=\"462\" data-end=\"465\" \/><span style=\"color: #00ff00;\"><strong>\u2713<\/strong> <\/span>Tour auf einer Glasboden-Yacht<br data-start=\"490\" data-end=\"493\" \/><span style=\"color: #00ff00;\"><strong>\u2713<\/strong> <\/span>Eintrittsgelder f\u00fcr Myra<br data-start=\"516\" data-end=\"519\" \/><span style=\"color: #00ff00;\"><strong>\u2713<\/strong> <\/span>Professioneller englischsprachiger F\u00fchrer<br data-start=\"539\" data-end=\"542\" \/><span style=\"color: #00ff00;\"><strong>\u2713<\/strong> <\/span>Vollversicherung<br data-start=\"558\" data-end=\"561\" \/><span style=\"color: #00ff00;\"><strong>\u2713<\/strong> <\/span>Leckeres lokales Mittagessen<\/p>\n<h3 data-start=\"588\" data-end=\"609\">\u00a0<span style=\"color: #000000;\"><strong>Nicht inbegriffen:<\/strong><\/span><\/h3>\n<p data-start=\"610\" data-end=\"708\"><span style=\"color: #ff0000;\"><strong>\u2717<\/strong> <\/span>Eingang zur St. Nikolaus-Kirche (optional)<br data-start=\"651\" data-end=\"654\" \/><span style=\"color: #ff0000;\"><strong>\u2717<\/strong> <\/span>Pers\u00f6nliche Ausgaben<br data-start=\"673\" data-end=\"676\" \/><span style=\"color: #ff0000;\"><strong>\u2717<\/strong> <\/span>Getr\u00e4nke<\/p>\n<h3 data-start=\"710\" data-end=\"735\"><span style=\"color: #000000;\"><strong>\ud83c\udf1f H\u00f6hepunkte der Tour<\/strong><\/span><\/h3>\n<p data-start=\"736\" data-end=\"1065\">\ud83d\udd39 Kreuzfahrt \u00fcber die versunkene Stadt Kekova auf einer Yacht mit Glasboden<br data-start=\"800\" data-end=\"803\" \/>\ud83d\udd39 Erkunden Sie antike Felsengr\u00e4ber und das r\u00f6mische Theater in Myra<br data-start=\"862\" data-end=\"865\" \/>\ud83d\udd39 Besuch der St. Nikolaus-Kirche in Demre, die mit dem Weihnachtsmann verbunden ist<br data-start=\"925\" data-end=\"928\" \/>\ud83d\udd39 Schwimmen im t\u00fcrkisfarbenen Mittelmeer bei Kekova<br data-start=\"981\" data-end=\"984\" \/>\ud83d\udd39 Atemberaubende Aussicht auf Schloss Simena<br data-start=\"1018\" data-end=\"1021\" \/>\ud83d\udd39 Bequeme Transfers von Belek Hotels<\/p>\n<h3 data-start=\"1067\" data-end=\"1093\"><span style=\"color: #000000;\"><strong>\ud83d\udcd6 Vollst\u00e4ndige Beschreibung<\/strong><\/span><\/h3>\n<p data-start=\"1094\" data-end=\"1260\">Ihre Reise beginnt mit einer bequemen morgendlichen Abholung von Ihrem Hotel in Belek. Genie\u00dfen Sie eine malerische Fahrt entlang der Mittelmeerk\u00fcste in die antike lykische Region. Der erste Halt ist <strong data-start=\"1280\" data-end=\"1288\">Myra<\/strong>, die f\u00fcr ihre beeindruckenden Felsengr\u00e4ber und das gut erhaltene r\u00f6mische Theater bekannt ist. N\u00e4chster Besuch <strong data-start=\"1376\" data-end=\"1399\">St. Nikolaus Kirche<\/strong> in Demre, die der realen Figur gewidmet ist, die den Weihnachtsmann inspiriert hat. Danach genie\u00dfen Sie ein <strong data-start=\"1489\" data-end=\"1512\">lokales t\u00fcrkisches Mittagessen<\/strong> vor der Fahrt nach <strong data-start=\"1531\" data-end=\"1547\">\u00c7aya\u011fz\u0131 Hafen<\/strong>, wo Sie an Bord eines <strong data-start=\"1570\" data-end=\"1592\">Glasbodenyacht<\/strong> f\u00fcr eine entspannende Kreuzfahrt nach <strong data-start=\"1618\" data-end=\"1635\">Insel Kekova<\/strong>. Bewundern Sie die <strong data-start=\"1651\" data-end=\"1672\">Versunkene Stadtruinen<\/strong> unter dem kristallklaren Wasser sichtbar, schwimmen in der N\u00e4he <strong data-start=\"1725\" data-end=\"1742\">Schloss Simena<\/strong>, und genie\u00dfen Sie die atemberaubende Aussicht auf die K\u00fcste. Entspannen Sie sich nach der Kreuzfahrt auf der R\u00fcckfahrt zu Ihrem Hotel in Belek, das mit Erinnerungen an Geschichte und Sch\u00f6nheit gef\u00fcllt ist.<\/p>\n<h3 data-start=\"1898\" data-end=\"1923\"><span style=\"color: #000000;\"><strong>\ud83d\uddfa\ufe0f Reiseverlauf<\/strong><\/span><\/h3>\n<p data-start=\"1924\" data-end=\"2232\">\ud83d\udd39 Abholung von Hotels in der Region Belek<br data-start=\"1961\" data-end=\"1964\" \/>\ud83d\udd39 Besuch der Felsengr\u00e4ber von Myra und des r\u00f6mischen Theaters<br data-start=\"2011\" data-end=\"2014\" \/>\ud83d\udd39 Besichtigung der St. Nikolaus-Kirche in Demre (fakultativer Eintritt)<br data-start=\"2073\" data-end=\"2076\" \/>\ud83d\udd39 Mittagessen in einem lokalen Restaurant<br data-start=\"2106\" data-end=\"2109\" \/>Kreuzfahrt mit einer Glasbodenyacht vom Hafen \u00c7aya\u011fz\u0131 nach Kekova<br data-start=\"2165\" data-end=\"2168\" \/>\ud83d\udd39 Badestopp und Besichtigung<br data-start=\"2200\" data-end=\"2203\" \/>\ud83d\udd39 R\u00fccktransfer zum Hotel<\/p>\n<h3 data-start=\"2234\" data-end=\"2262\"><span style=\"color: #000000;\"><strong>\u2139\ufe0f N\u00fctzliche Informationen<\/strong><\/span><\/h3>\n<p data-start=\"2263\" data-end=\"2428\">\ud83d\udd39 Dauer: ca. 9-10 Stunden<br data-start=\"2300\" data-end=\"2303\" \/>\ud83d\udd39 Die Reiseroute kann aufgrund von Wetter- oder Seebedingungen variieren.<br data-start=\"2357\" data-end=\"2360\" \/>\ud83d\udd39 Kinder unter 6 Jahren fahren kostenlos, teilen sich aber einen Sitzplatz, wenn der Bus voll ist<\/p>\n<h3 data-start=\"2430\" data-end=\"2453\"><span style=\"color: #000000;\"><strong>\ud83c\udf92 Was Sie mitbringen sollten<\/strong><\/span><\/h3>\n<p data-start=\"2454\" data-end=\"2562\">\ud83d\udd39 Bequeme Schuhe<br data-start=\"2474\" data-end=\"2477\" \/>\ud83d\udd39 Sonnenbrille und Sonnenschutzmittel<br data-start=\"2504\" data-end=\"2507\" \/>\ud83d\udd39 Badeanzug und Handtuch<br data-start=\"2528\" data-end=\"2531\" \/>\ud83d\udd39 Bargeld f\u00fcr pers\u00f6nliche Ausgaben<\/p>\n<h3 data-start=\"2564\" data-end=\"2590\"><span style=\"color: #000000;\"><strong>\ud83d\udeab Nicht geeignet f\u00fcr<\/strong><\/span><\/h3>\n<p data-start=\"2591\" data-end=\"2671\">\ud83d\udd39 Menschen mit eingeschr\u00e4nkter Mobilit\u00e4t<br data-start=\"2622\" data-end=\"2625\" \/>\ud83d\udd39 Reisende mit schweren Erkrankungen<\/p>\n<h3 dir=\"ltr\">\ud83d\udcb8\u00a0<strong>Preis und Buchung<\/strong><\/h3>\n<p dir=\"ltr\"><strong>\ud83d\udd39 Jetzt buchen, am Tag der Tour bezahlen<\/strong><br \/>\nKontaktiere uns \u00fcber WhatsApp, Telegram, Viber oder f\u00fclle das Buchungsformular unten aus. \ud83d\udc47\ud83c\udffc<\/p>","protected":false},"excerpt":{"rendered":"<p>Buchen Sie die ultimative Geschichte <b>Ausflug<\/b> von <b>Antalya<\/b>! Unvergesslich <b>Tagesausflug<\/b> zu den Felsengr\u00e4bern von Myra, der St.-Nikolaus-Kirche und der versunkenen Stadt Kekova <b>Bootstour<\/b>.<\/p>","protected":false},"featured_media":12563,"comment_status":"open","ping_status":"closed","template":"","meta":[],"product_brand":[],"product_cat":[126],"product_tag":[120],"class_list":{"0":"post-15372","1":"product","2":"type-product","3":"status-publish","4":"has-post-thumbnail","6":"tour_phys-belek-tours","7":"product_cat-belek-tours","8":"product_tag-belek","9":"pa_destination-belek-tours","11":"first","12":"instock","13":"sale","14":"shipping-taxable","15":"purchasable","16":"product-type-tour_phys"},"aioseo_notices":[],"_links":{"self":[{"href":"https:\/\/excursionsworld.com\/de\/wp-json\/wp\/v2\/product\/15372","targetHints":{"allow":["GET"]}}],"collection":[{"href":"https:\/\/excursionsworld.com\/de\/wp-json\/wp\/v2\/product"}],"about":[{"href":"https:\/\/excursionsworld.com\/de\/wp-json\/wp\/v2\/types\/product"}],"replies":[{"embeddable":true,"href":"https:\/\/excursionsworld.com\/de\/wp-json\/wp\/v2\/comments?post=15372"}],"wp:featuredmedia":[{"embeddable":true,"href":"https:\/\/excursionsworld.com\/de\/wp-json\/wp\/v2\/media\/12563"}],"wp:attachment":[{"href":"https:\/\/excursionsworld.com\/de\/wp-json\/wp\/v2\/media?parent=15372"}],"wp:term":[{"taxonomy":"product_brand","embeddable":true,"href":"https:\/\/excursionsworld.com\/de\/wp-json\/wp\/v2\/product_brand?post=15372"},{"taxonomy":"product_cat","embeddable":true,"href":"https:\/\/excursionsworld.com\/de\/wp-json\/wp\/v2\/product_cat?post=15372"},{"taxonomy":"product_tag","embeddable":true,"href":"https:\/\/excursionsworld.com\/de\/wp-json\/wp\/v2\/product_tag?post=15372"}],"curies":[{"name":"wp","href":"https:\/\/api.w.org\/{rel}","templated":true}]}}