{"id":15377,"date":"2025-10-26T19:32:36","date_gmt":"2025-10-26T16:32:36","guid":{"rendered":"https:\/\/excursionsworld.com\/?post_type=product&#038;p=15377"},"modified":"2025-12-09T18:21:01","modified_gmt":"2025-12-09T15:21:01","slug":"delfinshow-schwimmen-side","status":"publish","type":"product","link":"https:\/\/excursionsworld.com\/tours\/dolphin-show-swim-side\/","title":{"rendered":"Delfin Show &amp; Schwimmen mit Delfinen in Side"},"content":{"rendered":"<h3 data-start=\"244\" data-end=\"265\">\ud83c\udfdd\ufe0f <strong data-start=\"253\" data-end=\"265\">\u00dcbersicht<\/strong><\/h3>\n<p data-start=\"267\" data-end=\"573\">Genie\u00dfen Sie einen unterhaltsamen Tag bei der Dolphin Show in Side! Schauen Sie sich eine spektakul\u00e4re Vorstellung von Delfinen und Seel\u00f6wen an, und machen Sie es mit einem optionalen Schwimmen mit Delfinen noch spezieller. Perfekt f\u00fcr Familien, Paare und Naturliebhaber - inklusive Hoteltransfer von Side, Kumk\u00f6y, Titreyeng\u00f6l und Evrenseki.<\/p>\n<h3 data-start=\"575\" data-end=\"594\"><strong data-start=\"582\" data-end=\"594\">Inbegriffen:<\/strong><\/h3>\n<p data-start=\"596\" data-end=\"864\"><span style=\"color: #00ff00;\"><strong>\u2713<\/strong><\/span> Abholung vom Hotel und R\u00fccktransport f<br data-start=\"650\" data-end=\"653\" \/><span style=\"color: #00ff00;\"><strong>\u2713 <\/strong><\/span>Eintritt zur Delphin- und Seel\u00f6wenshow\u00a0<br data-start=\"718\" data-end=\"721\" \/><span style=\"color: #00ff00;\"><strong>\u2713 <\/strong><\/span>Professionelle Ausbilder und personelle Unterst\u00fctzung<br data-start=\"778\" data-end=\"781\" \/><span style=\"color: #00ff00;\"><strong>\u2713 <\/strong><\/span>Vollst\u00e4ndiger Versicherungsschutz<br data-start=\"806\" data-end=\"809\" \/><span style=\"color: #00ff00;\"><strong>\u2713 <\/strong><\/span>Optionales Schwimmen mit Delphinen<\/p>\n<h3 data-start=\"866\" data-end=\"889\"><strong data-start=\"873\" data-end=\"889\">Nicht inbegriffen:<\/strong><\/h3>\n<div data-start=\"891\" data-end=\"989\"><strong><span style=\"color: #ff0000;\">\u2717 <\/span><\/strong>Optionales Schwimmen mit Delphinen<\/div>\n<div data-start=\"891\" data-end=\"989\"><strong><span style=\"color: #ff0000;\">\u2717<\/span><\/strong> Pers\u00f6nliche Ausgaben, Lebensmittel und Getr\u00e4nke<br data-start=\"928\" data-end=\"931\" \/><strong><span style=\"color: #ff0000;\">\u2717 <\/span><\/strong>Fotos und Videos<\/div>\n<h3 data-start=\"991\" data-end=\"1018\">\ud83c\udf1f <strong data-start=\"999\" data-end=\"1018\">H\u00f6hepunkte der Tour<\/strong><\/h3>\n<p data-start=\"1020\" data-end=\"1283\">\ud83d\udd39 Erleben Sie eine beeindruckende 1-st\u00fcndige Delfin- und Seel\u00f6wen-Show<br data-start=\"1070\" data-end=\"1073\" \/>\ud83d\udd39 Optionales 7-8-min\u00fctiges Delphinschwimmen<br data-start=\"1120\" data-end=\"1123\" \/>\ud83d\udd39 Ein sicheres und unterhaltsames Erlebnis f\u00fcr alle Altersgruppen<br data-start=\"1168\" data-end=\"1171\" \/>\ud83d\udd39 Lehrreich und unterhaltsam f\u00fcr Familien und Kinder<br data-start=\"1228\" data-end=\"1231\" \/>\ud83d\udd39 Inklusive komfortablem Hoteltransfer (Hin- und R\u00fcckfahrt)<\/p>\n<h3 data-start=\"1285\" data-end=\"1313\">\ud83d\udcd6 <strong data-start=\"1293\" data-end=\"1313\">Vollst\u00e4ndige Beschreibung<\/strong><\/h3>\n<div data-start=\"1315\" data-end=\"1588\">Beginnen Sie Ihren unvergesslichen Tag mit einer bequemen Abholung vom Hotel in Side und den umliegenden Resorts. Nach einer kurzen Fahrt erreichen Sie das Delfinarium, wo Sie die Intelligenz, Beweglichkeit und Verspieltheit von Delfinen und Seel\u00f6wen bei einer unglaublichen Live-Vorf\u00fchrung erleben k\u00f6nnen. F\u00fcr ein noch interaktiveres Erlebnis k\u00f6nnen Sie an der optionalen Sitzung Schwimmen mit Delfinen teilnehmen - eine einzigartige 7-8-min\u00fctige Begegnung, bei der Sie unter der Anleitung professioneller Trainer schwimmen und spielen. Diese magische Aktivit\u00e4t ist f\u00fcr Kinder ab 3 Jahren geeignet (mit elterlicher Unterst\u00fctzung). Nach der Show und dem optionalen Schwimmen haben Sie Zeit, sich professionelle Fotos und Videos anzusehen, bevor Sie bequem zum Hotel zur\u00fcckgebracht werden.<\/div>\n<h3 data-start=\"2014\" data-end=\"2041\">\ud83d\uddfa\ufe0f <strong data-start=\"2023\" data-end=\"2041\">Reiseroute<\/strong><\/h3>\n<p data-start=\"2043\" data-end=\"2328\">\ud83d\udd39 Abholung vom Hotel\u00a0<br data-start=\"2124\" data-end=\"2127\" \/>\ud83d\udd39 Ankunft im Delphinarium<br data-start=\"2157\" data-end=\"2160\" \/>\ud83d\udd39 Beobachten Sie die Delfin- und Seel\u00f6wen-Show (ca. 1 Stunde)<br data-start=\"2213\" data-end=\"2216\" \/>\ud83d\udd39 Optional: Schwimmen mit Delfinen<br data-start=\"2255\" data-end=\"2258\" \/>\ud83d\udd39 Freie Zeit f\u00fcr Fotos und Souvenirs<br data-start=\"2295\" data-end=\"2298\" \/>\ud83d\udd39 R\u00fccktransfer zu den Hotels<\/p>\n<h3 data-start=\"2330\" data-end=\"2360\">\u2139\ufe0f <strong data-start=\"2338\" data-end=\"2360\">N\u00fctzliche Informationen<\/strong><\/h3>\n<p data-start=\"2362\" data-end=\"2683\">\ud83d\udd39 Dauer: Ungef\u00e4hr 4 Stunden (einschlie\u00dflich Transfers)<br data-start=\"2418\" data-end=\"2421\" \/>\ud83d\udd39 Schwimmeinheit: 7-8 Minuten pro Person<br data-start=\"2464\" data-end=\"2467\" \/>\ud83d\udd39 Vorstellungszeiten: Zweimal t\u00e4glich (09:00 und 14:00)<br data-start=\"2510\" data-end=\"2513\" \/>\ud83d\udd39 Schwimmen muss im Voraus gebucht werden<br data-start=\"2550\" data-end=\"2553\" \/>G\u00e4ste mit Epilepsie oder schweren gesundheitlichen Problemen k\u00f6nnen nicht mitschwimmen.<br data-start=\"2626\" data-end=\"2629\" \/>\ud83d\udd39 W\u00e4hrend des Schwimmens sind weder Schmuck noch Accessoires erlaubt.<\/p>\n<h3 data-start=\"2817\" data-end=\"2842\">\ud83c\udf92 <strong data-start=\"2825\" data-end=\"2842\">Was Sie mitbringen sollten<\/strong><\/h3>\n<p data-start=\"2844\" data-end=\"2999\">\ud83d\udd39 Badeanzug und Handtuch (f\u00fcr Teilnehmer, die schwimmen)<br data-start=\"2889\" data-end=\"2892\" \/>\ud83d\udd39 Sonnenbrille und Hut<br data-start=\"2913\" data-end=\"2916\" \/>\ud83d\udd39 Kamera oder Telefon f\u00fcr pers\u00f6nliche Fotos<br data-start=\"2954\" data-end=\"2957\" \/>\ud83d\udd39 Bargeld f\u00fcr optionale Fotos oder Souvenirs<\/p>\n<h3 data-start=\"2685\" data-end=\"2713\">\ud83d\udeab <strong data-start=\"2693\" data-end=\"2713\">Nicht geeignet f\u00fcr<\/strong><\/h3>\n<p data-start=\"2715\" data-end=\"2815\">\ud83d\udd39 Kinder unter 3 Jahren (k\u00f6nnen nicht mitschwimmen)<br data-start=\"2767\" data-end=\"2770\" \/>\ud83d\udd39 G\u00e4ste mit Epilepsie oder eingeschr\u00e4nkter Mobilit\u00e4t<\/p>\n<h3 dir=\"ltr\">\ud83d\udcb8\u00a0<strong>Preis und Buchung<\/strong><\/h3>\n<p dir=\"ltr\"><strong>\ud83d\udd39 Jetzt buchen, am Tag der Tour bezahlen<\/strong><br \/>\nKontaktiere uns \u00fcber WhatsApp, Telegram, Viber oder f\u00fclle das Buchungsformular unten aus. \ud83d\udc47\ud83c\udffc<\/p>","protected":false},"excerpt":{"rendered":"<p>Buchen Sie Ihren Ausflug zur Side Dolphin Show! Genie\u00dfen Sie eine magische Show und schwimmen Sie optional mit Delfinen. Perfekter Familienausflug mit Transfer inklusive. Einfach buchen!<\/p>","protected":false},"featured_media":15139,"comment_status":"open","ping_status":"closed","template":"","meta":[],"product_brand":[],"product_cat":[127],"product_tag":[122],"class_list":{"0":"post-15377","1":"product","2":"type-product","3":"status-publish","4":"has-post-thumbnail","6":"tour_phys-side-tours","7":"product_cat-side-tours","8":"product_tag-side","9":"pa_destination-side-tours","11":"first","12":"instock","13":"sale","14":"shipping-taxable","15":"purchasable","16":"product-type-tour_phys"},"aioseo_notices":[],"_links":{"self":[{"href":"https:\/\/excursionsworld.com\/de\/wp-json\/wp\/v2\/product\/15377","targetHints":{"allow":["GET"]}}],"collection":[{"href":"https:\/\/excursionsworld.com\/de\/wp-json\/wp\/v2\/product"}],"about":[{"href":"https:\/\/excursionsworld.com\/de\/wp-json\/wp\/v2\/types\/product"}],"replies":[{"embeddable":true,"href":"https:\/\/excursionsworld.com\/de\/wp-json\/wp\/v2\/comments?post=15377"}],"wp:featuredmedia":[{"embeddable":true,"href":"https:\/\/excursionsworld.com\/de\/wp-json\/wp\/v2\/media\/15139"}],"wp:attachment":[{"href":"https:\/\/excursionsworld.com\/de\/wp-json\/wp\/v2\/media?parent=15377"}],"wp:term":[{"taxonomy":"product_brand","embeddable":true,"href":"https:\/\/excursionsworld.com\/de\/wp-json\/wp\/v2\/product_brand?post=15377"},{"taxonomy":"product_cat","embeddable":true,"href":"https:\/\/excursionsworld.com\/de\/wp-json\/wp\/v2\/product_cat?post=15377"},{"taxonomy":"product_tag","embeddable":true,"href":"https:\/\/excursionsworld.com\/de\/wp-json\/wp\/v2\/product_tag?post=15377"}],"curies":[{"name":"wp","href":"https:\/\/api.w.org\/{rel}","templated":true}]}}