{"id":15378,"date":"2025-10-26T19:35:16","date_gmt":"2025-10-26T16:35:16","guid":{"rendered":"https:\/\/excursionsworld.com\/?post_type=product&#038;p=15378"},"modified":"2026-04-23T05:59:37","modified_gmt":"2026-04-23T02:59:37","slug":"tuerkisches-bad-hamam-side","status":"publish","type":"product","link":"https:\/\/excursionsworld.com\/tours\/side-turkish-bath-hamam\/","title":{"rendered":"T\u00fcrkisches Bad Hamam in Side \u2013 Traditionelles Dampfbad Erlebnis"},"content":{"rendered":"<h2><strong>\ud83c\udfdd\ufe0f <span style=\"color: #000000;\">\u00dcbersicht<\/span><\/strong><\/h2>\n<p>Tauchen Sie ein in die <strong>authentisches t\u00fcrkisches Bad &amp; Spa-Erlebnis in <a href=\"https:\/\/en.wikipedia.org\/wiki\/Side,_Turkey\" target=\"_blank\" rel=\"noopener\">Side<\/a><\/strong>, wo alte Wellness-Traditionen auf modernen Komfort treffen. Genie\u00dfen Sie einen entspannten Tag in einem der besten Hamam-Zentren der Region mit Sauna, Dampfbad, Salzraum, K\u00f6rperpeeling, Schaummassage und verj\u00fcngender \u00d6lbehandlung. Perfekt f\u00fcr die Reinigung Ihrer Haut und die Vorbereitung auf eine lang anhaltende Br\u00e4une w\u00e4hrend Ihres Urlaubs!<\/p>\n<h3><span style=\"color: #000000;\"><strong>\u00a0Inbegriffen:<\/strong><\/span><\/h3>\n<p><span style=\"color: #00ff00;\"><strong>\u2713<\/strong><\/span> Abholung vom Hotel und R\u00fccktransport<br \/><span style=\"color: #00ff00;\"><strong>\u2713 <\/strong><\/span>Zugang zu Sauna, Dampfbad und Salzraum<br \/><span style=\"color: #00ff00;\"><strong>\u2713 <\/strong><\/span>30-min\u00fctiges Peeling &amp; Schaummassage<br \/><span style=\"color: #00ff00;\"><strong>\u2713 <\/strong><\/span>20-min\u00fctige entspannende \u00d6lmassage<br \/><span style=\"color: #00ff00;\"><strong>\u2713 <\/strong><\/span>Gesichtsmaske &amp; sanfte Gesichtsmassage<br \/><span style=\"color: #00ff00;\"><strong>\u2713 <\/strong><\/span>Handt\u00fccher, Hausschuhe, Seife und traditionelles Tuch (pestemal)<br \/><span style=\"color: #00ff00;\"><strong>\u2713 <\/strong><\/span>Tee- oder Apfelteeservice<br \/><span style=\"color: #00ff00;\"><strong>\u2713 <\/strong><\/span>Vollversicherung<\/p>\n<h3><span style=\"color: #000000;\">\u00a0<strong>Nicht inbegriffen:<\/strong><\/span><\/h3>\n<p><span style=\"color: #ff0000;\"><strong>\u2717<\/strong><\/span> Pers\u00f6nliche Ausgaben<br \/><span style=\"color: #ff0000;\"><strong>\u2717 <\/strong><\/span>Zus\u00e4tzliche Massageleistungen<br \/><span style=\"color: #ff0000;\"><strong>\u2717 <\/strong><\/span>Haarshampoo<\/p>\n<h2><strong><span style=\"color: #000000;\">\ud83c\udf1f H\u00f6hepunkte der Tour<\/span><\/strong><\/h2>\n<p>\ud83d\udd39 Erleben Sie das authentische t\u00fcrkische Hamam in Side<br \/>\ud83d\udd39 Genie\u00dfen Sie ein entspannendes Peeling und eine Schaummassage auf einer beheizten Marmorplattform<br \/>\ud83d\udd39 Entgiften in der Sauna, im Dampfbad und im Salzraum<br \/>\ud83d\udd39 Erhalten Sie eine verj\u00fcngende \u00d6l- und Gesichtsmassage<br \/>\ud83d\udd39 F\u00fchlen Sie sich erfrischt, leicht und bereit f\u00fcr Ihre Urlaubsabenteuer<\/p>\n<h2><span style=\"color: #000000;\"><strong>\ud83d\udcdc Vollst\u00e4ndige Beschreibung<\/strong><\/span><\/h2>\n<div>Treten Sie ein in die jahrhundertealte Wellness-Tradition mit dem <strong>Side T\u00fcrkisches Bad &amp; Spa Tour<\/strong>, die Ihren K\u00f6rper und Geist entspannen. Bei Ihrer Ankunft werden Sie herzlich begr\u00fc\u00dft und mit einem Handtuch, Hausschuhen und einem Pestemal ausgestattet, bevor Sie Ihre Verj\u00fcngungsreise beginnen. Beginnen Sie im <strong>Sauna, Dampf- und Salzr\u00e4ume<\/strong>, wo W\u00e4rme und Mineralien Ihre Poren \u00f6ffnen und Ihre Haut auf die Reinigung vorbereiten. Dann begeben Sie sich in die innere Kammer des Hamams f\u00fcr den H\u00f6hepunkt - eine <strong>traditionelles Peeling und Schaummassage<\/strong> auf einem beheizten Marmorstein (Gobektasi) durchgef\u00fchrt. Dieses Tiefenpeeling entfernt abgestorbene Hautzellen und Giftstoffe und macht Ihre Haut seidig glatt. Danach entspannen Sie sich mit <strong>Tee- oder Apfel-Teeservice<\/strong>, gefolgt von einer <strong>20-min\u00fctige Aroma\u00f6lmassage<\/strong> die jeden Muskel im K\u00f6rper entspannt. Das Erlebnis endet mit einem <strong>n\u00e4hrende Gesichtsmaske und sanfte Gesichtsmassage<\/strong>, und hinterl\u00e4sst Sie v\u00f6llig erfrischt und strahlend.<\/div>\n<h3><span style=\"color: #000000;\"><strong>\ud83d\udd52 Reiseroute<\/strong><\/span><\/h3>\n<p>\ud83d\udd39 Abholung vom Hotel und Transfer zum Kurzentrum<br \/>\ud83d\udd39 Sauna, Dampfbad und Salzraum<br \/>\ud83d\udd39 Ganzk\u00f6rperpeeling und Schaummassage<br \/>\ud83d\udd39 Kurze Entspannungspause mit Tee<br \/>\ud83d\udd39 Aromatische \u00d6lmassage (20 Minuten)<br \/>\ud83d\udd39 Gesichtsmaske &amp; Gesichtsmassage<br \/>\ud83d\udd39 R\u00fccktransfer zu Ihrem Hotel<\/p>\n<h3><span style=\"color: #000000;\"><strong>\u2139\ufe0f N\u00fctzliche Informationen<\/strong><\/span><\/h3>\n<p>\ud83d\udd39 Geeignet f\u00fcr M\u00e4nner und Frauen<br \/>\ud83d\udd39 Kinder k\u00f6nnen unter Aufsicht von Erwachsenen teilnehmen<br \/>\ud83d\udd39 Alle Einrichtungen sind sauber und hygienisch<br \/>\ud83d\udd39 Behandlungsdauer: ca. 2 Stunden<\/p>\n<h2><span style=\"color: #000000;\"><strong>\ud83c\udf92 Was Sie mitbringen sollten<\/strong><\/span><\/h2>\n<p>Badeanzug<br \/>Haarshampoo<\/p>\n<h3><span style=\"color: #000000;\"><strong>\ud83d\udeab Nicht geeignet f\u00fcr<\/strong><\/span><\/h3>\n<p>Menschen mit Asthma oder schweren Erkrankungen der Atemwege<\/p>\n<h2 dir=\"ltr\">\ud83d\udcb8\u00a0<strong>Preis und Buchung<\/strong><\/h2>\n<p dir=\"ltr\"><strong>\ud83d\udd39 Jetzt buchen, am Tag der Tour bezahlen<\/strong><br \/>\nKontaktiere uns \u00fcber WhatsApp, Telegram, Viber oder f\u00fclle das Buchungsformular unten aus. \ud83d\udc47\ud83c\udffc<\/p>\n<p>Alternativen gesucht? St\u00f6bern Sie <a href=\"https:\/\/excursionsworld.com\/de\/urun-kategori\/side-ausfluege\/\">Weitere Ausfl\u00fcge<\/a>.<\/p>","protected":false},"excerpt":{"rendered":"<p data-start=\"3442\" data-end=\"3600\">Erleben Sie das authentische<strong> Hamam<\/strong> in Side! Entspannen Sie sich bei Sauna, Dampf-, Schaum- und \u00d6lmassage in der besten <strong>T\u00fcrkisches Bad <\/strong> Spa. Inklusive Hoteltransfer und Teeservice.<\/p>","protected":false},"featured_media":12688,"comment_status":"open","ping_status":"closed","template":"","meta":[],"product_brand":[],"product_cat":[127],"product_tag":[122],"class_list":{"0":"post-15378","1":"product","2":"type-product","3":"status-publish","4":"has-post-thumbnail","6":"tour_phys-side-tours","7":"product_cat-side-tours","8":"product_tag-side","9":"pa_destination-side-tours","11":"first","12":"instock","13":"sale","14":"shipping-taxable","15":"purchasable","16":"product-type-tour_phys"},"aioseo_notices":[],"_links":{"self":[{"href":"https:\/\/excursionsworld.com\/de\/wp-json\/wp\/v2\/product\/15378","targetHints":{"allow":["GET"]}}],"collection":[{"href":"https:\/\/excursionsworld.com\/de\/wp-json\/wp\/v2\/product"}],"about":[{"href":"https:\/\/excursionsworld.com\/de\/wp-json\/wp\/v2\/types\/product"}],"replies":[{"embeddable":true,"href":"https:\/\/excursionsworld.com\/de\/wp-json\/wp\/v2\/comments?post=15378"}],"wp:featuredmedia":[{"embeddable":true,"href":"https:\/\/excursionsworld.com\/de\/wp-json\/wp\/v2\/media\/12688"}],"wp:attachment":[{"href":"https:\/\/excursionsworld.com\/de\/wp-json\/wp\/v2\/media?parent=15378"}],"wp:term":[{"taxonomy":"product_brand","embeddable":true,"href":"https:\/\/excursionsworld.com\/de\/wp-json\/wp\/v2\/product_brand?post=15378"},{"taxonomy":"product_cat","embeddable":true,"href":"https:\/\/excursionsworld.com\/de\/wp-json\/wp\/v2\/product_cat?post=15378"},{"taxonomy":"product_tag","embeddable":true,"href":"https:\/\/excursionsworld.com\/de\/wp-json\/wp\/v2\/product_tag?post=15378"}],"curies":[{"name":"wp","href":"https:\/\/api.w.org\/{rel}","templated":true}]}}