{"id":15384,"date":"2025-10-26T20:08:07","date_gmt":"2025-10-26T17:08:07","guid":{"rendered":"https:\/\/excursionsworld.com\/?post_type=product&#038;p=15384"},"modified":"2026-05-13T20:31:47","modified_gmt":"2026-05-13T17:31:47","slug":"quad-safari-side","status":"publish","type":"product","link":"https:\/\/excursionsworld.com\/tours\/side-quad-safari\/","title":{"rendered":"Quad Safari in Side \u2013 Offroad ATV Abenteuer"},"content":{"rendered":"<h2><span style=\"color: #000000;\"><strong>\ud83c\udfdd\ufe0f \u00dcberblick<\/strong><\/span><\/h2>\n<p>Fahren Sie frei mit Ihrem Quad durch das atemberaubende Taurusgebirge nahe <a href=\"https:\/\/en.wikipedia.org\/wiki\/Side,_Turkey\" target=\"_blank\" rel=\"noopener\">Side<\/a>! Atmen Sie die frische Bergluft ein, genie\u00dfen Sie spektakul\u00e4re Natur und erleben Sie eine lustige, abenteuerliche 2-st\u00fcndige Fahrt. Diese Tour bietet ein unvergessliches Erlebnis f\u00fcr Adrenalinjunkies und Anf\u00e4nger gleicherma\u00dfen.<\/p>\n<h2>\u00a0Inbegriffen:<\/h2>\n<p><span style=\"color: #00ff00;\"><strong>\u2713<\/strong><\/span> Abholung vom Hotel und R\u00fccktransport<br \/>\n<span style=\"color: #00ff00;\"><strong>\u2713 <\/strong><\/span>Professionelle F\u00fchrer<br \/>\n<span style=\"color: #00ff00;\"><strong>\u2713 <\/strong><\/span>Vollversicherung<br \/>\n<span style=\"color: #00ff00;\"><strong>\u2713 <\/strong><\/span>2-st\u00fcndige Quadfahrt<br \/>\n<span style=\"color: #00ff00;\"><strong>\u2713 <\/strong><\/span>Sicherheitsausr\u00fcstung (Helm)<\/p>\n<h2><span style=\"color: #000000;\"><strong>\u00a0Nicht inbegriffen:<\/strong><\/span><\/h2>\n<p><strong><span style=\"color: #ff0000;\">\u2717<\/span><\/strong> Pers\u00f6nliche Ausgaben<br \/>\n<strong><span style=\"color: #ff0000;\">\u2717 <\/span><\/strong>Fotos und Videos<br \/>\n<strong><span style=\"color: #ff0000;\">\u2717 <\/span><\/strong>Getr\u00e4nke<\/p>\n<h2><span style=\"color: #000000;\"><strong>\ud83c\udf1f H\u00f6hepunkte der Tour<\/strong><\/span><\/h2>\n<p>\ud83d\udd39 2-st\u00fcndiges Quad-Abenteuer im Taurusgebirge bei Side<br \/>\n\ud83d\udd39 Waldwege, felsige Pfade, Flussl\u00e4ufe und Teiche<br \/>\n\ud83d\udd39 Landschaftlich reizvolle Rastpl\u00e4tze inmitten der Natur<br \/>\n\ud83d\udd39 Geeignet f\u00fcr Anf\u00e4nger mit vollst\u00e4ndiger Anleitung<br \/>\n\ud83d\udd39 Erleben Sie Schlamm, Staub und Offroad-Spannung pur<\/p>\n<h2><span style=\"color: #000000;\"><strong>\ud83d\udcd6 Vollst\u00e4ndige Beschreibung<\/strong><\/span><\/h2>\n<p>Nach einem bequemen Hoteltransfer in Side erreichen Sie die Quad-Basis auf dem Lande. Die Instruktoren geben eine Sicherheitseinweisung und stellen die notwendige Ausr\u00fcstung zur Verf\u00fcgung, gefolgt von einer kurzen Testfahrt, um sich mit Ihrem ATV vertraut zu machen.<\/p>\n<p>Das Abenteuer beginnt mit einem gef\u00fchrten 20 km langen Ritt durch W\u00e4lder, H\u00fcgel, schlammige Wege und B\u00e4che. Die Instruktoren reiten nebenher, um zu helfen und Fragen zu beantworten. Auf halbem Weg k\u00f6nnen Sie eine Pause an einem malerischen Fluss einlegen, bevor Sie die aufregende Fahrt fortsetzen. Die Tour endet mit dem R\u00fccktransfer zu Ihrem Hotel und bildet den Abschluss eines adrenalingeladenen Tages in der Natur.<\/p>\n<h3><span style=\"color: #000000;\"><strong>\ud83d\uddfa\ufe0f Reiseverlauf<\/strong><\/span><\/h3>\n<p>\ud83d\udd39 Abholung von Hotels in Side<br \/>\n\ud83d\udd39 Ankunft an der Quad-Basis und Sicherheitseinweisung<br \/>\n\ud83d\udd39 Aufbau der Ausr\u00fcstung und kurze Testfahrt (15 min)<br \/>\n\ud83d\udd39 Gef\u00fchrte 2-st\u00fcndige Tour durch Berge und Waldwege<br \/>\n\ud83d\udd39 Rastplatz in der N\u00e4he eines Flusses (15-20 min)<br \/>\n\ud83d\udd39 R\u00fcckfahrt und Hotelabholung<\/p>\n<h3><span style=\"color: #000000;\"><strong>\u2139\ufe0f N\u00fctzliche Informationen<\/strong><\/span><\/h3>\n<p>\ud83d\udd39 Dauer: ca. 3 Stunden (einschlie\u00dflich Transfers)<br \/>\n\ud83d\udd39 Kein F\u00fchrerschein erforderlich<br \/>\n\ud83d\udd39 Mindestalter f\u00fcr Fahrer: 17 Jahre<br \/>\n\ud83d\udd39 Helm mitgeliefert<br \/>\n\ud83d\udd39 M\u00e4\u00dfige bis hohe k\u00f6rperliche Aktivit\u00e4t<\/p>\n<h3><span style=\"color: #000000;\"><strong>\ud83c\udf92 Was Sie mitbringen sollten<\/strong><\/span><\/h3>\n<p>\ud83d\udd39 Bequeme Kleidung und Schuhe (man muss damit rechnen, schlammig zu werden)<br \/>\n\ud83d\udd39 Sonnenschutzmittel<br \/>\n\ud83d\udd39 Sonnenbrille<br \/>\n\ud83d\udd39 Ersatzkleidung<br \/>\n\ud83d\udd39 Bargeld f\u00fcr pers\u00f6nliche Ausgaben (Getr\u00e4nke, Fotos, usw.)<\/p>\n<h3><span style=\"color: #000000;\"><strong>\ud83d\udeab Nicht geeignet f\u00fcr<\/strong><\/span><\/h3>\n<p>\ud83d\udd39 Schwangere Frauen<br \/>\n\ud83d\udd39 G\u00e4ste unter Alkoholeinfluss<br \/>\n\ud83d\udd39 Menschen mit eingeschr\u00e4nkter Mobilit\u00e4t<\/p>\n<h2 dir=\"ltr\">\ud83d\udcb8\u00a0<strong>Preis und Buchung<\/strong><\/h2>\n<p dir=\"ltr\"><strong>\ud83d\udd39 Jetzt buchen, am Tag der Tour bezahlen<\/strong><br \/>\nKontaktiere uns \u00fcber WhatsApp, Telegram, Viber oder f\u00fclle das Buchungsformular unten aus. \ud83d\udc47\ud83c\udffc<\/p>\n<p>Alternativen gesucht? St\u00f6bern Sie <a href=\"https:\/\/excursionsworld.com\/de\/side-ausfluege\/\">Weitere Ausfl\u00fcge<\/a>.<\/p>","protected":false},"excerpt":{"rendered":"<p data-start=\"2866\" data-end=\"3089\">Buchen Sie Ihr <b>Side Quad Safari<\/b>! Genie\u00dfen Sie eine <b>aufregende ATV-Tour<\/b> durch die <b>Taurusgebirge<\/b> &amp; schlammige Pfade. Perfekt f\u00fcr <b>Anf\u00e4nger<\/b> und Abenteuerlustige! <b>\u00dcbertragung<\/b> enthalten.<\/p>","protected":false},"featured_media":15086,"comment_status":"open","ping_status":"closed","template":"","meta":[],"product_brand":[],"product_cat":[127],"product_tag":[122],"class_list":{"0":"post-15384","1":"product","2":"type-product","3":"status-publish","4":"has-post-thumbnail","6":"tour_phys-side-tours","7":"product_cat-side-tours","8":"product_tag-side","9":"pa_destination-side-tours","11":"first","12":"instock","13":"sale","14":"shipping-taxable","15":"purchasable","16":"product-type-tour_phys"},"aioseo_notices":[],"_links":{"self":[{"href":"https:\/\/excursionsworld.com\/de\/wp-json\/wp\/v2\/product\/15384","targetHints":{"allow":["GET"]}}],"collection":[{"href":"https:\/\/excursionsworld.com\/de\/wp-json\/wp\/v2\/product"}],"about":[{"href":"https:\/\/excursionsworld.com\/de\/wp-json\/wp\/v2\/types\/product"}],"replies":[{"embeddable":true,"href":"https:\/\/excursionsworld.com\/de\/wp-json\/wp\/v2\/comments?post=15384"}],"wp:featuredmedia":[{"embeddable":true,"href":"https:\/\/excursionsworld.com\/de\/wp-json\/wp\/v2\/media\/15086"}],"wp:attachment":[{"href":"https:\/\/excursionsworld.com\/de\/wp-json\/wp\/v2\/media?parent=15384"}],"wp:term":[{"taxonomy":"product_brand","embeddable":true,"href":"https:\/\/excursionsworld.com\/de\/wp-json\/wp\/v2\/product_brand?post=15384"},{"taxonomy":"product_cat","embeddable":true,"href":"https:\/\/excursionsworld.com\/de\/wp-json\/wp\/v2\/product_cat?post=15384"},{"taxonomy":"product_tag","embeddable":true,"href":"https:\/\/excursionsworld.com\/de\/wp-json\/wp\/v2\/product_tag?post=15384"}],"curies":[{"name":"wp","href":"https:\/\/api.w.org\/{rel}","templated":true}]}}