{"id":15386,"date":"2025-10-26T20:11:12","date_gmt":"2025-10-26T17:11:12","guid":{"rendered":"https:\/\/excursionsworld.com\/?post_type=product&#038;p=15386"},"modified":"2026-04-23T05:59:41","modified_gmt":"2026-04-23T02:59:41","slug":"meeresangeln-side-boot","status":"publish","type":"product","link":"https:\/\/excursionsworld.com\/tours\/side-sea-fishing\/","title":{"rendered":"Meeresangelntour in Side mit Boot \u2013 im Mittelmeer All Inclusive"},"content":{"rendered":"<h2><span style=\"color: #000000;\"><strong>\ud83c\udfa3 \u00dcberblick<\/strong><\/span><\/h2>\n<p>Erleben Sie die Aufregung des Fischens in den glitzernden blauen Gew\u00e4ssern des Mittelmeers mit der <strong><a href=\"https:\/\/en.wikipedia.org\/wiki\/Side,_Turkey\" target=\"_blank\" rel=\"noopener\">Side<\/a> Angel-Tour<\/strong>! Dieses halbt\u00e4gige Abenteuer kombiniert Sport, Entspannung und landschaftlich reizvolle Fahrten an Bord eines komfortablen 10-Meter-Angelboots, das vom Side Harbour aus ablegt. Perfekt f\u00fcr Anf\u00e4nger und erfahrene Angler - oder auch f\u00fcr diejenigen, die einfach nur entspannen, sich sonnen und erfrischende Badepausen genie\u00dfen m\u00f6chten.<\/p>\n<h3><span style=\"color: #000000;\"><strong>\u00a0Inbegriffen:<\/strong><\/span><\/h3>\n<p><strong><span style=\"color: #00ff00;\">\u2713<\/span> <\/strong>Hoteltransfers (beide Wege)<br \/><strong><span style=\"color: #00ff00;\">\u2713<\/span> <\/strong>Vollst\u00e4ndiger Versicherungsschutz<br \/><strong><span style=\"color: #00ff00;\">\u2713<\/span> <\/strong>Professionelle F\u00fchrung und Lehrerservice<br \/><strong><span style=\"color: #00ff00;\">\u2713<\/span> <\/strong>Leichtes Fr\u00fchst\u00fcck auf dem Schiff (Morgentour)<br \/><strong><span style=\"color: #00ff00;\">\u2713<\/span> <\/strong>Angelausr\u00fcstung und K\u00f6der<br \/><strong><span style=\"color: #00ff00;\">\u2713<\/span> <\/strong>Tee und Kaffee<\/p>\n<h3><span style=\"color: #000000;\">\u00a0Nicht inbegriffen:<\/span><\/h3>\n<p><strong><span style=\"color: #ff0000;\">\u2717<\/span><\/strong> Erfrischungsgetr\u00e4nke und alkoholische Getr\u00e4nke<br \/><strong><span style=\"color: #ff0000;\">\u2717 <\/span><\/strong>Fotos und DVD<br \/><strong><span style=\"color: #ff0000;\">\u2717 <\/span><\/strong>Kochservice f\u00fcr den Fang (5 \u20ac pro Person, optional)<\/p>\n<h2><span style=\"color: #000000;\">\ud83c\udf1f H\u00f6hepunkte der Tour<\/span><\/h2>\n<p>\ud83d\udd39 Authentisches Angelerlebnis auf einem kleinen 10-Meter-Boot, begrenzt auf 12 G\u00e4ste<br \/>\ud83d\udd39 Gef\u00fchrt von einem professionellen Fischer, der die besten lokalen Angelpl\u00e4tze in der N\u00e4he von Karaburun oder Dolphin Island kennt<br \/>\ud83d\udd39 Ausgestattet mit Sonartechnik f\u00fcr bessere Fangergebnisse in 30-60 Metern Tiefe<br \/>\ud83d\udd39 Entspannte Atmosph\u00e4re mit M\u00f6glichkeiten zum Schwimmen und Sonnenbaden<br \/>\ud83d\udd39 Vormittags (08:00-12:30) und nachmittags (15:00-19:30) werden t\u00e4glich Kurse angeboten<\/p>\n<h2><span style=\"color: #000000;\">\ud83d\udcd6 Vollst\u00e4ndige Beschreibung<\/span><\/h2>\n<p>Ihr Angelabenteuer beginnt mit einem komfortablen Transfer von Ihrem Hotel in der Region Side zum Hafen. Bei Ihrer Ankunft begr\u00fc\u00dft Sie der freundliche Kapit\u00e4n an Bord und gibt Ihnen eine kurze Einweisung in die Route, die Angelausr\u00fcstung und die Sicherheit.<br \/>Dann setzen Sie die Segel zu den reichen Fischgr\u00fcnden in der N\u00e4he von Karaburun oder Dolphin Island, wo Sie 3-4 Stunden lang Spa\u00df und Entspannung beim Angeln haben werden.<br \/>W\u00e4hrend der morgendlichen Tour wird ein leichtes Fr\u00fchst\u00fcck an Bord serviert, w\u00e4hrend alle G\u00e4ste eine einst\u00fcndige Badepause in kristallklarem Wasser genie\u00dfen k\u00f6nnen. Nach einem aufregenden Tag auf See kehrt das Schiff nach Side Harbour zur\u00fcck und Sie werden zu Ihrem Hotel gebracht.<\/p>\n<h3><span style=\"color: #000000;\">\ud83d\uddfa\ufe0f Reiseverlauf<\/span><\/h3>\n<p>\ud83d\udd39 Abholung von Hotels in der Region Side<br \/>\ud83d\udd39 Ankunft in Side Harbour und Begr\u00fc\u00dfung durch den Kapit\u00e4n<br \/>\ud83d\udd39 Kurze Einweisung in Fanggebiete und Ausr\u00fcstung<br \/>3-4 Stunden Angeln und Freizeit auf See<br \/>\ud83d\udd39 Leichtes Fr\u00fchst\u00fcck (morgens) oder Badepause (alle Touren)<br \/>\ud83d\udd39 R\u00fcckkehr nach Side Harbour<br \/>\ud83d\udd39 Abholung in den Hotels<\/p>\n<h3><span style=\"color: #000000;\">\u2139\ufe0f N\u00fctzliche Informationen<\/span><\/h3>\n<p>\ud83d\udd39 Dauer: ca. 5 Stunden (einschlie\u00dflich Transfers)<br \/>\ud83d\udd39 Kapazit\u00e4t: bis zu 12 G\u00e4ste<br \/>\ud83d\udd39 Keine Erfahrung erforderlich - vollst\u00e4ndige Anleitung vorhanden<br \/>\ud83d\udd39 Fischreinigungs- und Kochservice verf\u00fcgbar (5 \u20ac pro Person)<br \/>\ud83d\udd39 Zwei t\u00e4gliche Sitzungen: 08:00 und 15:00<\/p>\n<h2>\ud83c\udf92 Was Sie mitbringen sollten<\/h2>\n<p>\ud83d\udd39 Sonnenbrille und Sonnenschutzmittel<br \/>\ud83d\udd39 Bequeme Kleidung und Schuhe<br \/>\ud83d\udd39 Badesachen und Handtuch<br \/>\ud83d\udd39 Kleines Geld f\u00fcr optionale Extras<\/p>\n<h3>\ud83d\udeab Nicht geeignet f\u00fcr<\/h3>\n<p>\ud83d\udd39 Schwangere Frauen<br \/>\ud83d\udd39 G\u00e4ste mit schweren R\u00fccken- oder Herzerkrankungen<\/p>\n<h2 dir=\"ltr\">\ud83d\udcb8\u00a0<strong>Preis und Buchung<\/strong><\/h2>\n<p dir=\"ltr\"><strong>\ud83d\udd39 Jetzt buchen, am Tag der Tour bezahlen<\/strong><br \/>\nKontaktiere uns \u00fcber WhatsApp, Telegram, Viber oder f\u00fclle das Buchungsformular unten aus. \ud83d\udc47\ud83c\udffc<\/p>\n<p>Alternativen gesucht? St\u00f6bern Sie <a href=\"https:\/\/excursionsworld.com\/de\/urun-kategori\/side-ausfluege\/\">Weitere Ausfl\u00fcge<\/a>.<\/p>","protected":false},"excerpt":{"rendered":"<p data-start=\"171\" data-end=\"381\">Buchen Sie die <b>Side Fishing Trip<\/b>! Genie\u00dfen Sie eine <b>4-hour Mediterranean Excursion<\/b> with fishing, swimming, and captain guidance. <b>Transfer inklusive<\/b>, gear provided. Perfect half-day <b>Tour<\/b>!<\/p>","protected":false},"featured_media":15809,"comment_status":"open","ping_status":"closed","template":"","meta":[],"product_brand":[],"product_cat":[127],"product_tag":[122],"class_list":{"0":"post-15386","1":"product","2":"type-product","3":"status-publish","4":"has-post-thumbnail","6":"tour_phys-side-tours","7":"product_cat-side-tours","8":"product_tag-side","9":"pa_destination-side-tours","11":"first","12":"instock","13":"sale","14":"shipping-taxable","15":"purchasable","16":"product-type-tour_phys"},"aioseo_notices":[],"_links":{"self":[{"href":"https:\/\/excursionsworld.com\/de\/wp-json\/wp\/v2\/product\/15386","targetHints":{"allow":["GET"]}}],"collection":[{"href":"https:\/\/excursionsworld.com\/de\/wp-json\/wp\/v2\/product"}],"about":[{"href":"https:\/\/excursionsworld.com\/de\/wp-json\/wp\/v2\/types\/product"}],"replies":[{"embeddable":true,"href":"https:\/\/excursionsworld.com\/de\/wp-json\/wp\/v2\/comments?post=15386"}],"wp:featuredmedia":[{"embeddable":true,"href":"https:\/\/excursionsworld.com\/de\/wp-json\/wp\/v2\/media\/15809"}],"wp:attachment":[{"href":"https:\/\/excursionsworld.com\/de\/wp-json\/wp\/v2\/media?parent=15386"}],"wp:term":[{"taxonomy":"product_brand","embeddable":true,"href":"https:\/\/excursionsworld.com\/de\/wp-json\/wp\/v2\/product_brand?post=15386"},{"taxonomy":"product_cat","embeddable":true,"href":"https:\/\/excursionsworld.com\/de\/wp-json\/wp\/v2\/product_cat?post=15386"},{"taxonomy":"product_tag","embeddable":true,"href":"https:\/\/excursionsworld.com\/de\/wp-json\/wp\/v2\/product_tag?post=15386"}],"curies":[{"name":"wp","href":"https:\/\/api.w.org\/{rel}","templated":true}]}}