{"id":15388,"date":"2025-10-26T20:17:47","date_gmt":"2025-10-26T17:17:47","guid":{"rendered":"https:\/\/excursionsworld.com\/?post_type=product&#038;p=15388"},"modified":"2026-04-23T05:59:42","modified_gmt":"2026-04-23T02:59:42","slug":"sapadere-canyon-dim-fluss-side","status":"publish","type":"product","link":"https:\/\/excursionsworld.com\/tours\/sapadere-canyon-dim-river-side\/","title":{"rendered":"Sapadere Canyon &amp; Dim Fluss Tour ab Side \u2013 H\u00f6hlenerkundung inklusive"},"content":{"rendered":"<h2>\ud83c\udfdd\ufe0f \u00dcberblick<\/h2>\n<p>Entfliehen Sie der Sommerhitze und erkunden Sie die Naturwunder des Taurusgebirges mit dem <strong>Sapadere Canyon &amp; Dim Fluss Tour von <a href=\"https:\/\/en.wikipedia.org\/wiki\/Side,_Turkey\" target=\"_blank\" rel=\"noopener\">Side<\/a><\/strong>. Dieses ganzt\u00e4gige Abenteuer f\u00fchrt Sie durch atemberaubende Landschaften, kristallklare Fl\u00fcsse und versteckte Bergschluchten - die perfekte Art, die Natur zu genie\u00dfen, sich abzuk\u00fchlen und abseits der K\u00fcste zu entspannen.<\/p>\n<h3>\u00a0Inbegriffen:<\/h3>\n<p><strong><span style=\"color: #00ff00;\">\u2713<\/span> <\/strong>Abholung vom Hotel und R\u00fccktransport\u00a0<br \/><strong><span style=\"color: #00ff00;\">\u2713<\/span> <\/strong>Professioneller F\u00fchrerdienst<br \/><strong><span style=\"color: #00ff00;\">\u2713<\/span> <\/strong>Vollversicherung<br \/><strong><span style=\"color: #00ff00;\">\u2713<\/span> <\/strong>Mittagessen im Dim River<br \/><strong><span style=\"color: #00ff00;\">\u2713<\/span> <\/strong>Eingang zur Sapadere-Schlucht<\/p>\n<h3>\u00a0Nicht inbegriffen:<\/h3>\n<p><strong><span style=\"color: #ff0000;\">\u2717 <\/span><\/strong>Eingang zur Dim-H\u00f6hle (optional)<br \/><strong><span style=\"color: #ff0000;\">\u2717 <\/span><\/strong>Getr\u00e4nke<br \/><strong><span style=\"color: #ff0000;\">\u2717 <\/span><\/strong>Pers\u00f6nliche Ausgaben (Fotos, Souvenirs usw.)<\/p>\n<h2>\ud83c\udf1f H\u00f6hepunkte der Tour: Sapadere Canyon &amp; Dim River<\/h2>\n<p>\ud83d\udd39 Entdecken Sie die beeindruckende <strong>Sapadere-Schlucht<\/strong>, auf einer 600 Meter langen Holzplattform entlang von Wasserf\u00e4llen und nat\u00fcrlichen Becken.<br \/>\ud83d\udd39 Besuch <strong>Verdunkelte H\u00f6hle<\/strong>, ein faszinierendes Naturwunder voller Stalaktiten und Stalagmiten.<br \/>\ud83d\udd39 Entspannen Sie sich und schwimmen Sie im k\u00fchlen Wasser des <strong>Dim River<\/strong>, und genie\u00dfen Sie ein k\u00f6stliches Mittagessen in den Pavillons am Flussufer.<br \/>\ud83d\udd39 Ein lustiges, familienfreundliches Naturerlebnis - perfekt, um sich abzuk\u00fchlen und die Bergwelt von Alanya zu erkunden.<\/p>\n<h2>\ud83d\udcd6 Vollst\u00e4ndige Beschreibung: Dein Sapadere Canyon &amp; Dim River Erlebnis<\/h2>\n<p>Ihre Reise beginnt mit einer bequemen Abholung von Ihrem Hotel in Side und einer malerischen Fahrt in Richtung der gr\u00fcnen Berge von Alanya. Der erste Halt ist <strong>Sapadere-Schlucht<\/strong>, eine atemberaubende Schlucht, in der Sie auf Holzpfaden wandern, Wasserf\u00e4lle bewundern und sogar ein erfrischendes Bad im eiskalten Bergwasser nehmen k\u00f6nnen. Als N\u00e4chstes erkunden Sie die geheimnisvolle <strong>Verdunkelte H\u00f6hle<\/strong>, bekannt f\u00fcr seine faszinierenden Kalksteinformationen und seine k\u00fchle Atmosph\u00e4re.<br \/>Zum Abschluss entspannen Sie sich bei <strong>Dim River<\/strong>, Dort k\u00f6nnen Sie in schwimmenden Pavillons auf dem Wasser zu Mittag essen und ein entspannendes Bad nehmen, bevor Sie zu Ihrem Hotel zur\u00fcckkehren.<\/p>\n<h3>\ud83d\uddfa\ufe0f Reiseverlauf<\/h3>\n<p>\ud83d\udd39 Abholung von Hotels in der Region Side<br \/>\ud83d\udd39 Bergfahrt und Fotopause<br \/>\ud83d\udd39 Besuch der Sapadere-Schlucht<br \/>\ud83d\udd39 Besuch der Dim Cave (optional)<br \/>\ud83d\udd39 Mittagessen und Badepause am Dim River<br \/>\ud83d\udd39 R\u00fccktransfer zu den Hotels<\/p>\n<h3>\u2139\ufe0f N\u00fctzliche Informationen<\/h3>\n<p>\ud83d\udd39 Dauer: Ungef\u00e4hr 8 Stunden insgesamt<br \/>\ud83d\udd39 T\u00e4glich verf\u00fcgbar<br \/>\ud83d\udd39 Fahrzeuge: Jeeps oder Vans mit offenem Verdeck f\u00fcr Panoramablicke<br \/>\ud83d\udd39 Mitbringen: Badesachen, Handtuch, Sonnencreme und bequeme Schuhe<\/p>\n<h2>\ud83c\udf92 Was Sie mitbringen sollten<\/h2>\n<p>\ud83d\udd39 Bequeme Wanderschuhe<br \/>\ud83d\udd39 Badeanzug und Handtuch<br \/>\ud83d\udd39 Sonnenbrille und Sonnenschutzmittel<br \/>\ud83d\udd39 Kleines Bargeld f\u00fcr Getr\u00e4nke oder pers\u00f6nliche Ausgaben<\/p>\n<h3>\ud83d\udeab Nicht geeignet f\u00fcr<\/h3>\n<p>\ud83d\udd39 Familien mit Kleinkindern<br \/>\ud83d\udd39 G\u00e4ste mit Mobilit\u00e4tsproblemen oder Herzproblemen<\/p>\n<h2 dir=\"ltr\">\ud83d\udcb8\u00a0<strong>Preis und Buchung<\/strong><\/h2>\n<p dir=\"ltr\"><strong>\ud83d\udd39 Jetzt buchen, am Tag der Tour bezahlen<\/strong><br \/>\nKontaktiere uns \u00fcber WhatsApp, Telegram, Viber oder f\u00fclle das Buchungsformular unten aus. \ud83d\udc47\ud83c\udffc<\/p>\n<p>Alternativen gesucht? St\u00f6bern Sie <a href=\"https:\/\/excursionsworld.com\/de\/urun-kategori\/side-ausfluege\/\">Weitere Ausfl\u00fcge<\/a>.<\/p>","protected":false},"excerpt":{"rendered":"<p>Buchen Sie die <b>Seite Sapadere Canyon Tour<\/b>! Genie\u00dfen Sie eine Natur <b>Ausflug<\/b> zum Canyon und <b>Dim River<\/b> mit <b>Mittagessen<\/b> und Schwimmen. Ganzt\u00e4gig <b>Reise<\/b> mit <b>Transfer inklusive<\/b>.<\/p>","protected":false},"featured_media":15203,"comment_status":"open","ping_status":"closed","template":"","meta":[],"product_brand":[],"product_cat":[127],"product_tag":[122],"class_list":{"0":"post-15388","1":"product","2":"type-product","3":"status-publish","4":"has-post-thumbnail","6":"tour_phys-side-tours","7":"product_cat-side-tours","8":"product_tag-side","9":"pa_destination-side-tours","11":"first","12":"instock","13":"sale","14":"shipping-taxable","15":"purchasable","16":"product-type-tour_phys"},"aioseo_notices":[],"_links":{"self":[{"href":"https:\/\/excursionsworld.com\/de\/wp-json\/wp\/v2\/product\/15388","targetHints":{"allow":["GET"]}}],"collection":[{"href":"https:\/\/excursionsworld.com\/de\/wp-json\/wp\/v2\/product"}],"about":[{"href":"https:\/\/excursionsworld.com\/de\/wp-json\/wp\/v2\/types\/product"}],"replies":[{"embeddable":true,"href":"https:\/\/excursionsworld.com\/de\/wp-json\/wp\/v2\/comments?post=15388"}],"wp:featuredmedia":[{"embeddable":true,"href":"https:\/\/excursionsworld.com\/de\/wp-json\/wp\/v2\/media\/15203"}],"wp:attachment":[{"href":"https:\/\/excursionsworld.com\/de\/wp-json\/wp\/v2\/media?parent=15388"}],"wp:term":[{"taxonomy":"product_brand","embeddable":true,"href":"https:\/\/excursionsworld.com\/de\/wp-json\/wp\/v2\/product_brand?post=15388"},{"taxonomy":"product_cat","embeddable":true,"href":"https:\/\/excursionsworld.com\/de\/wp-json\/wp\/v2\/product_cat?post=15388"},{"taxonomy":"product_tag","embeddable":true,"href":"https:\/\/excursionsworld.com\/de\/wp-json\/wp\/v2\/product_tag?post=15388"}],"curies":[{"name":"wp","href":"https:\/\/api.w.org\/{rel}","templated":true}]}}