{"id":15389,"date":"2025-10-26T20:19:06","date_gmt":"2025-10-26T17:19:06","guid":{"rendered":"https:\/\/excursionsworld.com\/?post_type=product&#038;p=15389"},"modified":"2026-04-24T00:20:54","modified_gmt":"2026-04-23T21:20:54","slug":"green-canyon-jeep-safari-side","status":"publish","type":"product","link":"https:\/\/excursionsworld.com\/tours\/green-canyon-jeep-safari-side\/","title":{"rendered":"Green Canyon Jeep Safari ab Side \u2013 Offroad Abenteuer &amp; Action"},"content":{"rendered":"<h2>\ud83c\udfde\ufe0f \u00dcberblick<\/h2>\n<p>Beitritt zum <strong>Green Canyon Jeep Safari Tour ab <a href=\"https:\/\/en.wikipedia.org\/wiki\/Side,_Turkey\" target=\"_blank\" rel=\"noopener\">Side<\/a><\/strong> und erleben Sie einen ganzen Tag voller <strong>Natur, Abenteuer und Spa\u00df<\/strong>! Reisen Sie durch die atemberaubende <strong>Oymap\u0131nar-Damm (Gr\u00fcne Schlucht)<\/strong> und die <strong>Taurusgebirge<\/strong> in offenen Land Rover Jeeps und Cabrio-Bussen. Diese Off-Road-Tour ist ideal f\u00fcr alle, die eine Mischung aus Aufregung, sch\u00f6ner Landschaft und lokaler Kultur suchen.<\/p>\n<h3>Inbegriffen:<\/h3>\n<p><span style=\"color: #00ff00;\"><strong>\u2713<\/strong><\/span> Abholung vom Hotel und R\u00fccktransport\u00a0<br \/><span style=\"color: #00ff00;\"><strong>\u2713 <\/strong><\/span>Professioneller F\u00fchrer<br \/><span style=\"color: #00ff00;\"><strong>\u2713 <\/strong><\/span>Off-Road Jeep-Safari-Erlebnis<br \/><span style=\"color: #00ff00;\"><strong>\u2713 <\/strong><\/span>Einst\u00fcndige Bootsfahrt auf dem Green Lake<br \/><span style=\"color: #00ff00;\"><strong>\u2713 <\/strong><\/span>Mittagessen in einem Restaurant am See<br \/><span style=\"color: #00ff00;\"><strong>\u2713 <\/strong><\/span>Versicherung<\/p>\n<h3>Nicht inbegriffen:<\/h3>\n<p><span style=\"color: #ff0000;\"><strong>\u2717<\/strong><\/span> Getr\u00e4nke<br \/><span style=\"color: #ff0000;\"><strong>\u2717 <\/strong><\/span>Pers\u00f6nliche Ausgaben<br \/><span style=\"color: #ff0000;\"><strong>\u2717 <\/strong><\/span>Fotos und Videos<\/p>\n<h2>\ud83c\udf1f H\u00f6hepunkte der Tour auf dieser Green Canyon Jeep Safari<\/h2>\n<p>\ud83d\udd39 Aufregende Off-Road-Safari durch das Taurusgebirge<br \/>\ud83d\udd39 Entspannende einst\u00fcndige Bootsfahrt auf dem Gr\u00fcnen See<br \/>\ud83d\udd39 Besuch eines t\u00fcrkischen Nomadendorfes und von Obstg\u00e4rten<br \/>\ud83d\udd39 Aussichtspunkte mit Blick auf das Mittelmeer und die Schlucht<br \/>\ud83d\udd39 Freie Zeit zum Schwimmen oder Kanufahren im See<br \/>\ud83d\udd39 Ideal f\u00fcr Familien, Paare und Abenteuerlustige<\/p>\n<h2>\ud83d\udcd6 Vollst\u00e4ndige Beschreibung: Ihr Green Canyon Jeep Safari Erlebnis<\/h2>\n<div>Ihr <strong>Green Canyon Jeep Safari von Side<\/strong> beginnt mit einer bequemen Abholung von Ihrem Hotel, gefolgt von einer malerischen Fahrt zum <strong>Oymap\u0131nar-Damm<\/strong>, einer der sch\u00f6nsten Naturr\u00e4ume der Region. Das Abenteuer beginnt mit einer <strong>Gel\u00e4ndereise<\/strong> durch die <strong>kiefernbewachsenes Taurusgebirge<\/strong>, mit Fotopausen unter <strong>antike r\u00f6mische Aqu\u00e4dukte<\/strong> und ein Besuch bei einem <strong>traditionelles Nomadendorf<\/strong>, wo Sie Obstg\u00e4rten besichtigen und einen Einblick in das t\u00fcrkische Landleben gewinnen k\u00f6nnen. Genie\u00dfen Sie zur Mittagszeit ein <strong>leckeres Mittagessen<\/strong> in einem Restaurant am See mit Panoramablick auf den <strong>smaragdgr\u00fcner See<\/strong>. Dann entspannen Sie sich bei einem <strong>einst\u00fcndige Bootsfahrt<\/strong> auf dem ruhigen Wasser des Gr\u00fcnen Sees, umgeben von einer atemberaubenden Bergkulisse. Nach der Fahrt haben Sie Zeit zur freien Verf\u00fcgung <strong>Schwimmen, Kanu fahren oder einfach nur entspannen<\/strong> bevor Sie den zweiten Teil Ihrer <strong>Off-Road-Abenteuer<\/strong>. Der Tag endet mit einer bequemen Fahrt zur\u00fcck zu Ihrem Hotel in Side.<\/div>\n<h3>\ud83d\uddfa\ufe0f Reiseverlauf<\/h3>\n<p>\ud83d\udd39 Abholung von Hotels in Side und Manavgat<br \/>\ud83d\udd39 Fahrt zum Green Canyon in offenen Gel\u00e4ndewagen<br \/>\ud83d\udd39 Erster Offroad-Abschnitt und Fotostopp bei r\u00f6mischen Aqu\u00e4dukten<br \/>\ud83d\udd39 Besuch des Nomadendorfs, der Obstg\u00e4rten und des Minizoos<br \/>\ud83d\udd39 Aussichtspunkt mit Blick auf das Mittelmeer<br \/>\ud83d\udd39 Mittagessen im Restaurant am See<br \/>\ud83d\udd39 Einst\u00fcndige Bootsfahrt auf dem Green Lake<br \/>\ud83d\udd39 Freie Zeit zum Schwimmen oder Kanufahren<br \/>\ud83d\udd39 Zweiter Off-Road-Abschnitt<br \/>\ud83d\udd39 R\u00fccktransfer zu den Hotels<\/p>\n<h3>\u2139\ufe0f N\u00fctzliche Informationen<\/h3>\n<p>\ud83d\udd39 Dauer: ca. 7-8 Stunden<br \/>\ud83d\udd39 Geeignet f\u00fcr Familien und Abenteuerlustige<br \/>\ud83d\udd39 Englischsprachige F\u00fchrer<br \/>\ud83d\udd39 Bringen Sie Badesachen mit, wenn Sie schwimmen wollen<br \/>\ud83d\udd39 Kinder unter 5 Jahren fahren kostenlos, teilen sich aber einen Bussitz<\/p>\n<h2>\ud83c\udf92 Was Sie mitbringen sollten<\/h2>\n<p>\ud83d\udd39 Badeanzug und Handtuch<br \/>\ud83d\udd39 Sonnenschutzmittel und Sonnenbrille<br \/>\ud83d\udd39 Hut oder M\u00fctze<br \/>\ud83d\udd39 Kamera oder Telefon<br \/>\ud83d\udd39 Kleines Bargeld f\u00fcr Getr\u00e4nke oder Souvenirs<\/p>\n<h3>\ud83d\udeab Nicht geeignet f\u00fcr<\/h3>\n<p>\ud83d\udd39 G\u00e4ste mit R\u00fccken- oder Nackenproblemen<br \/>\ud83d\udd39 Schwangere Frauen<\/p>\n<h2 dir=\"ltr\">\ud83d\udcb8\u00a0<strong>Preis und Buchung<\/strong><\/h2>\n<p dir=\"ltr\"><strong>\ud83d\udd39 Jetzt buchen, am Tag der Tour bezahlen<\/strong><br \/>\nKontaktiere uns \u00fcber WhatsApp, Telegram, Viber oder f\u00fclle das Buchungsformular unten aus. \ud83d\udc47\ud83c\udffc<\/p>\n<p>Alternativen gesucht? St\u00f6bern Sie <a href=\"https:\/\/excursionsworld.com\/de\/side-ausfluege\/\">Weitere Ausfl\u00fcge<\/a>.<\/p>","protected":false},"excerpt":{"rendered":"<p data-start=\"2736\" data-end=\"2976\">Join the Side<strong data-start=\"2781\" data-end=\"2807\">\u00a0Jeep Safari Tour<\/strong> und erkunden Sie das Taurusgebirge in leistungsstarken 4\u00d74-Jeeps. Besuchen Sie Bergd\u00f6rfer, schwimmen Sie in Fl\u00fcssen, genie\u00dfen Sie ein BBQ-Mittagessen und erleben Sie einen ganzen Tag voller Abenteuer und Natur!<\/p>","protected":false},"featured_media":15297,"comment_status":"open","ping_status":"closed","template":"","meta":[],"product_brand":[],"product_cat":[127],"product_tag":[122],"class_list":{"0":"post-15389","1":"product","2":"type-product","3":"status-publish","4":"has-post-thumbnail","6":"tour_phys-side-tours","7":"product_cat-side-tours","8":"product_tag-side","9":"pa_destination-side-tours","11":"first","12":"instock","13":"sale","14":"shipping-taxable","15":"purchasable","16":"product-type-tour_phys"},"aioseo_notices":[],"_links":{"self":[{"href":"https:\/\/excursionsworld.com\/de\/wp-json\/wp\/v2\/product\/15389","targetHints":{"allow":["GET"]}}],"collection":[{"href":"https:\/\/excursionsworld.com\/de\/wp-json\/wp\/v2\/product"}],"about":[{"href":"https:\/\/excursionsworld.com\/de\/wp-json\/wp\/v2\/types\/product"}],"replies":[{"embeddable":true,"href":"https:\/\/excursionsworld.com\/de\/wp-json\/wp\/v2\/comments?post=15389"}],"wp:featuredmedia":[{"embeddable":true,"href":"https:\/\/excursionsworld.com\/de\/wp-json\/wp\/v2\/media\/15297"}],"wp:attachment":[{"href":"https:\/\/excursionsworld.com\/de\/wp-json\/wp\/v2\/media?parent=15389"}],"wp:term":[{"taxonomy":"product_brand","embeddable":true,"href":"https:\/\/excursionsworld.com\/de\/wp-json\/wp\/v2\/product_brand?post=15389"},{"taxonomy":"product_cat","embeddable":true,"href":"https:\/\/excursionsworld.com\/de\/wp-json\/wp\/v2\/product_cat?post=15389"},{"taxonomy":"product_tag","embeddable":true,"href":"https:\/\/excursionsworld.com\/de\/wp-json\/wp\/v2\/product_tag?post=15389"}],"curies":[{"name":"wp","href":"https:\/\/api.w.org\/{rel}","templated":true}]}}