{"id":15390,"date":"2025-10-26T20:20:54","date_gmt":"2025-10-26T17:20:54","guid":{"rendered":"https:\/\/excursionsworld.com\/?post_type=product&#038;p=15390"},"modified":"2026-04-24T00:20:54","modified_gmt":"2026-04-23T21:20:54","slug":"kappadokien-2-tage-side","status":"publish","type":"product","link":"https:\/\/excursionsworld.com\/tours\/cappadocia-2-day-side\/","title":{"rendered":"Kappadokien 2-Tage Tour ab Side \u2013 Hei\u00dfluftballon &amp; Besichtigung"},"content":{"rendered":"<h2><span style=\"color: #000000;\"><strong>\ud83c\udf04 \u00dcberblick<\/strong><\/span><\/h2>\n<p>Nimm an einer 2-t\u00e4gigen gef\u00fchrten Tour ab Side und umliegenden Gebieten (Manavgat, K\u0131z\u0131lot, Evrenseki) teil, um die magische Sch\u00f6nheit von zu erkunden <a href=\"https:\/\/en.wikipedia.org\/wiki\/Cappadocia\" target=\"_blank\" rel=\"noopener\">Kappadokien<\/a>. Entdecken Sie Feenkamine, unterirdische St\u00e4dte und H\u00f6hlenkirchen mit einem professionellen Reiseleiter \u2013 die perfekte Kombination aus Geschichte, Natur und Kultur.<\/p>\n<h3><span style=\"color: #000000;\"><strong>Inbegriffen:<\/strong><\/span><\/h3>\n<div><span style=\"color: #00ff00;\"><strong>\u2713<\/strong> <\/span>Abholung vom Hotel und R\u00fccktransport<\/div>\n<div><span style=\"color: #00ff00;\"><strong>\u2713<\/strong> <\/span>1 \u00dcbernachtung im Hotel (Standardzimmer)<br \/><span style=\"color: #00ff00;\"><strong>\u2713<\/strong> <\/span>Abendessen am ersten Abend<\/div>\n<div><span style=\"color: #00ff00;\"><strong>\u2713 <\/strong><\/span>Fr\u00fchst\u00fcck (Tag 2 - im Hotel)<br \/><span style=\"color: #00ff00;\"><strong>\u2713<\/strong> <\/span>Eintrittsgelder f\u00fcr die wichtigsten Sehensw\u00fcrdigkeiten<br \/><span style=\"color: #00ff00;\"><strong>\u2713<\/strong> <\/span>Professioneller F\u00fchrer<br \/><span style=\"color: #00ff00;\"><strong>\u2713<\/strong> <\/span>Tournee-Versicherung<br \/><span style=\"color: #00ff00;\"><strong>\u2713<\/strong> <\/span>Klimatisierter Bus<\/div>\n<h3><strong>Ausgeschlossen:<\/strong><\/h3>\n<div><strong><span style=\"color: #ff0000;\">\u2717<\/span><\/strong> Getr\u00e4nke zu den Mahlzeiten<br \/><strong><span style=\"color: #ff0000;\">\u2717 <\/span><\/strong>Zuschlag f\u00fcr Einzelzimmer<br \/><strong><span style=\"color: #ff0000;\">\u2717 <\/span><\/strong>Mittagessen an beiden Tagen<br \/><strong><span style=\"color: #ff0000;\">\u2717<\/span><\/strong> <strong>Optionale Aktivit\u00e4ten:<\/strong><\/div>\n<div><strong>\u2022<\/strong> T\u00fcrkische Nacht 30\u20ac<br \/><strong>\u2022<\/strong> Panorama-Aussichtstour \u2013 Mit Bus \u2013 30\u20ac<br \/>\n<strong>\u2022<\/strong> Panorama-Aussichtstour \u2013 Mit Jeep \u2013 50\u20ac<\/div>\n<h2><span style=\"color: #000000;\"><strong>\ud83c\udff0 H\u00f6hepunkte der Tour<\/strong><\/span><\/h2>\n<p>\ud83d\udd39 Das Tal der Liebe und seine M\u00e4rchenschornsteine<br \/>\ud83d\udd39 Antike unterirdische Stadt - ein architektonisches Wunder<br \/>\ud83d\udd39 Pa\u015faba\u011f-Tal mit pilzf\u00f6rmigen Felsen<br \/>\ud83d\udd39 Schloss Uchisar mit Panoramablick<br \/>\ud83d\udd39 Freilichtmuseum Zelve - H\u00f6hlendorf<br \/>\ud83d\udd39 Devrent-Tal mit tierf\u00f6rmigen Felsen<br \/>\ud83d\udd39 T\u00f6pfervorf\u00fchrung in Avanos<br \/>\ud83d\udd39 Optionale Hei\u00dfluftballonfahrt bei Sonnenaufgang<\/p>\n<h2><span style=\"color: #000000;\"><strong>\ud83d\udcd6 Vollst\u00e4ndige Beschreibung<\/strong><\/span><\/h2>\n<p>Ihr Kappadokien-Abenteuer beginnt mit einer fr\u00fchmorgendlichen Abholung von Ihrem Hotel in Side oder in der N\u00e4he. Genie\u00dfen Sie auf Ihrer Fahrt durch das Taurusgebirge in Richtung Kappadokien malerische Ausblicke. Besuchen Sie eine alte unterirdische Stadt, bewundern Sie die Feenkamine im Tal der Liebe und genie\u00dfen Sie die atemberaubende Landschaft der Burg von Uchisar. Erkunden Sie die T\u00e4ler Pa\u015faba\u011f und Zelve, sehen Sie sich die traditionelle T\u00f6pferkunst in Avanos an und \u00fcbernachten Sie in einem Hotel im H\u00f6hlenstil mit Abendessen. Am zweiten Tag setzen Sie die Erkundung einzigartiger T\u00e4ler und historischer St\u00e4tten fort, bevor Sie bequem nach Side zur\u00fcckkehren.<\/p>\n<h3><span style=\"color: #000000;\"><strong>\ud83d\uddfa\ufe0f Reiseverlauf<\/strong><\/span><\/h3>\n<p><strong>Tag 1<\/strong><br \/>\ud83d\udd39 Abholung von den Hotels in Side am fr\u00fchen Morgen<br \/>\ud83d\udd39 Fr\u00fchst\u00fcckspause auf dem Weg<br \/>\ud83d\udd39 Besuch der unterirdischen Stadt<br \/>\ud83d\udd39 Mittagessen in Uchisar<br \/>\ud83d\udd39 Besuch der Burg Uchisar und des G\u00f6reme-Tals<br \/>\ud83d\udd39 Erkundung von Pa\u015faba\u011f und Avanos T\u00f6pferwerkstatt<br \/>\ud83d\udd39 Einchecken im Hotel, Abendessen, optional t\u00fcrkische Nacht<\/p>\n<p><strong>Tag 2<\/strong><br \/>\ud83d\udd39 Fr\u00fchst\u00fcck im Hotel<br \/>\ud83d\udd39 Besuch des Love Valley und der H\u00f6hlenkirchen<br \/>\ud83d\udd39 Halt im Teppichwebezentrum und in der Karawanserei<br \/>\ud83d\udd39 Mittagessen in Konya<br \/>\ud83d\udd39 R\u00fcckkehr zu den Seitenhotels<\/p>\n<h3><span style=\"color: #000000;\"><strong>\u2139\ufe0f N\u00fctzliche Informationen<\/strong><\/span><\/h3>\n<p>\ud83d\udd39 Dauer: ca. 2 Tage<br \/>\ud83d\udd39 M\u00e4\u00dfige k\u00f6rperliche Aktivit\u00e4t<br \/>\ud83d\udd39 Hei\u00dfluftballonfahrt optional und wetterabh\u00e4ngig<br \/>\ud83d\udd39 Standardunterkunft (gegen Einzelzimmerzuschlag)<br \/>Kinder unter 6 Jahren reisen kostenlos, teilen sich aber einen Sitzplatz, wenn sie nicht separat gebucht werden.<\/p>\n<h2><span style=\"color: #000000;\"><strong>\ud83c\udf92 Was Sie mitbringen sollten<\/strong><\/span><\/h2>\n<p>\ud83d\udd39 Reisepass oder Personalausweis<br \/>\ud83d\udd39 Bequeme Wanderschuhe<br \/>\ud83d\udd39 Sonnenbrille, Hut und Sonnenschutzmittel<br \/>\ud83d\udd39 Jacke f\u00fcr k\u00fchle Morgenstunden oder Abende<br \/>\ud83d\udd39 Kamera oder Smartphone<br \/>\ud83d\udd39 Bargeld f\u00fcr freiwillige Ausgaben<\/p>\n<h3><span style=\"color: #000000;\"><strong>\ud83d\udeab Nicht geeignet f\u00fcr<\/strong><\/span><\/h3>\n<p>\ud83d\udd39 G\u00e4ste mit eingeschr\u00e4nkter Mobilit\u00e4t<br \/>\ud83d\udd39 Sehr kleine Kinder<\/p>\n<h2 dir=\"ltr\">\ud83d\udcb8\u00a0<strong>Preis und Buchung<\/strong><\/h2>\n<p dir=\"ltr\"><strong>\ud83d\udd39 Jetzt buchen, am Tag der Tour bezahlen<\/strong><br \/>\nKontaktiere uns \u00fcber WhatsApp, Telegram, Viber oder f\u00fclle das Buchungsformular unten aus. \ud83d\udc47\ud83c\udffc<\/p>\n<p>Alternativen gesucht? St\u00f6bern Sie <a href=\"https:\/\/excursionsworld.com\/de\/side-ausfluege\/\">Weitere Neben-Touren in Kappadokien<\/a>.<\/p>","protected":false},"excerpt":{"rendered":"<p><b>Side to Cappadocia 2-day tour<\/b>! See <b>Schornsteinfeger<\/b>, <b>cave churches<\/b>, <b>Love Valley<\/b>. <b>All-inclusive-Reise<\/b> mit <b>Hotel<\/b>, <b>Leitfaden<\/b>, &amp; easy <b>\u00dcbertragung<\/b>.<\/p>","protected":false},"featured_media":12798,"comment_status":"open","ping_status":"closed","template":"","meta":[],"product_brand":[],"product_cat":[127],"product_tag":[122],"class_list":{"0":"post-15390","1":"product","2":"type-product","3":"status-publish","4":"has-post-thumbnail","6":"tour_phys-side-tours","7":"product_cat-side-tours","8":"product_tag-side","9":"pa_destination-side-tours","11":"first","12":"instock","13":"sale","14":"shipping-taxable","15":"purchasable","16":"product-type-tour_phys"},"aioseo_notices":[],"_links":{"self":[{"href":"https:\/\/excursionsworld.com\/de\/wp-json\/wp\/v2\/product\/15390","targetHints":{"allow":["GET"]}}],"collection":[{"href":"https:\/\/excursionsworld.com\/de\/wp-json\/wp\/v2\/product"}],"about":[{"href":"https:\/\/excursionsworld.com\/de\/wp-json\/wp\/v2\/types\/product"}],"replies":[{"embeddable":true,"href":"https:\/\/excursionsworld.com\/de\/wp-json\/wp\/v2\/comments?post=15390"}],"wp:featuredmedia":[{"embeddable":true,"href":"https:\/\/excursionsworld.com\/de\/wp-json\/wp\/v2\/media\/12798"}],"wp:attachment":[{"href":"https:\/\/excursionsworld.com\/de\/wp-json\/wp\/v2\/media?parent=15390"}],"wp:term":[{"taxonomy":"product_brand","embeddable":true,"href":"https:\/\/excursionsworld.com\/de\/wp-json\/wp\/v2\/product_brand?post=15390"},{"taxonomy":"product_cat","embeddable":true,"href":"https:\/\/excursionsworld.com\/de\/wp-json\/wp\/v2\/product_cat?post=15390"},{"taxonomy":"product_tag","embeddable":true,"href":"https:\/\/excursionsworld.com\/de\/wp-json\/wp\/v2\/product_tag?post=15390"}],"curies":[{"name":"wp","href":"https:\/\/api.w.org\/{rel}","templated":true}]}}