{"id":15392,"date":"2025-10-26T20:25:10","date_gmt":"2025-10-26T17:25:10","guid":{"rendered":"https:\/\/excursionsworld.com\/?post_type=product&#038;p=15392"},"modified":"2025-12-18T19:07:00","modified_gmt":"2025-12-18T16:07:00","slug":"pamukkale-salda-see-side","status":"publish","type":"product","link":"https:\/\/excursionsworld.com\/tours\/pamukkale-salda-lake-side\/","title":{"rendered":"Pamukkale &amp; Salda See Tour ab Side \u2013 Ganzt\u00e4gige Erlebnisreise"},"content":{"rendered":"<h3 data-start=\"245\" data-end=\"264\"><span style=\"color: #000000;\"><strong>\ud83c\udfdd\ufe0f \u00dcberblick<\/strong><\/span><\/h3>\n<p data-start=\"265\" data-end=\"643\">Nehmen Sie an einem Ganztagesausflug von <strong data-start=\"291\" data-end=\"299\">Side<\/strong> um die atemberaubende Sch\u00f6nheit der <strong data-start=\"338\" data-end=\"351\">Pamukkale<\/strong> und das T\u00fcrkis <strong data-start=\"370\" data-end=\"384\">Salda-See<\/strong>! Wandern Sie auf den wei\u00dfen Travertinterrassen von Pamukkale, besuchen Sie die antike Stadt <strong data-start=\"459\" data-end=\"473\">Hierapolis<\/strong>, und entspannen Sie sich auf den \u201cT\u00fcrkischen Malediven\u201d. Diese All-inclusive-Tour beinhaltet Fr\u00fchst\u00fcck, Mittagessen, Abendessen und Hoteltransfers - die perfekte Mischung aus Natur, Geschichte und Komfort.<\/p>\n<h3 data-start=\"645\" data-end=\"660\"><span style=\"color: #000000;\"><strong>Inbegriffen:<\/strong><\/span><\/h3>\n<p data-start=\"661\" data-end=\"839\"><span style=\"color: #00ff00;\"><strong>\u2713<\/strong><\/span> Abholung vom Hotel und R\u00fccktransport<br data-start=\"688\" data-end=\"691\" \/><span style=\"color: #00ff00;\"><strong>\u2713 <\/strong><\/span>Klimatisierter Bus<br data-start=\"712\" data-end=\"715\" \/><span style=\"color: #00ff00;\"><strong>\u2713 <\/strong><\/span>Eintrittsgelder f\u00fcr Pamukkale und Hierapolis<br data-start=\"758\" data-end=\"761\" \/><span style=\"color: #00ff00;\"><strong>\u2713 <\/strong><\/span>Englischsprachiger F\u00fchrer<br data-start=\"785\" data-end=\"788\" \/><span style=\"color: #00ff00;\"><strong>\u2713 <\/strong><\/span>Vollversicherung<br data-start=\"804\" data-end=\"807\" \/><span style=\"color: #00ff00;\"><strong>\u2713 <\/strong><\/span>Fr\u00fchst\u00fcck, Mittag- und Abendessen<\/p>\n<h3 data-start=\"841\" data-end=\"860\"><span style=\"color: #000000;\"><strong>Nicht inbegriffen:<\/strong><\/span><\/h3>\n<p data-start=\"861\" data-end=\"926\"><span style=\"color: #ff0000;\"><strong>\u2717<\/strong> <\/span>Eingang zu Kleopatras Pool<br data-start=\"891\" data-end=\"894\" \/><span style=\"color: #ff0000;\"><strong>\u2717<\/strong> <\/span>Pers\u00f6nliche Ausgaben<br data-start=\"913\" data-end=\"916\" \/><span style=\"color: #ff0000;\"><strong>\u2717<\/strong> <\/span>Getr\u00e4nke<\/p>\n<h3 data-start=\"928\" data-end=\"953\"><span style=\"color: #000000;\"><strong>\ud83c\udf1f H\u00f6hepunkte der Tour<\/strong><\/span><\/h3>\n<p data-start=\"954\" data-end=\"1241\">\ud83d\udd39 Barfu\u00df laufen auf den schneewei\u00dfen Terrassen von Pamukkale<br data-start=\"1005\" data-end=\"1008\" \/>\ud83d\udd39 Entdecken Sie die antiken Ruinen von Hierapolis und sein r\u00f6misches Theater<br data-start=\"1073\" data-end=\"1076\" \/>\ud83d\udd39 Entspannen Sie sich in Thermalbecken mit Heilwasser<br data-start=\"1121\" data-end=\"1124\" \/>\ud83d\udd39 Besuchen Sie den t\u00fcrkisfarbenen Salda-See - bekannt als die \u201cMalediven\u201d der T\u00fcrkei\u201d<br data-start=\"1188\" data-end=\"1191\" \/>\ud83d\udd39 Genie\u00dfen Sie k\u00f6stliche t\u00fcrkische Gerichte w\u00e4hrend der Reise<\/p>\n<h3 data-start=\"1243\" data-end=\"1269\"><span style=\"color: #000000;\"><strong>\ud83d\udcd6 Vollst\u00e4ndige Beschreibung<\/strong><\/span><\/h3>\n<p data-start=\"1270\" data-end=\"1587\">Beginnen Sie Ihre unvergessliche Reise fr\u00fch am Morgen mit der Abholung von Ihrem <strong data-start=\"1346\" data-end=\"1360\">Seite Hotel<\/strong>. Genie\u00dfen Sie unterwegs ein leckeres Fr\u00fchst\u00fcck, w\u00e4hrend Sie durch die wundersch\u00f6ne Landschaft fahren. Nach der Ankunft in Pamukkale erkunden Sie die ber\u00fchmten wei\u00dfen Kalkterrassen und die Ruinen von Hierapolis - einst eine heilende Kurstadt des R\u00f6mischen Reiches. Sie sehen das antike Amphitheater, den Apollo-Tempel und die Nekropole. Wer m\u00f6chte, kann im Kleopatrabecken schwimmen (fakultativ, gegen Aufpreis). Sp\u00e4ter fahren Sie nach <strong data-start=\"1753\" data-end=\"1767\">Salda-See<\/strong>, ein atemberaubendes Naturwunder mit kristallklarem, t\u00fcrkisfarbenem Wasser und weichem, wei\u00dfem Sand. Nachdem Sie die Landschaft genossen und Fotos gemacht haben, essen Sie zu Abend, bevor Sie bequem nach Side zur\u00fcckkehren.<\/p>\n<h3 data-start=\"1953\" data-end=\"1978\"><span style=\"color: #000000;\"><strong>\ud83d\uddfa\ufe0f Reiseverlauf<\/strong><\/span><\/h3>\n<p data-start=\"1979\" data-end=\"2278\">\ud83d\udd39 Abholung von Hotels in Side<br data-start=\"2008\" data-end=\"2011\" \/>\ud83d\udd39 Fr\u00fchst\u00fcck auf dem Weg<br data-start=\"2034\" data-end=\"2037\" \/>\ud83d\udd39 Fahrt nach Pamukkale<br data-start=\"2058\" data-end=\"2061\" \/>\ud83d\udd39 Mittagspause<br data-start=\"2075\" data-end=\"2078\" \/>\ud83d\udd39 Besuch der Travertinen von Pamukkale und der Ruinen von Hierapolis<br data-start=\"2129\" data-end=\"2132\" \/>\ud83d\udd39 Freie Zeit f\u00fcr Kleopatra's Pool (optional)<br data-start=\"2176\" data-end=\"2179\" \/>\ud83d\udd39 Besuch des Salda-Sees f\u00fcr Besichtigungen und Fotos<br data-start=\"2228\" data-end=\"2231\" \/>\ud83d\udd39 Essenspause<br data-start=\"2246\" data-end=\"2249\" \/>\ud83d\udd39 Zur\u00fcck zu den Hotels in Side<\/p>\n<h3 data-start=\"2280\" data-end=\"2308\"><span style=\"color: #000000;\"><strong>\u2139\ufe0f N\u00fctzliche Informationen<\/strong><\/span><\/h3>\n<p data-start=\"2309\" data-end=\"2470\">\ud83d\udd39 Dauer: etwa 12 Stunden<br data-start=\"2336\" data-end=\"2339\" \/>\ud83d\udd39 Die Reiseroute kann sich je nach Wetterlage \u00e4ndern.<br data-start=\"2383\" data-end=\"2386\" \/>\ud83d\udd39 M\u00e4\u00dfiges Gehen erforderlich<br data-start=\"2414\" data-end=\"2417\" \/>\ud83d\udd39 Kinder unter 5 Jahren nehmen kostenlos teil (geteilter Sitzplatz bei Vollbelegung)<\/p>\n<h3 data-start=\"2472\" data-end=\"2495\"><span style=\"color: #000000;\"><strong>\ud83c\udf92 Was Sie mitbringen sollten<\/strong><\/span><\/h3>\n<p data-start=\"2496\" data-end=\"2615\">\ud83d\udd39 Personalausweis oder Reisepass<br data-start=\"2513\" data-end=\"2516\" \/>\ud83d\udd39 Bequeme Schuhe<br data-start=\"2536\" data-end=\"2539\" \/>\ud83d\udd39 Hut, Sonnenbrille, Sonnenschutzmittel<br data-start=\"2568\" data-end=\"2571\" \/>\ud83d\udd39 Badeanzug und Handtuch<br data-start=\"2592\" data-end=\"2595\" \/>\ud83d\udd39 Bargeld f\u00fcr Extras<\/p>\n<h3 data-start=\"2617\" data-end=\"2643\"><span style=\"color: #000000;\"><strong>\ud83d\udeab Nicht geeignet f\u00fcr<\/strong><\/span><\/h3>\n<p data-start=\"2644\" data-end=\"2720\">\ud83d\udd39 Menschen mit eingeschr\u00e4nkter Mobilit\u00e4t<br data-start=\"2675\" data-end=\"2678\" \/>\ud83d\udd39 Personen mit schweren Erkrankungen<\/p>\n<h3 dir=\"ltr\">\ud83d\udcb8\u00a0<strong>Preis und Buchung<\/strong><\/h3>\n<p dir=\"ltr\"><strong>\ud83d\udd39 Jetzt buchen, am Tag der Tour bezahlen<\/strong><br \/>\nKontaktiere uns \u00fcber WhatsApp, Telegram, Viber oder f\u00fclle das Buchungsformular unten aus. \ud83d\udc47\ud83c\udffc<\/p>","protected":false},"excerpt":{"rendered":"<p>Buchen Sie die <b>Seite Pamukkale Tour<\/b>! Besuchen Sie die Ruinen von Hierapolis und den Salda-See. Ganzt\u00e4gig <b>Ausflug<\/b> mit Thermalquellen, Mahlzeiten und komfortablen <b>Tagesausflug<\/b>.<\/p>","protected":false},"featured_media":14072,"comment_status":"open","ping_status":"closed","template":"","meta":[],"product_brand":[],"product_cat":[127],"product_tag":[122],"class_list":{"0":"post-15392","1":"product","2":"type-product","3":"status-publish","4":"has-post-thumbnail","6":"tour_phys-side-tours","7":"product_cat-side-tours","8":"product_tag-side","9":"pa_destination-side-tours","11":"first","12":"instock","13":"sale","14":"shipping-taxable","15":"purchasable","16":"product-type-tour_phys"},"aioseo_notices":[],"_links":{"self":[{"href":"https:\/\/excursionsworld.com\/de\/wp-json\/wp\/v2\/product\/15392","targetHints":{"allow":["GET"]}}],"collection":[{"href":"https:\/\/excursionsworld.com\/de\/wp-json\/wp\/v2\/product"}],"about":[{"href":"https:\/\/excursionsworld.com\/de\/wp-json\/wp\/v2\/types\/product"}],"replies":[{"embeddable":true,"href":"https:\/\/excursionsworld.com\/de\/wp-json\/wp\/v2\/comments?post=15392"}],"wp:featuredmedia":[{"embeddable":true,"href":"https:\/\/excursionsworld.com\/de\/wp-json\/wp\/v2\/media\/14072"}],"wp:attachment":[{"href":"https:\/\/excursionsworld.com\/de\/wp-json\/wp\/v2\/media?parent=15392"}],"wp:term":[{"taxonomy":"product_brand","embeddable":true,"href":"https:\/\/excursionsworld.com\/de\/wp-json\/wp\/v2\/product_brand?post=15392"},{"taxonomy":"product_cat","embeddable":true,"href":"https:\/\/excursionsworld.com\/de\/wp-json\/wp\/v2\/product_cat?post=15392"},{"taxonomy":"product_tag","embeddable":true,"href":"https:\/\/excursionsworld.com\/de\/wp-json\/wp\/v2\/product_tag?post=15392"}],"curies":[{"name":"wp","href":"https:\/\/api.w.org\/{rel}","templated":true}]}}