{"id":15393,"date":"2025-10-26T20:26:15","date_gmt":"2025-10-26T17:26:15","guid":{"rendered":"https:\/\/excursionsworld.com\/?post_type=product&#038;p=15393"},"modified":"2026-04-24T00:20:55","modified_gmt":"2026-04-23T21:20:55","slug":"demre-myra-kekova-side","status":"publish","type":"product","link":"https:\/\/excursionsworld.com\/tours\/demre-myra-kekova-side\/","title":{"rendered":"Demre, Myra &amp; Kekova Ausflug ab Side \u2013 St. Nikolaus Kirche"},"content":{"rendered":"<h2><span style=\"color: #000000;\"><strong>\ud83c\udfdd\ufe0f \u00dcberblick<\/strong><\/span><\/h2>\n<p>Begeben Sie sich auf einen unvergesslichen Ganztagesausflug von <strong>Side<\/strong> in die antike Region von <strong>Lykien<\/strong>! Segeln Sie \u00fcber die <strong>Die versunkene Stadt Kekova<\/strong> auf einer Yacht mit Glasboden, erkunden Sie die <strong>Felsengr\u00e4ber von Myra<\/strong>, und besuchen Sie <strong>St. Nikolaus Kirche<\/strong> in <a href=\"https:\/\/en.wikipedia.org\/wiki\/Demre\" target=\"_blank\" rel=\"noopener\">Demre<\/a> \u2014 die legend\u00e4re Heimat des Weihnachtsmanns. Diese Tour kombiniert perfekt <strong>Geschichte, Kultur und mediterrane Sch\u00f6nheit<\/strong>, und ist damit ideal f\u00fcr Familien und Entdecker gleicherma\u00dfen.<\/p>\n<h3>\u00a0<span style=\"color: #000000;\"><strong>Inbegriffen<\/strong><\/span>:<\/h3>\n<p><strong><span style=\"color: #00ff00;\">\u2713<\/span> <\/strong>Abholung und R\u00fccktransport vom Hotel (Region Side und Manavgat)<br \/><strong><span style=\"color: #00ff00;\">\u2713<\/span> <\/strong>Komfortabler klimatisierter Bus<br \/><strong><span style=\"color: #00ff00;\">\u2713<\/span> <\/strong>Kreuzfahrt mit einer Glasbodenyacht<br \/><strong><span style=\"color: #00ff00;\">\u2713<\/span> <\/strong>Eintrittsgelder f\u00fcr Myra<br \/><strong><span style=\"color: #00ff00;\">\u2713<\/span> <\/strong>Professioneller englischsprachiger F\u00fchrer<br \/><strong><span style=\"color: #00ff00;\">\u2713<\/span> <\/strong>Vollversicherung<br \/><strong><span style=\"color: #00ff00;\">\u2713<\/span> <\/strong>Mittagessen in einem lokalen Restaurant<\/p>\n<h3><span style=\"color: #000000;\"><strong>\u00a0Nicht inbegriffen:<\/strong><\/span><\/h3>\n<p><strong><span style=\"color: #ff0000;\">\u2717<\/span> <\/strong>Eintritt in die St.-Nikolaus-Kirche (fakultativ)<br \/><strong><span style=\"color: #ff0000;\">\u2717<\/span> <\/strong>Pers\u00f6nliche Ausgaben<br \/><strong><span style=\"color: #ff0000;\">\u2717<\/span> <\/strong>Fotos und Videos<br \/><strong><span style=\"color: #ff0000;\">\u2717<\/span> <\/strong>Getr\u00e4nke<\/p>\n<h2><span style=\"color: #000000;\"><strong>\ud83c\udf1f H\u00f6hepunkte der Tour<\/strong><\/span><\/h2>\n<p>\ud83d\udd39 Panoramafahrt von Side entlang der Mittelmeerk\u00fcste<br \/>\ud83d\udd39 Kreuzfahrt \u00fcber die versunkene Stadt Kekova auf einer Yacht mit Glasboden<br \/>\ud83d\udd39 Erkunden Sie antike Felsengr\u00e4ber und das r\u00f6mische Theater in Myra<br \/>\ud83d\udd39 Besuchen Sie die St. Nikolaus-Kirche in Demre - den Geburtsort der Weihnachtsmann-Legende<br \/>\ud83d\udd39 Schwimmen in t\u00fcrkisfarbenem Mittelmeerwasser<br \/>\ud83d\udd39 Bestaunen Sie die Aussicht auf Schloss Simena von der Yacht aus<\/p>\n<h2><span style=\"color: #000000;\"><strong>\ud83d\udcd6 Vollst\u00e4ndige Beschreibung<\/strong><\/span><\/h2>\n<p>Ihr lykisches Abenteuer beginnt mit einer morgendlichen Abholung von Ihrem Hotel in <strong>Side<\/strong>. Genie\u00dfen Sie eine entspannte Fahrt entlang der sch\u00f6nen K\u00fcste in Richtung <strong>Demre und Myra<\/strong>, zwei der faszinierendsten historischen St\u00e4tten der T\u00fcrkei. Die Reise beginnt in <strong>Myra<\/strong>, Dort sehen Sie beeindruckende <strong>Lykische Felsengr\u00e4ber<\/strong> und eine bemerkenswert gut erhaltene <strong>R\u00f6misches Theater<\/strong>. Weiter zu <strong>St. Nikolaus Kirche<\/strong>, die zu Ehren des geliebten Bischofs errichtet wurde, der die Legende vom Weihnachtsmann inspirierte. Genie\u00dfen Sie danach ein <strong>traditionelles t\u00fcrkisches Mittagessen<\/strong> in einem lokalen Restaurant. Als N\u00e4chstes gehen Sie zu <strong>\u00c7aya\u011fz\u0131 Hafen<\/strong> und einsteigen <strong>Glasbodenyacht<\/strong> f\u00fcr eine 2,5-st\u00fcndige Kreuzfahrt nach <strong>Insel Kekova<\/strong>. Erleben Sie die geheimnisvollen Ruinen der <strong>versunkene Stadt<\/strong> in einer ruhigen Bucht schwimmen und das klare blaue Meer bewundern. <strong>Schloss Simena<\/strong> die sich \u00fcber die K\u00fcstenlinie erheben. Nach einem unglaublichen Tag voller Geschichte, Kultur und Natur werden Sie bequem zu Ihrem Hotel in Side zur\u00fcckgebracht.<\/p>\n<h3><span style=\"color: #000000;\"><strong>\ud83d\uddfa\ufe0f Reiseverlauf<\/strong><\/span><\/h3>\n<p>\ud83d\udd39 Abholung von Hotels in Side und Manavgat<br \/>\ud83d\udd39 Besuch der Felsengr\u00e4ber von Myra und des r\u00f6mischen Theaters<br \/>\ud83d\udd39 Besichtigung der St. Nikolaus-Kirche (fakultativer Eintritt)<br \/>\ud83d\udd39 Mittagessen in einem lokalen Restaurant<br \/>\ud83d\udd39 Kreuzfahrt mit einer Glasbodenyacht nach Kekova<br \/>\ud83d\udd39 Badestopp und Besichtigung<br \/>\ud83d\udd39 R\u00fccktransfer zu den Hotels in Side<\/p>\n<h3><span style=\"color: #000000;\"><strong>\u2139\ufe0f N\u00fctzliche Informationen<\/strong><\/span><\/h3>\n<p>\ud83d\udd39 Dauer: ca. 9-10 Stunden<br \/>\ud83d\udd39 Die Reiseroute kann aufgrund von Wetter- oder Seebedingungen variieren.<br \/>\ud83d\udd39 Kinder unter 6 Jahren fahren kostenlos, teilen sich aber einen Sitzplatz, wenn der Bus voll ist<\/p>\n<h2><span style=\"color: #000000;\"><strong>\ud83c\udf92 Was Sie mitbringen sollten<\/strong><\/span><\/h2>\n<p>\ud83d\udd39 Bequeme Wanderschuhe<br \/>\ud83d\udd39 Sonnenbrille und Sonnenschutzmittel<br \/>\ud83d\udd39 Badeanzug und Handtuch<br \/>\ud83d\udd39 Bargeld f\u00fcr pers\u00f6nliche Ausgaben<\/p>\n<h3><span style=\"color: #000000;\"><strong>\ud83d\udeab Nicht geeignet f\u00fcr<\/strong><\/span><\/h3>\n<p>\ud83d\udd39 Menschen mit eingeschr\u00e4nkter Mobilit\u00e4t<br \/>\ud83d\udd39 Reisende mit schweren Erkrankungen<\/p>\n<h2 dir=\"ltr\">\ud83d\udcb8\u00a0<strong>Preis und Buchung<\/strong><\/h2>\n<p dir=\"ltr\"><strong>\ud83d\udd39 Jetzt buchen, am Tag der Tour bezahlen<\/strong><br \/>\nKontaktiere uns \u00fcber WhatsApp, Telegram, Viber oder f\u00fclle das Buchungsformular unten aus. \ud83d\udc47\ud83c\udffc<\/p>\n<p>Alternativen gesucht? St\u00f6bern Sie <a href=\"https:\/\/excursionsworld.com\/de\/side-ausfluege\/\">weitere Touren in Demre<\/a>.<\/p>","protected":false},"excerpt":{"rendered":"<p>Buchen Sie die Geschichte <b>Ausflug<\/b> von <b>Side<\/b>! Ganzt\u00e4gig <b>Reise<\/b> zu den Gr\u00e4bern von Myra, der St.-Nikolaus-Kirche und der versunkenen Stadt Kekova <b>Bootstour<\/b>. Unvergessliche Geschichte!<\/p>","protected":false},"featured_media":12563,"comment_status":"open","ping_status":"closed","template":"","meta":[],"product_brand":[],"product_cat":[127],"product_tag":[122],"class_list":{"0":"post-15393","1":"product","2":"type-product","3":"status-publish","4":"has-post-thumbnail","6":"tour_phys-side-tours","7":"product_cat-side-tours","8":"product_tag-side","9":"pa_destination-side-tours","11":"first","12":"instock","13":"sale","14":"shipping-taxable","15":"purchasable","16":"product-type-tour_phys"},"aioseo_notices":[],"_links":{"self":[{"href":"https:\/\/excursionsworld.com\/de\/wp-json\/wp\/v2\/product\/15393","targetHints":{"allow":["GET"]}}],"collection":[{"href":"https:\/\/excursionsworld.com\/de\/wp-json\/wp\/v2\/product"}],"about":[{"href":"https:\/\/excursionsworld.com\/de\/wp-json\/wp\/v2\/types\/product"}],"replies":[{"embeddable":true,"href":"https:\/\/excursionsworld.com\/de\/wp-json\/wp\/v2\/comments?post=15393"}],"wp:featuredmedia":[{"embeddable":true,"href":"https:\/\/excursionsworld.com\/de\/wp-json\/wp\/v2\/media\/12563"}],"wp:attachment":[{"href":"https:\/\/excursionsworld.com\/de\/wp-json\/wp\/v2\/media?parent=15393"}],"wp:term":[{"taxonomy":"product_brand","embeddable":true,"href":"https:\/\/excursionsworld.com\/de\/wp-json\/wp\/v2\/product_brand?post=15393"},{"taxonomy":"product_cat","embeddable":true,"href":"https:\/\/excursionsworld.com\/de\/wp-json\/wp\/v2\/product_cat?post=15393"},{"taxonomy":"product_tag","embeddable":true,"href":"https:\/\/excursionsworld.com\/de\/wp-json\/wp\/v2\/product_tag?post=15393"}],"curies":[{"name":"wp","href":"https:\/\/api.w.org\/{rel}","templated":true}]}}