{"id":15395,"date":"2025-10-26T20:28:29","date_gmt":"2025-10-26T17:28:29","guid":{"rendered":"https:\/\/excursionsworld.com\/?post_type=product&#038;p=15395"},"modified":"2026-04-24T00:20:56","modified_gmt":"2026-04-23T21:20:56","slug":"antalya-altstadt-wasserfaelle-side","status":"publish","type":"product","link":"https:\/\/excursionsworld.com\/tours\/antalya-old-town-waterfalls-side\/","title":{"rendered":"Antalya Stadtrundfahrt ab Side \u2013 Altstadt &amp; Wasserf\u00e4lle Entdeckung"},"content":{"rendered":"<h2><span style=\"color: #000000;\"><strong>\u2600\ufe0f \u00dcberblick<\/strong><\/span><\/h2>\n<p>Entdecken Sie die Sch\u00f6nheit und den Charme der <strong>Antalya<\/strong> auf einer eint\u00e4gigen Tour von <strong><a href=\"https:\/\/en.wikipedia.org\/wiki\/Side,_Turkey\" target=\"_blank\" rel=\"noopener\">Side<\/a><\/strong> und die umliegenden Gebiete. Diese Tour beinhaltet eine Bootsfahrt, Besuche bei <strong>D\u00fcdener Wasserf\u00e4lle<\/strong>, ein t\u00fcrkisches Mittagessen, und ein Spaziergang durch <strong>Kalei\u00e7i<\/strong>. Der Transfer von den Hotels in Side, Manavgat, Evrenseki, Titreyeng\u00f6l und Kumk\u00f6y ist inbegriffen.<\/p>\n<h3><span style=\"color: #000000;\"><strong>Inbegriffen:<\/strong><\/span><\/h3>\n<div><span style=\"color: #00ff00;\"><strong>\u2713<\/strong> <\/span>Abholung vom Hotel und R\u00fccktransport<br \/><span style=\"color: #00ff00;\"><strong>\u2713<\/strong> <\/span>Eintrittsgelder f\u00fcr die D\u00fcdener Wasserf\u00e4lle (Obere und Untere)<br \/><span style=\"color: #00ff00;\"><strong>\u2713<\/strong> <\/span>Komfortabler klimatisierter Bus<br \/><span style=\"color: #00ff00;\"><strong>\u2713<\/strong> <\/span>Professioneller englischsprachiger F\u00fchrer<br \/><span style=\"color: #00ff00;\"><strong>\u2713<\/strong> <\/span>Mittagessen in einem lokalen Restaurant<br \/><span style=\"color: #00ff00;\"><strong>\u2713<\/strong> <\/span>Vollversicherung<\/div>\n<div><span style=\"color: #00ff00;\"><strong>\u2713<\/strong> <\/span>Mittagessen<\/div>\n<h3><span style=\"color: #000000;\"><strong>Nicht inbegriffen:<\/strong><\/span><\/h3>\n<p><span style=\"color: #ff0000;\"><strong>\u2717<\/strong> <\/span>Bootsfahrt (falls als Option gew\u00e4hlt)<br \/><span style=\"color: #ff0000;\"><strong>\u2717<\/strong> <\/span>Getr\u00e4nke<br \/><span style=\"color: #ff0000;\"><strong>\u2717<\/strong> <\/span>Pers\u00f6nliche Ausgaben (Fotos, Videos)<\/p>\n<h2><span style=\"color: #000000;\"><strong>\ud83c\udf1f H\u00f6hepunkte der Tour<\/strong><\/span><\/h2>\n<p>\ud83d\udd39 Bewundern Sie den Unteren D\u00fcden-Wasserfall, der 40 Meter tief ins Meer st\u00fcrzt<br \/>\ud83d\udd39 Spaziergang durch die Altstadt (Kalei\u00e7i): Hadrianstor, Yivli-Minarett, Uhrenturm<br \/>\ud83d\udd39 Entspannen Sie sich auf einer einst\u00fcndigen Bootsfahrt vom alten Hafen von Antalya aus<br \/>\ud83d\udd39 Genie\u00dfen Sie das Gr\u00fcn und die K\u00fchle des Oberen D\u00fcdenwasserfalls<br \/>\ud83d\udd39 Besuch einer \u00f6rtlichen Silberschmuckwerkstatt<\/p>\n<h2><span style=\"color: #000000;\"><strong>\ud83d\udcdd Vollst\u00e4ndige Beschreibung<\/strong><\/span><\/h2>\n<p>Abholung von Ihrem Hotel in <strong>Seitliche oder nahe gelegene Bereiche<\/strong>. Gehen Sie durch <strong>Kalei\u00e7i<\/strong>, erkunden Sie das Hadrianstor, Stra\u00dfen, Moscheen und Gesch\u00e4fte. Genie\u00dfen Sie eine einst\u00fcndige <strong>Bootsfahrt<\/strong> (fakultativ), gefolgt von einem Mittagessen in einem lokalen Restaurant. Besuchen Sie <strong>Unterer und Oberer D\u00fcdenwasserfall<\/strong>, und enden bei einem <strong>Werkstatt f\u00fcr Silberschmuck<\/strong>. R\u00fcckkehr nach Side mit lebhaften Erinnerungen.<\/p>\n<h3><span style=\"color: #000000;\"><strong>\ud83d\udccd Reiseroute<\/strong><\/span><\/h3>\n<p>\ud83d\udd39 Abholung vom Hotel<br \/>\ud83d\udd39 Spaziergang durch die Altstadt (Kalei\u00e7i)<br \/>Bootsfahrt vom alten Hafen (1 Stunde, optional)<br \/>\ud83d\udd39 Mittagessen in einem lokalen Restaurant<br \/>\ud83d\udd39 Besuch des Unteren D\u00fcden Wasserfalls<br \/>\ud83d\udd39 Besuch des Oberen D\u00fcdenwasserfalls<br \/>\ud83d\udd39 Halt in einer Schmuckwerkstatt<br \/>\ud83d\udd39 R\u00fcckkehr zum Hotel<\/p>\n<h3><span style=\"color: #000000;\"><strong>\u2139\ufe0f N\u00fctzliche Informationen<\/strong><\/span><\/h3>\n<p>\ud83d\udd39 Die Bootsfahrt kann aufgrund der Wetterbedingungen abgesagt oder ge\u00e4ndert werden.<br \/>\ud83d\udd39 Die Reiseroute kann sich \u00e4ndern, um das Reiseerlebnis zu verbessern<br \/>\ud83d\udd39 Dies ist eine Besichtigungstour; Schwimmen ist nicht inbegriffen<br \/>\ud83d\udd39 Kinder unter 5 Jahren, die kostenlos mitfahren, haben keinen eigenen Sitzplatz im Bus. Wenn der Bus voll ist, sitzen sie auf dem Scho\u00df eines Erwachsenen oder es kann ein eigener Sitzplatz gebucht werden<\/p>\n<h2><span style=\"color: #000000;\"><strong>\ud83c\udf92 Was Sie mitbringen sollten<\/strong><\/span><\/h2>\n<p>\ud83d\udd39 Bequeme Wanderschuhe<br \/>\ud83d\udd39 Sonnenbrillen und Kopfbedeckungen<br \/>\ud83d\udd39 Sonnenschutzmittel<br \/>\ud83d\udd39 Kamera oder Smartphone<br \/>\ud83d\udd39 Bargeld f\u00fcr Getr\u00e4nke und pers\u00f6nliche Ausgaben<\/p>\n<h3><span style=\"color: #000000;\"><strong>\ud83d\udeab Nicht geeignet f\u00fcr<\/strong><\/span><\/h3>\n<p>\ud83d\udd39 Rollstuhlfahrer<br \/>\ud83d\udd39 Menschen mit eingeschr\u00e4nkter Mobilit\u00e4t<\/p>\n<h2><span style=\"color: #000000;\"><strong>\ud83d\udcb8 Preis und Buchung<\/strong><\/span><\/h2>\n<p><strong>\ud83d\udd39 Jetzt buchen, am Tag der Tour bezahlen<\/strong><br \/>\ud83d\udd39 Kontaktieren Sie uns \u00fcber <strong>WhatsApp<\/strong>, <strong>Telegramm<\/strong>, <strong>Viber<\/strong>, oder f\u00fcllen Sie das untenstehende Buchungsformular aus. \ud83d\udc47\ud83c\udffc<\/p>\n<p>Alternativen gesucht? St\u00f6bern Sie <a href=\"https:\/\/excursionsworld.com\/de\/side-ausfluege\/\">Weitere Ausfl\u00fcge<\/a>.<\/p>","protected":false},"excerpt":{"rendered":"<p>Buchen Sie die <b>Antalya City Tour from Side<\/b>! Discover D\u00fcden Waterfalls &amp; Kalei\u00e7i. Full-day <b>Ausflug<\/b> mit <b>Bootsfahrt<\/b>, lunch, and seamless <b>Tagesausflug<\/b>.<\/p>","protected":false},"featured_media":15466,"comment_status":"open","ping_status":"closed","template":"","meta":[],"product_brand":[],"product_cat":[127],"product_tag":[122],"class_list":{"0":"post-15395","1":"product","2":"type-product","3":"status-publish","4":"has-post-thumbnail","6":"tour_phys-side-tours","7":"product_cat-side-tours","8":"product_tag-side","9":"pa_destination-side-tours","11":"first","12":"instock","13":"sale","14":"shipping-taxable","15":"purchasable","16":"product-type-tour_phys"},"aioseo_notices":[],"_links":{"self":[{"href":"https:\/\/excursionsworld.com\/de\/wp-json\/wp\/v2\/product\/15395","targetHints":{"allow":["GET"]}}],"collection":[{"href":"https:\/\/excursionsworld.com\/de\/wp-json\/wp\/v2\/product"}],"about":[{"href":"https:\/\/excursionsworld.com\/de\/wp-json\/wp\/v2\/types\/product"}],"replies":[{"embeddable":true,"href":"https:\/\/excursionsworld.com\/de\/wp-json\/wp\/v2\/comments?post=15395"}],"wp:featuredmedia":[{"embeddable":true,"href":"https:\/\/excursionsworld.com\/de\/wp-json\/wp\/v2\/media\/15466"}],"wp:attachment":[{"href":"https:\/\/excursionsworld.com\/de\/wp-json\/wp\/v2\/media?parent=15395"}],"wp:term":[{"taxonomy":"product_brand","embeddable":true,"href":"https:\/\/excursionsworld.com\/de\/wp-json\/wp\/v2\/product_brand?post=15395"},{"taxonomy":"product_cat","embeddable":true,"href":"https:\/\/excursionsworld.com\/de\/wp-json\/wp\/v2\/product_cat?post=15395"},{"taxonomy":"product_tag","embeddable":true,"href":"https:\/\/excursionsworld.com\/de\/wp-json\/wp\/v2\/product_tag?post=15395"}],"curies":[{"name":"wp","href":"https:\/\/api.w.org\/{rel}","templated":true}]}}