{"id":15397,"date":"2025-10-27T22:28:02","date_gmt":"2025-10-27T19:28:02","guid":{"rendered":"https:\/\/excursionsworld.com\/?post_type=product&#038;p=15397"},"modified":"2025-12-18T19:01:17","modified_gmt":"2025-12-18T16:01:17","slug":"pamukkale-salda-see-kemer","status":"publish","type":"product","link":"https:\/\/excursionsworld.com\/tours\/pamukkale-salda-lake-kemer\/","title":{"rendered":"Pamukkale &amp; Salda See Tour ab Kemer \u2013 Baumwollburg &amp; T\u00fcrkische Malediven"},"content":{"rendered":"<h3 data-start=\"343\" data-end=\"359\">\u2600\ufe0f \u00dcberblick<\/h3>\n<div data-start=\"360\" data-end=\"879\">Nehmen Sie an einer unvergesslichen Ganztagesreise von <strong data-start=\"404\" data-end=\"435\">Kemer und Umgebung <\/strong>(von Kemer, \u00c7amyuva, Tekirova, G\u00f6yn\u00fck, Beldibi), um zwei der beeindruckendsten Naturwunder der T\u00fcrkei zu erkunden - <strong data-start=\"495\" data-end=\"508\">Pamukkale<\/strong> und <strong data-start=\"513\" data-end=\"527\">Salda-See<\/strong>!<br data-start=\"528\" data-end=\"531\" \/>Gehen Sie barfu\u00df auf den ber\u00fchmten wei\u00dfen Travertinterrassen von Pamukkale, erkunden Sie die antike Stadt von <strong data-start=\"622\" data-end=\"636\">Hierapolis<\/strong>, und entspannen Sie sich am t\u00fcrkisfarbenen Wasser des <strong data-start=\"676\" data-end=\"690\">Salda-See<\/strong>, die oft als \u201ct\u00fcrkische Malediven\u201d bezeichnet werden.\u201d<\/div>\n<h3 data-start=\"881\" data-end=\"896\">\u00a0Inbegriffen:<\/h3>\n<p data-start=\"897\" data-end=\"1150\"><span style=\"color: #00ff00;\"><strong>\u2713<\/strong> <\/span>Abholung vom Hotel und R\u00fccktransport<br data-start=\"973\" data-end=\"976\" \/><span style=\"color: #00ff00;\"><strong>\u2713<\/strong> <\/span>Klimatisierter, komfortabler Bus<br data-start=\"1010\" data-end=\"1013\" \/><span style=\"color: #00ff00;\"><strong>\u2713<\/strong> <\/span>Eintrittsgelder f\u00fcr Pamukkale und Hierapolis<br data-start=\"1056\" data-end=\"1059\" \/><span style=\"color: #00ff00;\"><strong>\u2713<\/strong> <\/span>Englischsprachiger professioneller F\u00fchrer<br data-start=\"1096\" data-end=\"1099\" \/><span style=\"color: #00ff00;\"><strong>\u2713<\/strong> <\/span>Vollversicherung<br data-start=\"1115\" data-end=\"1118\" \/><span style=\"color: #00ff00;\"><strong>\u2713<\/strong> <\/span>\u00a0Mittagessen<\/p>\n<h3 data-start=\"1152\" data-end=\"1171\">\u00a0Nicht inbegriffen:<\/h3>\n<p data-start=\"1172\" data-end=\"1248\"><span style=\"color: #ff0000;\"><strong>\u2717<\/strong> <\/span>Eintritt zu Kleopatras Pool (fakultativ)<br data-start=\"1213\" data-end=\"1216\" \/><span style=\"color: #ff0000;\"><strong>\u2717<\/strong> <\/span>Getr\u00e4nke<br data-start=\"1224\" data-end=\"1227\" \/><span style=\"color: #ff0000;\"><strong>\u2717<\/strong> <\/span>Pers\u00f6nliche Ausgaben<\/p>\n<h3 data-start=\"1250\" data-end=\"1273\">\ud83c\udf1f H\u00f6hepunkte der Tour<\/h3>\n<p data-start=\"1274\" data-end=\"1631\">\ud83d\udd39 Spaziergang auf den strahlend wei\u00dfen Terrassen von Pamukkale<br data-start=\"1325\" data-end=\"1328\" \/>\ud83d\udd39 Entdecken Sie die antiken Ruinen von Hierapolis und sein r\u00f6misches Theater<br data-start=\"1393\" data-end=\"1396\" \/>\ud83d\udd39 Entspannen Sie sich oder schwimmen Sie in den Mineral-Thermalbecken<br data-start=\"1437\" data-end=\"1440\" \/>\ud83d\udd39 Besuchen Sie die atemberaubenden t\u00fcrkisfarbenen <strong data-start=\"1476\" data-end=\"1490\">Salda-See<\/strong>, bekannt als die \u201cMalediven\u201d der T\u00fcrkei\u201d<br data-start=\"1520\" data-end=\"1523\" \/>\ud83d\udd39 Genie\u00dfen Sie den ganzen Tag \u00fcber k\u00f6stliche t\u00fcrkische Gerichte<br data-start=\"1574\" data-end=\"1577\" \/>Bequemer Hin- und R\u00fccktransfer aus der Region Kemer<\/p>\n<h3 data-start=\"1633\" data-end=\"1657\">\ud83d\udcd6 Vollst\u00e4ndige Beschreibung<\/h3>\n<p data-start=\"1658\" data-end=\"2237\">Ihr Abenteuer beginnt fr\u00fch am Morgen mit der Abholung von Ihrem Hotel in <strong data-start=\"1732\" data-end=\"1757\">Kemer oder nahe gelegene St\u00e4dte<\/strong>. Genie\u00dfen Sie eine malerische Fahrt durch das Taurusgebirge und ein leckeres t\u00fcrkisches Fr\u00fchst\u00fcck auf dem Weg.<br data-start=\"1848\" data-end=\"1851\" \/>Bei der Ankunft in <strong data-start=\"1867\" data-end=\"1880\">Pamukkale<\/strong>, erkunden Sie die surrealen wei\u00dfen Terrassen, die von Thermalquellen gebildet werden, und wandern Sie durch die antiken Ruinen von <strong data-start=\"1984\" data-end=\"1998\">Hierapolis<\/strong>, einst eine heilende Kurstadt des R\u00f6mischen Reiches.<br data-start=\"2044\" data-end=\"2047\" \/>Sie werden die Gelegenheit haben, die <strong data-start=\"2081\" data-end=\"2098\">R\u00f6misches Theater<\/strong>, <strong data-start=\"2100\" data-end=\"2120\">Apollo-Tempel<\/strong>, und <strong data-start=\"2126\" data-end=\"2140\">Nekropole<\/strong>, oder nehmen Sie ein optionales Bad im warmen, mineralhaltigen Wasser des <strong data-start=\"2202\" data-end=\"2222\">Kleopatrabecken<\/strong> (gegen Geb\u00fchr).<\/p>\n<p data-start=\"2239\" data-end=\"2541\">Danach fahren Sie fort mit <strong data-start=\"2262\" data-end=\"2276\">Salda-See<\/strong>, einem atemberaubenden Kratersee, der f\u00fcr sein t\u00fcrkisfarbenes Wasser und seinen wei\u00dfen Sand ber\u00fchmt ist und oft mit den Malediven verglichen wird. Entspannen Sie sich, machen Sie atemberaubende Fotos und genie\u00dfen Sie Ihr Abendessen, bevor Sie zur\u00fcck nach Kemer fahren.<br data-start=\"2466\" data-end=\"2469\" \/>Diese Ganztagestour ist die perfekte Mischung aus Natur, Geschichte und Kultur.<\/p>\n<h3 data-start=\"2543\" data-end=\"2566\">\ud83d\uddfa\ufe0f Reiseverlauf<\/h3>\n<p data-start=\"2567\" data-end=\"2930\">\ud83d\udd39 Abholung von Hotels in Kemer und Umgebung<br data-start=\"2619\" data-end=\"2622\" \/>\ud83d\udd39 Fr\u00fchst\u00fccksstopp auf dem Weg<br data-start=\"2650\" data-end=\"2653\" \/>\ud83d\udd39 Fahrt nach Pamukkale<br data-start=\"2674\" data-end=\"2677\" \/>\ud83d\udd39 Mittagspause in einem lokalen Restaurant<br data-start=\"2713\" data-end=\"2716\" \/>\ud83d\udd39 Besuch der Travertinen von Pamukkale und der Ruinen von Hierapolis<br data-start=\"2767\" data-end=\"2770\" \/>\ud83d\udd39 Optionales Schwimmen im Cleopatra's Pool<br data-start=\"2815\" data-end=\"2818\" \/>\ud83d\udd39 Abfahrt zum Salda-See und Besichtigung &amp; Fotos<br data-start=\"2873\" data-end=\"2876\" \/>\ud83d\udd39 Essenspause<br data-start=\"2891\" data-end=\"2894\" \/>\ud83d\udd39 R\u00fccktransfer zu den Hotels in Kemer<\/p>\n<h3 data-start=\"2932\" data-end=\"2958\">\u2139\ufe0f N\u00fctzliche Informationen<\/h3>\n<p data-start=\"2959\" data-end=\"3219\">\ud83d\udd39 Dauer: ca. 13-14 Stunden (Ganztagestour)<br data-start=\"3013\" data-end=\"3016\" \/>\ud83d\udd39 Entfernung: ca. 290 km von Kemer nach Pamukkale<br data-start=\"3066\" data-end=\"3069\" \/>\ud83d\udd39 Die Reiseroute kann je nach Wetter und Verkehr variieren.<br data-start=\"3123\" data-end=\"3126\" \/>\ud83d\udd39 M\u00e4\u00dfiges Gehen erforderlich<br data-start=\"3154\" data-end=\"3157\" \/>\ud83d\udd39 Kinder unter 5 Jahren fahren kostenlos (geteilter Sitzplatz, wenn der Bus voll ist)<\/p>\n<h3 data-start=\"3221\" data-end=\"3242\">\ud83c\udf92 Was Sie mitbringen sollten<\/h3>\n<p data-start=\"3243\" data-end=\"3410\">\ud83d\udd39 Personalausweis oder Reisepass<br data-start=\"3260\" data-end=\"3263\" \/>\ud83d\udd39 Bequeme Schuhe<br data-start=\"3283\" data-end=\"3286\" \/>\ud83d\udd39 Badeanzug und Handtuch (f\u00fcr Cleopatra's Pool oder Salda Lake)<br data-start=\"3344\" data-end=\"3347\" \/>\ud83d\udd39 Hut, Sonnenbrille, Sonnenschutzmittel<br data-start=\"3376\" data-end=\"3379\" \/>\ud83d\udd39 Bargeld f\u00fcr freiwillige Ausgaben<\/p>\n<h3 data-start=\"3412\" data-end=\"3436\">\ud83d\udeab Nicht geeignet f\u00fcr<\/h3>\n<p data-start=\"3437\" data-end=\"3521\">\ud83d\udd39 Menschen mit eingeschr\u00e4nkter Mobilit\u00e4t<br data-start=\"3468\" data-end=\"3471\" \/>\ud83d\udd39 Personen mit schweren Herz- oder Gesundheitsst\u00f6rungen<\/p>\n<h3 data-start=\"3598\" data-end=\"3623\">\ud83d\udcb8 Preis und Buchung<\/h3>\n<p data-start=\"3624\" data-end=\"3741\"><strong>\ud83d\udd39 Jetzt buchen - am Tag der Tour bezahlen<\/strong><br data-start=\"3664\" data-end=\"3667\" \/>Kontaktiere uns \u00fcber WhatsApp, Telegram oder Viber, um deinen Platz zu reservieren \ud83d\udc47\ud83c\udffd<\/p>","protected":false},"excerpt":{"rendered":"<p>Buchen Sie die <b>Kemer Pamukkale Salda See Tour<\/b>! Ganzt\u00e4gig <b>All-Inclusive-Reise<\/b> zu wei\u00dfen Travertinen &amp; \u201cT\u00fcrkischen Malediven\u201d <b>Ausflug<\/b>. Inklusive Mahlzeiten und Transfer!<\/p>","protected":false},"featured_media":14072,"comment_status":"open","ping_status":"closed","template":"","meta":[],"product_brand":[],"product_cat":[124],"product_tag":[105],"class_list":{"0":"post-15397","1":"product","2":"type-product","3":"status-publish","4":"has-post-thumbnail","6":"tour_phys-kemer-tours","7":"product_cat-kemer-tours","8":"product_tag-kemer","9":"pa_destination-kemer-tours","11":"first","12":"instock","13":"sale","14":"shipping-taxable","15":"purchasable","16":"product-type-tour_phys"},"aioseo_notices":[],"_links":{"self":[{"href":"https:\/\/excursionsworld.com\/de\/wp-json\/wp\/v2\/product\/15397","targetHints":{"allow":["GET"]}}],"collection":[{"href":"https:\/\/excursionsworld.com\/de\/wp-json\/wp\/v2\/product"}],"about":[{"href":"https:\/\/excursionsworld.com\/de\/wp-json\/wp\/v2\/types\/product"}],"replies":[{"embeddable":true,"href":"https:\/\/excursionsworld.com\/de\/wp-json\/wp\/v2\/comments?post=15397"}],"wp:featuredmedia":[{"embeddable":true,"href":"https:\/\/excursionsworld.com\/de\/wp-json\/wp\/v2\/media\/14072"}],"wp:attachment":[{"href":"https:\/\/excursionsworld.com\/de\/wp-json\/wp\/v2\/media?parent=15397"}],"wp:term":[{"taxonomy":"product_brand","embeddable":true,"href":"https:\/\/excursionsworld.com\/de\/wp-json\/wp\/v2\/product_brand?post=15397"},{"taxonomy":"product_cat","embeddable":true,"href":"https:\/\/excursionsworld.com\/de\/wp-json\/wp\/v2\/product_cat?post=15397"},{"taxonomy":"product_tag","embeddable":true,"href":"https:\/\/excursionsworld.com\/de\/wp-json\/wp\/v2\/product_tag?post=15397"}],"curies":[{"name":"wp","href":"https:\/\/api.w.org\/{rel}","templated":true}]}}