{"id":15432,"date":"2025-10-28T11:54:09","date_gmt":"2025-10-28T08:54:09","guid":{"rendered":"https:\/\/excursionsworld.com\/?post_type=product&#038;p=15432"},"modified":"2026-03-02T19:53:36","modified_gmt":"2026-03-02T16:53:36","slug":"rafting-koprulu-canyon-antalya","status":"publish","type":"product","link":"https:\/\/excursionsworld.com\/tours\/rafting-koprulu-canyon-antalya\/","title":{"rendered":"Rafting Tour im K\u00f6pr\u00fcl\u00fc Canyon ab Antalya \u2013 Ganztages Abenteuer"},"content":{"rendered":"<h3 data-start=\"269\" data-end=\"290\">\ud83d\udea3\u200d\u2642\ufe0f \u00dcberblick<\/h3>\n<p data-start=\"291\" data-end=\"571\">Nehmen Sie an einer aufregenden <strong>Rafting-Abenteuer in der K\u00f6pr\u00fcl\u00fc-Schlucht<\/strong> von <strong>Antalya<\/strong> und die umliegenden Gebiete! Erleben Sie 14 km Adrenalin pur in 10 Stromschnellen, schwimmen Sie in ruhigen Flussabschnitten und genie\u00dfen Sie ein Mittagessen am Flussufer inmitten der Natur. Perfekt f\u00fcr Anf\u00e4nger und Aufregungssuchende gleicherma\u00dfen.<\/p>\n<h3 data-start=\"573\" data-end=\"588\">Inbegriffen:<\/h3>\n<p data-start=\"589\" data-end=\"726\"><span style=\"color: #00ff00;\"><strong>\u2713<\/strong> <\/span>Abholung vom Hotel und R\u00fccktransport<br data-start=\"616\" data-end=\"619\" \/><span style=\"color: #00ff00;\"><strong>\u2713<\/strong> <\/span>Komfortabler klimatisierter Bus<br data-start=\"652\" data-end=\"655\" \/><span style=\"color: #00ff00;\"><strong>\u2713<\/strong> <\/span>10-Personen-Fl\u00f6\u00dfe<br data-start=\"672\" data-end=\"675\" \/><span style=\"color: #00ff00;\"><strong>\u2713<\/strong> <\/span>Professioneller F\u00fchrer<br data-start=\"695\" data-end=\"698\" \/><span style=\"color: #00ff00;\"><strong>\u2713<\/strong> <\/span>Vollversicherung<br data-start=\"714\" data-end=\"717\" \/><span style=\"color: #00ff00;\"><strong>\u2713<\/strong> <\/span>Mittagessen<\/p>\n<h3 data-start=\"728\" data-end=\"747\">Nicht inbegriffen:<\/h3>\n<p data-start=\"748\" data-end=\"875\"><span style=\"color: #ff0000;\"><strong>\u2717<\/strong> <\/span>Zwei-Personen-Rafting (gegen Geb\u00fchr)<br data-start=\"778\" data-end=\"781\" \/><span style=\"color: #ff0000;\"><strong>\u2717<\/strong> <\/span>Fotos und Videos<br data-start=\"822\" data-end=\"825\" \/><span style=\"color: #ff0000;\"><strong>\u2717<\/strong> <\/span>Getr\u00e4nke<br data-start=\"833\" data-end=\"836\" \/><span style=\"color: #ff0000;\"><strong>\u2717<\/strong> <\/span>Optionale Aktivit\u00e4ten (z. B. Zipline)<\/p>\n<h3 data-start=\"877\" data-end=\"902\">\ud83c\udf1f H\u00f6hepunkte der Tour<\/h3>\n<p data-start=\"903\" data-end=\"1148\">\ud83d\udd39 Aufregende 14 km Raftingstrecke mit 10 Stromschnellen<br data-start=\"950\" data-end=\"953\" \/>\ud83d\udd39 Kristallklares Wasser der K\u00f6pr\u00fcl\u00fc-Schlucht<br data-start=\"991\" data-end=\"994\" \/>\ud83d\udd39 Badepausen in ruhigen Gebieten<br data-start=\"1026\" data-end=\"1029\" \/>\ud83d\udd39 Mittagessen am Fluss<br data-start=\"1047\" data-end=\"1050\" \/>\ud83d\udd39 Optionale Aktivit\u00e4ten wie Zipline oder Tauchen<br data-start=\"1090\" data-end=\"1093\" \/>\ud83d\udd39 Professionelle Ausbilder und vollst\u00e4ndige Sicherheitsausr\u00fcstung<\/p>\n<h3 data-start=\"1150\" data-end=\"1176\">\ud83d\udcd6 Vollst\u00e4ndige Beschreibung<\/h3>\n<p data-start=\"1177\" data-end=\"1753\">Sie verlassen Ihr Hotel in Antalya und fahren zum K\u00f6pr\u00fcl\u00fc-Canyon-Nationalpark, der im Herzen des Taurusgebirges liegt. Nach der Ankunft erhalten Sie von Ihren Reiseleitern Sicherheitsanweisungen und eine Ausr\u00fcstung, bevor Sie sich auf eine aufregende 14 km lange Raftingstrecke begeben.<br data-start=\"1429\" data-end=\"1432\" \/>Genie\u00dfen Sie die perfekte Mischung aus Aufregung und Entspannung - paddeln Sie durch 10 Stromschnellen, schwimmen Sie im Fluss und machen Sie eine Pause zum Zipline oder Tauchen (optional, gegen Aufpreis). Ein k\u00f6stliches Mittagessen wird in einem Restaurant am Flussufer serviert.<br data-start=\"1646\" data-end=\"1649\" \/>Nach Beendigung der Tour k\u00f6nnen Sie Ihre Fotos und Videos ansehen, bevor Sie zu Ihrem Hotel zur\u00fcckkehren.<\/p>\n<h3 data-start=\"1755\" data-end=\"1780\">\ud83d\uddfa\ufe0f Reiseverlauf<\/h3>\n<p data-start=\"1781\" data-end=\"2060\">\ud83d\udd39 Abholung aus Antalya und Umgebung<br data-start=\"1820\" data-end=\"1823\" \/>\ud83d\udd39 Ankunft am St\u00fctzpunkt K\u00f6pr\u00fcl\u00fc Canyon<br data-start=\"1856\" data-end=\"1859\" \/>\ud83d\udd39 Sicherheitseinweisung und Ausr\u00fcstungspr\u00fcfung<br data-start=\"1895\" data-end=\"1898\" \/>\ud83d\udd39 Rafting 14 km (10 Stromschnellen)<br data-start=\"1926\" data-end=\"1929\" \/>\ud83d\udd39 Schwimmen und optionale Zipline-Pause<br data-start=\"1967\" data-end=\"1970\" \/>\ud83d\udd39 Mittagessen am Fluss<br data-start=\"1991\" data-end=\"1994\" \/>\ud83d\udd39 Rafting bis zur Ziellinie fortsetzen<br data-start=\"2028\" data-end=\"2031\" \/>\ud83d\udd39 Zur\u00fcck zu Antalya Hotels<\/p>\n<h3 data-start=\"2062\" data-end=\"2090\">\u2139\ufe0f N\u00fctzliche Informationen<\/h3>\n<p data-start=\"2091\" data-end=\"2353\">\ud83d\udd39 Dauer: ~7-8 Stunden<br data-start=\"2114\" data-end=\"2117\" \/>\ud83d\udd39 Keine Schwimmerfahrung erforderlich<br data-start=\"2151\" data-end=\"2154\" \/>\ud83d\udd39 10-Personen-Rafting im Lieferumfang enthalten; 2-Personen-Rafting optional<br data-start=\"2206\" data-end=\"2209\" \/>\ud83d\udd39 Wasserschuhe und Zubeh\u00f6r zum Kauf erh\u00e4ltlich<br data-start=\"2260\" data-end=\"2263\" \/>\ud83d\udd39 Geeignet f\u00fcr 6-70 Jahre<br data-start=\"2288\" data-end=\"2291\" \/>\ud83d\udd39 Kinder unter 5 Jahren fahren kostenlos (geteilter Sitzplatz, wenn der Bus voll ist)<\/p>\n<h3 data-start=\"2355\" data-end=\"2378\">\ud83c\udf92 Was Sie mitbringen sollten<\/h3>\n<p data-start=\"2379\" data-end=\"2486\">\ud83d\udd39 Badeanzug, Handtuch und Wechselkleidung<br data-start=\"2420\" data-end=\"2423\" \/>\ud83d\udd39 Sonnenschutzmittel<br data-start=\"2435\" data-end=\"2438\" \/>\ud83d\udd39 Wasserschuhe<br data-start=\"2452\" data-end=\"2455\" \/>\ud83d\udd39 Bargeld f\u00fcr pers\u00f6nliche Ausgaben<\/p>\n<h3 data-start=\"2488\" data-end=\"2514\">\ud83d\udeab Nicht geeignet f\u00fcr<\/h3>\n<p data-start=\"2515\" data-end=\"2633\">\ud83d\udd39 Schwangere Frauen<br data-start=\"2532\" data-end=\"2535\" \/>\ud83d\udd39 Menschen mit Herzproblemen<br data-start=\"2564\" data-end=\"2567\" \/>\ud83d\udd39 Kinder unter 4 Jahren<br data-start=\"2586\" data-end=\"2589\" \/>\ud83d\udd39 Reisende \u00fcber 70<br data-start=\"2609\" data-end=\"2612\" \/>\ud83d\udd39 Rollstuhlfahrer<\/p>\n<h3 data-start=\"2688\" data-end=\"2715\">\ud83d\udcb8 Preis und Buchung<\/h3>\n<p data-start=\"2716\" data-end=\"2833\"><strong>\ud83d\udd39 Jetzt buchen - am Tag der Tour bezahlen<\/strong><br data-start=\"2756\" data-end=\"2759\" \/>Kontaktiere uns \u00fcber WhatsApp, Telegram oder Viber, um deinen Platz zu reservieren \ud83d\udc47\ud83c\udffc<\/p>","protected":false},"excerpt":{"rendered":"<p>Buchen Sie Ihr spannendes <b>Rafting-Tagesausflug<\/b> von <b>Antalya<\/b>! Navigieren Sie <b>14 km<\/b> von Stromschnellen in <b>K\u00f6pr\u00fcl\u00fc-Schlucht<\/b>. Perfekt f\u00fcr <b>Anf\u00e4nger<\/b>! <b>Mittagessen<\/b> und <b>\u00dcbertragung<\/b> enthalten.<\/p>","protected":false},"featured_media":12670,"comment_status":"open","ping_status":"closed","template":"","meta":[],"product_brand":[],"product_cat":[125],"product_tag":[107],"class_list":{"0":"post-15432","1":"product","2":"type-product","3":"status-publish","4":"has-post-thumbnail","6":"tour_phys-antalya-tours","7":"product_cat-antalya-tours","8":"product_tag-antalya","9":"pa_destination-antalya-tours","11":"first","12":"instock","13":"sale","14":"shipping-taxable","15":"purchasable","16":"product-type-tour_phys"},"aioseo_notices":[],"_links":{"self":[{"href":"https:\/\/excursionsworld.com\/de\/wp-json\/wp\/v2\/product\/15432","targetHints":{"allow":["GET"]}}],"collection":[{"href":"https:\/\/excursionsworld.com\/de\/wp-json\/wp\/v2\/product"}],"about":[{"href":"https:\/\/excursionsworld.com\/de\/wp-json\/wp\/v2\/types\/product"}],"replies":[{"embeddable":true,"href":"https:\/\/excursionsworld.com\/de\/wp-json\/wp\/v2\/comments?post=15432"}],"wp:featuredmedia":[{"embeddable":true,"href":"https:\/\/excursionsworld.com\/de\/wp-json\/wp\/v2\/media\/12670"}],"wp:attachment":[{"href":"https:\/\/excursionsworld.com\/de\/wp-json\/wp\/v2\/media?parent=15432"}],"wp:term":[{"taxonomy":"product_brand","embeddable":true,"href":"https:\/\/excursionsworld.com\/de\/wp-json\/wp\/v2\/product_brand?post=15432"},{"taxonomy":"product_cat","embeddable":true,"href":"https:\/\/excursionsworld.com\/de\/wp-json\/wp\/v2\/product_cat?post=15432"},{"taxonomy":"product_tag","embeddable":true,"href":"https:\/\/excursionsworld.com\/de\/wp-json\/wp\/v2\/product_tag?post=15432"}],"curies":[{"name":"wp","href":"https:\/\/api.w.org\/{rel}","templated":true}]}}