{"id":15433,"date":"2025-10-28T12:06:28","date_gmt":"2025-10-28T09:06:28","guid":{"rendered":"https:\/\/excursionsworld.com\/?post_type=product&#038;p=15433"},"modified":"2026-03-02T19:52:44","modified_gmt":"2026-03-02T16:52:44","slug":"rafting-koprulu-canyon-belek","status":"publish","type":"product","link":"https:\/\/excursionsworld.com\/tours\/rafting-koprulu-canyon-belek\/","title":{"rendered":"Rafting Tour im K\u00f6pr\u00fcl\u00fc Canyon ab Belek \u2013 Ganzt\u00e4giges Abenteuer"},"content":{"rendered":"<h3 data-start=\"2875\" data-end=\"2896\">\ud83d\udea3\u200d\u2642\ufe0f \u00dcberblick<\/h3>\n<p data-start=\"2897\" data-end=\"3130\">Machen Sie sich bereit f\u00fcr eine aufregende <strong data-start=\"2923\" data-end=\"2962\">Rafting-Abenteuer in der K\u00f6pr\u00fcl\u00fc-Schlucht<\/strong> mit Transfers von <strong data-start=\"2983\" data-end=\"3016\">Belek, Kadriye und Bo\u011fazkent<\/strong>! Durchqueren Sie 10 Stromschnellen auf 14 km, schwimmen Sie in ruhigen Gew\u00e4ssern und genie\u00dfen Sie ein leckeres Mittagessen am Flussufer, umgeben von Bergen.<\/p>\n<h3 data-start=\"3132\" data-end=\"3147\">Inbegriffen:<\/h3>\n<p data-start=\"3148\" data-end=\"3259\"><span style=\"color: #00ff00;\"><strong>\u2713<\/strong> <\/span>Abholung vom Hotel und R\u00fccktransport<br data-start=\"3175\" data-end=\"3178\" \/><span style=\"color: #00ff00;\"><strong>\u2713<\/strong> <\/span>Klimatisierter Transport<br data-start=\"3205\" data-end=\"3208\" \/><span style=\"color: #00ff00;\"><strong>\u2713<\/strong> <\/span>10-Personen-Fl\u00f6\u00dfe<br data-start=\"3225\" data-end=\"3228\" \/><span style=\"color: #00ff00;\"><strong>\u2713<\/strong> <\/span>Leitfaden &amp; Versicherung<br data-start=\"3247\" data-end=\"3250\" \/><span style=\"color: #00ff00;\"><strong>\u2713<\/strong> <\/span>Mittagessen<\/p>\n<h3 data-start=\"3261\" data-end=\"3280\">Nicht inbegriffen:<\/h3>\n<p data-start=\"3281\" data-end=\"3391\"><strong><span style=\"color: #ff0000;\">\u2717<\/span> <\/strong>Zwei-Personen-Rafting (gegen Geb\u00fchr)<br data-start=\"3311\" data-end=\"3314\" \/><strong><span style=\"color: #ff0000;\">\u2717<\/span> <\/strong>Fotos und Videos<br data-start=\"3333\" data-end=\"3336\" \/><strong><span style=\"color: #ff0000;\">\u2717<\/span> <\/strong>Getr\u00e4nke<br data-start=\"3344\" data-end=\"3347\" \/><strong><span style=\"color: #ff0000;\">\u2717<\/span> <\/strong>Seilbahn (optional)<br data-start=\"3367\" data-end=\"3370\" \/><strong><span style=\"color: #ff0000;\">\u2717<\/span> <\/strong>Pers\u00f6nliche Ausgaben<\/p>\n<h3 data-start=\"3393\" data-end=\"3418\">\ud83c\udf1f H\u00f6hepunkte der Tour<\/h3>\n<p data-start=\"3419\" data-end=\"3613\">\ud83d\udd39 14 km Rafting-Abenteuer mit 10 Stromschnellen<br data-start=\"3460\" data-end=\"3463\" \/>\ud83d\udd39 Landschaftliche K\u00f6pr\u00fcl\u00fc-Schlucht<br data-start=\"3498\" data-end=\"3501\" \/>\ud83d\udd39 Schwimmen in t\u00fcrkisfarbenen Fl\u00fcssen<br data-start=\"3532\" data-end=\"3535\" \/>\ud83d\udd39 Mittagessen am Fluss und Rastpl\u00e4tze<br data-start=\"3568\" data-end=\"3571\" \/>\ud83d\udd39 Optionale Aktivit\u00e4ten wie Zipline oder Tauchen<\/p>\n<h3 data-start=\"3615\" data-end=\"3641\">\ud83d\udcd6 Vollst\u00e4ndige Beschreibung<\/h3>\n<p data-start=\"3642\" data-end=\"4009\">Sie verlassen Belek und genie\u00dfen eine malerische Fahrt durch das Taurusgebirge zum K\u00f6pr\u00fcl\u00fc-Canyon-Nationalpark. Nach einer kurzen Sicherheitseinweisung beginnen Sie Ihre 14 km lange Rafting-Tour.<br data-start=\"3822\" data-end=\"3825\" \/>Paddeln Sie durch aufregende Stromschnellen, schwimmen Sie in ruhigen Abschnitten, und genie\u00dfen Sie ein Mittagessen am Flussufer. Legen Sie optional Pausen an der Seilrutsche oder beim Tauchen ein, bevor Sie Ihr Abenteuer beenden und zur\u00fcck nach Belek fahren.<\/p>\n<h3 data-start=\"4011\" data-end=\"4036\">\ud83d\uddfa\ufe0f Reiseverlauf<\/h3>\n<p data-start=\"4037\" data-end=\"4227\">\ud83d\udd39 Abholung von Belek, Kadriye, Bo\u011fazkent<br data-start=\"4077\" data-end=\"4080\" \/>\ud83d\udd39 Fahrt zur K\u00f6pr\u00fcl\u00fc-Schlucht<br data-start=\"4106\" data-end=\"4109\" \/>\ud83d\udd39 Sicherheitseinweisung und Beginn der Rafting-Tour<br data-start=\"4143\" data-end=\"4146\" \/>\ud83d\udd39 Schwimmen und Fotopausen<br data-start=\"4174\" data-end=\"4177\" \/>\ud83d\udd39 Mittagessen am Fluss<br data-start=\"4195\" data-end=\"4198\" \/>\ud83d\udd39 R\u00fccktransfer nach Belek<\/p>\n<h3 data-start=\"4229\" data-end=\"4257\">\u2139\ufe0f N\u00fctzliche Informationen<\/h3>\n<p data-start=\"4258\" data-end=\"4424\">\ud83d\udd39 Dauer: 7-8 Stunden<br data-start=\"4280\" data-end=\"4283\" \/>\ud83d\udd39 Einsteigerfreundliche Tour<br data-start=\"4308\" data-end=\"4311\" \/>\ud83d\udd39 Optional erh\u00e4ltliche 2-Personen-Raftings<br data-start=\"4347\" data-end=\"4350\" \/>\ud83d\udd39 Bringen Sie Bargeld f\u00fcr Extras mit<br data-start=\"4374\" data-end=\"4377\" \/>Kinder unter 5 Jahren reisen kostenlos (geteilter Sitzplatz)<\/p>\n<h3 data-start=\"4426\" data-end=\"4449\">\ud83c\udf92 Was Sie mitbringen sollten<\/h3>\n<p data-start=\"4450\" data-end=\"4527\">\ud83d\udd39 Badeanzug, Handtuch, Sonnenschutzmittel<br data-start=\"4479\" data-end=\"4482\" \/>\ud83d\udd39 Wasserschuhe<br data-start=\"4496\" data-end=\"4499\" \/>\ud83d\udd39 Zus\u00e4tzliche Kleidung<br data-start=\"4515\" data-end=\"4518\" \/>\ud83d\udd39 Bargeld<\/p>\n<h3 data-start=\"4529\" data-end=\"4555\">\ud83d\udeab Nicht geeignet f\u00fcr<\/h3>\n<p data-start=\"4556\" data-end=\"4635\">\ud83d\udd39 Schwangere Frauen<br data-start=\"4573\" data-end=\"4576\" \/>\ud83d\udd39 Herzpatienten<br data-start=\"4593\" data-end=\"4596\" \/>\ud83d\udd39 Kinder unter 4 Jahren<br data-start=\"4611\" data-end=\"4614\" \/>\ud83d\udd39 Rollstuhlfahrer<\/p>\n<h3 data-start=\"4637\" data-end=\"4664\">\ud83d\udcb8 Preis und Buchung<\/h3>\n<p data-start=\"4665\" data-end=\"4749\">\ud83d\udd39 Jetzt buchen - vor Ort bezahlen<br data-start=\"4693\" data-end=\"4696\" \/>\ud83d\udd39 Kontaktiere uns \u00fcber WhatsApp, Telegram oder Viber \ud83d\udc47\ud83c\udffc<\/p>","protected":false},"excerpt":{"rendered":"<p>Buchen Sie die <b>Belek Rafting Tour<\/b>! Ganzt\u00e4gig <b>Abenteuer<\/b> in den 14 km langen Stromschnellen des K\u00f6pr\u00fcl\u00fc Canyon. Einsteigerfreundlich. Enth\u00e4lt <b>Mittagessen &amp; Transfer<\/b>. Zipline optional!<\/p>","protected":false},"featured_media":12670,"comment_status":"open","ping_status":"closed","template":"","meta":[],"product_brand":[],"product_cat":[126],"product_tag":[120],"class_list":{"0":"post-15433","1":"product","2":"type-product","3":"status-publish","4":"has-post-thumbnail","6":"tour_phys-belek-tours","7":"product_cat-belek-tours","8":"product_tag-belek","9":"pa_destination-belek-tours","11":"first","12":"instock","13":"sale","14":"shipping-taxable","15":"purchasable","16":"product-type-tour_phys"},"aioseo_notices":[],"_links":{"self":[{"href":"https:\/\/excursionsworld.com\/de\/wp-json\/wp\/v2\/product\/15433","targetHints":{"allow":["GET"]}}],"collection":[{"href":"https:\/\/excursionsworld.com\/de\/wp-json\/wp\/v2\/product"}],"about":[{"href":"https:\/\/excursionsworld.com\/de\/wp-json\/wp\/v2\/types\/product"}],"replies":[{"embeddable":true,"href":"https:\/\/excursionsworld.com\/de\/wp-json\/wp\/v2\/comments?post=15433"}],"wp:featuredmedia":[{"embeddable":true,"href":"https:\/\/excursionsworld.com\/de\/wp-json\/wp\/v2\/media\/12670"}],"wp:attachment":[{"href":"https:\/\/excursionsworld.com\/de\/wp-json\/wp\/v2\/media?parent=15433"}],"wp:term":[{"taxonomy":"product_brand","embeddable":true,"href":"https:\/\/excursionsworld.com\/de\/wp-json\/wp\/v2\/product_brand?post=15433"},{"taxonomy":"product_cat","embeddable":true,"href":"https:\/\/excursionsworld.com\/de\/wp-json\/wp\/v2\/product_cat?post=15433"},{"taxonomy":"product_tag","embeddable":true,"href":"https:\/\/excursionsworld.com\/de\/wp-json\/wp\/v2\/product_tag?post=15433"}],"curies":[{"name":"wp","href":"https:\/\/api.w.org\/{rel}","templated":true}]}}