{"id":15436,"date":"2025-10-28T12:30:04","date_gmt":"2025-10-28T09:30:04","guid":{"rendered":"https:\/\/excursionsworld.com\/?post_type=product&#038;p=15436"},"modified":"2026-03-02T19:51:34","modified_gmt":"2026-03-02T16:51:34","slug":"tazi-canyon-rafting-jeep-antalya","status":"publish","type":"product","link":"https:\/\/excursionsworld.com\/tours\/tazi-canyon-rafting-jeep-antalya\/","title":{"rendered":"Taz\u0131 Canyon Rafting Tour ab Antalya mit Jeep Safari &amp; Zipline"},"content":{"rendered":"<h3 dir=\"ltr\" data-pm-slice=\"1 1 []\"><strong>\ud83c\udfde\ufe0f \u00dcberblick<\/strong><\/h3>\n<p dir=\"ltr\">Begeben Sie sich auf ein aufregendes Abenteuer mit Abholung vom Hotel in Antalya und R\u00fccktransport. Genie\u00dfen Sie eine aufregende Jeepsafari durch das Taurusgebirge, besuchen Sie die atemberaubende Taz\u0131-Schlucht und erleben Sie optional Rafting in der K\u00f6pr\u00fcl\u00fc-Schlucht. Perfekt f\u00fcr Naturliebhaber und Nervenkitzel-Suchende!<\/p>\n<h3 dir=\"ltr\"><strong>Inbegriffen:<\/strong><\/h3>\n<div dir=\"ltr\"><span style=\"color: #00ff00;\"><strong>\u2713<\/strong><\/span> Abholung vom Hotel und R\u00fccktransport<br \/>\n<span style=\"color: #00ff00;\"><strong>\u2713 <\/strong><\/span>Komfortabler klimatisierter Bus<br \/>\n<span style=\"color: #00ff00;\"><strong>\u2713 <\/strong><\/span>Safari mit offenem Gel\u00e4ndewagen<br \/>\n<span style=\"color: #00ff00;\"><strong>\u2713 <\/strong><\/span>Rafting auf 10-Personen-Raftings<br \/>\n<span style=\"color: #00ff00;\"><strong>\u2713 <\/strong><\/span>Versicherung<br \/>\n<span style=\"color: #00ff00;\"><strong>\u2713 <\/strong><\/span>Leitfaden<br \/>\n<span style=\"color: #00ff00;\"><strong>\u2713 <\/strong><\/span>Mittagessen<\/div>\n<div dir=\"ltr\"><span style=\"color: #00ff00;\"><strong>\u2713 <\/strong><\/span>Zipline<\/div>\n<h3 dir=\"ltr\"><strong>Nicht inbegriffen:<\/strong><\/h3>\n<p dir=\"ltr\"><span style=\"color: #ff0000;\"><strong>\u2717<\/strong><\/span> 2-Personen-Kajaks (gegen Geb\u00fchr)<br \/>\n<span style=\"color: #ff0000;\"><strong>\u2717 <\/strong><\/span>Fotos und Videos<br \/>\n<span style=\"color: #ff0000;\"><strong>\u2717 <\/strong><\/span>Getr\u00e4nke<\/p>\n<h3 dir=\"ltr\"><strong>\ud83c\udf1f H\u00f6hepunkte der Tour<\/strong><\/h3>\n<p dir=\"ltr\">Jeepsafari durch das malerische Taurusgebirge<br \/>\n\ud83d\udd39 Atemberaubende Aussicht auf den Taz\u0131 Canyon (\u201cEagle's Nest\u201d)<br \/>\n\ud83d\udd39 Optionales Rafting in den Stromschnellen der K\u00f6pr\u00fcl\u00fc-Schlucht<br \/>\n\ud83d\udd39 Panoramafotostopps<br \/>\n\ud83d\udd39K\u00f6stliches Mittagessen am Flussufer<br \/>\n\ud83d\udd39Bequeme Transfers von Antalya<\/p>\n<h3 dir=\"ltr\"><strong>\ud83d\udcd6 Vollst\u00e4ndige Beschreibung<\/strong><\/h3>\n<div dir=\"ltr\">Die Tour beginnt mit einem Transfer von Ihrem Hotel in Antalya oder Umgebung, gefolgt von einer aufregenden Jeepsafari durch das Taurusgebirge. Der erste Halt ist ein St\u00fctzpunkt am Fluss in der K\u00f6pr\u00fcl\u00fc-Schlucht, wo Sie w\u00e4hlen k\u00f6nnen, ob Sie raften oder am Wasser entspannen m\u00f6chten. Das Rafting beinhaltet eine komplette Ausr\u00fcstung und eine Einweisung - Erfahrung ist nicht erforderlich.<\/div>\n<div dir=\"ltr\">Anschlie\u00dfend steigen Sie in einen offenen Jeep und fahren zum Taz\u0131 Canyon, der f\u00fcr seine dramatischen Klippen bekannt ist. Genie\u00dfen Sie die freie Zeit am Aussichtspunkt f\u00fcr Fotos und Entspannung (das Betreten der Schlucht ist aus Sicherheitsgr\u00fcnden verboten).<\/div>\n<div dir=\"ltr\">R\u00fcckkehr zum K\u00f6pr\u00fcl\u00fc-Canyon f\u00fcr die Haupt-Rafting-Session (wenn Sie sich daf\u00fcr entschieden haben), bei der Sie Stromschnellen mit Pausen zum Schwimmen und Fotografieren befahren. Die Tour endet mit einem leckeren Mittagessen am Flussufer und der R\u00fcckkehr zu Ihrem Hotel.<\/div>\n<h3 dir=\"ltr\"><strong>\ud83d\uddfa\ufe0f Reiseverlauf<\/strong><\/h3>\n<p dir=\"ltr\">\ud83d\udd39 Abholung von Hotels in Antalya<br \/>\n\ud83d\udd39 Jeep-Safari durch das Taurusgebirge<br \/>\n\ud83d\udd39 Halt an der K\u00f6pr\u00fcl\u00fc-Schlucht (wahlweise Rafting oder Entspannung)<br \/>\n\ud83d\udd39 Fahrt mit dem offenen Jeep zum Taz\u0131 Canyon<br \/>\n\ud83d\udd39 Freie Zeit am Aussichtspunkt Taz\u0131 Canyon<br \/>\n\ud83d\udd39 Haupt-Rafting in der K\u00f6pr\u00fcl\u00fc-Schlucht (falls gew\u00e4hlt)<br \/>\n\ud83d\udd39 Mittagessen am Fluss<br \/>\n\ud83d\udd39 R\u00fcckkehr zum Hotel<\/p>\n<h3 dir=\"ltr\"><strong>\u2139\ufe0f N\u00fctzliche Informationen<\/strong><\/h3>\n<p dir=\"ltr\">\ud83d\udd39 Dauer: ~8-9 Stunden<br \/>\n\ud83d\udd39 Zum Rafting sind keine Schwimmkenntnisse erforderlich<br \/>\n\ud83d\udd39 10-Personen-Rafting im Preis inbegriffen; 2-Personen-Kajaks gegen Aufpreis<br \/>\n\ud83d\udd39 Wasserschuhe, Brillenb\u00e4nder und wasserdichte Etuis k\u00f6nnen in der Basis erworben werden.<br \/>\n\ud83d\udd39 Kinder mit Freikarten erhalten keinen eigenen Sitzplatz im Bus und m\u00fcssen auf dem Scho\u00df eines Erwachsenen sitzen<br \/>\n\ud83d\udd39 M\u00e4\u00dfige bis starke k\u00f6rperliche Aktivit\u00e4t (Rafting und Wandern)<br \/>\n\ud83d\udd39 Kinder unter 6 Jahren, die kostenlos reisen, haben keinen eigenen Sitzplatz im Bus. Wenn der Bus voll ist, sitzen sie auf dem Scho\u00df eines Erwachsenen, oder es kann ein eigener Sitzplatz gebucht werden<\/p>\n<h3 dir=\"ltr\"><strong>\ud83c\udf92 Was Sie mitbringen sollten<\/strong><\/h3>\n<p dir=\"ltr\">\ud83d\udd39 Badeanzug und Handtuch<br \/>\n\ud83d\udd39 Sonnenschutzmittel und Wasserschuhe<br \/>\n\ud83d\udd39 Wechseln der Kleidung f\u00fcr die Zeit nach dem Raften<br \/>\n\ud83d\udd39 Bargeld f\u00fcr pers\u00f6nliche Ausgaben<\/p>\n<h3 dir=\"ltr\"><strong>\ud83d\udeab Nicht geeignet f\u00fcr<\/strong><\/h3>\n<p dir=\"ltr\">\ud83d\udd39 Menschen mit Herzerkrankungen<br \/>\n\ud83d\udd39 Reisende \u00fcber 70 Jahre<br \/>\n\ud83d\udd39 Schwangere Frauen<br \/>\n\ud83d\udd39 Kinder unter 4 Jahren<br \/>\n\ud83d\udd39 Rollstuhlfahrer oder Menschen mit eingeschr\u00e4nkter Mobilit\u00e4t<\/p>\n<h3 data-start=\"2831\" data-end=\"2858\">\ud83d\udcb8 Preis und Buchung<\/h3>\n<p data-start=\"2859\" data-end=\"2995\"><strong>\ud83d\udd39 Jetzt buchen, am Tag der Tour bezahlen<\/strong><br data-start=\"2898\" data-end=\"2901\" \/>\ud83d\udd39 Kontaktieren Sie uns \u00fcber <strong data-start=\"2919\" data-end=\"2931\">WhatsApp<\/strong>, <strong data-start=\"2933\" data-end=\"2945\">Telegramm<\/strong>, <strong data-start=\"2947\" data-end=\"2956\">Viber<\/strong>, oder f\u00fcllen Sie das untenstehende Buchungsformular aus. \ud83d\udc47\ud83c\udffc<\/p>","protected":false},"excerpt":{"rendered":"<p>Die ultimative <b>Abenteuer Tagesausflug<\/b>! Buchen Sie <b>Taz\u0131 Canyon Jeep-Safari<\/b> &amp; <b>Rafting<\/b> <b>Ausflug<\/b> von <b>Antalya<\/b>. Erforsche Klippen und erlebe Nervenkitzel auf Stromschnellen! <b>\u00dcbertragung<\/b> enthalten.<\/p>","protected":false},"featured_media":12667,"comment_status":"open","ping_status":"closed","template":"","meta":[],"product_brand":[],"product_cat":[125],"product_tag":[107],"class_list":{"0":"post-15436","1":"product","2":"type-product","3":"status-publish","4":"has-post-thumbnail","6":"tour_phys-antalya-tours","7":"product_cat-antalya-tours","8":"product_tag-antalya","9":"pa_destination-antalya-tours","11":"first","12":"instock","13":"sale","14":"shipping-taxable","15":"purchasable","16":"product-type-tour_phys"},"aioseo_notices":[],"_links":{"self":[{"href":"https:\/\/excursionsworld.com\/de\/wp-json\/wp\/v2\/product\/15436","targetHints":{"allow":["GET"]}}],"collection":[{"href":"https:\/\/excursionsworld.com\/de\/wp-json\/wp\/v2\/product"}],"about":[{"href":"https:\/\/excursionsworld.com\/de\/wp-json\/wp\/v2\/types\/product"}],"replies":[{"embeddable":true,"href":"https:\/\/excursionsworld.com\/de\/wp-json\/wp\/v2\/comments?post=15436"}],"wp:featuredmedia":[{"embeddable":true,"href":"https:\/\/excursionsworld.com\/de\/wp-json\/wp\/v2\/media\/12667"}],"wp:attachment":[{"href":"https:\/\/excursionsworld.com\/de\/wp-json\/wp\/v2\/media?parent=15436"}],"wp:term":[{"taxonomy":"product_brand","embeddable":true,"href":"https:\/\/excursionsworld.com\/de\/wp-json\/wp\/v2\/product_brand?post=15436"},{"taxonomy":"product_cat","embeddable":true,"href":"https:\/\/excursionsworld.com\/de\/wp-json\/wp\/v2\/product_cat?post=15436"},{"taxonomy":"product_tag","embeddable":true,"href":"https:\/\/excursionsworld.com\/de\/wp-json\/wp\/v2\/product_tag?post=15436"}],"curies":[{"name":"wp","href":"https:\/\/api.w.org\/{rel}","templated":true}]}}