{"id":15438,"date":"2025-10-28T12:44:00","date_gmt":"2025-10-28T09:44:00","guid":{"rendered":"https:\/\/excursionsworld.com\/?post_type=product&#038;p=15438"},"modified":"2026-03-02T19:50:29","modified_gmt":"2026-03-02T16:50:29","slug":"tazi-canyon-rafting-jeep-belek","status":"publish","type":"product","link":"https:\/\/excursionsworld.com\/tours\/tazi-canyon-rafting-jeep-belek\/","title":{"rendered":"Taz\u0131 Canyon, Rafting &amp; Jeep Safari Kombi-Ausflug ab Belek"},"content":{"rendered":"<h3>\ud83c\udfde\ufe0f \u00dcberblick<\/h3>\n<p data-start=\"225\" data-end=\"532\">Begeben Sie sich auf ein aufregendes Abenteuer mit Abholung vom Hotel und R\u00fccktransport von <strong data-start=\"297\" data-end=\"330\">Belek, Kadriye und Bo\u011fazkent<\/strong>. Genie\u00dfen Sie eine aufregende Jeepsafari durch das Taurusgebirge, besuchen Sie die atemberaubende <strong data-start=\"415\" data-end=\"430\">Taz\u0131-Schlucht<\/strong>, und erleben Sie optional Rafting in <strong data-start=\"467\" data-end=\"485\">K\u00f6pr\u00fcl\u00fc-Schlucht<\/strong>. Eine perfekte Mischung aus Adrenalin, Natur und Spa\u00df!<\/p>\n<h3 data-start=\"534\" data-end=\"715\"><strong data-start=\"534\" data-end=\"547\">Inbegriffen:<\/strong><\/h3>\n<p data-start=\"534\" data-end=\"715\"><span style=\"color: #00ff00;\"><strong>\u2713<\/strong> <\/span>Abholung vom Hotel und R\u00fccktransport<br data-start=\"575\" data-end=\"578\" \/><span style=\"color: #00ff00;\"><strong>\u2713<\/strong> <\/span>Komfortabler klimatisierter Bus<br data-start=\"611\" data-end=\"614\" \/><span style=\"color: #00ff00;\"><strong>\u2713<\/strong> <\/span>Safari mit offenem Gel\u00e4ndewagen<br data-start=\"636\" data-end=\"639\" \/><span style=\"color: #00ff00;\"><strong>\u2713<\/strong> <\/span>Rafting auf 10-Personen-Raftings<br data-start=\"667\" data-end=\"670\" \/><span style=\"color: #00ff00;\"><strong>\u2713<\/strong> <\/span>Versicherung<br data-start=\"681\" data-end=\"684\" \/><span style=\"color: #00ff00;\"><strong>\u2713<\/strong> <\/span>Leitfaden<br data-start=\"691\" data-end=\"694\" \/><span style=\"color: #00ff00;\"><strong>\u2713<\/strong> <\/span>Mittagessen<br data-start=\"701\" data-end=\"704\" \/><span style=\"color: #00ff00;\"><strong>\u2713<\/strong> <\/span>Zipline<\/p>\n<h3 data-start=\"717\" data-end=\"823\"><strong data-start=\"717\" data-end=\"734\">Nicht inbegriffen:<\/strong><\/h3>\n<p data-start=\"717\" data-end=\"823\"><span style=\"color: #ff0000;\"><strong>\u2717<\/strong> <\/span>2-Personen-Kajaks (gegen Geb\u00fchr)<br data-start=\"788\" data-end=\"791\" \/><span style=\"color: #ff0000;\"><strong>\u2717<\/strong> <\/span>Fotos und Videos<br data-start=\"810\" data-end=\"813\" \/><span style=\"color: #ff0000;\"><strong>\u2717<\/strong> <\/span>Getr\u00e4nke<\/p>\n<h3 data-start=\"825\" data-end=\"848\">\ud83c\udf1f H\u00f6hepunkte der Tour<\/h3>\n<p data-start=\"849\" data-end=\"1062\">\ud83d\udd39 Jeep-Safari durch das Taurusgebirge<br data-start=\"892\" data-end=\"895\" \/>\ud83d\udd39 Panoramablick auf die Taz\u0131-Schlucht (\u201cEagle's Nest\u201d)<br data-start=\"944\" data-end=\"947\" \/>\ud83d\udd39 Optionales Rafting in der K\u00f6pr\u00fcl\u00fc-Schlucht<br data-start=\"984\" data-end=\"987\" \/>\ud83d\udd39 Landschaftlich reizvolle Fotostopps<br data-start=\"1008\" data-end=\"1011\" \/>\ud83d\udd39 Mittagessen am Fluss<br data-start=\"1029\" data-end=\"1032\" \/>\ud83d\udd39 Transfers aus dem Raum Belek<\/p>\n<h3 data-start=\"1064\" data-end=\"1088\">\ud83d\udcd6 Vollst\u00e4ndige Beschreibung<\/h3>\n<p data-start=\"1089\" data-end=\"1332\">Ihr Tag beginnt mit der Abholung vom Hotel in Belek, Kadriye oder Bo\u011fazkent und der Fahrt in das malerische Taurusgebirge. Genie\u00dfen Sie ein Offroad-Jeep-Abenteuer und erreichen Sie das Basislager in der K\u00f6pr\u00fcl\u00fc-Schlucht. Hier k\u00f6nnen Sie entweder raften oder am Fluss entspannen. Anschlie\u00dfend setzen Sie die Jeepfahrt fort nach <strong data-start=\"1366\" data-end=\"1381\">Taz\u0131-Schlucht<\/strong>, einer der atemberaubendsten Aussichtspunkte der T\u00fcrkei. Genie\u00dfen Sie freie Zeit f\u00fcr Fotos und Besichtigungen. Danach kehren Sie zu einem Rafting-Erlebnis voller Spa\u00df und Spritzwasser zur\u00fcck, gefolgt von einem k\u00f6stlichen Mittagessen am Flussufer, bevor Sie zu Ihrem Hotel zur\u00fcckkehren.<\/p>\n<h3 data-start=\"1619\" data-end=\"1642\">\ud83d\uddfa\ufe0f Reiseverlauf<\/h3>\n<p data-start=\"1643\" data-end=\"1914\">\ud83d\udd39 Abholung von Hotels in Belek, Kadriye, Bo\u011fazkent<br data-start=\"1690\" data-end=\"1693\" \/>\ud83d\udd39 Jeep-Safari durch das Taurusgebirge<br data-start=\"1736\" data-end=\"1739\" \/>\ud83d\udd39 Besuch der K\u00f6pr\u00fcl\u00fc-Schlucht (optionales Rafting)<br data-start=\"1786\" data-end=\"1789\" \/>Fahrt zum Aussichtspunkt Taz\u0131 Canyon<br data-start=\"1821\" data-end=\"1824\" \/>\ud83d\udd39 Freie Zeit f\u00fcr Fotos<br data-start=\"1847\" data-end=\"1850\" \/>\ud83d\udd39 Rafting-Abenteuer<br data-start=\"1870\" data-end=\"1873\" \/>\ud83d\udd39 Mittagessen am Fluss<br data-start=\"1891\" data-end=\"1894\" \/>\ud83d\udd39 R\u00fcckkehr zum Hotel<\/p>\n<h3 data-start=\"1916\" data-end=\"1942\">\u2139\ufe0f N\u00fctzliche Informationen<\/h3>\n<p data-start=\"1943\" data-end=\"2174\">\ud83d\udd39 Dauer: ~8-9 Stunden<br data-start=\"1966\" data-end=\"1969\" \/>\ud83d\udd39 M\u00e4\u00dfige bis hohe k\u00f6rperliche Aktivit\u00e4t<br data-start=\"2006\" data-end=\"2009\" \/>\ud83d\udd39 Keine Erfahrung f\u00fcr Rafting erforderlich<br data-start=\"2044\" data-end=\"2047\" \/>\ud83d\udd39 10-Personen-Rafting inklusive, 2-Personen-Kajaks gegen Aufpreis<br data-start=\"2105\" data-end=\"2108\" \/>Kinder unter 6 Jahren reisen kostenlos (kein separater Sitzplatz ohne Reservierung)<\/p>\n<h3 data-start=\"2176\" data-end=\"2197\">\ud83c\udf92 Was Sie mitbringen sollten<\/h3>\n<p data-start=\"2198\" data-end=\"2303\">\ud83d\udd39 Badeanzug, Handtuch und Sonnenschutzmittel<br data-start=\"2231\" data-end=\"2234\" \/>\ud83d\udd39 Wasserschuhe und Wechselkleidung<br data-start=\"2270\" data-end=\"2273\" \/>\ud83d\udd39 Bargeld f\u00fcr Getr\u00e4nke oder Extras<\/p>\n<h3 data-start=\"2305\" data-end=\"2329\">\ud83d\udeab Nicht geeignet f\u00fcr<\/h3>\n<p data-start=\"2330\" data-end=\"2462\">\ud83d\udd39 Menschen mit Herzerkrankungen<br data-start=\"2361\" data-end=\"2364\" \/>\ud83d\udd39 Schwangere Frauen<br data-start=\"2381\" data-end=\"2384\" \/>\ud83d\udd39 Kinder unter 4 Jahren<br data-start=\"2409\" data-end=\"2412\" \/>\ud83d\udd39 Reisende \u00fcber 70 Jahre<br data-start=\"2438\" data-end=\"2441\" \/>\ud83d\udd39 Rollstuhlfahrer<\/p>\n<h3 data-start=\"2831\" data-end=\"2858\">\ud83d\udcb8 Preis und Buchung<\/h3>\n<p data-start=\"2859\" data-end=\"2995\"><strong>\ud83d\udd39 Jetzt buchen, am Tag der Tour bezahlen<\/strong><br data-start=\"2898\" data-end=\"2901\" \/>\ud83d\udd39 Kontaktieren Sie uns \u00fcber <strong data-start=\"2919\" data-end=\"2931\">WhatsApp<\/strong>, <strong data-start=\"2933\" data-end=\"2945\">Telegramm<\/strong>, <strong data-start=\"2947\" data-end=\"2956\">Viber<\/strong>, oder f\u00fcllen Sie das untenstehende Buchungsformular aus. \ud83d\udc47\ud83c\udffc<\/p>","protected":false},"excerpt":{"rendered":"<p>Buchen Sie die <b>Belek Taz\u0131 Canyon Jeep Safari &amp; Rafting<\/b> Kombi! Ultimatives Ganztagesabenteuer: Erkundung der Klippen und Nervenkitzel in den Stromschnellen des K\u00f6pr\u00fcl\u00fc Canyon. <b>Transfer inklusive<\/b>!<\/p>","protected":false},"featured_media":12667,"comment_status":"open","ping_status":"closed","template":"","meta":[],"product_brand":[],"product_cat":[126],"product_tag":[120],"class_list":{"0":"post-15438","1":"product","2":"type-product","3":"status-publish","4":"has-post-thumbnail","6":"tour_phys-belek-tours","7":"product_cat-belek-tours","8":"product_tag-belek","9":"pa_destination-belek-tours","11":"first","12":"instock","13":"sale","14":"shipping-taxable","15":"purchasable","16":"product-type-tour_phys"},"aioseo_notices":[],"_links":{"self":[{"href":"https:\/\/excursionsworld.com\/de\/wp-json\/wp\/v2\/product\/15438","targetHints":{"allow":["GET"]}}],"collection":[{"href":"https:\/\/excursionsworld.com\/de\/wp-json\/wp\/v2\/product"}],"about":[{"href":"https:\/\/excursionsworld.com\/de\/wp-json\/wp\/v2\/types\/product"}],"replies":[{"embeddable":true,"href":"https:\/\/excursionsworld.com\/de\/wp-json\/wp\/v2\/comments?post=15438"}],"wp:featuredmedia":[{"embeddable":true,"href":"https:\/\/excursionsworld.com\/de\/wp-json\/wp\/v2\/media\/12667"}],"wp:attachment":[{"href":"https:\/\/excursionsworld.com\/de\/wp-json\/wp\/v2\/media?parent=15438"}],"wp:term":[{"taxonomy":"product_brand","embeddable":true,"href":"https:\/\/excursionsworld.com\/de\/wp-json\/wp\/v2\/product_brand?post=15438"},{"taxonomy":"product_cat","embeddable":true,"href":"https:\/\/excursionsworld.com\/de\/wp-json\/wp\/v2\/product_cat?post=15438"},{"taxonomy":"product_tag","embeddable":true,"href":"https:\/\/excursionsworld.com\/de\/wp-json\/wp\/v2\/product_tag?post=15438"}],"curies":[{"name":"wp","href":"https:\/\/api.w.org\/{rel}","templated":true}]}}