{"id":15440,"date":"2025-10-28T13:07:42","date_gmt":"2025-10-28T10:07:42","guid":{"rendered":"https:\/\/excursionsworld.com\/?post_type=product&#038;p=15440"},"modified":"2026-03-02T19:49:35","modified_gmt":"2026-03-02T16:49:35","slug":"tazi-canyon-rafting-jeep-alanya","status":"publish","type":"product","link":"https:\/\/excursionsworld.com\/tours\/tazi-canyon-rafting-jeep-alanya\/","title":{"rendered":"Taz\u0131-Canyon Rafting &amp; Jeep Safari Kombi-Tour ab Alanya"},"content":{"rendered":"<h3><span style=\"color: #000000;\"><strong>\ud83c\udfde\ufe0f \u00dcberblick<\/strong><\/span><\/h3>\n<p data-start=\"2709\" data-end=\"3005\">Abfahren von <strong data-start=\"4918\" data-end=\"4972\">Alanya, Oba, Tosmur, Kestel, Mahmutlar oder Konakl\u0131<\/strong> f\u00fcr einen aufregenden Tag in der Natur! Genie\u00dfen Sie eine Jeepsafari durch das Taurusgebirge, bewundern Sie die dramatische <strong data-start=\"5074\" data-end=\"5089\">Taz\u0131-Schlucht<\/strong>, und erleben Sie optional Rafting in <strong data-start=\"5126\" data-end=\"5144\">K\u00f6pr\u00fcl\u00fc-Schlucht<\/strong>. Eine perfekte Mischung aus Aufregung und landschaftlicher Sch\u00f6nheit!<\/p>\n<h3 data-start=\"534\" data-end=\"715\"><strong data-start=\"534\" data-end=\"547\">Inbegriffen:<\/strong><\/h3>\n<p data-start=\"534\" data-end=\"715\"><span style=\"color: #00ff00;\"><strong>\u2713<\/strong> <\/span>Abholung vom Hotel und R\u00fccktransport<br data-start=\"575\" data-end=\"578\" \/><span style=\"color: #00ff00;\"><strong>\u2713<\/strong> <\/span>Komfortabler klimatisierter Bus<br data-start=\"611\" data-end=\"614\" \/><span style=\"color: #00ff00;\"><strong>\u2713<\/strong> <\/span>Safari mit offenem Gel\u00e4ndewagen<br data-start=\"636\" data-end=\"639\" \/><span style=\"color: #00ff00;\"><strong>\u2713<\/strong> <\/span>Rafting auf 10-Personen-Raftings<br data-start=\"667\" data-end=\"670\" \/><span style=\"color: #00ff00;\"><strong>\u2713<\/strong> <\/span>Versicherung<br data-start=\"681\" data-end=\"684\" \/><span style=\"color: #00ff00;\"><strong>\u2713<\/strong> <\/span>Leitfaden<br data-start=\"691\" data-end=\"694\" \/><span style=\"color: #00ff00;\"><strong>\u2713<\/strong> <\/span>Mittagessen<br data-start=\"701\" data-end=\"704\" \/><span style=\"color: #00ff00;\"><strong>\u2713<\/strong> <\/span>Zipline<\/p>\n<h3 data-start=\"717\" data-end=\"823\"><strong data-start=\"717\" data-end=\"734\">Nicht inbegriffen:<\/strong><\/h3>\n<p data-start=\"717\" data-end=\"823\"><span style=\"color: #ff0000;\"><strong>\u2717<\/strong> <\/span>2-Personen-Kajaks (gegen Geb\u00fchr)<br data-start=\"766\" data-end=\"769\" \/><span style=\"color: #ff0000;\"><strong>\u2717<\/strong> <\/span>Pers\u00f6nliche Ausgaben<br data-start=\"788\" data-end=\"791\" \/><span style=\"color: #ff0000;\"><strong>\u2717<\/strong> <\/span>Fotos und Videos<br data-start=\"810\" data-end=\"813\" \/><span style=\"color: #ff0000;\"><strong>\u2717<\/strong> <\/span>Getr\u00e4nke<\/p>\n<h3 data-start=\"5483\" data-end=\"5506\"><span style=\"color: #000000;\"><strong>\ud83c\udf1f H\u00f6hepunkte der Tour<\/strong><\/span><\/h3>\n<p data-start=\"5507\" data-end=\"5696\">\ud83d\udd39 Landschaftliche Jeep-Safari durch die Berge<br data-start=\"5550\" data-end=\"5553\" \/>\ud83d\udd39 Atemberaubender Aussichtspunkt der Taz\u0131-Schlucht<br data-start=\"5586\" data-end=\"5589\" \/>\ud83d\udd39 Optionales Rafting-Abenteuer in der K\u00f6pr\u00fcl\u00fc-Schlucht<br data-start=\"5636\" data-end=\"5639\" \/>\ud83d\udd39 Mittagessen am Fluss<br data-start=\"5660\" data-end=\"5663\" \/>\ud83d\udd39 Transfers aus der Region Alanya<\/p>\n<h3 data-start=\"5698\" data-end=\"5722\"><span style=\"color: #000000;\"><strong>\ud83d\udcd6 Vollst\u00e4ndige Beschreibung<\/strong><\/span><\/h3>\n<p data-start=\"5723\" data-end=\"5926\">Nach der Abholung vom Hotel in Alanya oder der n\u00e4heren Umgebung fahren Sie zu den majest\u00e4tischen <strong data-start=\"5799\" data-end=\"5819\">Taurusgebirge<\/strong>. Ihr Abenteuer beginnt mit einer Gel\u00e4ndewagen-Safari durch Pinienw\u00e4lder und charmante Bergd\u00f6rfer. Ankunft in <strong data-start=\"5938\" data-end=\"5956\">K\u00f6pr\u00fcl\u00fc-Schlucht<\/strong> und w\u00e4hlen Sie zwischen Rafting in 10-Personen-Booten oder Entspannung am Wasser. Sp\u00e4ter fahren Sie mit dem Jeep zum <strong data-start=\"6060\" data-end=\"6075\">Taz\u0131-Schlucht<\/strong> Aussichtspunkt, wo Sie einen atemberaubenden Panoramablick genie\u00dfen k\u00f6nnen. Beenden Sie Ihre Tour mit einem k\u00f6stlichen Mittagessen am Flussufer, bevor Sie nach Alanya zur\u00fcckkehren.<\/p>\n<h3 data-start=\"6212\" data-end=\"6235\"><span style=\"color: #000000;\"><strong>\ud83d\uddfa\ufe0f Reiseverlauf<\/strong><\/span><\/h3>\n<p data-start=\"6236\" data-end=\"6478\">Abholung von Alanya, Oba, Tosmur, Kestel, Mahmutlar, Konakl\u0131 Hotels<br data-start=\"6305\" data-end=\"6308\" \/>\ud83d\udd39 Jeep-Safari \u00fcber Bergstra\u00dfen<br data-start=\"6345\" data-end=\"6348\" \/>\ud83d\udd39 Besuch der K\u00f6pr\u00fcl\u00fc-Schlucht (optionales Rafting)<br data-start=\"6395\" data-end=\"6398\" \/>\ud83d\udd39 Fahrt zum Aussichtspunkt Taz\u0131 Canyon<br data-start=\"6431\" data-end=\"6434\" \/>\ud83d\udd39 Mittagessen am Fluss<br data-start=\"6455\" data-end=\"6458\" \/>\ud83d\udd39 R\u00fcck\u00fcberweisung<\/p>\n<h3 data-start=\"6480\" data-end=\"6506\"><span style=\"color: #000000;\"><strong>\u2139\ufe0f N\u00fctzliche Informationen<\/strong><\/span><\/h3>\n<p data-start=\"6507\" data-end=\"6695\">\ud83d\udd39 Dauer: ~9 Stunden (Ganztagestour)<br data-start=\"6544\" data-end=\"6547\" \/>\ud83d\udd39 Keine Rafting-Erfahrung erforderlich<br data-start=\"6580\" data-end=\"6583\" \/>Kinder unter 6 Jahren reisen kostenlos (kein separater Sitzplatz ohne Reservierung)<br data-start=\"6647\" data-end=\"6650\" \/>\ud83d\udd39 Optionale Extras: Seilbahn, 2-Personen-Kajak<\/p>\n<h3 data-start=\"2176\" data-end=\"2197\"><span style=\"color: #000000;\"><strong>\ud83c\udf92 Was Sie mitbringen sollten<\/strong><\/span><\/h3>\n<p data-start=\"2198\" data-end=\"2303\">\ud83d\udd39 Badeanzug, Handtuch und Sonnenschutzmittel<br data-start=\"2231\" data-end=\"2234\" \/>\ud83d\udd39 Wasserschuhe und Wechselkleidung<br data-start=\"2270\" data-end=\"2273\" \/>\ud83d\udd39 Bargeld f\u00fcr Getr\u00e4nke oder Extras<\/p>\n<h3 data-start=\"2305\" data-end=\"2329\"><span style=\"color: #000000;\"><strong>\ud83d\udeab Nicht geeignet f\u00fcr<\/strong><\/span><\/h3>\n<p data-start=\"2330\" data-end=\"2462\">\ud83d\udd39 Menschen mit Herzerkrankungen<br data-start=\"2361\" data-end=\"2364\" \/>\ud83d\udd39 Schwangere Frauen<br data-start=\"2381\" data-end=\"2384\" \/>\ud83d\udd39 Kinder unter 4 Jahren<br data-start=\"2409\" data-end=\"2412\" \/>\ud83d\udd39 Reisende \u00fcber 70 Jahre<br data-start=\"2438\" data-end=\"2441\" \/>\ud83d\udd39 Rollstuhlfahrer<\/p>\n<h3 data-start=\"2831\" data-end=\"2858\"><span style=\"color: #000000;\"><strong>\ud83d\udcb8 Preis und Buchung<\/strong><\/span><\/h3>\n<p data-start=\"2859\" data-end=\"2995\"><strong>\ud83d\udd39 Jetzt buchen, am Tag der Tour bezahlen<\/strong><br data-start=\"2898\" data-end=\"2901\" \/>\ud83d\udd39 Kontaktieren Sie uns \u00fcber <strong data-start=\"2919\" data-end=\"2931\">WhatsApp<\/strong>, <strong data-start=\"2933\" data-end=\"2945\">Telegramm<\/strong>, <strong data-start=\"2947\" data-end=\"2956\">Viber<\/strong>, oder f\u00fcllen Sie das untenstehende Buchungsformular aus. \ud83d\udc47\ud83c\udffc<\/p>","protected":false},"excerpt":{"rendered":"<p>Buchen Sie die <b>Alanya Taz\u0131 Canyon Jeep Safari &amp; Rafting<\/b> Kombi! Ultimatives Ganztagesabenteuer: Erkundung der Klippen und Nervenkitzel in den Stromschnellen des K\u00f6pr\u00fcl\u00fc Canyon. <b>Transfer inklusive<\/b>!<\/p>","protected":false},"featured_media":12667,"comment_status":"open","ping_status":"closed","template":"","meta":[],"product_brand":[],"product_cat":[128],"product_tag":[111],"class_list":{"0":"post-15440","1":"product","2":"type-product","3":"status-publish","4":"has-post-thumbnail","6":"tour_phys-alanya-tours","7":"product_cat-alanya-tours","8":"product_tag-alanya","9":"pa_destination-alanya-tours","11":"first","12":"instock","13":"sale","14":"shipping-taxable","15":"purchasable","16":"product-type-tour_phys"},"aioseo_notices":[],"_links":{"self":[{"href":"https:\/\/excursionsworld.com\/de\/wp-json\/wp\/v2\/product\/15440","targetHints":{"allow":["GET"]}}],"collection":[{"href":"https:\/\/excursionsworld.com\/de\/wp-json\/wp\/v2\/product"}],"about":[{"href":"https:\/\/excursionsworld.com\/de\/wp-json\/wp\/v2\/types\/product"}],"replies":[{"embeddable":true,"href":"https:\/\/excursionsworld.com\/de\/wp-json\/wp\/v2\/comments?post=15440"}],"wp:featuredmedia":[{"embeddable":true,"href":"https:\/\/excursionsworld.com\/de\/wp-json\/wp\/v2\/media\/12667"}],"wp:attachment":[{"href":"https:\/\/excursionsworld.com\/de\/wp-json\/wp\/v2\/media?parent=15440"}],"wp:term":[{"taxonomy":"product_brand","embeddable":true,"href":"https:\/\/excursionsworld.com\/de\/wp-json\/wp\/v2\/product_brand?post=15440"},{"taxonomy":"product_cat","embeddable":true,"href":"https:\/\/excursionsworld.com\/de\/wp-json\/wp\/v2\/product_cat?post=15440"},{"taxonomy":"product_tag","embeddable":true,"href":"https:\/\/excursionsworld.com\/de\/wp-json\/wp\/v2\/product_tag?post=15440"}],"curies":[{"name":"wp","href":"https:\/\/api.w.org\/{rel}","templated":true}]}}