{"id":15447,"date":"2025-10-28T16:02:52","date_gmt":"2025-10-28T13:02:52","guid":{"rendered":"https:\/\/excursionsworld.com\/?post_type=product&#038;p=15447"},"modified":"2025-11-20T18:50:18","modified_gmt":"2025-11-20T15:50:18","slug":"piraten-bootstour-sonnenuntergang-kemer","status":"publish","type":"product","link":"https:\/\/excursionsworld.com\/tours\/kemer-pirate-sunset-boat-tour\/","title":{"rendered":"Kemer: Piraten-Bootfahrt bei Sonnenuntergang \u2013  Alles Inklusive"},"content":{"rendered":"<h3 data-start=\"278\" data-end=\"299\">\ud83c\udff4\u200d\u2620\ufe0f \u00dcberblick<\/h3>\n<p data-start=\"300\" data-end=\"660\">Erleben Sie einen unvergesslichen Abend auf der <strong data-start=\"343\" data-end=\"382\">Gonster Sonnenuntergang Bootsfahrt von Kemer<\/strong> - eine 4-st\u00fcndige All-inclusive-Kreuzfahrt an Bord von Europas gr\u00f6\u00dftem Piratenschiff mit vier Decks. Genie\u00dfen Sie atemberaubende Ausblicke auf den Sonnenuntergang, Badepausen in den Paradies- und Mondscheinbuchten, ein k\u00f6stliches Abendessen vom offenen Buffet, unbegrenzte Getr\u00e4nke und eine ausgelassene Schaumparty - alles an einem magischen Abend im Mittelmeer.<\/p>\n<h3 data-start=\"662\" data-end=\"679\">\u00a0Inbegriffen:<\/h3>\n<p data-start=\"680\" data-end=\"957\"><span style=\"color: #00ff00;\"><strong>\u2713<\/strong> <\/span>Abholung vom Hotel und R\u00fccktransport\u00a0<br data-start=\"735\" data-end=\"738\" \/><span style=\"color: #00ff00;\"><strong>\u2713<\/strong> <\/span>Offenes Buffet zum Abendessen (Huhn, Nudeln, Pilaw, Salate)<br data-start=\"790\" data-end=\"793\" \/><span style=\"color: #00ff00;\"><strong>\u2713<\/strong> <\/span>Unbegrenzt Softdrinks, Bier vom Fass (Tuborg), Rot- und Wei\u00dfwein<br data-start=\"855\" data-end=\"858\" \/><span style=\"color: #00ff00;\"><strong>\u2713<\/strong> <\/span>Schaumparty und Unterhaltung<br data-start=\"888\" data-end=\"891\" \/><span style=\"color: #00ff00;\"><strong>\u2713<\/strong> <\/span>Englisch, Russisch und T\u00fcrkisch sprechende Crew<br data-start=\"936\" data-end=\"939\" \/><span style=\"color: #00ff00;\"><strong>\u2713<\/strong> <\/span>Vollversicherung<\/p>\n<h3 data-start=\"959\" data-end=\"980\">\u00a0Nicht inbegriffen:<\/h3>\n<p data-start=\"981\" data-end=\"1049\"><span style=\"color: #ff0000;\"><strong>\u2717<\/strong> <\/span>Andere alkoholische Getr\u00e4nke<br data-start=\"1005\" data-end=\"1008\" \/><span style=\"color: #ff0000;\"><strong>\u2717<\/strong> <\/span>Pers\u00f6nliche Ausgaben<br data-start=\"1027\" data-end=\"1030\" \/><span style=\"color: #ff0000;\"><strong>\u2717<\/strong> <\/span>Fotos und Videos<\/p>\n<h3 data-start=\"1051\" data-end=\"1076\">\ud83c\udf1f H\u00f6hepunkte der Tour<\/h3>\n<p data-start=\"1077\" data-end=\"1510\">\ud83d\udd39 Weiter segeln <strong data-start=\"1088\" data-end=\"1137\">Europas gr\u00f6\u00dftes 4-Deck-Piratenschiff \u201cGonster\u201d<\/strong> mit Platz f\u00fcr 394 G\u00e4ste<br data-start=\"1163\" data-end=\"1166\" \/>\ud83d\udd39 Genie\u00dfen Sie zwei Badestopps bei <strong data-start=\"1197\" data-end=\"1213\">Paradiesische Bucht<\/strong> und <strong data-start=\"1218\" data-end=\"1235\">Mondscheinbucht<\/strong><br data-start=\"1235\" data-end=\"1238\" \/>\ud83d\udd39 Atemberaubend zuschauen <strong data-start=\"1262\" data-end=\"1286\">Sonnenuntergang am Mittelmeer<\/strong> vom Oberdeck aus<br data-start=\"1304\" data-end=\"1307\" \/>\ud83d\udd39 Schlemmen Sie ein <strong data-start=\"1322\" data-end=\"1344\">offenes Buffet zum Abendessen<\/strong> mit unbegrenzten Getr\u00e4nken<br data-start=\"1366\" data-end=\"1369\" \/>\ud83d\udd39 Tanzen, singen und lachen \u00fcber die <strong data-start=\"1402\" data-end=\"1429\">Schaumparty &amp; Animationen<\/strong><br data-start=\"1429\" data-end=\"1432\" \/>\ud83d\udd39 Perfekt f\u00fcr Paare, Familien und Freunde, die Spa\u00df und Entspannung suchen<\/p>\n<h3 data-start=\"1512\" data-end=\"1538\">\ud83d\udcd6 Vollst\u00e4ndige Beschreibung<\/h3>\n<p data-start=\"1539\" data-end=\"1918\">Die <strong data-start=\"1543\" data-end=\"1571\">Gonster Bootsfahrt bei Sonnenuntergang<\/strong> bietet die perfekte Mischung aus Abenteuer, Entspannung und Unterhaltung.<br data-start=\"1641\" data-end=\"1644\" \/>Nachdem Sie vom Hotel in Kemer und Umgebung abgeholt wurden, gehen Sie im Hafen von Kemer an Bord des majest\u00e4tischen 4-Deck-Piratenschiffs Gonster. W\u00e4hrend das Schiff in das t\u00fcrkisfarbene Wasser des Mittelmeers f\u00e4hrt, genie\u00dfen Sie Ihren ersten Badestopp bei <strong data-start=\"1864\" data-end=\"1880\">Paradiesische Bucht<\/strong>, umgeben von mit Kiefern bewachsenen Felsen.<\/p>\n<p data-start=\"1920\" data-end=\"2131\">Wenn die Sonne untergeht, wird ein <strong data-start=\"1940\" data-end=\"1962\">offenes Buffet zum Abendessen<\/strong> mit traditionellen t\u00fcrkischen Gerichten wird an Bord serviert. Genie\u00dfen Sie unbegrenzt Bier, Wein und alkoholfreie Getr\u00e4nke, w\u00e4hrend Sie den Sonnenuntergang bewundern, der den Himmel in goldene und rote Farbt\u00f6ne taucht.<\/p>\n<p data-start=\"2133\" data-end=\"2363\">Der Abend wird mit einer lebhaften <strong data-start=\"2169\" data-end=\"2183\">Schaumparty<\/strong> auf dem Oberdeck - Musik, Tanz und Spa\u00df f\u00fcr alle Altersgruppen. Vor der R\u00fcckfahrt machen Sie noch einmal Halt f\u00fcr ein erfrischendes Bad im <strong data-start=\"2310\" data-end=\"2327\">Mondscheinbucht<\/strong>, ein perfekter Ort f\u00fcr Nachtaufnahmen.<\/p>\n<p data-start=\"2365\" data-end=\"2454\">Gegen 21:45 Uhr kehren Sie zum Hafen zur\u00fcck und genie\u00dfen einen bequemen Transfer zur\u00fcck zu Ihrem Hotel.<\/p>\n<h3>\ud83d\uddfa\ufe0f Reiseverlauf<\/h3>\n<p data-start=\"2482\" data-end=\"2865\">\ud83d\udd39Hotelabholung aus Kemer und Umgebung<br data-start=\"2539\" data-end=\"2542\" \/>\ud83d\udd39Boarding im Hafen von Kemer<br data-start=\"2584\" data-end=\"2587\" \/>\ud83d\udd39Abreise und Sicherheitseinweisung<br data-start=\"2627\" data-end=\"2630\" \/>\ud83d\udd39Schwimmen in der Paradise Bay<br data-start=\"2671\" data-end=\"2674\" \/>\ud83d\udd39Offenes Buffet bei Sonnenuntergang<br data-start=\"2717\" data-end=\"2720\" \/>\ud83d\udd39Schaumparty &amp; Unterhaltung<br data-start=\"2763\" data-end=\"2766\" \/>\ud83d\udd39Schwimmstopp an der Moonlight Bay<br data-start=\"2807\" data-end=\"2810\" \/>\ud83d\udd39R\u00fcckfahrt zum Hafen von Kemer und Hoteltransfer<\/p>\n<h3 data-start=\"2867\" data-end=\"2895\">\u2139\ufe0f N\u00fctzliche Informationen<\/h3>\n<p data-start=\"2896\" data-end=\"3158\">\ud83d\udd39 Dauer: Ungef\u00e4hr 4 Stunden<br data-start=\"2930\" data-end=\"2933\" \/>\ud83d\udd39 Abfahrtszeit: 18:00 (30 Minuten vor Abfahrt eintreffen)<br data-start=\"2994\" data-end=\"2997\" \/>\ud83d\udd39 Sprachen der Besatzung: Englisch, Russisch, T\u00fcrkisch<br data-start=\"3041\" data-end=\"3044\" \/>\ud83d\udd39 Familienfreundliches Erlebnis f\u00fcr alle Altersgruppen<br data-start=\"3095\" data-end=\"3098\" \/>\ud83d\udd39 Gro\u00dfe Kapazit\u00e4t (394 G\u00e4ste) mit Innen- und Au\u00dfendecks<\/p>\n<h3 data-start=\"3160\" data-end=\"3183\">\ud83c\udf92 Was Sie mitbringen sollten<\/h3>\n<p data-start=\"3184\" data-end=\"3335\">\ud83d\udd39 Badeanzug und Handtuch<br data-start=\"3205\" data-end=\"3208\" \/>\ud83d\udd39 Sonnencreme, Sonnenbrille und Hut<br data-start=\"3241\" data-end=\"3244\" \/>\ud83d\udd39 Kamera oder Smartphone<br data-start=\"3267\" data-end=\"3270\" \/>\ud83d\udd39 Kleines Geld f\u00fcr Extras<br data-start=\"3294\" data-end=\"3297\" \/>\ud83d\udd39 Bequeme Sandalen oder Flip-Flops<\/p>\n<h3 data-start=\"3337\" data-end=\"3363\">\ud83d\udeab Nicht geeignet f\u00fcr<\/h3>\n<p data-start=\"3364\" data-end=\"3423\">\ud83d\udd39 Schwangere Frauen<br data-start=\"3381\" data-end=\"3384\" \/>\ud83d\udd39 G\u00e4ste mit schwerer Reisekrankheit<\/p>\n<h3><span style=\"color: #000000;\"><strong><img decoding=\"async\" class=\"emoji\" role=\"img\" draggable=\"false\" src=\"https:\/\/s.w.org\/images\/core\/emoji\/16.0.1\/svg\/1f4b8.svg\" alt=\"\ud83d\udcb8\" \/>\u00a0Preis und Buchung<\/strong><\/span><\/h3>\n<div class=\"elementor-element elementor-element-57a2f74 elementor-widget-divider--view-line elementor-widget elementor-widget-divider\" data-id=\"57a2f74\" data-element_type=\"widget\" data-widget_type=\"divider.default\">\n<div class=\"elementor-widget-container\"><strong>\ud83d\udd39 Jetzt buchen, am Tag der Tour bezahlen<\/strong><br data-start=\"3294\" data-end=\"3297\" \/>\ud83d\udd39 Kontaktieren Sie uns \u00fcber <strong data-start=\"2919\" data-end=\"2931\">WhatsApp<\/strong>,\u00a0<strong data-start=\"2933\" data-end=\"2945\">Telegramm<\/strong>,\u00a0<strong data-start=\"2947\" data-end=\"2956\">Viber<\/strong>, oder f\u00fcllen Sie das untenstehende Buchungsformular aus.\u00a0<img decoding=\"async\" class=\"emoji\" role=\"img\" draggable=\"false\" src=\"https:\/\/s.w.org\/images\/core\/emoji\/16.0.1\/svg\/1f447-1f3fd.svg\" alt=\"\ud83d\udc47\ud83c\udffd\" \/><\/div>\n<\/div>","protected":false},"excerpt":{"rendered":"<p>Buchen Sie die <b>Kemer Gonster Sonnenuntergang Bootsfahrt<\/b>! Genie\u00dfen Sie einen <b>All-Inclusive-Kreuzfahrt<\/b> mit Schaumparty, Abendessen, <b>unbegrenzte Getr\u00e4nke<\/b>, und einen atemberaubenden Blick auf den Sonnenuntergang am Mittelmeer.<\/p>","protected":false},"featured_media":15448,"comment_status":"open","ping_status":"closed","template":"","meta":[],"product_brand":[],"product_cat":[124,130],"product_tag":[105],"class_list":{"0":"post-15447","1":"product","2":"type-product","3":"status-publish","4":"has-post-thumbnail","6":"tour_phys-kemer-tours","7":"tour_phys-pirate-boat-tours","8":"product_cat-kemer-tours","9":"product_cat-pirate-boat-tours","10":"product_tag-kemer","11":"pa_destination-kemer-tours","12":"pa_kategori-pirate-boat-tours","14":"first","15":"instock","16":"sale","17":"shipping-taxable","18":"purchasable","19":"product-type-tour_phys"},"aioseo_notices":[],"_links":{"self":[{"href":"https:\/\/excursionsworld.com\/de\/wp-json\/wp\/v2\/product\/15447","targetHints":{"allow":["GET"]}}],"collection":[{"href":"https:\/\/excursionsworld.com\/de\/wp-json\/wp\/v2\/product"}],"about":[{"href":"https:\/\/excursionsworld.com\/de\/wp-json\/wp\/v2\/types\/product"}],"replies":[{"embeddable":true,"href":"https:\/\/excursionsworld.com\/de\/wp-json\/wp\/v2\/comments?post=15447"}],"wp:featuredmedia":[{"embeddable":true,"href":"https:\/\/excursionsworld.com\/de\/wp-json\/wp\/v2\/media\/15448"}],"wp:attachment":[{"href":"https:\/\/excursionsworld.com\/de\/wp-json\/wp\/v2\/media?parent=15447"}],"wp:term":[{"taxonomy":"product_brand","embeddable":true,"href":"https:\/\/excursionsworld.com\/de\/wp-json\/wp\/v2\/product_brand?post=15447"},{"taxonomy":"product_cat","embeddable":true,"href":"https:\/\/excursionsworld.com\/de\/wp-json\/wp\/v2\/product_cat?post=15447"},{"taxonomy":"product_tag","embeddable":true,"href":"https:\/\/excursionsworld.com\/de\/wp-json\/wp\/v2\/product_tag?post=15447"}],"curies":[{"name":"wp","href":"https:\/\/api.w.org\/{rel}","templated":true}]}}