{"id":15455,"date":"2025-10-28T21:15:13","date_gmt":"2025-10-28T18:15:13","guid":{"rendered":"https:\/\/excursionsworld.com\/?post_type=product&#038;p=15455"},"modified":"2025-12-09T15:32:20","modified_gmt":"2025-12-09T12:32:20","slug":"relax-boot-antalya","status":"publish","type":"product","link":"https:\/\/excursionsworld.com\/tours\/relax-boat-antalya\/","title":{"rendered":"Relax Bootstour ab Antalya \u2013 Kleine Gruppe"},"content":{"rendered":"<h3 data-start=\"251\" data-end=\"270\">\ud83c\udfdd\ufe0f \u00dcberblick<\/h3>\n<p data-start=\"271\" data-end=\"546\">Entfliehen Sie der Stadt und genie\u00dfen Sie einen ruhigen Tag auf dem Meer auf der <strong data-start=\"326\" data-end=\"363\">Antalya Relax Yacht Tour nach Kemer<\/strong>. Segeln Sie entlang der atemberaubenden t\u00fcrkisfarbenen K\u00fcste, schwimmen Sie in ruhigen Buchten und entspannen Sie an Deck in einer ruhigen, musikfreien Atmosph\u00e4re. Perfekt f\u00fcr Paare und Familien auf der Suche nach Komfort und Gelassenheit.<\/p>\n<h3 data-start=\"548\" data-end=\"563\">Inbegriffen<\/h3>\n<p data-start=\"564\" data-end=\"727\"><strong><span style=\"color: #00ff00;\">\u2713<\/span><\/strong> Abholung vom Hotel und R\u00fccktransport\u00a0<br data-start=\"647\" data-end=\"650\" \/><strong><span style=\"color: #00ff00;\">\u2713 <\/span><\/strong>Professioneller F\u00fchrer<br data-start=\"670\" data-end=\"673\" \/><strong><span style=\"color: #00ff00;\">\u2713 <\/span><\/strong>Versicherung<br data-start=\"684\" data-end=\"687\" \/><strong><span style=\"color: #00ff00;\">\u2713 <\/span><\/strong>Mittagessen (gegrilltes H\u00e4hnchen, Reis, Salat)<\/p>\n<h3 data-start=\"729\" data-end=\"748\">Nicht inbegriffen<\/h3>\n<p data-start=\"749\" data-end=\"803\"><strong><span style=\"color: #ff0000;\">\u2717<\/span> <\/strong>Getr\u00e4nke<br data-start=\"757\" data-end=\"760\" \/><strong><span style=\"color: #ff0000;\">\u2717<\/span> <\/strong>Pers\u00f6nliche Ausgaben<br data-start=\"779\" data-end=\"782\" \/><strong><span style=\"color: #ff0000;\">\u2717<\/span> <\/strong>Fotos und Videos<\/p>\n<h3 data-start=\"805\" data-end=\"830\">\ud83c\udf1f H\u00f6hepunkte der Tour<\/h3>\n<p data-start=\"831\" data-end=\"1091\">\ud83d\udd39 Ruhiges, musikfreies Jachterlebnis mit wenigen G\u00e4sten<br data-start=\"891\" data-end=\"894\" \/>Schwimmen in den Buchten von Phaselis, Paradies und Mondschein<br data-start=\"947\" data-end=\"950\" \/>\ud83d\udd39 Aussicht auf die K\u00fcstenlinie von Kemer und die Piratenh\u00f6hle<br data-start=\"1006\" data-end=\"1009\" \/>\ud83d\udd39 Leckeres Mittagessen an Bord serviert<br data-start=\"1043\" data-end=\"1046\" \/>\ud83d\udd39 Ideal f\u00fcr Familien und Erholungssuchende<\/p>\n<h3 data-start=\"1093\" data-end=\"1119\">\ud83d\udcd6 Vollst\u00e4ndige Beschreibung<\/h3>\n<p data-start=\"1120\" data-end=\"1632\">Diese ganzt\u00e4gige Yachttour beginnt im Hafen von Kemer mit einem Hoteltransfer von Antalya und den umliegenden Gemeinden.<br data-start=\"1224\" data-end=\"1227\" \/>Fahren Sie entlang der atemberaubenden K\u00fcstenlinie von Kemer und halten Sie an <strong data-start=\"1284\" data-end=\"1300\">Phaselis-Bucht<\/strong> in der N\u00e4he antiker Ruinen zu schwimmen, <strong data-start=\"1329\" data-end=\"1345\">Paradiesische Bucht<\/strong> f\u00fcr seine klaren, ruhigen Gew\u00e4sser und <strong data-start=\"1378\" data-end=\"1395\">Mondscheinbucht<\/strong> - ein perfekter Ort zum Schwimmen und f\u00fcr Fotos.<br data-start=\"1437\" data-end=\"1440\" \/>Genie\u00dfen Sie ein k\u00f6stliches Mittagessen an Bord, bevor Sie am Nachmittag zur\u00fcck in den Hafen fahren.<br data-start=\"1521\" data-end=\"1524\" \/>Hier gibt es weder laute Musik noch Menschenmassen - nur das Rauschen des Meeres und die Sch\u00f6nheit der Natur sorgen f\u00fcr eine entspannte Auszeit.<\/p>\n<h3 data-start=\"1634\" data-end=\"1659\">\ud83d\uddfa\ufe0f Reiseverlauf<\/h3>\n<p data-start=\"1660\" data-end=\"1961\">\ud83d\udd39 Abholung von Hotels in der Region Antalya<br data-start=\"1696\" data-end=\"1699\" \/>\ud83d\udd39 Transfer zum Hafen von Kemer<br data-start=\"1724\" data-end=\"1727\" \/>\ud83d\udd39 Abfahrt der Yacht und Fahrt entlang der K\u00fcste<br data-start=\"1772\" data-end=\"1775\" \/>\ud83d\udd39 Badestopp in der Phaselis-Bucht<br data-start=\"1807\" data-end=\"1810\" \/>\ud83d\udd39 Badestopp in der Paradise Bay<br data-start=\"1842\" data-end=\"1845\" \/>\ud83d\udd39 Badestopp an der Moonlight Bay<br data-start=\"1878\" data-end=\"1881\" \/>\ud83d\udd39 F\u00fcr Fotos an der Piratenh\u00f6hle vorbeisegeln<br data-start=\"1914\" data-end=\"1917\" \/>R\u00fcckfahrt zum Hafen von Kemer und Hoteltransfer<\/p>\n<h3 data-start=\"1963\" data-end=\"1991\">\u2139\ufe0f N\u00fctzliche Informationen<\/h3>\n<p data-start=\"1992\" data-end=\"2238\">\ud83d\udd39 Dauer: ca. 7-8 Stunden (einschlie\u00dflich Transfers)<br data-start=\"2050\" data-end=\"2053\" \/>\ud83d\udd39 Ruhige, familienfreundliche Atmosph\u00e4re<br data-start=\"2088\" data-end=\"2091\" \/>\ud83d\udd39 Vegetarische Option auf Anfrage erh\u00e4ltlich<br data-start=\"2134\" data-end=\"2137\" \/>\ud83d\udd39 Englischsprachige Besatzung<br data-start=\"2161\" data-end=\"2164\" \/>\ud83d\udd39 Kinder unter 5 Jahren reisen kostenlos, teilen sich aber einen Sitzplatz im Transferfahrzeug<\/p>\n<h3 data-start=\"2240\" data-end=\"2263\">\ud83c\udf92 Was Sie mitbringen sollten<\/h3>\n<p data-start=\"2264\" data-end=\"2373\">\ud83d\udd39 Badeanzug und Handtuch<br data-start=\"2285\" data-end=\"2288\" \/>\ud83d\udd39 Sonnenbrille und Sonnenschutzmittel<br data-start=\"2315\" data-end=\"2318\" \/>\ud83d\udd39 Hut oder M\u00fctze<br data-start=\"2331\" data-end=\"2334\" \/>\ud83d\udd39 Kleines Bargeld f\u00fcr Getr\u00e4nke oder Souvenirs<\/p>\n<h3 data-start=\"2375\" data-end=\"2401\">\ud83d\udeab Nicht geeignet f\u00fcr<\/h3>\n<p data-start=\"2402\" data-end=\"2490\">\ud83d\udd39 G\u00e4ste, die eine Party oder laute Musik erleben wollen<br data-start=\"2452\" data-end=\"2455\" \/>\ud83d\udd39 Menschen mit schwerer Seekrankheit<\/p>\n<h3 data-start=\"2555\" data-end=\"2582\">\ud83d\udcb8 Preis und Buchung<\/h3>\n<p data-start=\"2583\" data-end=\"2703\"><strong>\ud83d\udd39 Jetzt buchen - am Tag der Tour bezahlen<\/strong><br data-start=\"2623\" data-end=\"2626\" \/>\ud83d\udd39 Kontaktieren Sie uns \u00fcber WhatsApp, Telegram oder Viber f\u00fcr Buchungen und Fragen \ud83d\udc47\ud83c\udffc<\/p>","protected":false},"excerpt":{"rendered":"<p>Genie\u00dfen Sie eine entspannende Yachttour ab Antalya - eine luxuri\u00f6se Seereise und ein privater Ausflug mit Hoteltransfer, Sonnenliegen, t\u00fcrkisfarbenen Buchten und einem k\u00f6stlichen Seebarsch-Mittagessen.<\/p>","protected":false},"featured_media":15218,"comment_status":"open","ping_status":"closed","template":"","meta":[],"product_brand":[],"product_cat":[125],"product_tag":[107],"class_list":{"0":"post-15455","1":"product","2":"type-product","3":"status-publish","4":"has-post-thumbnail","6":"tour_phys-antalya-tours","7":"tour_phys-boat-tours","8":"product_cat-antalya-tours","9":"product_tag-antalya","10":"pa_destination-antalya-tours","11":"pa_kategori-boat-tours","13":"first","14":"instock","15":"sale","16":"shipping-taxable","17":"purchasable","18":"product-type-tour_phys"},"aioseo_notices":[],"_links":{"self":[{"href":"https:\/\/excursionsworld.com\/de\/wp-json\/wp\/v2\/product\/15455","targetHints":{"allow":["GET"]}}],"collection":[{"href":"https:\/\/excursionsworld.com\/de\/wp-json\/wp\/v2\/product"}],"about":[{"href":"https:\/\/excursionsworld.com\/de\/wp-json\/wp\/v2\/types\/product"}],"replies":[{"embeddable":true,"href":"https:\/\/excursionsworld.com\/de\/wp-json\/wp\/v2\/comments?post=15455"}],"wp:featuredmedia":[{"embeddable":true,"href":"https:\/\/excursionsworld.com\/de\/wp-json\/wp\/v2\/media\/15218"}],"wp:attachment":[{"href":"https:\/\/excursionsworld.com\/de\/wp-json\/wp\/v2\/media?parent=15455"}],"wp:term":[{"taxonomy":"product_brand","embeddable":true,"href":"https:\/\/excursionsworld.com\/de\/wp-json\/wp\/v2\/product_brand?post=15455"},{"taxonomy":"product_cat","embeddable":true,"href":"https:\/\/excursionsworld.com\/de\/wp-json\/wp\/v2\/product_cat?post=15455"},{"taxonomy":"product_tag","embeddable":true,"href":"https:\/\/excursionsworld.com\/de\/wp-json\/wp\/v2\/product_tag?post=15455"}],"curies":[{"name":"wp","href":"https:\/\/api.w.org\/{rel}","templated":true}]}}