{"id":15456,"date":"2025-10-28T21:27:33","date_gmt":"2025-10-28T18:27:33","guid":{"rendered":"https:\/\/excursionsworld.com\/?post_type=product&#038;p=15456"},"modified":"2025-12-09T15:26:03","modified_gmt":"2025-12-09T12:26:03","slug":"porto-genoese-blaue-lagune-boot-antalya","status":"publish","type":"product","link":"https:\/\/excursionsworld.com\/tours\/porto-genoese-blue-lagoon-boat-antalya\/","title":{"rendered":"Porto Genoese Bootstour ab Antalya \u2013 Blaue Lagune Erlebnis"},"content":{"rendered":"<h3 dir=\"ltr\" data-pm-slice=\"1 1 []\"><span style=\"color: #000000;\"><strong>\u26f5 \u00dcberblick<\/strong><\/span><\/h3>\n<p dir=\"ltr\">Genie\u00dfen Sie eine unvergessliche Yachtreise von Antalya, Lara, Kundu, Belek, Bo\u011fazkent, Kadriye und Konyaalt\u0131 zu den malerischen Buchten von Adrasan: Porto Genoese, Akseki-Bucht, Piratenbucht und die leuchtende Phosphoreszenz-H\u00f6hle. T\u00fcrkisfarbene Str\u00e4nde, ein verj\u00fcngendes Lehmbad und ein k\u00f6stliches Mittagessen an Bord machen diesen Tag zu einem perfekten Erlebnis f\u00fcr Natur- und Meeresliebhaber.<\/p>\n<h3 dir=\"ltr\"><strong>Inbegriffen:<\/strong><\/h3>\n<p dir=\"ltr\"><span style=\"color: #00ff00;\"><strong>\u2713<\/strong><\/span> Abholung vom Hotel und R\u00fccktransport<br \/>\n<span style=\"color: #00ff00;\"><strong>\u2713 <\/strong><\/span>Komfortabler klimatisierter Bus<br \/>\n<span style=\"color: #00ff00;\"><strong>\u2713 <\/strong><\/span>Versicherung<br \/>\n<span style=\"color: #00ff00;\"><strong>\u2713 <\/strong><\/span>Leitfaden<br \/>\n<span style=\"color: #00ff00;\"><strong>\u2713 <\/strong><\/span>Mittagessen und Fr\u00fcchte der Saison<br \/>\n<span style=\"color: #00ff00;\"><strong>\u2713 <\/strong><\/span>Tee an Bord<\/p>\n<h3 dir=\"ltr\"><strong>Nicht inbegriffen:<\/strong><\/h3>\n<p dir=\"ltr\"><span style=\"color: #ff0000;\"><strong>\u2717<\/strong><\/span> Getr\u00e4nke<br \/>\n<span style=\"color: #ff0000;\"><strong>\u2717 <\/strong><\/span>Pers\u00f6nliche Ausgaben<br \/>\n<span style=\"color: #ff0000;\"><strong>\u2717 <\/strong><\/span>Fotos und Videos<\/p>\n<h3 dir=\"ltr\"><span style=\"color: #000000;\"><strong>\ud83c\udfdd\ufe0f H\u00f6hepunkte der Tour<\/strong><\/span><\/h3>\n<p dir=\"ltr\">\ud83d\udd39 Schwimmen im t\u00fcrkisfarbenen Wasser der Bucht von Porto Genoese<br \/>\n\ud83d\udd39 Zwischenstopps in Akseki und Piratenbuchten<br \/>\n\ud83d\udd39 Kreuzfahrt auf einer stilvollen Boutique-Yacht<br \/>\n\ud83d\udd39 Entspannendes Lehmbad-Erlebnis<br \/>\n\ud83d\udd39 Gelegenheit zum Besuch der magischen Phosphoreszenzh\u00f6hle<br \/>\n\ud83d\udd39 Leckeres Mittagessen und Tee an Bord<\/p>\n<h3 dir=\"ltr\"><strong><span style=\"color: #000000;\">\ud83d\udcdc Vollst\u00e4ndige Beschreibung<\/span><\/strong><\/h3>\n<div>\u00a0Ihr Tag beginnt mit einem Transfer von Ihrem Hotel in der Region Antalya zum Hafen von Adrasan. Sobald Sie an Bord der Yacht sind, stechen Sie in See und erleben ein aufregendes Abenteuer auf See.<\/div>\n<div><strong>Akseki-Bucht<\/strong>: Der erste Halt ist die Akseki-Bucht, wo Sie etwa 30 Minuten Zeit zum Schwimmen oder Schnorcheln haben werden. Beachten Sie die Anwesenheit von Seeigeln - Wasserschuhe werden empfohlen.<\/div>\n<div><strong>Bucht von Porto Genoese<\/strong>: Anschlie\u00dfend erreichen Sie die ber\u00fchmte Bucht von Porto Genoese, wo Sie 60 Minuten lang das Meer genie\u00dfen, ein Lehmbad nehmen und ein leckeres Mittagessen inmitten einer atemberaubenden Landschaft einnehmen k\u00f6nnen.<\/div>\n<div><strong>Piratenbucht<\/strong>: Nach einer 25-min\u00fctigen Fahrt erreichen Sie die Piratenbucht, wo Sie 40 Minuten lang schwimmen und entspannen k\u00f6nnen.<\/div>\n<div><strong>Phosphoreszierende H\u00f6hle<\/strong>: Wenn das Wetter es zul\u00e4sst, besuchen Sie die bezaubernde Phosphoreszenz-H\u00f6hle, die f\u00fcr ihren Leuchteffekt und ihre fesselnde Atmosph\u00e4re bekannt ist.<\/div>\n<div>Am Ende der Tour kehren Sie zum Hafen zur\u00fcck und genie\u00dfen einen bequemen Transfer zur\u00fcck zu Ihrem Hotel.<\/div>\n<div dir=\"ltr\">\n<h3 dir=\"ltr\"><span style=\"color: #000000;\"><strong>\u2139\ufe0f N\u00fctzliche Informationen<\/strong><\/span><\/h3>\n<p dir=\"ltr\">\ud83d\udd39 Die Reiseroute kann sich aufgrund der Wetterbedingungen \u00e4ndern.<br \/>\n\ud83d\udd39 Einige Haltestellen k\u00f6nnen aus Sicherheitsgr\u00fcnden gestrichen werden<br \/>\n\ud83d\udd39 Dies ist keine spezielle Schnorcheltour, aber Sie k\u00f6nnen Ihre eigene Ausr\u00fcstung mitbringen.<br \/>\n\ud83d\udd39 Es werden rutschfeste Schuhe empfohlen<br \/>\n\ud83d\udd39 Kinder unter 5 Jahren, die kostenlos mitfahren, haben keinen eigenen Sitzplatz im Bus. Wenn der Bus voll ist, sitzen sie auf dem Scho\u00df eines Erwachsenen, oder es kann ein eigener Sitzplatz gebucht werden<\/p>\n<\/div>\n<h3 dir=\"ltr\"><span style=\"color: #000000;\"><strong>\ud83c\udf92 Was Sie mitbringen sollten<\/strong><\/span><\/h3>\n<p dir=\"ltr\">\ud83d\udd39 Badeanzug und Handtuch<br \/>\n\ud83d\udd39 Sonnenbrille und Sonnenschutzmittel<br \/>\n\ud83d\udd39 Hut und Wasserflasche<br \/>\n\ud83d\udd39 Schnorchelausr\u00fcstung (optional)<\/p>\n<h3 dir=\"ltr\"><span style=\"color: #000000;\"><strong>\ud83d\udeab Nicht geeignet f\u00fcr<\/strong><\/span><\/h3>\n<p dir=\"ltr\">\ud83d\udd39 Menschen mit eingeschr\u00e4nkter Mobilit\u00e4t<br \/>\n\ud83d\udd39 Menschen, die zur Seekrankheit neigen<\/p>\n<h3 dir=\"ltr\"><span style=\"color: #000000;\"><strong>\ud83d\udcb8 Preis und Buchung<\/strong><\/span><\/h3>\n<p dir=\"ltr\"><strong>\ud83d\udd39 Jetzt buchen, am Tag der Tour bezahlen<\/strong><br \/>\nKontaktiere uns \u00fcber WhatsApp, Telegram, Viber oder f\u00fclle das Buchungsformular unten aus. \ud83d\udc47\ud83c\udffc<\/p>","protected":false},"excerpt":{"rendered":"<p>Buchen Sie diese unvergessliche <b>Ausflug<\/b> von <b>Antalya<\/b>! Diese <b>t\u00e4gliche Tour<\/b> nach Porto Genoese &amp; Blaue Lagune bietet Schwimmen, Lehmbad und Mittagessen. Das beste Meer <b>Reise<\/b>!<\/p>","protected":false},"featured_media":12442,"comment_status":"open","ping_status":"closed","template":"","meta":[],"product_brand":[],"product_cat":[125],"product_tag":[107],"class_list":{"0":"post-15456","1":"product","2":"type-product","3":"status-publish","4":"has-post-thumbnail","6":"tour_phys-antalya-tours","7":"tour_phys-boat-tours","8":"product_cat-antalya-tours","9":"product_tag-antalya","10":"pa_destination-antalya-tours","11":"pa_kategori-boat-tours","13":"first","14":"instock","15":"sale","16":"shipping-taxable","17":"purchasable","18":"product-type-tour_phys"},"aioseo_notices":[],"_links":{"self":[{"href":"https:\/\/excursionsworld.com\/de\/wp-json\/wp\/v2\/product\/15456","targetHints":{"allow":["GET"]}}],"collection":[{"href":"https:\/\/excursionsworld.com\/de\/wp-json\/wp\/v2\/product"}],"about":[{"href":"https:\/\/excursionsworld.com\/de\/wp-json\/wp\/v2\/types\/product"}],"replies":[{"embeddable":true,"href":"https:\/\/excursionsworld.com\/de\/wp-json\/wp\/v2\/comments?post=15456"}],"wp:featuredmedia":[{"embeddable":true,"href":"https:\/\/excursionsworld.com\/de\/wp-json\/wp\/v2\/media\/12442"}],"wp:attachment":[{"href":"https:\/\/excursionsworld.com\/de\/wp-json\/wp\/v2\/media?parent=15456"}],"wp:term":[{"taxonomy":"product_brand","embeddable":true,"href":"https:\/\/excursionsworld.com\/de\/wp-json\/wp\/v2\/product_brand?post=15456"},{"taxonomy":"product_cat","embeddable":true,"href":"https:\/\/excursionsworld.com\/de\/wp-json\/wp\/v2\/product_cat?post=15456"},{"taxonomy":"product_tag","embeddable":true,"href":"https:\/\/excursionsworld.com\/de\/wp-json\/wp\/v2\/product_tag?post=15456"}],"curies":[{"name":"wp","href":"https:\/\/api.w.org\/{rel}","templated":true}]}}