{"id":15457,"date":"2025-10-28T21:28:48","date_gmt":"2025-10-28T18:28:48","guid":{"rendered":"https:\/\/excursionsworld.com\/?post_type=product&#038;p=15457"},"modified":"2026-01-11T00:10:47","modified_gmt":"2026-01-10T21:10:47","slug":"suluada-insel-boot-antalya","status":"publish","type":"product","link":"https:\/\/excursionsworld.com\/tours\/suluada-island-boat-antalya\/","title":{"rendered":"Suluada Insel Bootstour ab Antalya \u2013 T\u00fcrkische Malediven"},"content":{"rendered":"<h3 dir=\"ltr\" data-pm-slice=\"1 1 []\"><strong>\ud83c\udfdd\ufe0f \u00dcberblick<\/strong><\/h3>\n<p dir=\"ltr\">Begeben Sie sich von Antalya aus auf eine unvergessliche Seereise zur Insel Suluada, die mit ihren wei\u00dfen Sandstr\u00e4nden und kristallklarem Wasser als \u201ct\u00fcrkische Malediven\u201d bekannt ist. Diese Tour bietet einzigartige Momente inmitten der mediterranen Natur mit drei Badestopps, einem BBQ-Mittagessen und fantastischen Aussichten. Perfekt f\u00fcr Naturliebhaber und Familien!<\/p>\n<h3 dir=\"ltr\"><strong>Inbegriffen:<\/strong><\/h3>\n<p dir=\"ltr\"><span style=\"color: #00ff00;\"><strong>\u2713<\/strong><\/span> Abholung vom Hotel und R\u00fccktransport<br \/>\n<span style=\"color: #00ff00;\"><strong>\u2713 <\/strong><\/span>Versicherung<br \/>\n<span style=\"color: #00ff00;\"><strong>\u2713 <\/strong><\/span>Leitfaden<br \/>\n<span style=\"color: #00ff00;\"><strong>\u2713 <\/strong><\/span>Mittagessen und frisches Obst<br \/>\n<span style=\"color: #00ff00;\"><strong>\u2713 <\/strong><\/span>Tee<\/p>\n<h3 dir=\"ltr\"><strong>Nicht inbegriffen:<\/strong><\/h3>\n<p dir=\"ltr\"><span style=\"color: #ff0000;\"><strong>\u2717<\/strong><\/span> Getr\u00e4nke<br \/>\n<span style=\"color: #ff0000;\"><strong>\u2717 <\/strong><\/span>Pers\u00f6nliche Ausgaben<br \/>\n<span style=\"color: #ff0000;\"><strong>\u2717 <\/strong><\/span>Fotos und Videos<\/p>\n<h3 dir=\"ltr\">\ud83c\udf1f <strong>H\u00f6hepunkte der Tour<\/strong><\/h3>\n<p dir=\"ltr\">\ud83d\udd39 Erkunden Sie die versteckten Str\u00e4nde von Suluada mit kristallklarem Wasser<br \/>\n\ud83d\udd39 Schwimmen in der Maledivenbucht mit weichem wei\u00dfen Sand<br \/>\n\ud83d\udd39 Atemberaubende Fotos in der Liebesh\u00f6hle<br \/>\n\ud83d\udd39 BBQ-Mittagessen an Bord mit t\u00fcrkischem Meze<br \/>\n\ud83d\udd39 Ideal f\u00fcr Familien und alle, die einen erholsamen Urlaub suchen<br \/>\n\ud83d\udd39 Inspirierende Aussicht auf das Taurusgebirge und die K\u00fcstenlinie<br \/>\n\ud83d\udd39 M\u00f6glichkeit, eine Tour f\u00fcr kleine oder gro\u00dfe Gruppen zu w\u00e4hlen<\/p>\n<h3 dir=\"ltr\">\ud83d\udcd6 <strong>Vollst\u00e4ndige Beschreibung<\/strong><\/h3>\n<div>Die Tour beginnt mit einem Transfer von Ihrem Hotel in der Region Antalya zum Hafen von Adrasan, wo Sie an Bord eines Katamarans gehen und eine einzigartige Reise entlang der t\u00fcrkischen K\u00fcste unternehmen. W\u00e4hrend der Fahrt genie\u00dfen Sie malerische Ausblicke auf Berge und unber\u00fchrte K\u00fcsten, mit drei Stopps zum Schwimmen: <strong>Malediven-Bucht<\/strong>: Perfekt zum Schwimmen und Schnorcheln in t\u00fcrkisfarbenem Wasser mit weichem wei\u00dfen Sand.<br \/>\n<strong>Versteckte Str\u00e4nde von Suluada<\/strong>: Abgelegene Str\u00e4nde zum Entspannen und Sonnenbaden. <strong>Liebesh\u00f6hle<\/strong>: Eine malerische nat\u00fcrliche H\u00f6hle, ideal zum Schwimmen und Fotografieren. An Bord genie\u00dfen Sie ein Mittagessen mit Fisch, Huhn und traditionellen t\u00fcrkischen Meze. Nach dem Mittagessen wird Tee serviert, bevor Sie zum Hafen von Adrasan zur\u00fcckkehren.<\/div>\n<h3 dir=\"ltr\">\ud83d\uddfa\ufe0f <strong>Reiseroute<\/strong><\/h3>\n<p dir=\"ltr\">\ud83d\udd39 Abholung von Hotels im Raum Antalya<br \/>\n\ud83d\udd39 Abfahrt aus dem Hafen von Adrasan<br \/>\n\ud83d\udd39 Badestopp in der Maledivenbucht<br \/>\n\ud83d\udd39 Schwimmen an den versteckten Str\u00e4nden von Suluada<br \/>\n\ud83d\udd39 Halt in der Liebesh\u00f6hle f\u00fcr Fotos<br \/>\n\ud83d\udd39 Mittagessen an Bord<br \/>\n\ud83d\udd39 Tee und Entspannung<br \/>\n\ud83d\udd39 R\u00fcckkehr zum Hafen von Adrasan<br \/>\n\ud83d\udd39 Transfer zur\u00fcck zum Hotel<\/p>\n<h3 dir=\"ltr\">\u2139\ufe0f <strong>N\u00fctzliche Informationen<\/strong><\/h3>\n<p dir=\"ltr\">Dauer der Tour: ca. 8 Stunden<br \/>\n\ud83d\udd39 Die Reiseroute kann sich aufgrund von Wetter- oder Seebedingungen \u00e4ndern.<br \/>\n\ud83d\udd39 M\u00e4\u00dfige k\u00f6rperliche Aktivit\u00e4t (Schwimmen\/Walking)<br \/>\n\ud83d\udd39 Kinder unter 6 Jahren, die kostenlos reisen, haben keinen eigenen Sitzplatz im Bus. Wenn der Bus voll ist, sitzen sie auf dem Scho\u00df eines Erwachsenen, oder es kann ein eigener Sitzplatz gebucht werden<\/p>\n<h3 dir=\"ltr\">\ud83c\udf92 <strong>Was Sie mitbringen sollten<\/strong><\/h3>\n<p dir=\"ltr\">\ud83d\udd39 Hut und Sonnenbrille<br \/>\n\ud83d\udd39 Badeanzug und Handtuch<br \/>\n\ud83d\udd39 Sonnenschutzmittel<br \/>\n\ud83d\udd39 Wasserdichte Kamera oder Telefon<br \/>\n\ud83d\udd39 Etwas Bargeld f\u00fcr pers\u00f6nliche Ausgaben<\/p>\n<h3 dir=\"ltr\">\ud83d\udeab <strong>Nicht geeignet f\u00fcr<\/strong><\/h3>\n<p dir=\"ltr\">\ud83d\udd39 Menschen mit eingeschr\u00e4nkter Mobilit\u00e4t<br \/>\n\ud83d\udd39 Reisende mit schweren Erkrankungen<\/p>\n<h3 dir=\"ltr\">\ud83d\udcb8 <strong>Preis und Buchung<\/strong><\/h3>\n<p dir=\"ltr\"><strong>\ud83d\udd39 Jetzt buchen, am Tag der Tour bezahlen<\/strong><br \/>\nKontaktiere uns \u00fcber WhatsApp, Telegram, Viber oder f\u00fclle das Buchungsformular unten aus. \ud83d\udc47\ud83c\udffc<\/p>","protected":false},"excerpt":{"rendered":"<p>Entdecken Sie die <b>T\u00fcrkische Malediven<\/b>! Ultimativ <b>Suluada Bootsfahrt<\/b> von <b>Antalya<\/b> bietet kristallklares Wasser, Schwimmen und ein inklusives BBQ-Mittagessen. <b>Tagesausflug\/Transfer<\/b> enthalten.<\/p>","protected":false},"featured_media":12423,"comment_status":"open","ping_status":"closed","template":"","meta":[],"product_brand":[],"product_cat":[125],"product_tag":[107],"class_list":{"0":"post-15457","1":"product","2":"type-product","3":"status-publish","4":"has-post-thumbnail","6":"tour_phys-antalya-tours","7":"tour_phys-boat-tours","8":"product_cat-antalya-tours","9":"product_tag-antalya","10":"pa_destination-antalya-tours","11":"pa_kategori-boat-tours","13":"first","14":"instock","15":"sale","16":"shipping-taxable","17":"purchasable","18":"product-type-tour_phys"},"aioseo_notices":[],"_links":{"self":[{"href":"https:\/\/excursionsworld.com\/de\/wp-json\/wp\/v2\/product\/15457","targetHints":{"allow":["GET"]}}],"collection":[{"href":"https:\/\/excursionsworld.com\/de\/wp-json\/wp\/v2\/product"}],"about":[{"href":"https:\/\/excursionsworld.com\/de\/wp-json\/wp\/v2\/types\/product"}],"replies":[{"embeddable":true,"href":"https:\/\/excursionsworld.com\/de\/wp-json\/wp\/v2\/comments?post=15457"}],"wp:featuredmedia":[{"embeddable":true,"href":"https:\/\/excursionsworld.com\/de\/wp-json\/wp\/v2\/media\/12423"}],"wp:attachment":[{"href":"https:\/\/excursionsworld.com\/de\/wp-json\/wp\/v2\/media?parent=15457"}],"wp:term":[{"taxonomy":"product_brand","embeddable":true,"href":"https:\/\/excursionsworld.com\/de\/wp-json\/wp\/v2\/product_brand?post=15457"},{"taxonomy":"product_cat","embeddable":true,"href":"https:\/\/excursionsworld.com\/de\/wp-json\/wp\/v2\/product_cat?post=15457"},{"taxonomy":"product_tag","embeddable":true,"href":"https:\/\/excursionsworld.com\/de\/wp-json\/wp\/v2\/product_tag?post=15457"}],"curies":[{"name":"wp","href":"https:\/\/api.w.org\/{rel}","templated":true}]}}