{"id":15472,"date":"2025-10-30T12:32:00","date_gmt":"2025-10-30T09:32:00","guid":{"rendered":"https:\/\/excursionsworld.com\/?post_type=product&#038;p=15472"},"modified":"2026-03-02T19:47:56","modified_gmt":"2026-03-02T16:47:56","slug":"tazi-canyon-rafting-jeep-zipline-side","status":"publish","type":"product","link":"https:\/\/excursionsworld.com\/tours\/tazi-canyon-rafting-jeep-zipline-side\/","title":{"rendered":"Taz\u0131 Canyon: Rafting, Jeep Safari &amp; Zipline ab Side \u2013 4-in-1 Abenteuer"},"content":{"rendered":"<h3 data-start=\"0\" data-end=\"19\"><span style=\"color: #000000;\"><strong>\ud83c\udfde\ufe0f \u00dcberblick<\/strong><\/span><\/h3>\n<p data-start=\"21\" data-end=\"318\">Begeben Sie sich auf ein aufregendes Abenteuer mit Abholung vom Hotel und R\u00fccktransport von <strong data-start=\"93\" data-end=\"118\">Seite und nahe gelegene Gebiete<\/strong>. Genie\u00dfen Sie eine aufregende Jeepsafari durch das Taurusgebirge, besuchen Sie die atemberaubende <strong data-start=\"199\" data-end=\"214\">Taz\u0131-Schlucht<\/strong>, und erleben Sie optional Rafting in <strong data-start=\"251\" data-end=\"269\">K\u00f6pr\u00fcl\u00fc-Schlucht<\/strong>. Perfekt f\u00fcr Naturliebhaber und Nervenkitzel-Suchende!<\/p>\n<h3 dir=\"ltr\"><span style=\"color: #000000;\"><strong>Inbegriffen:<\/strong><\/span><\/h3>\n<div dir=\"ltr\"><span style=\"color: #00ff00;\"><strong>\u2713<\/strong><\/span> Abholung vom Hotel und R\u00fccktransport<br \/>\n<span style=\"color: #00ff00;\"><strong>\u2713 <\/strong><\/span>Komfortabler klimatisierter Bus<br \/>\n<span style=\"color: #00ff00;\"><strong>\u2713 <\/strong><\/span>Safari mit offenem Gel\u00e4ndewagen<br \/>\n<span style=\"color: #00ff00;\"><strong>\u2713 <\/strong><\/span>Rafting auf 10-Personen-Raftings<br \/>\n<span style=\"color: #00ff00;\"><strong>\u2713 <\/strong><\/span>Versicherung<br \/>\n<span style=\"color: #00ff00;\"><strong>\u2713 <\/strong><\/span>Leitfaden<br \/>\n<span style=\"color: #00ff00;\"><strong>\u2713 <\/strong><\/span>Mittagessen<\/div>\n<div dir=\"ltr\"><span style=\"color: #00ff00;\"><strong>\u2713 <\/strong><\/span>Zipline<\/div>\n<h3 dir=\"ltr\"><span style=\"color: #000000;\"><strong>Nicht inbegriffen:<\/strong><\/span><\/h3>\n<p dir=\"ltr\"><span style=\"color: #ff0000;\"><strong>\u2717<\/strong><\/span> 2-Personen-Kajaks (gegen Geb\u00fchr)<br \/>\n<span style=\"color: #ff0000;\"><strong>\u2717 <\/strong><\/span>Fotos und Videos<br \/>\n<span style=\"color: #ff0000;\"><strong>\u2717 <\/strong><\/span>Getr\u00e4nke<\/p>\n<h3><span style=\"color: #000000;\"><strong>\ud83c\udf1f H\u00f6hepunkte der Tour<\/strong><\/span><\/h3>\n<p data-start=\"617\" data-end=\"868\">Jeepsafari durch das malerische Taurusgebirge<br data-start=\"667\" data-end=\"670\" \/>\ud83d\udd39 Atemberaubende Aussicht auf den Taz\u0131 Canyon (\u201cEagle's Nest\u201d)<br data-start=\"723\" data-end=\"726\" \/>\ud83d\udd39 Optionales Rafting in den Stromschnellen der K\u00f6pr\u00fcl\u00fc-Schlucht<br data-start=\"772\" data-end=\"775\" \/>\ud83d\udd39 Panoramafotostopps<br data-start=\"799\" data-end=\"802\" \/>\ud83d\udd39 Leckeres Mittagessen am Flussufer<br data-start=\"830\" data-end=\"833\" \/>\ud83d\udd39 Bequeme Transfers von Side<\/p>\n<h3 data-start=\"870\" data-end=\"896\"><span style=\"color: #000000;\"><strong>\ud83d\udcd6 Vollst\u00e4ndige Beschreibung<\/strong><\/span><\/h3>\n<p data-start=\"897\" data-end=\"1261\">Ihr unvergessliches Abenteuer beginnt mit einem Transfer von Ihrem Hotel in <strong data-start=\"968\" data-end=\"997\">Seite oder umliegende Gebiete<\/strong>. Genie\u00dfen Sie eine spannende <strong data-start=\"1017\" data-end=\"1032\">Jeep-Safari<\/strong> durch das Taurusgebirge, bevor Sie die K\u00f6pr\u00fcl\u00fc-Schlucht am Fluss erreichen. Hier k\u00f6nnen Sie entweder am Wasser entspannen oder an der <strong data-start=\"1170\" data-end=\"1191\">Rafting-Abenteuer<\/strong> mit kompletter Ausr\u00fcstung und einer Sicherheitseinweisung - keine Erfahrung erforderlich. Als n\u00e4chstes nehmen Sie eine <strong data-start=\"1277\" data-end=\"1294\">offener Gel\u00e4ndewagen<\/strong> anreiten <strong data-start=\"1303\" data-end=\"1318\">Taz\u0131-Schlucht<\/strong>, Dort k\u00f6nnen Sie die spektakul\u00e4re Aussicht auf die Klippen genie\u00dfen und haben Zeit f\u00fcr Fotos. (Das Betreten der Schlucht selbst ist aus Sicherheitsgr\u00fcnden nicht gestattet.) Wenn Sie sich f\u00fcr eine Rafting-Tour entscheiden, setzen Sie Ihr Abenteuer in den Stromschnellen des K\u00f6pr\u00fcl\u00fc-Canyons fort, mit Pausen zum Schwimmen und Fotografieren. Danach genie\u00dfen Sie ein <strong data-start=\"1630\" data-end=\"1659\">leckeres Mittagessen am Flussufer<\/strong> bevor Sie zu Ihrem Hotel zur\u00fcckkehren.<\/p>\n<h3 data-start=\"1698\" data-end=\"1723\"><span style=\"color: #000000;\"><strong>\ud83d\uddfa\ufe0f Reiseverlauf<\/strong><\/span><\/h3>\n<p data-start=\"1724\" data-end=\"2048\">\ud83d\udd39 Abholung von Hotels in Side und Umgebung<br data-start=\"1770\" data-end=\"1773\" \/>\ud83d\udd39 Jeep-Safari durch das Taurusgebirge<br data-start=\"1816\" data-end=\"1819\" \/>\ud83d\udd39 Halt an der K\u00f6pr\u00fcl\u00fc-Schlucht (wahlweise Rafting oder Entspannung)<br data-start=\"1877\" data-end=\"1880\" \/>\ud83d\udd39 Fahrt mit dem offenen Jeep zum Taz\u0131 Canyon<br data-start=\"1916\" data-end=\"1919\" \/>\ud83d\udd39 Freie Zeit am Aussichtspunkt Taz\u0131 Canyon<br data-start=\"1956\" data-end=\"1959\" \/>\ud83d\udd39 Haupt-Rafting in der K\u00f6pr\u00fcl\u00fc-Schlucht (falls gew\u00e4hlt)<br data-start=\"2004\" data-end=\"2007\" \/>\ud83d\udd39 Mittagessen am Fluss<br data-start=\"2025\" data-end=\"2028\" \/>\ud83d\udd39 R\u00fcckkehr zum Hotel<\/p>\n<h3 data-start=\"2050\" data-end=\"2078\"><span style=\"color: #000000;\"><strong>\u2139\ufe0f N\u00fctzliche Informationen<\/strong><\/span><\/h3>\n<p data-start=\"2079\" data-end=\"2622\">\ud83d\udd39 Dauer: ~8-9 Stunden<br data-start=\"2102\" data-end=\"2105\" \/>\ud83d\udd39 Zum Rafting sind keine Schwimmkenntnisse erforderlich<br data-start=\"2147\" data-end=\"2150\" \/>\ud83d\udd39 10-Personen-Rafting im Preis inbegriffen; 2-Personen-Kajaks gegen Aufpreis<br data-start=\"2211\" data-end=\"2214\" \/>\ud83d\udd39 Wasserschuhe, Brillenb\u00e4nder und wasserdichte Etuis k\u00f6nnen in der Basis erworben werden.<br data-start=\"2302\" data-end=\"2305\" \/>\ud83d\udd39 Kinder mit Freikarten erhalten keinen eigenen Sitzplatz im Bus und m\u00fcssen auf dem Scho\u00df eines Erwachsenen sitzen<br data-start=\"2396\" data-end=\"2399\" \/>\ud83d\udd39 M\u00e4\u00dfige bis starke k\u00f6rperliche Aktivit\u00e4t (Rafting und Wandern)<br data-start=\"2458\" data-end=\"2461\" \/>\ud83d\udd39 Kinder unter 6 Jahren, die kostenlos reisen, haben keinen eigenen Sitzplatz im Bus. Wenn der Bus voll ist, sitzen sie auf dem Scho\u00df eines Erwachsenen, oder es kann ein eigener Sitzplatz gebucht werden<\/p>\n<h3 data-start=\"2817\" data-end=\"2840\"><span style=\"color: #000000;\"><strong>\ud83c\udf92 Was Sie mitbringen sollten<\/strong><\/span><\/h3>\n<p data-start=\"2841\" data-end=\"2967\">\ud83d\udd39 Badeanzug und Handtuch<br data-start=\"2862\" data-end=\"2865\" \/>\ud83d\udd39 Sonnenschutzmittel und Wasserschuhe<br data-start=\"2893\" data-end=\"2896\" \/>\ud83d\udd39 Wechseln der Kleidung f\u00fcr die Zeit nach dem Raften<br data-start=\"2933\" data-end=\"2936\" \/>\ud83d\udd39 Bargeld f\u00fcr pers\u00f6nliche Ausgaben<\/p>\n<h3 data-start=\"2624\" data-end=\"2650\"><span style=\"color: #000000;\"><strong>\ud83d\udeab Nicht geeignet f\u00fcr<\/strong><\/span><\/h3>\n<p data-start=\"2651\" data-end=\"2815\">\ud83d\udd39 Menschen mit Herzerkrankungen<br data-start=\"2682\" data-end=\"2685\" \/>\ud83d\udd39 Reisende \u00fcber 70 Jahre<br data-start=\"2711\" data-end=\"2714\" \/>\ud83d\udd39 Schwangere Frauen<br data-start=\"2731\" data-end=\"2734\" \/>\ud83d\udd39 Kinder unter 4 Jahren<br data-start=\"2759\" data-end=\"2762\" \/>\ud83d\udd39 Rollstuhlfahrer oder Menschen mit eingeschr\u00e4nkter Mobilit\u00e4t<\/p>\n<h3 dir=\"ltr\">\ud83d\udcb8\u00a0<strong>Preis und Buchung<\/strong><\/h3>\n<p dir=\"ltr\"><strong>\ud83d\udd39 Jetzt buchen, am Tag der Tour bezahlen<\/strong><br \/>\nKontaktiere uns \u00fcber WhatsApp, Telegram, Viber oder f\u00fclle das Buchungsformular unten aus. \ud83d\udc47\ud83c\udffc<\/p>","protected":false},"excerpt":{"rendered":"<p>Entdecken Sie das Abenteuer mit unserer Side Rafting &amp; Taz\u0131 Canyon Tour! Erkunden Sie die Jeep-Safari, genie\u00dfen Sie River Rafting und erleben Sie einen der besten Side-Ausfl\u00fcge in der T\u00fcrkei.<\/p>","protected":false},"featured_media":12667,"comment_status":"open","ping_status":"closed","template":"","meta":[],"product_brand":[],"product_cat":[127],"product_tag":[122],"class_list":{"0":"post-15472","1":"product","2":"type-product","3":"status-publish","4":"has-post-thumbnail","6":"tour_phys-side-tours","7":"product_cat-side-tours","8":"product_tag-side","9":"pa_destination-side-tours","11":"first","12":"instock","13":"sale","14":"shipping-taxable","15":"purchasable","16":"product-type-tour_phys"},"aioseo_notices":[],"_links":{"self":[{"href":"https:\/\/excursionsworld.com\/de\/wp-json\/wp\/v2\/product\/15472","targetHints":{"allow":["GET"]}}],"collection":[{"href":"https:\/\/excursionsworld.com\/de\/wp-json\/wp\/v2\/product"}],"about":[{"href":"https:\/\/excursionsworld.com\/de\/wp-json\/wp\/v2\/types\/product"}],"replies":[{"embeddable":true,"href":"https:\/\/excursionsworld.com\/de\/wp-json\/wp\/v2\/comments?post=15472"}],"wp:featuredmedia":[{"embeddable":true,"href":"https:\/\/excursionsworld.com\/de\/wp-json\/wp\/v2\/media\/12667"}],"wp:attachment":[{"href":"https:\/\/excursionsworld.com\/de\/wp-json\/wp\/v2\/media?parent=15472"}],"wp:term":[{"taxonomy":"product_brand","embeddable":true,"href":"https:\/\/excursionsworld.com\/de\/wp-json\/wp\/v2\/product_brand?post=15472"},{"taxonomy":"product_cat","embeddable":true,"href":"https:\/\/excursionsworld.com\/de\/wp-json\/wp\/v2\/product_cat?post=15472"},{"taxonomy":"product_tag","embeddable":true,"href":"https:\/\/excursionsworld.com\/de\/wp-json\/wp\/v2\/product_tag?post=15472"}],"curies":[{"name":"wp","href":"https:\/\/api.w.org\/{rel}","templated":true}]}}