{"id":15473,"date":"2025-10-30T12:49:13","date_gmt":"2025-10-30T09:49:13","guid":{"rendered":"https:\/\/excursionsworld.com\/?post_type=product&#038;p=15473"},"modified":"2026-03-02T19:46:13","modified_gmt":"2026-03-02T16:46:13","slug":"rafting-koprulu-canyon-side","status":"publish","type":"product","link":"https:\/\/excursionsworld.com\/tours\/rafting-koprulu-canyon-side\/","title":{"rendered":"Rafting im K\u00f6pr\u00fcl\u00fc Canyon ab Side \u2013 Ganztagestour"},"content":{"rendered":"<h3 data-start=\"4790\" data-end=\"4811\"><span style=\"color: #000000;\"><strong>\ud83d\udea3\u200d\u2642\ufe0f \u00dcberblick<\/strong><\/span><\/h3>\n<p data-start=\"4812\" data-end=\"5031\">Erleben Sie eine <strong data-start=\"4825\" data-end=\"4870\">14 km Rafting-Abenteuer in der K\u00f6pr\u00fcl\u00fc-Schlucht<\/strong> von <strong>Side<\/strong> und nahegelegene Urlaubsorte! Navigieren Sie durch 10 Stromschnellen, schwimmen Sie in ruhigen Flussabschnitten und genie\u00dfen Sie ein Mittagessen am Flussufer - die perfekte Mischung aus Adrenalin und Natur.<\/p>\n<h3 data-start=\"3132\" data-end=\"3147\"><span style=\"color: #000000;\"><strong>Inbegriffen:<\/strong><\/span><\/h3>\n<p data-start=\"3148\" data-end=\"3259\"><span style=\"color: #00ff00;\"><strong>\u2713<\/strong> <\/span>Abholung vom Hotel und R\u00fccktransport<br data-start=\"3175\" data-end=\"3178\" \/><span style=\"color: #00ff00;\"><strong>\u2713<\/strong> <\/span>Klimatisierter Transport<br data-start=\"3205\" data-end=\"3208\" \/><span style=\"color: #00ff00;\"><strong>\u2713<\/strong> <\/span>10-Personen-Fl\u00f6\u00dfe<br data-start=\"3225\" data-end=\"3228\" \/><span style=\"color: #00ff00;\"><strong>\u2713<\/strong> <\/span>Leitfaden &amp; Versicherung<br data-start=\"3247\" data-end=\"3250\" \/><span style=\"color: #00ff00;\"><strong>\u2713<\/strong> <\/span>Mittagessen<\/p>\n<h3 data-start=\"3261\" data-end=\"3280\"><span style=\"color: #000000;\"><strong>Nicht inbegriffen:<\/strong><\/span><\/h3>\n<p data-start=\"3281\" data-end=\"3391\"><strong><span style=\"color: #ff0000;\">\u2717<\/span> <\/strong>Zwei-Personen-Rafting (gegen Geb\u00fchr)<br data-start=\"3311\" data-end=\"3314\" \/><strong><span style=\"color: #ff0000;\">\u2717<\/span> <\/strong>Fotos und Videos<br data-start=\"3333\" data-end=\"3336\" \/><strong><span style=\"color: #ff0000;\">\u2717<\/span> <\/strong>Getr\u00e4nke<br data-start=\"3344\" data-end=\"3347\" \/><strong><span style=\"color: #ff0000;\">\u2717<\/span> <\/strong>Seilbahn (optional)<br data-start=\"3367\" data-end=\"3370\" \/><strong><span style=\"color: #ff0000;\">\u2717<\/span> <\/strong>Pers\u00f6nliche Ausgaben<\/p>\n<h3 data-start=\"3393\" data-end=\"3418\"><span style=\"color: #000000;\"><strong>\ud83c\udf1f H\u00f6hepunkte der Tour<\/strong><\/span><\/h3>\n<p data-start=\"3419\" data-end=\"3613\">\ud83d\udd39 14 km Rafting-Abenteuer mit 10 Stromschnellen<br data-start=\"3460\" data-end=\"3463\" \/>\ud83d\udd39 Landschaftliche K\u00f6pr\u00fcl\u00fc-Schlucht<br data-start=\"3498\" data-end=\"3501\" \/>\ud83d\udd39 Schwimmen in t\u00fcrkisfarbenen Fl\u00fcssen<br data-start=\"3532\" data-end=\"3535\" \/>\ud83d\udd39 Mittagessen am Fluss und Rastpl\u00e4tze<br data-start=\"3568\" data-end=\"3571\" \/>\ud83d\udd39 Optionale Aktivit\u00e4ten wie Zipline oder Tauchen<\/p>\n<h3 data-start=\"5501\" data-end=\"5527\"><span style=\"color: #000000;\"><strong>\ud83d\udcd6 Vollst\u00e4ndige Beschreibung<\/strong><\/span><\/h3>\n<p data-start=\"5528\" data-end=\"5937\">Ihr Abenteuer beginnt mit der Abholung vom Hotel in Side und Umgebung. Nach einer Fahrt durch das Taurusgebirge erreichen Sie die K\u00f6pr\u00fcl\u00fc-Schlucht - das ber\u00fchmteste Rafting-Ziel der T\u00fcrkei. Holen Sie Ihre Ausr\u00fcstung, folgen Sie Ihrem Lehrer und starten Sie eine aufregende Rafting-Tour durch 10 Stromschnellen inmitten wilder Natur. Genie\u00dfen Sie Badepausen, optionalen Zipline-Spa\u00df und ein Mittagessen am Flussufer, bevor Sie zu Ihrem Hotel zur\u00fcckkehren.<\/p>\n<h3 data-start=\"5939\" data-end=\"5964\"><span style=\"color: #000000;\"><strong>\ud83d\uddfa\ufe0f Reiseverlauf<\/strong><\/span><\/h3>\n<p data-start=\"5965\" data-end=\"6125\">\ud83d\udd39 Abholung aus der Region Side<br data-start=\"5991\" data-end=\"5994\" \/>\ud83d\udd39 Ankunft in der K\u00f6pr\u00fcl\u00fc-Schlucht<br data-start=\"6022\" data-end=\"6025\" \/>\ud83d\udd39 Rafting-Abenteuer (14 km)<br data-start=\"6053\" data-end=\"6056\" \/>\ud83d\udd39 Schwimmen &amp; Fotostopps<br data-start=\"6081\" data-end=\"6084\" \/>\ud83d\udd39 Mittagessen am Fluss<br data-start=\"6102\" data-end=\"6105\" \/>\ud83d\udd39 R\u00fcck\u00fcberweisung<\/p>\n<h3 data-start=\"4229\" data-end=\"4257\"><span style=\"color: #000000;\"><strong>\u2139\ufe0f N\u00fctzliche Informationen<\/strong><\/span><\/h3>\n<p data-start=\"4258\" data-end=\"4424\">\ud83d\udd39 Dauer: 7-8 Stunden<br data-start=\"4280\" data-end=\"4283\" \/>\ud83d\udd39 Einsteigerfreundliche Tour<br data-start=\"4308\" data-end=\"4311\" \/>\ud83d\udd39 Optional erh\u00e4ltliche 2-Personen-Raftings<br data-start=\"4347\" data-end=\"4350\" \/>\ud83d\udd39 Bringen Sie Bargeld f\u00fcr Extras mit<br data-start=\"4374\" data-end=\"4377\" \/>Kinder unter 5 Jahren reisen kostenlos (geteilter Sitzplatz)<\/p>\n<h3 data-start=\"4426\" data-end=\"4449\"><span style=\"color: #000000;\"><strong>\ud83c\udf92 Was Sie mitbringen sollten<\/strong><\/span><\/h3>\n<p data-start=\"4450\" data-end=\"4527\">\ud83d\udd39 Badeanzug, Handtuch, Sonnenschutzmittel<br data-start=\"4479\" data-end=\"4482\" \/>\ud83d\udd39 Wasserschuhe<br data-start=\"4496\" data-end=\"4499\" \/>\ud83d\udd39 Zus\u00e4tzliche Kleidung<br data-start=\"4515\" data-end=\"4518\" \/>\ud83d\udd39 Bargeld<\/p>\n<h3 data-start=\"4529\" data-end=\"4555\"><span style=\"color: #000000;\"><strong>\ud83d\udeab Nicht geeignet f\u00fcr<\/strong><\/span><\/h3>\n<p data-start=\"4556\" data-end=\"4635\">\ud83d\udd39 Schwangere Frauen<br data-start=\"4573\" data-end=\"4576\" \/>\ud83d\udd39 Herzpatienten<br data-start=\"4593\" data-end=\"4596\" \/>\ud83d\udd39 Kinder unter 4 Jahren<br data-start=\"4611\" data-end=\"4614\" \/>\ud83d\udd39 Rollstuhlfahrer<\/p>\n<h3 dir=\"ltr\">\ud83d\udcb8\u00a0<strong>Preis und Buchung<\/strong><\/h3>\n<p dir=\"ltr\"><strong>\ud83d\udd39 Jetzt buchen, am Tag der Tour bezahlen<\/strong><br \/>\nKontaktiere uns \u00fcber WhatsApp, Telegram, Viber oder f\u00fclle das Buchungsformular unten aus. \ud83d\udc47\ud83c\udffc<\/p>","protected":false},"excerpt":{"rendered":"<p>Buchen Sie die <b>Seite Rafting Tour<\/b>! Ganzt\u00e4gig <b>Abenteuer<\/b> auf den Stromschnellen des K\u00f6pr\u00fcl\u00fc Canyon (14 km). Inklusive Flussufer <b>Mittagessen &amp; Transfer<\/b>. Zipline optional!<\/p>","protected":false},"featured_media":12670,"comment_status":"open","ping_status":"closed","template":"","meta":[],"product_brand":[],"product_cat":[127],"product_tag":[122],"class_list":{"0":"post-15473","1":"product","2":"type-product","3":"status-publish","4":"has-post-thumbnail","6":"tour_phys-side-tours","7":"product_cat-side-tours","8":"product_tag-side","9":"pa_destination-side-tours","11":"first","12":"instock","13":"sale","14":"shipping-taxable","15":"purchasable","16":"product-type-tour_phys"},"aioseo_notices":[],"_links":{"self":[{"href":"https:\/\/excursionsworld.com\/de\/wp-json\/wp\/v2\/product\/15473","targetHints":{"allow":["GET"]}}],"collection":[{"href":"https:\/\/excursionsworld.com\/de\/wp-json\/wp\/v2\/product"}],"about":[{"href":"https:\/\/excursionsworld.com\/de\/wp-json\/wp\/v2\/types\/product"}],"replies":[{"embeddable":true,"href":"https:\/\/excursionsworld.com\/de\/wp-json\/wp\/v2\/comments?post=15473"}],"wp:featuredmedia":[{"embeddable":true,"href":"https:\/\/excursionsworld.com\/de\/wp-json\/wp\/v2\/media\/12670"}],"wp:attachment":[{"href":"https:\/\/excursionsworld.com\/de\/wp-json\/wp\/v2\/media?parent=15473"}],"wp:term":[{"taxonomy":"product_brand","embeddable":true,"href":"https:\/\/excursionsworld.com\/de\/wp-json\/wp\/v2\/product_brand?post=15473"},{"taxonomy":"product_cat","embeddable":true,"href":"https:\/\/excursionsworld.com\/de\/wp-json\/wp\/v2\/product_cat?post=15473"},{"taxonomy":"product_tag","embeddable":true,"href":"https:\/\/excursionsworld.com\/de\/wp-json\/wp\/v2\/product_tag?post=15473"}],"curies":[{"name":"wp","href":"https:\/\/api.w.org\/{rel}","templated":true}]}}