{"id":15477,"date":"2025-10-30T12:55:52","date_gmt":"2025-10-30T09:55:52","guid":{"rendered":"https:\/\/excursionsworld.com\/?post_type=product&#038;p=15477"},"modified":"2025-12-09T14:40:21","modified_gmt":"2025-12-09T11:40:21","slug":"relax-boot-alanya","status":"publish","type":"product","link":"https:\/\/excursionsworld.com\/tours\/relax-boat-alanya\/","title":{"rendered":"Relax Boat Tour in Alanya \u2013 Kleingruppen-Meerestrip"},"content":{"rendered":"<h3 data-start=\"183\" data-end=\"202\"><span style=\"color: #000000;\"><strong>\ud83c\udfdd\ufe0f \u00dcberblick<\/strong><\/span><\/h3>\n<p data-start=\"203\" data-end=\"553\">Genie\u00dfen Sie eine friedliche Flucht auf dem <strong data-start=\"234\" data-end=\"260\">Alanya Relax Bootstour<\/strong>, f\u00fcr diejenigen, die Ruhe den Partybooten vorziehen. Segeln Sie entlang der wundersch\u00f6nen K\u00fcste von Alanya auf einem kleinen, ruhigen Holzboot ohne laute Musik oder Schaumpartys - nur das Rauschen des Meeres und die Sch\u00f6nheit des Mittelmeers. Perfekt f\u00fcr Paare, Familien oder alle, die sich entspannen m\u00f6chten.<\/p>\n<h3 data-start=\"555\" data-end=\"572\"><span style=\"color: #000000;\"><strong>\u00a0Inbegriffen:<\/strong><\/span><\/h3>\n<p data-start=\"573\" data-end=\"783\"><span style=\"color: #00ff00;\"><strong>\u2713<\/strong> <\/span>Abholung vom Hotel und R\u00fccktransport\u00a0<br data-start=\"629\" data-end=\"632\" \/><span style=\"color: #00ff00;\"><strong>\u2713<\/strong> <\/span>Professioneller F\u00fchrerdienst<br data-start=\"660\" data-end=\"663\" \/><span style=\"color: #00ff00;\"><strong>\u2713<\/strong> <\/span>Mittagessen an Bord (gegrilltes H\u00e4hnchen, Reis, Salat)<br data-start=\"710\" data-end=\"713\" \/><span style=\"color: #00ff00;\"><strong>\u2713<\/strong> <\/span>Erfrischungsgetr\u00e4nke (Wasser, Cola, Fanta, Mineralwasser)<br data-start=\"762\" data-end=\"765\" \/><span style=\"color: #00ff00;\"><strong>\u2713<\/strong> <\/span>Vollversicherung<\/p>\n<h3 data-start=\"785\" data-end=\"806\">\u00a0<span style=\"color: #000000;\"><strong>Nicht inbegriffen:<\/strong><\/span><\/h3>\n<p data-start=\"807\" data-end=\"900\"><strong><span style=\"color: #ff0000;\">\u2717<\/span><\/strong> Alkoholische Getr\u00e4nke<br data-start=\"828\" data-end=\"831\" \/><strong><span style=\"color: #ff0000;\">\u2717<\/span><\/strong>Eiscreme, Fotos und pers\u00f6nliche Ausgaben<br data-start=\"873\" data-end=\"876\" \/><strong><span style=\"color: #ff0000;\">\u2717 <\/span><\/strong>Schnorchelausr\u00fcstung<\/p>\n<h3 data-start=\"902\" data-end=\"927\"><span style=\"color: #000000;\"><strong>\ud83c\udf1f H\u00f6hepunkte der Tour<\/strong><\/span><\/h3>\n<p data-start=\"928\" data-end=\"1268\">\ud83d\udd39 Ruhiges und musikfreies Bootserlebnis mit begrenzter Passagierzahl (max. 40-45)<br data-start=\"1006\" data-end=\"1009\" \/>\ud83d\udd39 Vorbei segeln <strong data-start=\"1022\" data-end=\"1035\">Roter Turm<\/strong>, <strong data-start=\"1037\" data-end=\"1056\">Alanya-Werft<\/strong>, und die ber\u00fchmten Meeresh\u00f6hlen - <strong data-start=\"1085\" data-end=\"1096\">Piraten<\/strong>, <strong data-start=\"1098\" data-end=\"1108\">Liebende<\/strong>, und <strong data-start=\"1114\" data-end=\"1133\">Phosphorh\u00f6hle<\/strong><br data-start=\"1133\" data-end=\"1136\" \/>\ud83d\udd39 Genie\u00dfen Sie Badepausen in der N\u00e4he <strong data-start=\"1166\" data-end=\"1185\">Kleopatra-Strand<\/strong> und <strong data-start=\"1190\" data-end=\"1202\">Ula\u015f-Bucht<\/strong><br data-start=\"1202\" data-end=\"1205\" \/>\ud83d\udd39 Gelegenheit, Delfine zu beobachten und klares t\u00fcrkisfarbenes Wasser zu erkunden<\/p>\n<h3 data-start=\"1270\" data-end=\"1296\"><span style=\"color: #000000;\"><strong>\ud83d\udcd6 Vollst\u00e4ndige Beschreibung<\/strong><\/span><\/h3>\n<p data-start=\"1297\" data-end=\"1890\">Ihr entspannendes Abenteuer beginnt mit der Abholung vom Hotel und dem Transfer zum Hafen von Alanya. Gehen Sie an Bord Ihres komfortablen Holzbootes und segeln Sie entlang der malerischen K\u00fcstenlinie der Stadt. Bewundern Sie historische Wahrzeichen wie die <strong data-start=\"1507\" data-end=\"1520\">Roter Turm<\/strong> und <strong data-start=\"1525\" data-end=\"1542\">Burg Alanya<\/strong>, und erkunden Sie die unter den Klippen versteckten nat\u00fcrlichen Meeresh\u00f6hlen. Genie\u00dfen Sie mehrere lange Badestopps in kristallklaren Buchten, darunter <strong data-start=\"1670\" data-end=\"1689\">Kleopatra-Strand<\/strong> und <strong data-start=\"1694\" data-end=\"1706\">Ula\u015f-Bucht<\/strong>, mit viel Zeit zum Sonnenbaden und Schnorcheln. Ein k\u00f6stliches Mittagessen wird an Bord serviert, bevor wir am Nachmittag zur\u00fcck zum Hafen segeln und einen ruhigen und erfrischenden Tag auf See beenden.<\/p>\n<h3 data-start=\"1892\" data-end=\"1917\"><span style=\"color: #000000;\"><strong>\ud83d\uddfa\ufe0f Reiseverlauf<\/strong><\/span><\/h3>\n<p data-start=\"1918\" data-end=\"2238\">\ud83d\udd39 Abholung von Hotels in der Region Alanya<br data-start=\"1956\" data-end=\"1959\" \/>\ud83d\udd39 Transfer zum Hafen von Alanya<br data-start=\"1988\" data-end=\"1991\" \/>\ud83d\udd39 Segeln Sie am Roten Turm und der Werft von Alanya vorbei<br data-start=\"2033\" data-end=\"2036\" \/>\ud83d\udd39 Besuche Piraten, Liebende und Phosphorh\u00f6hlen<br data-start=\"2082\" data-end=\"2085\" \/>\ud83d\udd39 Badepause am Kleopatra-Strand<br data-start=\"2123\" data-end=\"2126\" \/>\ud83d\udd39 Mittagessen wird auf dem Schiff serviert<br data-start=\"2153\" data-end=\"2156\" \/>\ud83d\udd39 Badepause am Ula\u015f Strand<br data-start=\"2187\" data-end=\"2190\" \/>\ud83d\udd39 R\u00fcckkehr zum Hafen von Alanya und Abholung vom Hotel<\/p>\n<h3 data-start=\"2240\" data-end=\"2268\"><span style=\"color: #000000;\"><strong>\u2139\ufe0f N\u00fctzliche Informationen<\/strong><\/span><\/h3>\n<p data-start=\"2269\" data-end=\"2450\">\ud83d\udd39 Dauer: 5-6 Stunden insgesamt<br data-start=\"2297\" data-end=\"2300\" \/>\ud83d\udd39 Kapazit\u00e4t der Boote: 40-45 Passagiere<br data-start=\"2334\" data-end=\"2337\" \/>\ud83d\udd39 Musikfreie und familienfreundliche Atmosph\u00e4re<br data-start=\"2381\" data-end=\"2384\" \/>\ud83d\udd39 Mitbringen: Badesachen, Handtuch, Sonnencreme, Schnorchelausr\u00fcstung, falls gew\u00fcnscht<\/p>\n<h3 data-start=\"2536\" data-end=\"2559\"><span style=\"color: #000000;\"><strong>\ud83c\udf92 Was Sie mitbringen sollten<\/strong><\/span><\/h3>\n<p data-start=\"2560\" data-end=\"2683\">\ud83d\udd39 Badeanzug und Handtuch<br data-start=\"2581\" data-end=\"2584\" \/>\ud83d\udd39 Sonnenbrille und Sonnenschutzmittel<br data-start=\"2611\" data-end=\"2614\" \/>\ud83d\udd39 Schnorchelmaske (optional)<br data-start=\"2643\" data-end=\"2646\" \/>\ud83d\udd39 Kleines Bargeld f\u00fcr pers\u00f6nliche Ausgaben<\/p>\n<h3 data-start=\"2452\" data-end=\"2478\"><span style=\"color: #000000;\"><strong>\ud83d\udeab Nicht geeignet f\u00fcr<\/strong><\/span><\/h3>\n<p data-start=\"2479\" data-end=\"2534\">\ud83d\udd39 G\u00e4ste, die eine Bootstour im Party- oder Animationsstil w\u00fcnschen<\/p>\n<h3 dir=\"ltr\">\ud83d\udcb8\u00a0<strong>Preis und Buchung<\/strong><\/h3>\n<p dir=\"ltr\"><strong>\ud83d\udd39 Jetzt buchen, am Tag der Tour bezahlen<\/strong><br \/>\nKontaktiere uns \u00fcber WhatsApp, Telegram, Viber oder f\u00fclle das Buchungsformular unten aus. \ud83d\udc47\ud83c\udffc<\/p>","protected":false},"excerpt":{"rendered":"<p>Buchen Sie die <b>Alanya Relax Bootstour<\/b>! Leise, ohne Musik <b>Ausflug<\/b> entlang der K\u00fcste. Siehe H\u00f6hlen, <b>Roter Turm<\/b>, und genie\u00dfen <b>3-4 Badepausen<\/b>. <b>Transfer inklusive<\/b>.<\/p>","protected":false},"featured_media":15215,"comment_status":"open","ping_status":"closed","template":"","meta":[],"product_brand":[],"product_cat":[128],"product_tag":[107],"class_list":{"0":"post-15477","1":"product","2":"type-product","3":"status-publish","4":"has-post-thumbnail","6":"tour_phys-alanya-tours","7":"product_cat-alanya-tours","8":"product_tag-antalya","9":"pa_destination-alanya-tours","11":"first","12":"instock","13":"sale","14":"shipping-taxable","15":"purchasable","16":"product-type-tour_phys"},"aioseo_notices":[],"_links":{"self":[{"href":"https:\/\/excursionsworld.com\/de\/wp-json\/wp\/v2\/product\/15477","targetHints":{"allow":["GET"]}}],"collection":[{"href":"https:\/\/excursionsworld.com\/de\/wp-json\/wp\/v2\/product"}],"about":[{"href":"https:\/\/excursionsworld.com\/de\/wp-json\/wp\/v2\/types\/product"}],"replies":[{"embeddable":true,"href":"https:\/\/excursionsworld.com\/de\/wp-json\/wp\/v2\/comments?post=15477"}],"wp:featuredmedia":[{"embeddable":true,"href":"https:\/\/excursionsworld.com\/de\/wp-json\/wp\/v2\/media\/15215"}],"wp:attachment":[{"href":"https:\/\/excursionsworld.com\/de\/wp-json\/wp\/v2\/media?parent=15477"}],"wp:term":[{"taxonomy":"product_brand","embeddable":true,"href":"https:\/\/excursionsworld.com\/de\/wp-json\/wp\/v2\/product_brand?post=15477"},{"taxonomy":"product_cat","embeddable":true,"href":"https:\/\/excursionsworld.com\/de\/wp-json\/wp\/v2\/product_cat?post=15477"},{"taxonomy":"product_tag","embeddable":true,"href":"https:\/\/excursionsworld.com\/de\/wp-json\/wp\/v2\/product_tag?post=15477"}],"curies":[{"name":"wp","href":"https:\/\/api.w.org\/{rel}","templated":true}]}}