{"id":15478,"date":"2025-10-30T12:57:14","date_gmt":"2025-10-30T09:57:14","guid":{"rendered":"https:\/\/excursionsworld.com\/?post_type=product&#038;p=15478"},"modified":"2026-04-24T00:21:02","modified_gmt":"2026-04-23T21:21:02","slug":"starcraft-boot-alanya","status":"publish","type":"product","link":"https:\/\/excursionsworld.com\/tours\/starcraft-boat-alanya\/","title":{"rendered":"Starcraft-Bootstour in Alanya \u2013 All Inclusive"},"content":{"rendered":"<h2><strong>\ud83d\udee5\ufe0f \u00dcberblick<\/strong><\/h2>\n<p>Erleben Sie Luxus auf See mit der <strong><a href=\"https:\/\/en.wikipedia.org\/wiki\/Alanya\" target=\"_blank\" rel=\"noopener\">Alanya<\/a> Starcraft Bootstour<\/strong> - die stilvollste Art, die K\u00fcste von Alanya zu erkunden! Segeln Sie an Bord der <strong>A-Klasse Starcraft-Jacht<\/strong>, mit Musik, Unterhaltung und Badepausen im t\u00fcrkisfarbenen Mittelmeer. Wenn Sie auf der Suche nach Komfort, Spa\u00df und einem Hauch von Eleganz sind, ist diese luxuri\u00f6se Bootsfahrt die perfekte Wahl.<\/p>\n<h3><span style=\"color: #000000;\"><strong>Inbegriffen:<\/strong><\/span><\/h3>\n<p><span style=\"color: #00ff00;\"><strong>\u2713<\/strong> <\/span>Abholung vom Hotel und R\u00fccktransport\u00a0<br \/><span style=\"color: #00ff00;\"><strong>\u2713<\/strong> <\/span>Professioneller F\u00fchrer<br \/><span style=\"color: #00ff00;\"><strong>\u2713<\/strong> <\/span>Mittagessen (gegrilltes H\u00e4hnchen, Reis und Salate)<br \/><span style=\"color: #00ff00;\"><strong>\u2713<\/strong> <\/span>Erfrischungsgetr\u00e4nke (Wasser, Cola, Fanta, usw.)<br \/><span style=\"color: #00ff00;\"><strong>\u2713<\/strong> <\/span>Schaumparty und Live-Unterhaltung<br \/><span style=\"color: #00ff00;\"><strong>\u2713<\/strong> <\/span>Schwimmwesten<br \/><span style=\"color: #00ff00;\"><strong>\u2713<\/strong> <\/span>Versicherung<\/p>\n<h3><span style=\"color: #000000;\"><strong>Nicht inbegriffen:<\/strong><\/span><\/h3>\n<p><span style=\"color: #ff0000;\"><strong>\u2717<\/strong> <\/span>Alkoholische Getr\u00e4nke<br \/><span style=\"color: #ff0000;\"><strong>\u2717<\/strong> <\/span>Fotos und Videos<\/p>\n<h2><span style=\"color: #000000;\"><strong>\ud83c\udf1f H\u00f6hepunkte der Tour<\/strong><\/span><\/h2>\n<p>\ud83d\udd39 Segel auf dem <strong>Starcraft Luxusyacht<\/strong>, eines der gr\u00f6\u00dften und komfortabelsten Boote in Alanya<br \/>\ud83d\udd39 Genie\u00dfen Sie ein erstklassiges Erlebnis mit Musik, Animation und einer Schaumparty<br \/>\ud83d\udd39 Sehen Sie den Roten Turm, die alte Schiffswerft und die Mauern der Burg von Alanya vom Meer aus<br \/>\ud83d\udd39 Besuchen Sie die ber\u00fchmten Piraten-, Liebes-, Phosphor- und Teufelsh\u00f6hlen<br \/>\ud83d\udd39 Schwimmen im t\u00fcrkisfarbenen Wasser am Ula\u015f-Strand und anderen malerischen Buchten<br \/>\ud83d\udd39 Perfekt f\u00fcr Paare, Familien und G\u00e4ste, die ein Luxus-Erlebnis suchen<\/p>\n<h2><span style=\"color: #000000;\"><strong>\ud83d\udcd6 Vollst\u00e4ndige Beschreibung<\/strong><\/span><\/h2>\n<div>Steigen Sie ein in die <strong>Starcraft<\/strong>, Alanyas luxuri\u00f6sestes und ger\u00e4umigstes Schiff, das einen erstklassigen Tag auf dem Meer bietet. Die Tour beginnt bei <strong>Hafen von Alanya gegen 10:00 Uhr<\/strong>, wo die elegante Yacht die Segel setzt und an der <strong>Roter Turm<\/strong>, <strong>Alte Werft<\/strong>, und <strong>Mauern der Burg von Alanya<\/strong>.<\/div>\n<div>W\u00e4hrend der Fahrt sehen Sie Alanyas ber\u00fchmte <strong>Piraten, Liebhaber, Phosphor und Teufelsh\u00f6hlen<\/strong>, mit Halt bei <strong>Ula\u015f Strand<\/strong> und andere sch\u00f6ne Buchten zum Schwimmen im kristallklaren Mittelmeer. An Bord k\u00f6nnen Sie sich auf Sonnenliegen oder in schattigen Lounge-Bereichen entspannen und dabei Folgendes genie\u00dfen <strong>Musik, Unterhaltung und eine Schaumparty<\/strong>. A <strong>leckeres Mittagessen mit Erfrischungsgetr\u00e4nken<\/strong> ist inbegriffen und wird in echter Starcraft-Manier serviert.<\/div>\n<div>Nach einem Tag voller Meer, Sonne und Spa\u00df kehrt die Yacht in den Hafen von Alanya zur\u00fcck. <strong>15:00<\/strong>, und Sie werden bequem zu Ihrem Hotel zur\u00fcckgebracht.<\/div>\n<h3><span style=\"color: #000000;\"><strong>\ud83d\uddfa\ufe0f Reiseverlauf<\/strong><\/span><\/h3>\n<p>\ud83d\udd39 Abholung von Hotels\/Appartements in Alanya<br \/>\ud83d\udd39 Transfer zum Hafen von Alanya<br \/>\ud83d\udd39 Abreise um 10:00 Uhr<br \/>\ud83d\udd39 Besichtigungen: Roter Turm, alte Schiffswerft und Burg von Alanya<br \/>\ud83d\udd39 Besuchen Sie Piraten, Liebende, Phosphor und Teufelsh\u00f6hlen<br \/>\ud83d\udd39 Badepause am Ula\u015f Strand<br \/>\ud83d\udd39 Mittagessen und Unterhaltung an Bord<br \/>\ud83d\udd39 Schaumparty bei der R\u00fcckkehr<br \/>\ud83d\udd39 Ankunft zur\u00fcck im Hafen von Alanya (~15:00)<br \/>\ud83d\udd39 Abholung in den Hotels<\/p>\n<h3><span style=\"color: #000000;\"><strong>\u2139\ufe0f N\u00fctzliche Informationen<\/strong><\/span><\/h3>\n<p>\ud83d\udd39 Dauer: ca. 5-6 Stunden<br \/>\ud83d\udd39 Englischsprachige Besatzung und F\u00fchrer<br \/>\ud83d\udd39 Geeignet f\u00fcr alle Altersgruppen<br \/>\ud83d\udd39 Komfortables Luxusboot der A-Klasse mit mehreren Decks und moderner Ausstattung<br \/>Kinder unter 5 Jahren reisen kostenlos (teilen sich den Sitzplatz mit den Eltern)<\/p>\n<h2><span style=\"color: #000000;\"><strong>\ud83c\udf92 Was Sie mitbringen sollten<\/strong><\/span><\/h2>\n<p>\ud83d\udd39 Badeanzug und Handtuch<br \/>\ud83d\udd39 Sonnencreme, Sonnenbrille und Hut<br \/>\ud83d\udd39 Kamera oder Telefon<br \/>\ud83d\udd39 Kleines Geld f\u00fcr Extras<\/p>\n<h3><span style=\"color: #000000;\"><strong>\ud83d\udeab Nicht geeignet f\u00fcr<\/strong><\/span><\/h3>\n<p>\ud83d\udd39 G\u00e4ste mit schwerer Reisekrankheit<br \/>\ud83d\udd39 Schwangere Frauen<\/p>\n<h2 dir=\"ltr\">\ud83d\udcb8\u00a0<strong>Preis und Buchung<\/strong><\/h2>\n<p dir=\"ltr\"><strong>\ud83d\udd39 Jetzt buchen, am Tag der Tour bezahlen<\/strong><br \/>\nKontaktiere uns \u00fcber WhatsApp, Telegram, Viber oder f\u00fclle das Buchungsformular unten aus. \ud83d\udc47\ud83c\udffc<\/p>\n<p>Alternativen gesucht? St\u00f6bern Sie <a href=\"https:\/\/excursionsworld.com\/de\/alanya-ausfluege\/\">Weitere Touren in Alanya<\/a>.<\/p>","protected":false},"excerpt":{"rendered":"<p>Buchen Sie die <b>Alanya Starcraft Bootstour<\/b>! Genie\u00dfen Sie einen ganzen Tag <b>Kreuzfahrt<\/b>, Schwimmstopps, Schaumparty und Entdeckung der ber\u00fchmten Piratenh\u00f6hlen. Spa\u00df <b>Tagesausflug<\/b>!<\/p>","protected":false},"featured_media":15431,"comment_status":"open","ping_status":"closed","template":"","meta":[],"product_brand":[],"product_cat":[128],"product_tag":[111],"class_list":{"0":"post-15478","1":"product","2":"type-product","3":"status-publish","4":"has-post-thumbnail","6":"tour_phys-alanya-tours","7":"product_cat-alanya-tours","8":"product_tag-alanya","9":"pa_destination-alanya-tours","10":"pa_kategori-pirate-boat-tours","12":"first","13":"instock","14":"sale","15":"shipping-taxable","16":"purchasable","17":"product-type-tour_phys"},"aioseo_notices":[],"_links":{"self":[{"href":"https:\/\/excursionsworld.com\/de\/wp-json\/wp\/v2\/product\/15478","targetHints":{"allow":["GET"]}}],"collection":[{"href":"https:\/\/excursionsworld.com\/de\/wp-json\/wp\/v2\/product"}],"about":[{"href":"https:\/\/excursionsworld.com\/de\/wp-json\/wp\/v2\/types\/product"}],"replies":[{"embeddable":true,"href":"https:\/\/excursionsworld.com\/de\/wp-json\/wp\/v2\/comments?post=15478"}],"wp:featuredmedia":[{"embeddable":true,"href":"https:\/\/excursionsworld.com\/de\/wp-json\/wp\/v2\/media\/15431"}],"wp:attachment":[{"href":"https:\/\/excursionsworld.com\/de\/wp-json\/wp\/v2\/media?parent=15478"}],"wp:term":[{"taxonomy":"product_brand","embeddable":true,"href":"https:\/\/excursionsworld.com\/de\/wp-json\/wp\/v2\/product_brand?post=15478"},{"taxonomy":"product_cat","embeddable":true,"href":"https:\/\/excursionsworld.com\/de\/wp-json\/wp\/v2\/product_cat?post=15478"},{"taxonomy":"product_tag","embeddable":true,"href":"https:\/\/excursionsworld.com\/de\/wp-json\/wp\/v2\/product_tag?post=15478"}],"curies":[{"name":"wp","href":"https:\/\/api.w.org\/{rel}","templated":true}]}}