{"id":15481,"date":"2025-10-30T13:00:50","date_gmt":"2025-10-30T10:00:50","guid":{"rendered":"https:\/\/excursionsworld.com\/?post_type=product&#038;p=15481"},"modified":"2026-03-02T19:45:06","modified_gmt":"2026-03-02T16:45:06","slug":"rafting-koprulu-canyon-alanya","status":"publish","type":"product","link":"https:\/\/excursionsworld.com\/tours\/rafting-koprulu-canyon-alanya\/","title":{"rendered":"Rafting Ausflug im K\u00f6pr\u00fcl\u00fc Canyon ab Alanya \u2013 Ganzt\u00e4gige Tour"},"content":{"rendered":"<h3 data-start=\"6681\" data-end=\"6702\"><span style=\"color: #000000;\"><strong>\ud83d\udea3\u200d\u2642\ufe0f \u00dcberblick<\/strong><\/span><\/h3>\n<p data-start=\"6703\" data-end=\"6978\">Werden Sie Teil einer spannenden <strong data-start=\"6720\" data-end=\"6751\">K\u00f6pr\u00fcl\u00fc-Schlucht-Rafting-Tour<\/strong> von <strong data-start=\"6757\" data-end=\"6861\">Alanya und Umgebung (Oba, Tosmur, Kestel, Mahmutlar, Konakl\u0131, Avsallar, T\u00fcrkler, Okurcalar)<\/strong>! \u00dcberwinden Sie 10 Stromschnellen auf 14 km, schwimmen Sie in kristallklaren Fl\u00fcssen und genie\u00dfen Sie ein Mittagessen am Flussufer inmitten der Natur.<\/p>\n<h3 data-start=\"6980\" data-end=\"6995\"><span style=\"color: #000000;\"><strong>Inbegriffen:<\/strong><\/span><\/h3>\n<p data-start=\"6996\" data-end=\"7092\"><span style=\"color: #00ff00;\"><strong>\u2713<\/strong> <\/span>Abholung vom Hotel und R\u00fccktransport<br data-start=\"7023\" data-end=\"7026\" \/><span style=\"color: #00ff00;\"><strong>\u2713<\/strong> <\/span>10-Personen-Fl\u00f6\u00dfe<br data-start=\"7043\" data-end=\"7046\" \/><span style=\"color: #00ff00;\"><strong>\u2713<\/strong> <\/span>Professioneller F\u00fchrer<br data-start=\"7066\" data-end=\"7069\" \/><span style=\"color: #00ff00;\"><strong>\u2713<\/strong> <\/span>Versicherung<br data-start=\"7080\" data-end=\"7083\" \/><span style=\"color: #00ff00;\"><strong>\u2713<\/strong> <\/span>Mittagessen<\/p>\n<h3 data-start=\"7094\" data-end=\"7113\"><span style=\"color: #000000;\"><strong>Nicht inbegriffen:<\/strong><\/span><\/h3>\n<p data-start=\"7114\" data-end=\"7206\"><span style=\"color: #ff0000;\"><strong>\u2717<\/strong> <\/span>Getr\u00e4nke<br data-start=\"7122\" data-end=\"7125\" \/><span style=\"color: #ff0000;\"><strong>\u2717<\/strong> <\/span>Fotos und Videos<br data-start=\"7142\" data-end=\"7145\" \/><span style=\"color: #ff0000;\"><strong>\u2717<\/strong> <\/span>Zwei-Personen-Rafting (gegen Geb\u00fchr)<br data-start=\"7174\" data-end=\"7177\" \/><span style=\"color: #ff0000;\"><strong>\u2717<\/strong> <\/span>Optionale Zipline-Aktivit\u00e4t<\/p>\n<h3 data-start=\"7208\" data-end=\"7233\"><span style=\"color: #000000;\"><strong>\ud83c\udf1f H\u00f6hepunkte der Tour<\/strong><\/span><\/h3>\n<p data-start=\"7234\" data-end=\"7430\">\ud83d\udd39 14 km Rafting-Abenteuer durch die K\u00f6pr\u00fcl\u00fc-Schlucht<br data-start=\"7283\" data-end=\"7286\" \/>\ud83d\udd39 Wundersch\u00f6ne Berg- und Waldlandschaften<br data-start=\"7328\" data-end=\"7331\" \/>\ud83d\udd39 Badepausen in ruhigen Abschnitten<br data-start=\"7366\" data-end=\"7369\" \/>\ud83d\udd39 Mittagspause am Fluss<br data-start=\"7392\" data-end=\"7395\" \/>\ud83d\udd39 Wahlweise Zipline oder Tauchspa\u00df<\/p>\n<h3 data-start=\"7432\" data-end=\"7458\"><span style=\"color: #000000;\"><strong>\ud83d\udcd6 Vollst\u00e4ndige Beschreibung<\/strong><\/span><\/h3>\n<p data-start=\"7459\" data-end=\"7830\">Beginnen Sie Ihr Abenteuer mit einer malerischen Fahrt von Alanya zum K\u00f6pr\u00fcl\u00fc-Canyon-Nationalpark. Nach der Ankunft werden Sie von professionellen Guides ausger\u00fcstet und eingewiesen, dann beginnt Ihr Rafting-Abenteuer auf dem t\u00fcrkisfarbenen Fluss.<br data-start=\"7670\" data-end=\"7673\" \/>Zwischen den Stromschnellen k\u00f6nnen Sie schwimmen, sich entspannen oder sich mit der Zipline vergn\u00fcgen. Danach k\u00f6nnen Sie ein k\u00f6stliches Mittagessen am Fluss genie\u00dfen, bevor Sie zu Ihrem Hotel in Alanya zur\u00fcckkehren.<\/p>\n<h3 data-start=\"7832\" data-end=\"7857\"><span style=\"color: #000000;\"><strong>\ud83d\uddfa\ufe0f Reiseverlauf<\/strong><\/span><\/h3>\n<p data-start=\"7858\" data-end=\"8034\">\ud83d\udd39 Abholung aus der Region Alanya<br data-start=\"7886\" data-end=\"7889\" \/>\ud83d\udd39 Fahrt zur K\u00f6pr\u00fcl\u00fc-Schlucht<br data-start=\"7915\" data-end=\"7918\" \/>\ud83d\udd39 Sicherheitsbelehrung<br data-start=\"7936\" data-end=\"7939\" \/>\ud83d\udd39 14 km Raftingstrecke (10 Stromschnellen)<br data-start=\"7973\" data-end=\"7976\" \/>\ud83d\udd39 Mittagspause am Fluss<br data-start=\"8003\" data-end=\"8006\" \/>\ud83d\udd39 Zur\u00fcck zu Alanya Hotels<\/p>\n<h3 data-start=\"8036\" data-end=\"8064\"><span style=\"color: #000000;\"><strong>\u2139\ufe0f N\u00fctzliche Informationen<\/strong><\/span><\/h3>\n<p data-start=\"8065\" data-end=\"8207\">\ud83d\udd39 Dauer: ~7-8 Stunden<br data-start=\"8088\" data-end=\"8091\" \/>\ud83d\udd39 Geeignet f\u00fcr alle Niveaus<br data-start=\"8117\" data-end=\"8120\" \/>\ud83d\udd39 Wasserschuhe zum Kauf erh\u00e4ltlich<br data-start=\"8157\" data-end=\"8160\" \/>Kinder unter 5 Jahren reisen kostenlos (geteilter Sitzplatz)<\/p>\n<h3 data-start=\"8209\" data-end=\"8232\"><span style=\"color: #000000;\"><strong>\ud83c\udf92 Was Sie mitbringen sollten<\/strong><\/span><\/h3>\n<p data-start=\"8233\" data-end=\"8329\">\ud83d\udd39 Badesachen, Handtuch, Sonnenschutzmittel<br data-start=\"8262\" data-end=\"8265\" \/>\ud83d\udd39 Wasserschuhe<br data-start=\"8279\" data-end=\"8282\" \/>\ud83d\udd39 Zus\u00e4tzliche Kleidung<br data-start=\"8298\" data-end=\"8301\" \/>\ud83d\udd39 Bargeld f\u00fcr pers\u00f6nliche Bed\u00fcrfnisse<\/p>\n<h3 data-start=\"8331\" data-end=\"8357\"><span style=\"color: #000000;\"><strong>\ud83d\udeab Nicht geeignet f\u00fcr<\/strong><\/span><\/h3>\n<p data-start=\"8358\" data-end=\"8437\">\ud83d\udd39 Schwangere Frauen<br data-start=\"8375\" data-end=\"8378\" \/>\ud83d\udd39 Herzpatienten<br data-start=\"8395\" data-end=\"8398\" \/>\ud83d\udd39 Kinder unter 4 Jahren<br data-start=\"8413\" data-end=\"8416\" \/>\ud83d\udd39 Rollstuhlfahrer<\/p>\n<h3 dir=\"ltr\">\ud83d\udcb8\u00a0<strong>Preis und Buchung<\/strong><\/h3>\n<p dir=\"ltr\"><strong>\ud83d\udd39 Jetzt buchen, am Tag der Tour bezahlen<\/strong><br \/>\nKontaktiere uns \u00fcber WhatsApp, Telegram, Viber oder f\u00fclle das Buchungsformular unten aus. \ud83d\udc47\ud83c\udffc<\/p>","protected":false},"excerpt":{"rendered":"<p>Buchen Sie die <b>Alanya Rafting Tour<\/b>! Ganzt\u00e4gig <b>Abenteuer<\/b> in den 14 km langen Stromschnellen des K\u00f6pr\u00fcl\u00fc Canyon. <b>Transfer inklusive<\/b> aus Alanya. Einsteigerfreundlicher Spa\u00df!<\/p>","protected":false},"featured_media":12670,"comment_status":"open","ping_status":"closed","template":"","meta":[],"product_brand":[],"product_cat":[128],"product_tag":[111],"class_list":{"0":"post-15481","1":"product","2":"type-product","3":"status-publish","4":"has-post-thumbnail","6":"tour_phys-alanya-tours","7":"product_cat-alanya-tours","8":"product_tag-alanya","9":"pa_destination-alanya-tours","11":"first","12":"instock","13":"sale","14":"shipping-taxable","15":"purchasable","16":"product-type-tour_phys"},"aioseo_notices":[],"_links":{"self":[{"href":"https:\/\/excursionsworld.com\/de\/wp-json\/wp\/v2\/product\/15481","targetHints":{"allow":["GET"]}}],"collection":[{"href":"https:\/\/excursionsworld.com\/de\/wp-json\/wp\/v2\/product"}],"about":[{"href":"https:\/\/excursionsworld.com\/de\/wp-json\/wp\/v2\/types\/product"}],"replies":[{"embeddable":true,"href":"https:\/\/excursionsworld.com\/de\/wp-json\/wp\/v2\/comments?post=15481"}],"wp:featuredmedia":[{"embeddable":true,"href":"https:\/\/excursionsworld.com\/de\/wp-json\/wp\/v2\/media\/12670"}],"wp:attachment":[{"href":"https:\/\/excursionsworld.com\/de\/wp-json\/wp\/v2\/media?parent=15481"}],"wp:term":[{"taxonomy":"product_brand","embeddable":true,"href":"https:\/\/excursionsworld.com\/de\/wp-json\/wp\/v2\/product_brand?post=15481"},{"taxonomy":"product_cat","embeddable":true,"href":"https:\/\/excursionsworld.com\/de\/wp-json\/wp\/v2\/product_cat?post=15481"},{"taxonomy":"product_tag","embeddable":true,"href":"https:\/\/excursionsworld.com\/de\/wp-json\/wp\/v2\/product_tag?post=15481"}],"curies":[{"name":"wp","href":"https:\/\/api.w.org\/{rel}","templated":true}]}}