{"id":15483,"date":"2025-10-30T13:13:31","date_gmt":"2025-10-30T10:13:31","guid":{"rendered":"https:\/\/excursionsworld.com\/?post_type=product&#038;p=15483"},"modified":"2025-12-09T14:14:40","modified_gmt":"2025-12-09T11:14:40","slug":"piratenboot-lara-wasserfall-belek","status":"publish","type":"product","link":"https:\/\/excursionsworld.com\/tours\/pirate-boat-lara-waterfall-belek\/","title":{"rendered":"Piraten-Bootstour ab Belek \u2013 Lara Strand &amp; Wasserfall"},"content":{"rendered":"<h3 data-start=\"0\" data-end=\"21\">\ud83c\udff4\u200d\u2620\ufe0f \u00dcberblick<\/h3>\n<p data-start=\"23\" data-end=\"382\">Begeben Sie sich auf die <strong data-start=\"37\" data-end=\"63\">Belek Piraten Bootsfahrt<\/strong>, abweichend von <strong data-start=\"80\" data-end=\"94\">Lara Strand<\/strong>, an Bord des pr\u00e4chtigen<strong data-start=\"119\" data-end=\"149\">\u00a0Piratenschiff<\/strong>! Dieses ganzt\u00e4gige Abenteuer kombiniert Spa\u00df, Entspannung und eine atemberaubende mediterrane Landschaft - perfekt f\u00fcr Familien, Paare und Gruppen. Genie\u00dfen Sie mehrere Badestopps, lebhafte Unterhaltung und atemberaubende Ausblicke auf die K\u00fcste von Antalya.<\/p>\n<h3 data-start=\"384\" data-end=\"399\">Inbegriffen:<\/h3>\n<p data-start=\"400\" data-end=\"651\"><strong><span style=\"color: #00ff00;\">\u2713<\/span><\/strong> Abholung vom Hotel und R\u00fccktransport<br data-start=\"456\" data-end=\"459\" \/><strong><span style=\"color: #00ff00;\">\u2713 <\/span><\/strong>Piratenbootfahrt\u00a0<br data-start=\"504\" data-end=\"507\" \/><strong><span style=\"color: #00ff00;\">\u2713 <\/span><\/strong>Leckeres Mittagessen an Bord<br data-start=\"532\" data-end=\"535\" \/><strong><span style=\"color: #00ff00;\">\u2713 <\/span><\/strong>Unterhaltung, Schaumparty &amp; Animationen<br data-start=\"575\" data-end=\"578\" \/><strong><span style=\"color: #00ff00;\">\u2713 <\/span><\/strong>Mehrere Badepausen (Turtle Bay, Wasserf\u00e4lle, etc.)<br data-start=\"635\" data-end=\"638\" \/><strong><span style=\"color: #00ff00;\">\u2713 <\/span><\/strong>Versicherung<\/p>\n<h3 data-start=\"653\" data-end=\"672\">Nicht inbegriffen:<\/h3>\n<p data-start=\"673\" data-end=\"760\"><span style=\"color: #ff0000;\"><strong>\u2717<\/strong><\/span> Getr\u00e4nke\u00a0<br data-start=\"714\" data-end=\"717\" \/><span style=\"color: #ff0000;\"><strong>\u2717 <\/strong><\/span>Pers\u00f6nliche Ausgaben<\/p>\n<h3 data-start=\"762\" data-end=\"787\">\ud83c\udf1f H\u00f6hepunkte der Tour<\/h3>\n<p data-start=\"788\" data-end=\"1130\">Panorama-Kreuzfahrt entlang der wundersch\u00f6nen K\u00fcste von Antalya<br data-start=\"840\" data-end=\"843\" \/>\ud83d\udd39 Wahrzeichen: Gro\u00dfe und kleine D\u00fcden-Wasserf\u00e4lle, Kalei\u00e7i und Konyaalt\u0131-Strand<br data-start=\"915\" data-end=\"918\" \/>\ud83d\udd39 Schwimmen im kristallklaren Wasser der Turtle Bay<br data-start=\"966\" data-end=\"969\" \/>\ud83d\udd39 Lebendige Unterhaltung und Schaumparty mit Piratenmotiven<br data-start=\"1021\" data-end=\"1024\" \/>\ud83d\udd39 Perfekter Tag auf See f\u00fcr Kinder und Erwachsene<br data-start=\"1070\" data-end=\"1073\" \/>\ud83d\udd39 Ger\u00e4umiges Boot mit mehreren Decks, Liegest\u00fchlen und Einrichtungen<\/p>\n<h3 data-start=\"1132\" data-end=\"1158\">\ud83d\udcd6 Vollst\u00e4ndige Beschreibung<\/h3>\n<div data-start=\"1159\" data-end=\"1403\">Beginnen Sie Ihren Tag mit einem bequemen Transfer von Ihrem <strong data-start=\"1212\" data-end=\"1227\">Belek Hotel<\/strong> zum Abfahrtspier in der N\u00e4he von <strong data-start=\"1255\" data-end=\"1286\">Mardan Palace Hotel in Lara<\/strong>. Gehen Sie an Bord der majest\u00e4tischen <strong data-start=\"1313\" data-end=\"1343\">\u00a0Piratenschiff<\/strong> und stechen Sie in See zu einem unvergesslichen Mittelmeer-Abenteuer. W\u00e4hrend das Schiff die K\u00fcste entlangf\u00e4hrt, k\u00f6nnen Sie die ber\u00fchmten Sehensw\u00fcrdigkeiten von Antalya bewundern - vom <strong data-start=\"1484\" data-end=\"1509\">Unterer D\u00fcden-Wasserfall<\/strong> Kaskaden ins Meer zu den charmanten <strong data-start=\"1549\" data-end=\"1571\">Altstadt (Kalei\u00e7i)<\/strong> und <strong data-start=\"1576\" data-end=\"1595\">Konyaalt\u0131 Strand<\/strong>. Mehrere genie\u00dfen <strong data-start=\"1614\" data-end=\"1633\">Badepausen<\/strong> an wundersch\u00f6nen Buchten wie <strong data-start=\"1660\" data-end=\"1674\">Schildkr\u00f6tenbucht<\/strong>, wo Sie im t\u00fcrkisfarbenen Wasser tauchen oder auf dem Deck in der Sonne entspannen k\u00f6nnen. An Bord unterh\u00e4lt Sie die Piratencrew mit <strong data-start=\"1805\" data-end=\"1866\">Musik, Animationen, Gesichtsbemalung und eine lebhafte Schaumparty<\/strong>, Dadurch ist diese Tour besonders f\u00fcr Familien mit Kindern geeignet. A <strong data-start=\"1939\" data-end=\"1954\">leckeres Mittagessen<\/strong> wird an Bord serviert, und alkoholfreie Getr\u00e4nke k\u00f6nnen an der Bar erworben werden. Nach einem Tag voller Spa\u00df und Sonne k\u00f6nnen Sie sich entspannen, w\u00e4hrend das Schiff in den Hafen zur\u00fcckf\u00e4hrt, wo Ihr Fahrzeug auf Sie wartet, um Sie bequem zu Ihrem Hotel zur\u00fcckzubringen.<\/div>\n<h3 data-start=\"2183\" data-end=\"2208\">\ud83d\uddfa\ufe0f Reiseverlauf<\/h3>\n<p data-start=\"2209\" data-end=\"2506\">\ud83d\udd39 Abholung von Hotels in Belek und der Region Antalya<br data-start=\"2253\" data-end=\"2256\" \/>\ud83d\udd39 Abfahrt vom Hafen von Lara Beach<br data-start=\"2289\" data-end=\"2292\" \/>\ud83d\udd39 Sightseeing entlang der K\u00fcste von Antalya<br data-start=\"2332\" data-end=\"2335\" \/>\ud83d\udd39 Badestopp an der Turtle Bay<br data-start=\"2365\" data-end=\"2368\" \/>\ud83d\udd39 Blick auf gro\u00dfe und kleine D\u00fcden-Wasserf\u00e4lle<br data-start=\"2407\" data-end=\"2410\" \/>\ud83d\udd39 Mittagessen an Bord<br data-start=\"2426\" data-end=\"2429\" \/>\ud83d\udd39 Unterhaltung, Schaumparty &amp; Musik<br data-start=\"2465\" data-end=\"2468\" \/>R\u00fcckfahrt zum Hafen und Hoteltransfer<\/p>\n<h3 data-start=\"2508\" data-end=\"2536\">\u2139\ufe0f N\u00fctzliche Informationen<\/h3>\n<p data-start=\"2537\" data-end=\"2745\">\ud83d\udd39 Dauer: ca. 6-7 Stunden<br data-start=\"2573\" data-end=\"2576\" \/>\ud83d\udd39 Familienfreundlich mit schattigen und sonnigen Bereichen an Bord<br data-start=\"2630\" data-end=\"2633\" \/>\ud83d\udd39 Vegetarisches Essen verf\u00fcgbar<br data-start=\"2661\" data-end=\"2664\" \/>\ud83d\udd39 Englischsprachige Besatzung<br data-start=\"2688\" data-end=\"2691\" \/>\ud83d\udd39 Kinder unter 5 Jahren fahren kostenlos, teilen sich aber einen Bussitz<\/p>\n<h3 data-start=\"2747\" data-end=\"2770\">\ud83c\udf92 Was Sie mitbringen sollten<\/h3>\n<p data-start=\"2771\" data-end=\"2901\">\ud83d\udd39 Badeanzug und Handtuch<br data-start=\"2792\" data-end=\"2795\" \/>\ud83d\udd39 Sonnenschutzmittel und Sonnenbrille<br data-start=\"2822\" data-end=\"2825\" \/>\ud83d\udd39 Hut oder M\u00fctze<br data-start=\"2838\" data-end=\"2841\" \/>\ud83d\udd39 Kamera oder Telefon<br data-start=\"2859\" data-end=\"2862\" \/>\ud83d\udd39 Kleines Bargeld f\u00fcr Getr\u00e4nke oder Souvenirs<\/p>\n<h3 data-start=\"2903\" data-end=\"2929\">\ud83d\udeab Nicht geeignet f\u00fcr<\/h3>\n<p data-start=\"2930\" data-end=\"3016\">\ud83d\udd39 G\u00e4ste, die zu schwerer Seekrankheit neigen<br data-start=\"2967\" data-end=\"2970\" \/>\ud83d\udd39 Menschen, die eine ruhige oder musikfreie Tour suchen<\/p>\n<h3 dir=\"ltr\">\ud83d\udcb8\u00a0<strong>Preis und Buchung<\/strong><\/h3>\n<p dir=\"ltr\"><strong>\ud83d\udd39 Jetzt buchen, am Tag der Tour bezahlen<\/strong><br \/>\nKontaktiere uns \u00fcber WhatsApp, Telegram, Viber oder f\u00fclle das Buchungsformular unten aus. \ud83d\udc47\ud83c\udffc<\/p>","protected":false},"excerpt":{"rendered":"<p>Buchen Sie die <b>Belek Piraten Bootsfahrt<\/b>! Spa\u00df <b>Ganztagesausflug<\/b> mit <b>Schaumparty<\/b>, Musik, und Schwimmen in <b>Schildkr\u00f6tenbucht<\/b>. Siehe Wasserf\u00e4lle und K\u00fcste. <b>Transfer inklusive<\/b>!<\/p>","protected":false},"featured_media":15244,"comment_status":"open","ping_status":"closed","template":"","meta":[],"product_brand":[],"product_cat":[126,130],"product_tag":[120],"class_list":{"0":"post-15483","1":"product","2":"type-product","3":"status-publish","4":"has-post-thumbnail","6":"tour_phys-belek-tours","7":"tour_phys-pirate-boat-tours","8":"product_cat-belek-tours","9":"product_cat-pirate-boat-tours","10":"product_tag-belek","11":"pa_destination-belek-tours","12":"pa_kategori-pirate-boat-tours","14":"first","15":"instock","16":"sale","17":"featured","18":"shipping-taxable","19":"purchasable","20":"product-type-tour_phys"},"aioseo_notices":[],"_links":{"self":[{"href":"https:\/\/excursionsworld.com\/de\/wp-json\/wp\/v2\/product\/15483","targetHints":{"allow":["GET"]}}],"collection":[{"href":"https:\/\/excursionsworld.com\/de\/wp-json\/wp\/v2\/product"}],"about":[{"href":"https:\/\/excursionsworld.com\/de\/wp-json\/wp\/v2\/types\/product"}],"replies":[{"embeddable":true,"href":"https:\/\/excursionsworld.com\/de\/wp-json\/wp\/v2\/comments?post=15483"}],"wp:featuredmedia":[{"embeddable":true,"href":"https:\/\/excursionsworld.com\/de\/wp-json\/wp\/v2\/media\/15244"}],"wp:attachment":[{"href":"https:\/\/excursionsworld.com\/de\/wp-json\/wp\/v2\/media?parent=15483"}],"wp:term":[{"taxonomy":"product_brand","embeddable":true,"href":"https:\/\/excursionsworld.com\/de\/wp-json\/wp\/v2\/product_brand?post=15483"},{"taxonomy":"product_cat","embeddable":true,"href":"https:\/\/excursionsworld.com\/de\/wp-json\/wp\/v2\/product_cat?post=15483"},{"taxonomy":"product_tag","embeddable":true,"href":"https:\/\/excursionsworld.com\/de\/wp-json\/wp\/v2\/product_tag?post=15483"}],"curies":[{"name":"wp","href":"https:\/\/api.w.org\/{rel}","templated":true}]}}