{"id":15490,"date":"2025-10-30T13:56:06","date_gmt":"2025-10-30T10:56:06","guid":{"rendered":"https:\/\/excursionsworld.com\/?post_type=product&#038;p=15490"},"modified":"2026-04-24T00:21:03","modified_gmt":"2026-04-23T21:21:03","slug":"porto-genoese-blaue-lagune-boot-kemer","status":"publish","type":"product","link":"https:\/\/excursionsworld.com\/tours\/porto-genoese-blue-lagoon-boat-kemer\/","title":{"rendered":"Porto Genoese Bootstour ab Kemer \u2013 Blaue Lagune"},"content":{"rendered":"<h2>\u26f5 \u00dcberblick<\/h2>\n<p>Begeben Sie sich auf eine unvergessliche Yachtreise ab <a href=\"https:\/\/en.wikipedia.org\/wiki\/Kemer,_Antalya\" target=\"_blank\" rel=\"noopener\">Kemer<\/a> Hotels zu den malerischen Buchten von Adrasan \u2014 <strong>Porto Genoese, Akseki Bay, Pirate Bay<\/strong>, und die <strong>gl\u00fchend phosphoreszierende H\u00f6hle<\/strong>. Genie\u00dfen Sie t\u00fcrkisfarbene Str\u00e4nde, ein verj\u00fcngendes Lehmbad und ein k\u00f6stliches Mittagessen an Bord - ein perfekter Tag f\u00fcr <strong>Natur- und Meeresliebhaber<\/strong>.<\/p>\n<h3>Inbegriffen:<\/h3>\n<p><span style=\"color: #00ff00;\"><strong>\u2713<\/strong> <\/span>Abholung vom Hotel und R\u00fccktransport<br \/><span style=\"color: #00ff00;\"><strong>\u2713<\/strong> <\/span>Komfortabler klimatisierter Bus<br \/><span style=\"color: #00ff00;\"><strong>\u2713<\/strong> <\/span>Versicherung<br \/><span style=\"color: #00ff00;\"><strong>\u2713<\/strong> <\/span>Leitfaden<br \/><span style=\"color: #00ff00;\"><strong>\u2713<\/strong> <\/span>Mittagessen und Fr\u00fcchte der Saison<br \/><span style=\"color: #00ff00;\"><strong>\u2713<\/strong> <\/span>Tee an Bord<\/p>\n<h3>Nicht inbegriffen:<\/h3>\n<p><span style=\"color: #ff0000;\"><strong>\u2717<\/strong> <\/span>Getr\u00e4nke<br \/><span style=\"color: #ff0000;\"><strong>\u2717<\/strong> <\/span>Pers\u00f6nliche Ausgaben<\/p>\n<h2>\ud83c\udfdd\ufe0f H\u00f6hepunkte der Tour dieser Bootsfahrt von Kemer nach Porto Genoese<\/h2>\n<p>\ud83d\udd39 Schwimmen im t\u00fcrkisfarbenen Wasser der <strong>Bucht von Porto Genoese<\/strong><br \/>\ud83d\udd39 H\u00e4lt an <strong>Akseki<\/strong> und <strong>Piratenbuchten<\/strong><br \/>\ud83d\udd39 Kreuzfahrt mit Stil <strong>Boutique-Yacht<\/strong><br \/>\ud83d\udd39 Entspannend <strong>Lehmbad<\/strong> erleben<br \/>\ud83d\udd39 Besuch der <strong>magische phosphoreszierende H\u00f6hle<\/strong><br \/>\ud83d\udd39 <strong>Leckeres Mittagessen und Tee<\/strong> an Bord<\/p>\n<h2>\ud83d\udcdc Vollst\u00e4ndige Beschreibung: Ihr Kemer Porto Genueser Bootsausflug<\/h2>\n<div>Ihr Tag beginnt mit einem <strong>Transfer von Ihrem Hotel in der Region Kemer<\/strong> zum Hafen von Adrasan. Machen Sie sich an Bord der Yacht bereit f\u00fcr eine <strong>spannendes Seeabenteuer<\/strong> voller Sch\u00f6nheit und Entspannung.<\/div>\n<div><strong>Akseki-Bucht:<\/strong> Der erste Halt ist die Akseki-Bucht, wo Sie etwa 30 Minuten Zeit zum Schwimmen oder Schnorcheln haben. Bitte beachten Sie das Vorkommen von Seeigeln - <strong>Wasserschuhe werden empfohlen<\/strong>.<\/div>\n<div><strong>Bucht von Porto Genoese:<\/strong> Anschlie\u00dfend erreichen Sie die ber\u00fchmte Bucht von Porto Genoese, wo Sie etwa eine Stunde lang das Meer genie\u00dfen k\u00f6nnen. Nehmen Sie eine <strong>Lehmbad<\/strong>, genie\u00dfen Sie einen <strong>leckeres Mittagessen<\/strong>, und genie\u00dfen Sie die atemberaubende Landschaft.<\/div>\n<div><strong>Pirate Bay:<\/strong> Nach einer kurzen 25-min\u00fctigen Fahrt erreichen Sie die Piratenbucht, wo Sie 40 Minuten lang schwimmen und entspannen k\u00f6nnen.<\/div>\n<div><strong>Phosphoreszierende H\u00f6hle:<\/strong> Wenn das Wetter es zul\u00e4sst, k\u00f6nnen Sie die bezaubernde Phosphorescent Cave besuchen, die ber\u00fchmt ist f\u00fcr ihre <strong>Gl\u00fcheffekt<\/strong> und fesselnde Atmosph\u00e4re. Am Ende der Tour kehren Sie zum Hafen zur\u00fcck und genie\u00dfen ein <strong>bequemer Transfer zur\u00fcck zu Ihrem Hotel<\/strong>.<\/div>\n<h3>\ud83d\uddd3\ufe0f Reiseverlauf<\/h3>\n<p>Abholung vom Hotel in Kemer und Umgebung<br \/>Ankunft im Hafen von Adrasan und Einschiffung auf die Yacht<br \/>Auslaufen aus dem Hafen und Beginn des Segelt\u00f6rns<br \/>Erster Badestopp bei <strong>Akseki-Bucht<\/strong> (30 Minuten)<br \/>Ankunft in <strong>Bucht von Porto Genoese<\/strong> - Lehmbad, Schwimmen &amp; Mittagessen (1 Stunde)<br \/>Segeln nach <strong>Piratenbucht<\/strong> zum Schwimmen und Entspannen (40 Minuten)<br \/>Besuch der <strong>Phosphoreszierende H\u00f6hle<\/strong> (je nach Wetterlage)<br \/>R\u00fcckkehr zum Hafen von Adrasan<br \/>Abgabe an Hotels im Raum Kemer<\/p>\n<h3>\u2139\ufe0f N\u00fctzliche Informationen<\/h3>\n<p>\ud83d\udd39 Dauer der Tour: ca. 8 Stunden<br \/>\ud83d\udd39 Kapazit\u00e4t der Yacht: mittelgro\u00dfes Boutique-Boot<br \/>\ud83d\udd39 Wetter- und Seebedingungen k\u00f6nnen die Route beeinflussen<br \/>\ud83d\udd39 Kinder unter 6 Jahren fahren kostenlos (kein separater Sitzplatz im Bus vorhanden)<\/p>\n<h2>\ud83c\udf92 Was Sie mitbringen sollten<\/h2>\n<p>\ud83d\udd39 Badeanzug und Handtuch<br \/>\ud83d\udd39 Sonnenschutzmittel und Sonnenbrille<br \/>\ud83d\udd39 Wasserschuhe (empfohlen f\u00fcr Akseki Bay)<br \/>\ud83d\udd39 Kamera<\/p>\n<h3>\ud83d\udeab Nicht geeignet f\u00fcr<\/h3>\n<p>\ud83d\udd39 Schwangere Frauen<br \/>\ud83d\udd39 Menschen mit Mobilit\u00e4tseinschr\u00e4nkungen<br \/>\ud83d\udd39 Menschen mit Herzproblemen<\/p>\n<div class=\"elementor-element elementor-element-884d539 e-con-full e-flex e-con e-child\" data-id=\"884d539\" data-element_type=\"container\">\n<div id=\"description\" class=\"elementor-element elementor-element-337037cc elementor-widget elementor-widget-thim-ekits-tours-content\" data-id=\"337037cc\" data-element_type=\"widget\" data-widget_type=\"thim-ekits-tours-content.default\">\n<div class=\"elementor-widget-container\">\n<div class=\"thim-ekit-single-tour__content\">\n<h2 dir=\"ltr\"><strong>\ud83d\udcb8 Preis und Buchung<\/strong><\/h2>\n<p dir=\"ltr\"><strong>\ud83d\udd39 Jetzt buchen, am Tag der Tour bezahlen<\/strong><br \/>\nKontaktiere uns \u00fcber WhatsApp, Telegram, Viber oder f\u00fclle das Buchungsformular unten aus. \ud83d\udc47\ud83c\udffc<\/p>\n<\/div>\n<\/div>\n<\/div>\n<\/div>\n<p>Alternativen gesucht? St\u00f6bern Sie <a href=\"https:\/\/excursionsworld.com\/de\/kemer-ausfluege\/\">mehr Kemer-Touren<\/a>.<\/p>","protected":false},"excerpt":{"rendered":"<p>Buchen Sie diese unvergessliche <b>Ausflug<\/b> von <strong>Kemer<\/strong>! Diese <b>t\u00e4gliche Tour<\/b> nach Porto Genoese &amp; Blaue Lagune bietet Schwimmen, Lehmbad und Mittagessen. Das beste Meer <b>Reise<\/b>!<\/p>","protected":false},"featured_media":12442,"comment_status":"open","ping_status":"closed","template":"","meta":[],"product_brand":[],"product_cat":[124],"product_tag":[105],"class_list":{"0":"post-15490","1":"product","2":"type-product","3":"status-publish","4":"has-post-thumbnail","6":"tour_phys-boat-tours","7":"tour_phys-kemer-tours","8":"product_cat-kemer-tours","9":"product_tag-kemer","10":"pa_destination-kemer-tours","11":"pa_kategori-boat-tours","13":"first","14":"instock","15":"sale","16":"featured","17":"shipping-taxable","18":"purchasable","19":"product-type-tour_phys"},"aioseo_notices":[],"_links":{"self":[{"href":"https:\/\/excursionsworld.com\/de\/wp-json\/wp\/v2\/product\/15490","targetHints":{"allow":["GET"]}}],"collection":[{"href":"https:\/\/excursionsworld.com\/de\/wp-json\/wp\/v2\/product"}],"about":[{"href":"https:\/\/excursionsworld.com\/de\/wp-json\/wp\/v2\/types\/product"}],"replies":[{"embeddable":true,"href":"https:\/\/excursionsworld.com\/de\/wp-json\/wp\/v2\/comments?post=15490"}],"wp:featuredmedia":[{"embeddable":true,"href":"https:\/\/excursionsworld.com\/de\/wp-json\/wp\/v2\/media\/12442"}],"wp:attachment":[{"href":"https:\/\/excursionsworld.com\/de\/wp-json\/wp\/v2\/media?parent=15490"}],"wp:term":[{"taxonomy":"product_brand","embeddable":true,"href":"https:\/\/excursionsworld.com\/de\/wp-json\/wp\/v2\/product_brand?post=15490"},{"taxonomy":"product_cat","embeddable":true,"href":"https:\/\/excursionsworld.com\/de\/wp-json\/wp\/v2\/product_cat?post=15490"},{"taxonomy":"product_tag","embeddable":true,"href":"https:\/\/excursionsworld.com\/de\/wp-json\/wp\/v2\/product_tag?post=15490"}],"curies":[{"name":"wp","href":"https:\/\/api.w.org\/{rel}","templated":true}]}}