{"id":15491,"date":"2025-10-30T13:57:19","date_gmt":"2025-10-30T10:57:19","guid":{"rendered":"https:\/\/excursionsworld.com\/?post_type=product&#038;p=15491"},"modified":"2026-04-02T23:15:30","modified_gmt":"2026-04-02T20:15:30","slug":"rafting-koprulu-canyon-kemer","status":"publish","type":"product","link":"https:\/\/excursionsworld.com\/tours\/rafting-koprulu-canyon-kemer\/","title":{"rendered":"Rafting Tour ab Kemer im K\u00f6pr\u00fcl\u00fc Canyon \u2013 Ganztages Abenteuer"},"content":{"rendered":"<h3 dir=\"ltr\" data-pm-slice=\"1 1 []\"><span style=\"color: #000000;\"><strong>\ud83d\udea3\u200d\u2642\ufe0f \u00dcberblick<\/strong><\/span><\/h3>\n<p data-start=\"139\" data-end=\"499\">Begeben Sie sich auf ein aufregendes Rafting-Abenteuer im K\u00f6pr\u00fcl\u00fc-Canyon, einem UNESCO-Weltkulturerbe, mit Transfers von Hotels in Kemer und den umliegenden Regionen: Beldibi, G\u00f6yn\u00fck, Kiri\u015f, \u00c7amyuva, und Tekirova. Befahren Sie 10 Stromschnellen auf 14 km L\u00e4nge, schwimmen Sie in ruhigen Fl\u00fcssen und genie\u00dfen Sie ein Mittagessen am Flussufer. Diese Tour ist ideal f\u00fcr Anf\u00e4nger und Abenteuerlustige und dauert etwa 9-10 Stunden.<\/p>\n<h3 dir=\"ltr\"><span style=\"color: #000000;\"><strong>Inbegriffen:<\/strong><\/span><\/h3>\n<p dir=\"ltr\"><span style=\"color: #00ff00;\"><strong>\u2713<\/strong><\/span> Abholung vom Hotel und R\u00fccktransport<br \/>\n<span style=\"color: #00ff00;\"><strong>\u2713 <\/strong><\/span>Komfortabler klimatisierter Bus<br \/>\n<span style=\"color: #00ff00;\"><strong>\u2713 <\/strong><\/span>10-Personen-Fl\u00f6\u00dfe<br \/>\n<span style=\"color: #00ff00;\"><strong>\u2713 <\/strong><\/span>Versicherung<br \/>\n<span style=\"color: #00ff00;\"><strong>\u2713 <\/strong><\/span>Leitfaden<br \/>\n<span style=\"color: #00ff00;\"><strong>\u2713 <\/strong><\/span>Mittagessen<\/p>\n<h3 dir=\"ltr\"><span style=\"color: #000000;\"><strong>Nicht inbegriffen:<\/strong><\/span><\/h3>\n<p dir=\"ltr\"><strong><span style=\"color: #ff0000;\">\u2717<\/span><\/strong> Zwei-Personen-Rafting (gegen Aufpreis)<br data-start=\"279\" data-end=\"282\" \/><strong><span style=\"color: #ff0000;\">\u2717 <\/span><\/strong>Fotos und Videos<br data-start=\"301\" data-end=\"304\" \/><strong><span style=\"color: #ff0000;\">\u2717 <\/span><\/strong>Getr\u00e4nke<br data-start=\"312\" data-end=\"315\" \/><strong><span style=\"color: #ff0000;\">\u2717 <\/span><\/strong>Optionale Aktivit\u00e4ten (z. B. Zipline)<\/p>\n<h3 dir=\"ltr\"><span style=\"color: #000000;\"><strong>\ud83c\udf1f H\u00f6hepunkte der Tour<\/strong><\/span><\/h3>\n<p dir=\"ltr\">\ud83d\udd39 Aufregende 14 km Rafting mit 10 Stromschnellen<br \/>\n\ud83d\udd39 Atemberaubende Landschaft der K\u00f6pr\u00fcl\u00fc-Schlucht<br \/>\n\ud83d\udd39 Schwimmen in ruhigen Fl\u00fcssen<br \/>\n\ud83d\udd39 Professionelle F\u00fchrer und komplette Ausr\u00fcstung<br \/>\n\ud83d\udd39 Mittagessen am Fluss und Fotom\u00f6glichkeiten<br \/>\n\ud83d\udd39 Optionale Aktivit\u00e4ten: Zipline und Tauchen<\/p>\n<h3 dir=\"ltr\"><span style=\"color: #000000;\"><strong>\ud83d\udcd6 Vollst\u00e4ndige Beschreibung<\/strong><\/span><\/h3>\n<div dir=\"ltr\">Die Tour beginnt mit einem Transfer von Ihrem Hotel in Antalya oder der n\u00e4heren Umgebung zur Basis im K\u00f6pr\u00fcl\u00fc Canyon. Nach einer Sicherheitseinweisung erhalten Sie Ihre Ausr\u00fcstung und begeben sich auf eine 14 km lange Rafting-Tour in einem 10-Personen-Raft durch 10 Stromschnellen, die von erfahrenen Instruktoren geleitet wird. Schwimmkenntnisse oder Vorkenntnisse sind nicht erforderlich.<\/div>\n<div dir=\"ltr\">Zwischen den Stromschnellen k\u00f6nnen Sie in ruhigen Fl\u00fcssen schwimmen, die von Bergen und Gr\u00fcnfl\u00e4chen umgeben sind. Auf dem Programm stehen Stopps f\u00fcr optionale Aktivit\u00e4ten (Zipline, Tauchen gegen Aufpreis) und eine Pause f\u00fcr Getr\u00e4nke oder Pfannkuchen (zus\u00e4tzliche Kosten). Ein k\u00f6stliches Mittagessen wird am Fluss serviert. Nach dem Mittagessen setzen Sie die Rafting-Tour bis zur Ziellinie fort, wo Sie die Videos der Tour ansehen und Fotos machen k\u00f6nnen, bevor Sie zu Ihrem Hotel zur\u00fcckkehren.<\/div>\n<h3 dir=\"ltr\"><span style=\"color: #000000;\"><strong>\ud83d\uddfa\ufe0f Reiseverlauf<\/strong><\/span><\/h3>\n<p dir=\"ltr\">\ud83d\udd39 Abholung von Hotels in Antalya und Umgebung<br \/>\n\ud83d\udd39 Ankunft am St\u00fctzpunkt K\u00f6pr\u00fcl\u00fc Canyon<br \/>\n\ud83d\udd39 Sicherheitseinweisung und Aufbau der Ausr\u00fcstung<br \/>\n\ud83d\udd39 Rafting durch 10 Stromschnellen (14 km)<br \/>\n\ud83d\udd39 Stopps zum Schwimmen und f\u00fcr optionale Aktivit\u00e4ten<br \/>\n\ud83d\udd39 Mittagessen am Fluss<br \/>\n\ud83d\udd39 Weiteres Rafting bis zum Ziel<br \/>\n\ud83d\udd39 Anschauen von Videos und Fotos der Tour<br \/>\n\ud83d\udd39 R\u00fcckkehr zum Hotel<\/p>\n<h3 dir=\"ltr\"><span style=\"color: #000000;\"><strong>\u2139\ufe0f N\u00fctzliche Informationen<\/strong><\/span><\/h3>\n<p dir=\"ltr\">\ud83d\udd39 Dauer: ~7-8 Stunden<br \/>\n\ud83d\udd39 Keine Schwimmkenntnisse oder -erfahrung erforderlich<br \/>\n\ud83d\udd39 10-Personen-Rafting inklusive; 2-Personen-Rafting gegen Aufpreis<br \/>\n\ud83d\udd39 Wasserschuhe, Brillenb\u00e4nder und wasserdichte Etuis k\u00f6nnen in der Basis erworben werden.<br \/>\n\ud83d\udd39 M\u00e4\u00dfige bis hohe k\u00f6rperliche Aktivit\u00e4t<br \/>\n\ud83d\udd39 Kinder unter 6 Jahren, die kostenlos reisen, haben keinen eigenen Sitzplatz im Bus. Wenn der Bus voll ist, sitzen sie auf dem Scho\u00df eines Erwachsenen, oder es kann ein eigener Sitzplatz gebucht werden<\/p>\n<h3 dir=\"ltr\"><span style=\"color: #000000;\"><strong>\ud83c\udf92 Was Sie mitbringen sollten<\/strong><\/span><\/h3>\n<p dir=\"ltr\">\ud83d\udd39 Badeanzug und Handtuch<br \/>\n\ud83d\udd39 Sonnenschutzmittel<br \/>\n\ud83d\udd39 Wasserschuhe<br \/>\n\ud83d\udd39 Wechsel der Kleidung<br \/>\n\ud83d\udd39 Bargeld f\u00fcr pers\u00f6nliche Ausgaben<\/p>\n<h3 dir=\"ltr\"><span style=\"color: #000000;\"><strong>\ud83d\udeab Nicht geeignet f\u00fcr<\/strong><\/span><\/h3>\n<p dir=\"ltr\">\ud83d\udd39 Menschen mit Herzerkrankungen<br \/>\n\ud83d\udd39 Reisende \u00fcber 70 Jahre<br \/>\n\ud83d\udd39 Schwangere Frauen<br \/>\n\ud83d\udd39 Kinder unter 4 Jahren<br \/>\n\ud83d\udd39 Menschen mit eingeschr\u00e4nkter Mobilit\u00e4t oder Rollstuhlfahrer<\/p>\n<h3 dir=\"ltr\"><span style=\"color: #000000;\"><strong>\ud83d\udcb8 Preis und Buchung<\/strong><\/span><\/h3>\n<p dir=\"ltr\"><strong>\ud83d\udd39 Jetzt buchen, am Tag der Tour bezahlen<\/strong><br \/>\nKontaktiere uns \u00fcber WhatsApp, Telegram, Viber oder f\u00fclle das Buchungsformular unten aus. \ud83d\udc47\ud83c\udffc<\/p>","protected":false},"excerpt":{"rendered":"<p>Buchen Sie das aufregende Rafting <b>Reise<\/b> in der K\u00f6pr\u00fcl\u00fc-Schlucht von Kemer aus! Dieser Ganztagesausflug <b>Tour<\/b> beinhaltet ein leckeres Mittagessen, Transfers und gro\u00dfe Wellen.<\/p>","protected":false},"featured_media":12670,"comment_status":"open","ping_status":"closed","template":"","meta":[],"product_brand":[],"product_cat":[124],"product_tag":[105],"class_list":{"0":"post-15491","1":"product","2":"type-product","3":"status-publish","4":"has-post-thumbnail","6":"tour_phys-kemer-tours","7":"product_cat-kemer-tours","8":"product_tag-kemer","9":"pa_destination-kemer-tours","11":"first","12":"instock","13":"sale","14":"shipping-taxable","15":"purchasable","16":"product-type-tour_phys"},"aioseo_notices":[],"_links":{"self":[{"href":"https:\/\/excursionsworld.com\/de\/wp-json\/wp\/v2\/product\/15491","targetHints":{"allow":["GET"]}}],"collection":[{"href":"https:\/\/excursionsworld.com\/de\/wp-json\/wp\/v2\/product"}],"about":[{"href":"https:\/\/excursionsworld.com\/de\/wp-json\/wp\/v2\/types\/product"}],"replies":[{"embeddable":true,"href":"https:\/\/excursionsworld.com\/de\/wp-json\/wp\/v2\/comments?post=15491"}],"wp:featuredmedia":[{"embeddable":true,"href":"https:\/\/excursionsworld.com\/de\/wp-json\/wp\/v2\/media\/12670"}],"wp:attachment":[{"href":"https:\/\/excursionsworld.com\/de\/wp-json\/wp\/v2\/media?parent=15491"}],"wp:term":[{"taxonomy":"product_brand","embeddable":true,"href":"https:\/\/excursionsworld.com\/de\/wp-json\/wp\/v2\/product_brand?post=15491"},{"taxonomy":"product_cat","embeddable":true,"href":"https:\/\/excursionsworld.com\/de\/wp-json\/wp\/v2\/product_cat?post=15491"},{"taxonomy":"product_tag","embeddable":true,"href":"https:\/\/excursionsworld.com\/de\/wp-json\/wp\/v2\/product_tag?post=15491"}],"curies":[{"name":"wp","href":"https:\/\/api.w.org\/{rel}","templated":true}]}}