{"id":15493,"date":"2025-10-30T14:00:40","date_gmt":"2025-10-30T11:00:40","guid":{"rendered":"https:\/\/excursionsworld.com\/?post_type=product&#038;p=15493"},"modified":"2026-02-18T20:07:03","modified_gmt":"2026-02-18T17:07:03","slug":"green-canyon-bootstour-kemer","status":"publish","type":"product","link":"https:\/\/excursionsworld.com\/tours\/green-canyon-boat-tour-kemer\/","title":{"rendered":"Green Canyon Bootsfahrt ab Kemer | All Inclusive"},"content":{"rendered":"<h3 dir=\"ltr\" data-pm-slice=\"1 1 []\"><span style=\"color: #000000;\"><strong>\ud83c\udfdd\ufe0f \u00dcberblick<\/strong><\/span><\/h3>\n<p dir=\"ltr\">Begeben Sie sich von Kemer und Umgebung aus auf eine heitere Tour zum Gr\u00fcnen Canyon! Genie\u00dfen Sie eine Bootsfahrt auf dem t\u00fcrkisfarbenen Wasser, schwimmen Sie und lassen Sie sich von der atemberaubenden Landschaft des Taurusgebirges verzaubern. Diese Tour ist ideal f\u00fcr Familien und Naturliebhaber und dauert etwa 7-8 Stunden.<\/p>\n<h3 dir=\"ltr\"><span style=\"color: #000000;\"><strong>Inbegriffen:<\/strong><\/span><\/h3>\n<p dir=\"ltr\"><span style=\"color: #00ff00;\"><strong>\u2713<\/strong><\/span> Abholung vom Hotel und R\u00fccktransport<br \/>\n<span style=\"color: #00ff00;\"><strong>\u2713 <\/strong><\/span>Bootsfahrt auf dem Green Canyon<br \/>\n<span style=\"color: #00ff00;\"><strong>\u2713 <\/strong><\/span>Leitfaden<br \/>\n<span style=\"color: #00ff00;\"><strong>\u2713 <\/strong><\/span>Mittagessen in einem Restaurant am See<br \/>\n<span style=\"color: #00ff00;\"><strong>\u2713 <\/strong><\/span>Vollversicherung<br \/>\n<span style=\"color: #00ff00;\"><strong>\u2713 <\/strong><\/span>Erfrischungsgetr\u00e4nke<\/p>\n<h3 dir=\"ltr\"><span style=\"color: #000000;\"><strong>Nicht inbegriffen:<\/strong><\/span><\/h3>\n<p dir=\"ltr\"><span style=\"color: #ff0000;\"><strong>\u2717<\/strong> <\/span>Pers\u00f6nliche Ausgaben<br \/>\n<span style=\"color: #ff0000;\"><strong>\u2717 <\/strong><\/span>Fotos und Videos (optional)<\/p>\n<h3 dir=\"ltr\"><span style=\"color: #000000;\"><strong>\ud83d\udea4 H\u00f6hepunkte der Tour<\/strong><\/span><\/h3>\n<p dir=\"ltr\">\ud83d\udd39 Bootsfahrt durch den Green Canyon<br \/>\n\ud83d\udd39 Atemberaubende Aussicht auf das Taurusgebirge<br \/>\n\ud83d\udd39 Schwimmen im erfrischenden Wasser des Canyons<br \/>\n\ud83d\udd39 Leckeres Mittagessen am See<br \/>\n\ud83d\udd39 Friedliche Flucht aus der Stadt<\/p>\n<h3 dir=\"ltr\"><span style=\"color: #000000;\"><strong>\ud83d\udcd6 Vollst\u00e4ndige Beschreibung<\/strong><\/span><\/h3>\n<p dir=\"ltr\">Beginnen Sie Ihren Tag mit einem bequemen Transfer von Kemer oder der Umgebung durch das Taurusgebirge zum Green Canyon. Gehen Sie an Bord eines gem\u00fctlichen Bootes und begeben Sie sich auf eine entspannende Fahrt durch smaragdgr\u00fcne Gew\u00e4sser, umgeben von Klippen und \u00fcppigem Gr\u00fcn. Segeln Sie durch den Kleinen und den Gro\u00dfen Canyon und halten Sie an, um in den kristallklaren Gew\u00e4ssern der T\u00fcrkei zu schwimmen. Genie\u00dfen Sie ein herzhaftes Mittagessen in einem Restaurant am See und tauchen Sie ein in die Ruhe der Natur. Diese Tour ist die perfekte Mischung aus Entspannung und nat\u00fcrlicher Sch\u00f6nheit und l\u00e4sst Sie erfrischt in Ihr Hotel zur\u00fcckkehren.<\/p>\n<h3 dir=\"ltr\"><span style=\"color: #000000;\"><strong>\ud83d\uddfa\ufe0f Reiseverlauf<\/strong><\/span><\/h3>\n<p dir=\"ltr\">\ud83d\udd39 Abholung aus Kemer und Umgebung<br \/>\n\ud83d\udd39 Transfer zum Green Canyon \u00fcber das Taurusgebirge<br \/>\n\ud83d\udd39 Bootsfahrt durch die Schlucht<br \/>\n\ud83d\udd39 Schwimmstopps<br \/>\n\ud83d\udd39 Mittagessen in einem Restaurant am See<br \/>\n\ud83d\udd39 R\u00fcckreise Kreuzfahrt<br \/>\n\ud83d\udd39 Transfer zur\u00fcck zum Hotel<\/p>\n<h3 dir=\"ltr\"><span style=\"color: #000000;\"><strong>\u2139\ufe0f N\u00fctzliche Informationen<\/strong><\/span><\/h3>\n<div>\ud83d\udd39 Dauer: ~7-8 Stunden (Ganztagestour)<br \/>\n\ud83d\udd39 Geringe k\u00f6rperliche Aktivit\u00e4t (Kreuzfahrt und optionales Schwimmen)<br \/>\n\ud83d\udd39 Tour t\u00e4glich ab Kemer verf\u00fcgbar<br \/>\n\ud83d\udd39 Mittagessen inklusive Getr\u00e4nke<\/div>\n<div>\ud83d\udd39 Das Boot hat schattige Bereiche und Toiletten<br \/>\n\ud83d\udd39 Schwimmwesten zum Schwimmen vorhanden<\/div>\n<div dir=\"ltr\">\ud83d\udd39 Kinder unter 5 Jahren, die kostenlos mitfahren, haben keinen eigenen Sitzplatz im Bus. Wenn der Bus voll ist, sitzen sie auf dem Scho\u00df eines Erwachsenen, oder es kann ein eigener Sitzplatz gebucht werden<\/div>\n<h3 dir=\"ltr\"><span style=\"color: #000000;\"><strong>\ud83c\udf92 Was Sie mitbringen sollten<\/strong><\/span><\/h3>\n<p dir=\"ltr\">\ud83d\udd39 Sonnenbrille und Hut<br \/>\n\ud83d\udd39 Badeanzug und Handtuch<br \/>\n\ud83d\udd39 Sonnenschutzmittel<br \/>\n\ud83d\udd39 Kamera oder Smartphone<br \/>\n\ud83d\udd39 Bargeld f\u00fcr Getr\u00e4nke oder zus\u00e4tzliche Dienstleistungen<\/p>\n<h3 dir=\"ltr\"><span style=\"color: #000000;\"><strong>\ud83d\udeab Nicht geeignet f\u00fcr<\/strong><\/span><\/h3>\n<p dir=\"ltr\">\ud83d\udd39 Menschen mit eingeschr\u00e4nkter Mobilit\u00e4t<br \/>\n\ud83d\udd39 Rollstuhlfahrer<br \/>\n\ud83d\udd39 Menschen, die zur Seekrankheit neigen<\/p>\n<div dir=\"ltr\">\n<h3 dir=\"ltr\"><strong>\ud83d\udcb8 Preis und Buchung<\/strong><\/h3>\n<p dir=\"ltr\"><strong>\ud83d\udd39 Jetzt buchen, am Tag der Tour bezahlen<\/strong><br \/>\nKontaktiere uns \u00fcber WhatsApp, Telegram, Viber oder f\u00fclle das Buchungsformular unten aus. \ud83d\udc47\ud83c\udffc<\/p>\n<\/div>","protected":false},"excerpt":{"rendered":"<p>Treten Sie dem ultimativen <b>Green Canyon Bootsfahrt<\/b> von Kemer aus! Diese ganzt\u00e4gige <b>Tour<\/b> bietet Schwimmen, smaragdfarbenes Wasser, friedliche Naturerlebnisse, Mittagessen und Getr\u00e4nke!<\/p>","protected":false},"featured_media":12848,"comment_status":"open","ping_status":"closed","template":"","meta":[],"product_brand":[],"product_cat":[124],"product_tag":[105],"class_list":{"0":"post-15493","1":"product","2":"type-product","3":"status-publish","4":"has-post-thumbnail","6":"tour_phys-kemer-tours","7":"product_cat-kemer-tours","8":"product_tag-kemer","9":"pa_destination-kemer-tours","10":"pa_kategori-boat-tours","12":"first","13":"instock","14":"sale","15":"featured","16":"shipping-taxable","17":"purchasable","18":"product-type-tour_phys"},"aioseo_notices":[],"_links":{"self":[{"href":"https:\/\/excursionsworld.com\/de\/wp-json\/wp\/v2\/product\/15493","targetHints":{"allow":["GET"]}}],"collection":[{"href":"https:\/\/excursionsworld.com\/de\/wp-json\/wp\/v2\/product"}],"about":[{"href":"https:\/\/excursionsworld.com\/de\/wp-json\/wp\/v2\/types\/product"}],"replies":[{"embeddable":true,"href":"https:\/\/excursionsworld.com\/de\/wp-json\/wp\/v2\/comments?post=15493"}],"wp:featuredmedia":[{"embeddable":true,"href":"https:\/\/excursionsworld.com\/de\/wp-json\/wp\/v2\/media\/12848"}],"wp:attachment":[{"href":"https:\/\/excursionsworld.com\/de\/wp-json\/wp\/v2\/media?parent=15493"}],"wp:term":[{"taxonomy":"product_brand","embeddable":true,"href":"https:\/\/excursionsworld.com\/de\/wp-json\/wp\/v2\/product_brand?post=15493"},{"taxonomy":"product_cat","embeddable":true,"href":"https:\/\/excursionsworld.com\/de\/wp-json\/wp\/v2\/product_cat?post=15493"},{"taxonomy":"product_tag","embeddable":true,"href":"https:\/\/excursionsworld.com\/de\/wp-json\/wp\/v2\/product_tag?post=15493"}],"curies":[{"name":"wp","href":"https:\/\/api.w.org\/{rel}","templated":true}]}}