{"id":15502,"date":"2025-10-30T19:00:11","date_gmt":"2025-10-30T16:00:11","guid":{"rendered":"https:\/\/excursionsworld.com\/?post_type=product&#038;p=15502"},"modified":"2026-05-01T13:00:21","modified_gmt":"2026-05-01T10:00:21","slug":"rafting-tazi-canyon-buggy-belek","status":"publish","type":"product","link":"https:\/\/excursionsworld.com\/tours\/rafting-tazi-canyon-buggy-belek\/","title":{"rendered":"Rafting, Jeep Safari, Buggy &amp; Zipline Tour von Belek - 4+1"},"content":{"rendered":"<h2>\ud83c\udfde\ufe0f \u00dcberblick<\/h2>\n<p>Beitritt zum <strong><a href=\"https:\/\/en.wikipedia.org\/wiki\/Belek\" target=\"_blank\" rel=\"noopener\">Belek<\/a> 4-in-1 Rafting-, Jeep-Safari-, Buggy- &amp; Zipline-Kombinationstour<\/strong> und genie\u00dfen Sie einen ganzen Tag voller Adrenalin, Natur und Spa\u00df in der herrlichen <strong>K\u00f6pr\u00fcl\u00fc-Canyon-Nationalpark<\/strong>! Perfekt f\u00fcr Abenteuerliebhaber, diese Tour kombiniert <strong>Jeep-Safari, Rafting, Buggy-\/Quad-Fahrt und Zipline<\/strong> - alles in einem unvergesslichen Outdoor-Erlebnis.<\/p>\n<h3>Inbegriffen:<\/h3>\n<p><span style=\"color: #00ff00;\"><strong>\u2713<\/strong> <\/span>Abholung vom Hotel und R\u00fccktransport<br \/>\n<span style=\"color: #00ff00;\"><strong>\u2713<\/strong> <\/span>Professioneller F\u00fchrer<br \/>\n<span style=\"color: #00ff00;\"><strong>\u2713<\/strong> <\/span>Jeep-Safari<br \/>\n<span style=\"color: #00ff00;\"><strong>\u2713<\/strong> <\/span>Rafting mit Ausr\u00fcstung (Schwimmweste, Helm, Paddel)<br \/>\n<span style=\"color: #00ff00;\"><strong>\u2713<\/strong> <\/span>Buggy oder Quad fahren<br \/>\n<span style=\"color: #00ff00;\"><strong>\u2713<\/strong> <\/span>Zipline-Erlebnis<br \/>\n<span style=\"color: #00ff00;\"><strong>\u2713<\/strong> <\/span>Mittagessen am Fluss<br \/>\n<span style=\"color: #00ff00;\"><strong>\u2713<\/strong> <\/span>Vollversicherung<\/p>\n<h3>Nicht inbegriffen:<\/h3>\n<p><span style=\"color: #ff0000;\"><strong>\u2717<\/strong> <\/span>Getr\u00e4nke<br \/>\n<span style=\"color: #ff0000;\"><strong>\u2717<\/strong> <\/span>Fotos und Videos<\/p>\n<h2>\ud83c\udf1f H\u00f6hepunkte der Tour: Rafting, Jeep Safari, Buggy<\/h2>\n<p>\ud83d\udd39 4-in-1-Abenteuer: Rafting, Jeep-Safari, Buggy-\/Quad-Fahrt und Zipline<br \/>\n\ud83d\udd39 Entdecken Sie antike r\u00f6mische Br\u00fccken und raue Bergstra\u00dfen<br \/>\n\ud83d\udd39 Rafting durch die Stromschnellen der K\u00f6pr\u00fcl\u00fc-Schlucht - aufregend und erfrischend<br \/>\n\ud83d\udd39 Zipline \u00fcber den Canyon - atemberaubender Blick aus der Luft<br \/>\n\ud83d\udd39 Buggy- oder Quad-Fahrt durch Kiefernw\u00e4lder und malerische Pfade<br \/>\n\ud83d\udd39 Leckeres Mittagessen vom Grill am Flussufer<br \/>\n\ud83d\udd39 Sicher, gef\u00fchrt und f\u00fcr Anf\u00e4nger geeignet<\/p>\n<h2>\ud83d\udcd6 Vollst\u00e4ndige Beschreibung: Ihr Rafting-, Jeep-Safari- und Buggy-Erlebnis<\/h2>\n<div>Machen Sie sich bereit f\u00fcr einen actiongeladenen Tag voller Abenteuer! Abholung von Ihrem Hotel in <strong>Belek<\/strong> und genie\u00dfen Sie die landschaftlich reizvolle 60 km lange Fahrt nach <strong>K\u00f6pr\u00fcl\u00fc-Canyon-Nationalpark<\/strong>. <strong>Jeep-Safari:<\/strong> Erkunden Sie antike r\u00f6mische Br\u00fccken und Berglandschaften an Bord von Jeeps mit offenem Verdeck. Ihr Reiseleiter wird Ihnen interessante Fakten \u00fcber die Geschichte der Region erz\u00e4hlen. <strong>Buggy-\/Quad-Fahrt:<\/strong> Weiter geht es mit einer 50-min\u00fctigen Off-Road-Fahrt durch Waldwege und an Flussufern entlang. Keine Erfahrung erforderlich - folgen Sie einfach Ihrem F\u00fchrer! <strong>Rafting-Abenteuer:<\/strong> Machen Sie sich bereit und begeben Sie sich mit Ihrem Team auf eine unvergessliche Rafting-Tour auf dem <strong>K\u00f6pr\u00fc\u00e7ay Fluss<\/strong>. Paddeln Sie durch die 12 km lange Strecke voller Stromschnellen und Spa\u00df. <strong>Zipline Nervenkitzel:<\/strong> Nach der H\u00e4lfte des Raftings k\u00f6nnen Sie eine 350 Meter lange Seilrutsche \u00fcber den Canyon mit atemberaubenden Aussichten genie\u00dfen. Genie\u00dfen Sie am Ende des Tages ein Grill-Mittagessen am Flussufer, bevor Sie zu Ihrem Hotel in Belek zur\u00fcckkehren.<\/div>\n<h3>\ud83d\uddfa\ufe0f Reiseverlauf<\/h3>\n<p>\ud83d\udd39 Abholung von Hotels in Belek und Umgebung<br \/>\n\ud83d\udd39 Transfer zum K\u00f6pr\u00fcl\u00fc Canyon Rafting Center<br \/>\n\ud83d\udd39 Jeep-Safari - r\u00f6mische Br\u00fccken und Bergstra\u00dfen erkunden<br \/>\n\ud83d\udd39 Buggy- oder Quad-Fahrt - 50-min\u00fctiges Offroad-Abenteuer<br \/>\n\ud83d\udd39 Rafting - 12 km Strecke mit Stromschnellen und lustigen Stopps<br \/>\n\ud83d\udd39 Zipline - 350 Meter \u00fcber den Canyon<br \/>\n\ud83d\udd39 Mittagessen vom Grill am Fluss<br \/>\n\ud83d\udd39 R\u00fccktransfer zum Hotel<\/p>\n<h3>\u2139\ufe0f N\u00fctzliche Informationen<\/h3>\n<p>\ud83d\udd39 Dauer: ca. 8-9 Stunden<br \/>\n\ud83d\udd39 Keine vorherige Rafting-Erfahrung erforderlich<br \/>\n\ud83d\udd39 Die gesamte Sicherheitsausr\u00fcstung (Schwimmwesten, Helme) wird gestellt.<br \/>\n\ud83d\udd39 Englisch-, russisch- und deutschsprachige F\u00fchrer verf\u00fcgbar<br \/>\n\ud83d\udd39 Wasserschuhe und wasserdichte Handytaschen zum Kauf erh\u00e4ltlich<br \/>\n\ud83d\udd39 Kinder unter 6 Jahren, die kostenlos reisen, haben keinen eigenen Sitzplatz im Bus. Wenn der Bus voll ist, sitzen sie auf dem Scho\u00df eines Erwachsenen, oder es kann ein eigener Sitzplatz gebucht werden<\/p>\n<h2>\ud83c\udf92 Was Sie mitbringen sollten<\/h2>\n<p>\ud83d\udd39 Badeanzug und Handtuch<br \/>\n\ud83d\udd39 Ersatzkleidung und Schuhe<br \/>\n\ud83d\udd39 Sonnenschutzmittel und Sonnenbrille<br \/>\n\ud83d\udd39 Wasserdichte Kamera- oder Handytasche<br \/>\n\ud83d\udd39 Bargeld f\u00fcr Getr\u00e4nke, Fotos oder Souvenirs<\/p>\n<h3>\ud83d\udeab Nicht geeignet f\u00fcr<\/h3>\n<p>\ud83d\udd39 Schwangere Frauen<br \/>\n\ud83d\udd39 Menschen mit Herzerkrankungen<br \/>\n\ud83d\udd39 Reisende mit eingeschr\u00e4nkter Mobilit\u00e4t<br \/>\n\ud83d\udd39 Kinder unter 4 Jahren<\/p>\n<h2>\ud83d\udcb8 Preis und Buchung<\/h2>\n<p><strong>\ud83d\udd39 Jetzt buchen, am Tag der Tour bezahlen<\/strong><br \/>\n\ud83d\udd39 Kontaktiere uns \u00fcber WhatsApp, Telegram, Viber oder f\u00fclle das Buchungsformular unten aus \ud83d\udc47\ud83c\udffc<\/p>\n<p>Alternativen gesucht? St\u00f6bern Sie <a href=\"https:\/\/excursionsworld.com\/de\/belek-ausfluege\/\">Weitere Touren in Belek<\/a>.<\/p>","protected":false},"excerpt":{"rendered":"<p data-start=\"227\" data-end=\"394\">Erleben Sie ein unvergessliches <strong data-start=\"255\" data-end=\"286\">Belek 4-in-1 Abenteuer Tour<\/strong> mit Rafting, Jeep-Safari, Buggy und Zipline. Der ultimative Kombi-Ausflug und Tagesausflug f\u00fcr Nervenkitzel-Suchende!<\/p>","protected":false},"featured_media":15513,"comment_status":"open","ping_status":"closed","template":"","meta":[],"product_brand":[],"product_cat":[126],"product_tag":[120],"class_list":{"0":"post-15502","1":"product","2":"type-product","3":"status-publish","4":"has-post-thumbnail","6":"tour_phys-belek-tours","7":"product_cat-belek-tours","8":"product_tag-belek","9":"pa_destination-belek-tours","11":"first","12":"instock","13":"sale","14":"shipping-taxable","15":"purchasable","16":"product-type-tour_phys"},"aioseo_notices":[],"_links":{"self":[{"href":"https:\/\/excursionsworld.com\/de\/wp-json\/wp\/v2\/product\/15502","targetHints":{"allow":["GET"]}}],"collection":[{"href":"https:\/\/excursionsworld.com\/de\/wp-json\/wp\/v2\/product"}],"about":[{"href":"https:\/\/excursionsworld.com\/de\/wp-json\/wp\/v2\/types\/product"}],"replies":[{"embeddable":true,"href":"https:\/\/excursionsworld.com\/de\/wp-json\/wp\/v2\/comments?post=15502"}],"wp:featuredmedia":[{"embeddable":true,"href":"https:\/\/excursionsworld.com\/de\/wp-json\/wp\/v2\/media\/15513"}],"wp:attachment":[{"href":"https:\/\/excursionsworld.com\/de\/wp-json\/wp\/v2\/media?parent=15502"}],"wp:term":[{"taxonomy":"product_brand","embeddable":true,"href":"https:\/\/excursionsworld.com\/de\/wp-json\/wp\/v2\/product_brand?post=15502"},{"taxonomy":"product_cat","embeddable":true,"href":"https:\/\/excursionsworld.com\/de\/wp-json\/wp\/v2\/product_cat?post=15502"},{"taxonomy":"product_tag","embeddable":true,"href":"https:\/\/excursionsworld.com\/de\/wp-json\/wp\/v2\/product_tag?post=15502"}],"curies":[{"name":"wp","href":"https:\/\/api.w.org\/{rel}","templated":true}]}}