{"id":15503,"date":"2025-10-30T19:36:40","date_gmt":"2025-10-30T16:36:40","guid":{"rendered":"https:\/\/excursionsworld.com\/?post_type=product&#038;p=15503"},"modified":"2026-04-30T18:29:41","modified_gmt":"2026-04-30T15:29:41","slug":"rafting-tazi-canyon-buggy-antalya","status":"publish","type":"product","link":"https:\/\/excursionsworld.com\/tours\/rafting-tazi-canyon-buggy-antalya\/","title":{"rendered":"Rafting &amp; Taz\u0131 Canyon Tour ab Antalya \u2013 Buggy, Zipline &amp; 4-in-1 Abenteuer"},"content":{"rendered":"<h2>\ud83c\udfdd\ufe0f <strong>\u00dcbersicht<\/strong><\/h2>\n<p>Erleben Sie das ultimative 4+1 Abenteuer von <strong><a href=\"https:\/\/en.wikipedia.org\/wiki\/Antalya\" target=\"_blank\" rel=\"noopener\">Antalya<\/a><\/strong>! Entdecken Sie die atemberaubende <strong>Taz\u0131-Schlucht<\/strong> und <strong>K\u00f6pr\u00fcl\u00fc-Schlucht<\/strong> auf eine spannende <strong>Jeep-Safari und Rafting<\/strong> Reise, dann genie\u00dfen Sie eine <strong>Buggy fahren<\/strong> durch Waldwege und schweben auf einer aufregenden Fahrt \u00fcber den Canyon <strong>Zipline<\/strong>. Perfekt f\u00fcr Adrenalins\u00fcchtige und Naturliebhaber!<\/p>\n<h3><strong>Inbegriffen:<\/strong><\/h3>\n<p><span style=\"color: #00ff00;\"><strong>\u2713<\/strong> <\/span>Abholung vom Hotel und R\u00fccktransport<br \/>\n<span style=\"color: #00ff00;\"><strong>\u2713<\/strong> <\/span>Professioneller F\u00fchrer<br \/>\n<span style=\"color: #00ff00;\"><strong>\u2713<\/strong> <\/span>Open-Top-Jeep-Safari zum Taz\u0131 Canyon<br \/>\n<span style=\"color: #00ff00;\"><strong>\u2713<\/strong> <\/span>Rafting mit Ausr\u00fcstung (Schwimmweste, Helm, Paddel)<br \/>\n<span style=\"color: #00ff00;\"><strong>\u2713<\/strong> <\/span>Buggy oder Quad fahren<br \/>\n<span style=\"color: #00ff00;\"><strong>\u2713<\/strong> <\/span>Zipline-Erlebnis<br \/>\n<span style=\"color: #00ff00;\"><strong>\u2713<\/strong> <\/span>Mittagessen am Fluss<br \/>\n<span style=\"color: #00ff00;\"><strong>\u2713<\/strong> <\/span>Vollversicherung<\/p>\n<h3><strong>Nicht inbegriffen:<\/strong><\/h3>\n<p><span style=\"color: #ff0000;\"><strong>\u2717<\/strong><\/span> Getr\u00e4nke<br \/>\n<span style=\"color: #ff0000;\"><strong>\u2717 <\/strong><\/span>Fotos und Videos<\/p>\n<h2>\ud83c\udf1f <strong>H\u00f6hepunkte der Tour<\/strong><\/h2>\n<p>\ud83d\udd39 4-in-1-Kombination: Jeep-Safari, Rafting, Buggy\/Quad-Fahrt und Zipline<br \/>\n\ud83d\udd39 Landschaftliche Offroad-Fahrt mit offenen Jeeps zu den ber\u00fchmten <strong>Aussichtspunkt Taz\u0131-Schlucht<\/strong><br \/>\n\ud83d\udd39 Erfassen Sie atemberaubende Fotos der legend\u00e4ren <strong>Eagle Canyon Klippen<\/strong><br \/>\n\ud83d\udd39 Rafting durch die erfrischende <strong>K\u00f6pr\u00fc\u00e7ay Fluss<\/strong> Stromschnellen<br \/>\n\ud83d\udd39 Zipline \u00fcber den Canyon - aufregend und unvergesslich<br \/>\n\ud83d\udd39 Buggy- oder Quad-Fahrt durch Wald- und Flusspfade<br \/>\n\ud83d\udd39 Leckeres Mittagessen vom Grill am Flussufer inklusive<br \/>\n\ud83d\udd39 Perfekt f\u00fcr Familien, Anf\u00e4nger und Abenteuerlustige<\/p>\n<h2>\ud83d\udcd6 <strong>Vollst\u00e4ndige Beschreibung<\/strong><\/h2>\n<div>Ihr Abenteuer beginnt mit einem komfortablen <strong>Abholung vom Hotel in Antalya und Umgebung<\/strong> (Lara, Kundu, Belek, Kadriye, Konyaalt\u0131). Genie\u00dfen Sie eine malerische Fahrt durch das Taurusgebirge nach <strong>K\u00f6pr\u00fcl\u00fc-Canyon-Nationalpark<\/strong> - eines der sch\u00f6nsten Naturgebiete der T\u00fcrkei. <strong>Jeep-Safari zum Taz\u0131 Canyon:<\/strong> Steigen Sie in offene Jeeps und fahren Sie \u00fcber schroffe Bergstra\u00dfen zum weltber\u00fchmten <strong>Taz\u0131-Schlucht<\/strong>, auch bekannt als <strong>Eagle Canyon<\/strong>. Bewundern Sie die atemberaubenden Klippen und machen Sie unglaubliche Fotos von Aussichtspunkten aus. <strong>Buggy-\/Quad-Fahrt:<\/strong> Setzen Sie Ihre Reise mit einem aufregenden 50-min\u00fctigen Offroad-Erlebnis auf Wald- und Flusspfaden fort - einfach, sicher und aufregend! <strong>Rafting-Abenteuer:<\/strong> Holen Sie Ihre Ausr\u00fcstung und nehmen Sie an einer Rafting-Session auf dem <strong>12 km K\u00f6pr\u00fc\u00e7ay-Fluss<\/strong>. Paddeln Sie durch spritzige Stromschnellen und genie\u00dfen Sie das k\u00fchle Bergwasser. <strong>Zipline Nervenkitzel:<\/strong> Auf halbem Weg zum Rafting genie\u00dfen Sie ein adrenalingeladenes <strong>350 Meter lange Seilrutsche<\/strong> Fahrt durch den Canyon - die perfekte Mischung aus Abenteuer und Landschaft.<\/div>\n<div>Nach der Tour entspannen Sie sich und genie\u00dfen ein k\u00f6stliches <strong>Mittagessen vom Grill am Flussufer<\/strong>, bevor Sie bequem zu Ihrem Hotel in Antalya zur\u00fcckkehren.<\/div>\n<h3>\ud83d\uddfa\ufe0f <strong>Reiseroute<\/strong><\/h3>\n<p>\ud83d\udd39 Abholung von Hotels in Antalya, Lara, Kundu, Belek, Kadriye und Konyaalt\u0131<br \/>\n\ud83d\udd39 Transfer zum K\u00f6pr\u00fcl\u00fc Canyon Rafting Center<br \/>\nJeep-Safari mit offenem Verdeck zum Aussichtspunkt Taz\u0131 Canyon<br \/>\n\ud83d\udd39 Buggy- oder Quad-Fahrt - 50-min\u00fctiges Offroad-Abenteuer<br \/>\n\ud83d\udd39 Rafting - 12 km Strecke durch den K\u00f6pr\u00fc\u00e7ay-Fluss<br \/>\n\ud83d\udd39 Zipline - 350 Meter \u00fcber den Canyon<br \/>\n\ud83d\udd39 Mittagessen vom Grill am Fluss<br \/>\n\ud83d\udd39 R\u00fccktransfer zum Hotel<\/p>\n<h3>\u2139\ufe0f <strong>N\u00fctzliche Informationen<\/strong><\/h3>\n<p>\ud83d\udd39 Dauer: etwa 10-11 Stunden<br \/>\n\ud83d\udd39 Keine Vorkenntnisse erforderlich<br \/>\n\ud83d\udd39 Die gesamte Sicherheitsausr\u00fcstung ist vorhanden<br \/>\n\ud83d\udd39 Die Reiseleiter sprechen Englisch, Russisch und Deutsch<br \/>\n\ud83d\udd39 Wasserschuhe und Handytaschen zum Kauf erh\u00e4ltlich<br \/>\n\ud83d\udd39 Kinder unter 6 Jahren fahren kostenlos (kein separater Bussitz)<\/p>\n<h2>\ud83c\udf92 <strong>Was Sie mitbringen sollten<\/strong><\/h2>\n<p>\ud83d\udd39 Badeanzug und Handtuch<br \/>\n\ud83d\udd39 Ersatzkleidung und Schuhe<br \/>\n\ud83d\udd39 Sonnenschutzmittel und Sonnenbrille<br \/>\n\ud83d\udd39 Wasserdichte Kamera- oder Handytasche<br \/>\n\ud83d\udd39 Bargeld f\u00fcr Getr\u00e4nke, Fotos oder Souvenirs<\/p>\n<h3>\ud83d\udeab <strong>Nicht geeignet f\u00fcr<\/strong><\/h3>\n<p>\ud83d\udd39 Schwangere Frauen<br \/>\n\ud83d\udd39 Menschen mit Herzerkrankungen<br \/>\n\ud83d\udd39 Reisende mit eingeschr\u00e4nkter Mobilit\u00e4t<br \/>\n\ud83d\udd39 Kinder unter 4 Jahren<\/p>\n<h2>\ud83d\udcb8 <strong>Preis und Buchung<\/strong><\/h2>\n<p><strong>\ud83d\udd39 Jetzt buchen, am Tag der Tour bezahlen<\/strong><br \/>\n\ud83d\udd39 Kontaktiere uns \u00fcber WhatsApp, Telegram, Viber oder f\u00fclle das Buchungsformular unten aus \ud83d\udc47\ud83c\udffc<\/p>\n<p>Alternativen gesucht? St\u00f6bern Sie <a href=\"https:\/\/excursionsworld.com\/de\/antalya-ausfluege\/\">Weitere Antalya-Touren<\/a>.<\/p>","protected":false},"excerpt":{"rendered":"<p data-start=\"345\" data-end=\"532\">Erleben Sie das ultimative 4-in-1-Abenteuer von Antalya aus! Entdecken Sie den Taz\u0131 Canyon und den K\u00f6pr\u00fcl\u00fc Canyon mit Jeep Safari, Rafting, Buggy und Zipline in einer aufregenden Kombitour.<\/p>","protected":false},"featured_media":15513,"comment_status":"open","ping_status":"closed","template":"","meta":[],"product_brand":[],"product_cat":[125],"product_tag":[107],"class_list":{"0":"post-15503","1":"product","2":"type-product","3":"status-publish","4":"has-post-thumbnail","6":"tour_phys-antalya-tours","7":"product_cat-antalya-tours","8":"product_tag-antalya","9":"pa_destination-antalya-tours","11":"first","12":"instock","13":"sale","14":"shipping-taxable","15":"purchasable","16":"product-type-tour_phys"},"aioseo_notices":[],"_links":{"self":[{"href":"https:\/\/excursionsworld.com\/de\/wp-json\/wp\/v2\/product\/15503","targetHints":{"allow":["GET"]}}],"collection":[{"href":"https:\/\/excursionsworld.com\/de\/wp-json\/wp\/v2\/product"}],"about":[{"href":"https:\/\/excursionsworld.com\/de\/wp-json\/wp\/v2\/types\/product"}],"replies":[{"embeddable":true,"href":"https:\/\/excursionsworld.com\/de\/wp-json\/wp\/v2\/comments?post=15503"}],"wp:featuredmedia":[{"embeddable":true,"href":"https:\/\/excursionsworld.com\/de\/wp-json\/wp\/v2\/media\/15513"}],"wp:attachment":[{"href":"https:\/\/excursionsworld.com\/de\/wp-json\/wp\/v2\/media?parent=15503"}],"wp:term":[{"taxonomy":"product_brand","embeddable":true,"href":"https:\/\/excursionsworld.com\/de\/wp-json\/wp\/v2\/product_brand?post=15503"},{"taxonomy":"product_cat","embeddable":true,"href":"https:\/\/excursionsworld.com\/de\/wp-json\/wp\/v2\/product_cat?post=15503"},{"taxonomy":"product_tag","embeddable":true,"href":"https:\/\/excursionsworld.com\/de\/wp-json\/wp\/v2\/product_tag?post=15503"}],"curies":[{"name":"wp","href":"https:\/\/api.w.org\/{rel}","templated":true}]}}