{"id":15533,"date":"2025-11-01T18:52:21","date_gmt":"2025-11-01T15:52:21","guid":{"rendered":"https:\/\/excursionsworld.com\/?post_type=product&#038;p=15533\/"},"modified":"2026-02-23T17:23:17","modified_gmt":"2026-02-23T14:23:17","slug":"demre-myra-kekova-kemer","status":"publish","type":"product","link":"https:\/\/excursionsworld.com\/tours\/demre-myra-kekova-kemer\/","title":{"rendered":"Demre, Myra &amp; Kekova Ausflug ab Kemer \u2013 St. Nikolaus Kirche"},"content":{"rendered":"<h3 dir=\"ltr\" data-pm-slice=\"1 1 []\"><span style=\"color: #000000;\"><strong>\ud83c\udfdd\ufe0f \u00dcberblick<\/strong><\/span><\/h3>\n<p dir=\"ltr\">Begeben Sie sich auf eine faszinierende eint\u00e4gige Reise von Kemer aus, um die antiken Wunder von Lykien zu erkunden. Wir bieten bequeme Transfers von den Hotels in Beldibi, G\u00f6yn\u00fck, Kemer, Kiri\u015f, \u00c7amyuva und Tekirova und sorgen f\u00fcr einen sorgenfreien Start in den Tag. Segeln Sie auf einer Yacht mit Glasboden \u00fcber die versunkene Stadt Kekova, besuchen Sie die Felsengr\u00e4ber von Myra und entdecken Sie die Geschichte der St. Nikolaus-Kirche, die die Inspiration f\u00fcr den Weihnachtsmann war. Perfekt f\u00fcr Geschichtsbegeisterte und Familien, die eine Mischung aus Kultur und landschaftlicher Sch\u00f6nheit suchen.<\/p>\n<h3><span style=\"color: #000000;\"><strong>Inbegriffen:<\/strong><\/span><\/h3>\n<p dir=\"ltr\"><strong><span style=\"color: #00ff00;\">\u2713<\/span><\/strong> Abholung vom Hotel und R\u00fccktransport<br \/>\n<strong><span style=\"color: #00ff00;\">\u2713 <\/span><\/strong>Komfortabler klimatisierter Bus<br \/>\n<strong><span style=\"color: #00ff00;\">\u2713 <\/span><\/strong>Tour auf einer Glasboden-Yacht<br \/>\n<strong><span style=\"color: #00ff00;\">\u2713 <\/span><\/strong>Eintrittsgelder f\u00fcr Myra<br \/>\n<strong><span style=\"color: #00ff00;\">\u2713 <\/span><\/strong>Professioneller F\u00fchrer<br \/>\n<strong><span style=\"color: #00ff00;\">\u2713 <\/span><\/strong>Vollversicherung<br \/>\n<strong><span style=\"color: #00ff00;\">\u2713 <\/span><\/strong>Leckeres lokales Mittagessen<\/p>\n<h3><span style=\"color: #000000;\"><strong>Nicht inbegriffen:<\/strong><\/span><\/h3>\n<div dir=\"ltr\"><strong><span style=\"color: #ff0000;\">\u2717 <\/span><\/strong>\u00a0Eingang zur St. Nikolaus-Kirche (optional)<\/div>\n<div dir=\"ltr\"><strong><span style=\"color: #ff0000;\">\u2717<\/span><\/strong> Pers\u00f6nliche Ausgaben<br \/>\n<strong><span style=\"color: #ff0000;\">\u2717 <\/span><\/strong>Getr\u00e4nke<\/div>\n<h3 dir=\"ltr\"><span style=\"color: #000000;\"><strong>\ud83c\udf1f H\u00f6hepunkte der Tour<\/strong><\/span><\/h3>\n<p dir=\"ltr\">\ud83d\udd39 Kreuzfahrt \u00fcber die versunkene Stadt Kekova auf einer Yacht mit Glasboden<br \/>\n\ud83d\udd39 Erkunden Sie antike Felsengr\u00e4ber und das r\u00f6mische Theater in Myra<br \/>\n\ud83d\udd39 Besuch der St. Nikolaus-Kirche in Demre, die mit dem Weihnachtsmann verbunden ist<br \/>\n\ud83d\udd39 Schwimmen im kristallklaren Wasser des Mittelmeers bei Kekova<br \/>\n\ud83d\udd39 Atemberaubende Aussicht auf die Burg Simena von der Yacht aus<br \/>\n\ud83d\udd39 Bequemer Hoteltransfer f\u00fcr einen komfortablen Tag<br \/>\n\ud83d\udd39 2,5-st\u00fcndige Yachttour ab \u00c7aya\u011fz\u0131 Hafen<\/p>\n<h3 dir=\"ltr\"><span style=\"color: #000000;\"><strong>\ud83d\udcd6 Vollst\u00e4ndige Beschreibung<\/strong><\/span><\/h3>\n<div dir=\"ltr\">Ihr Abenteuer beginnt mit einem komfortablen Transfer von Ihrem Hotel in Kemer und einer malerischen Fahrt entlang der Mittelmeerk\u00fcste in die antike lykische Region.<\/div>\n<div dir=\"ltr\">Die erste Station ist Myra, wo Sie beeindruckende, in die Klippen gehauene Felsengr\u00e4ber und ein gut erhaltenes griechisch-r\u00f6misches Theater bewundern k\u00f6nnen, das die reiche Geschichte Lykiens zeigt.<\/div>\n<div dir=\"ltr\">Als N\u00e4chstes besuchen Sie die St.-Nikolaus-Kirche in Demre, die im 4. Jahrhundert \u00fcber der Grabst\u00e4tte des Heiligen erbaut wurde, der die Legende vom Weihnachtsmann inspirierte. Nach einem k\u00f6stlichen Mittagessen mit lokalen Gerichten begeben Sie sich zum Hafen von \u00c7aya\u011fz\u0131, um an Bord einer Glasbodenjacht eine 2,5-st\u00fcndige Kreuzfahrt zur Insel Kekova zu unternehmen.<\/div>\n<div dir=\"ltr\">Durch den transparenten Boden des Schiffes k\u00f6nnen Sie die Unterwasserruinen einer versunkenen Stadt sehen, die durch ein Erdbeben zerst\u00f6rt wurde. Bewundern Sie die auf einem H\u00fcgel thronende Burg Simena und schwimmen Sie im t\u00fcrkisfarbenen Wasser von Kekova. Der Tag endet mit einer entspannten R\u00fcckfahrt zu Ihrem Hotel, gef\u00fcllt mit unvergesslichen Erinnerungen.<\/div>\n<h3 dir=\"ltr\"><span style=\"color: #000000;\"><strong>\ud83d\uddfa\ufe0f Reiseverlauf<\/strong><\/span><\/h3>\n<p dir=\"ltr\">\ud83d\udd39 Abholung vom Hotel in Kemer<br \/>\n\ud83d\udd39 Besuch der Felsengr\u00e4ber und des r\u00f6mischen Theaters in Myra<br \/>\nBesichtigung der St.-Nikolaus-Kirche in Demre (Eintritt nicht im Preis enthalten)<br \/>\n\ud83d\udd39 Mittagessen mit lokalen Gerichten<br \/>\n\ud83d\udd39 Kreuzfahrt mit einer Glasbodenyacht vom Hafen \u00c7aya\u011fz\u0131<br \/>\n\ud83d\udd39 Besichtigung von Kekovas versunkener Stadt und Schwimmen<br \/>\n\ud83d\udd39 R\u00fcckkehr zum \u00c7aya\u011fz\u0131 Hafen<br \/>\n\ud83d\udd39 Transfer zur\u00fcck zum Hotel<\/p>\n<h3 dir=\"ltr\"><span style=\"color: #000000;\"><strong>\u2139\ufe0f N\u00fctzliche Informationen<\/strong><\/span><\/h3>\n<p dir=\"ltr\">\ud83d\udd39 Dauer der Tour: ca. 8-9 Stunden<br \/>\n\ud83d\udd39 Die Reiseroute kann sich aufgrund von Wetter- oder Seebedingungen \u00e4ndern.<br \/>\n\ud83d\udd39 M\u00e4\u00dfige k\u00f6rperliche Aktivit\u00e4t (Wandern und Schwimmen)<br \/>\n\ud83d\udd39 Kinder unter 6 Jahren, die kostenlos reisen, haben keinen eigenen Sitzplatz im Bus. Wenn der Bus voll ist, sitzen sie auf dem Scho\u00df eines Erwachsenen, oder es kann ein eigener Sitzplatz gebucht werden<\/p>\n<h3 dir=\"ltr\"><span style=\"color: #000000;\"><strong>\ud83c\udf92 Was Sie mitbringen sollten<\/strong><\/span><\/h3>\n<p dir=\"ltr\">\ud83d\udd39 Bequeme Wanderschuhe<br \/>\n\ud83d\udd39 Sonnenbrille und Sonnenschutzmittel<br \/>\n\ud83d\udd39 Badeanzug und Handtuch<br \/>\n\ud83d\udd39 Bargeld f\u00fcr pers\u00f6nliche Ausgaben<br \/>\n\ud83d\udd39 Wasserdichte Kamera oder Telefon<\/p>\n<h3 dir=\"ltr\"><span style=\"color: #000000;\"><strong>\ud83d\udeab Nicht geeignet f\u00fcr<\/strong><\/span><\/h3>\n<p dir=\"ltr\">\ud83d\udd39 Menschen mit eingeschr\u00e4nkter Mobilit\u00e4t<br \/>\n\ud83d\udd39 Reisende mit schweren Erkrankungen<\/p>\n<h3 dir=\"ltr\"><span style=\"color: #000000;\"><strong>\ud83d\udcb8 Preis und Buchung<\/strong><\/span><\/h3>\n<p dir=\"ltr\"><strong>\ud83d\udd39 Jetzt buchen, am Tag der Tour bezahlen<\/strong><br \/>\nKontaktiere uns \u00fcber WhatsApp, Telegram, Viber oder f\u00fclle das Buchungsformular unten aus. \ud83d\udc47\ud83c\udffc<\/p>","protected":false},"excerpt":{"rendered":"<p>Buchen Sie das ultimative <b>Geschichtsexkursion<\/b>! Unvergesslich <b>Tagesausflug<\/b> von <b>Kemer<\/b> zu den Gr\u00e4bern von Myra, <b>St. Nikolaus Kirche<\/b>, und ein Boot <b>Reise<\/b> \u00fcber die <b>Versunkene Stadt<\/b> von Kekova.<\/p>","protected":false},"featured_media":12563,"comment_status":"open","ping_status":"closed","template":"","meta":[],"product_brand":[],"product_cat":[124],"product_tag":[105],"class_list":{"0":"post-15533","1":"product","2":"type-product","3":"status-publish","4":"has-post-thumbnail","6":"tour_phys-kemer-tours","7":"product_cat-kemer-tours","8":"product_tag-kemer","9":"pa_destination-antalya-tours","10":"pa_destination-belek-tours","11":"pa_destination-side-tours","13":"first","14":"instock","15":"sale","16":"featured","17":"shipping-taxable","18":"purchasable","19":"product-type-tour_phys"},"aioseo_notices":[],"_links":{"self":[{"href":"https:\/\/excursionsworld.com\/de\/wp-json\/wp\/v2\/product\/15533","targetHints":{"allow":["GET"]}}],"collection":[{"href":"https:\/\/excursionsworld.com\/de\/wp-json\/wp\/v2\/product"}],"about":[{"href":"https:\/\/excursionsworld.com\/de\/wp-json\/wp\/v2\/types\/product"}],"replies":[{"embeddable":true,"href":"https:\/\/excursionsworld.com\/de\/wp-json\/wp\/v2\/comments?post=15533"}],"wp:featuredmedia":[{"embeddable":true,"href":"https:\/\/excursionsworld.com\/de\/wp-json\/wp\/v2\/media\/12563"}],"wp:attachment":[{"href":"https:\/\/excursionsworld.com\/de\/wp-json\/wp\/v2\/media?parent=15533"}],"wp:term":[{"taxonomy":"product_brand","embeddable":true,"href":"https:\/\/excursionsworld.com\/de\/wp-json\/wp\/v2\/product_brand?post=15533"},{"taxonomy":"product_cat","embeddable":true,"href":"https:\/\/excursionsworld.com\/de\/wp-json\/wp\/v2\/product_cat?post=15533"},{"taxonomy":"product_tag","embeddable":true,"href":"https:\/\/excursionsworld.com\/de\/wp-json\/wp\/v2\/product_tag?post=15533"}],"curies":[{"name":"wp","href":"https:\/\/api.w.org\/{rel}","templated":true}]}}