{"id":15549,"date":"2025-11-02T12:26:10","date_gmt":"2025-11-02T09:26:10","guid":{"rendered":"https:\/\/excursionsworld.com\/?post_type=product&#038;p=15549\/"},"modified":"2026-04-24T00:21:08","modified_gmt":"2026-04-23T21:21:08","slug":"piratenboot-red-dragon-antalya","status":"publish","type":"product","link":"https:\/\/excursionsworld.com\/tours\/pirate-boat-red-dragon-antalya\/","title":{"rendered":"Piraten-Bootstour ab Antalya \u2013 Red Dragon"},"content":{"rendered":"<h2 dir=\"ltr\" data-pm-slice=\"1 1 []\">\ud83c\udff4\u200d\u2620\ufe0f <strong>\u00dcbersicht<\/strong><\/h2>\n<p dir=\"ltr\">Segeln Sie auf einem Piratenschiff \u2013 dem Roten Drachen \u2013 entlang Kemer\u2019s atemberaubender K\u00fcste \u2013 eine perfekte Mischung aus Schwimmen, Sonnenbaden und Naturgenuss. Wir holen Sie von Ihrem Hotel ab <a href=\"https:\/\/en.wikipedia.org\/wiki\/Antalya\" target=\"_blank\" rel=\"noopener\">Antalya<\/a> oder umliegende Gebiete und Sie zum Abfahrtsort im Hafen von Kemer bringen.<\/p>\n<h3 dir=\"ltr\"><span style=\"color: #000000;\"><strong>Inbegriffen:<\/strong><\/span><\/h3>\n<p dir=\"ltr\"><span style=\"color: #00ff00;\"><strong>\u2713<\/strong><\/span> Abholung vom Hotel und R\u00fccktransport<br \/>\n<span style=\"color: #00ff00;\"><strong>\u2713 <\/strong><\/span>Versicherung<br \/>\n<span style=\"color: #00ff00;\"><strong>\u2713 <\/strong><\/span>Leitfaden<br \/>\n<span style=\"color: #00ff00;\"><strong>\u2713 <\/strong><\/span>Schaumparty<br \/>\n<span style=\"color: #00ff00;\"><strong>\u2713 <\/strong><\/span>Mittagessen<\/p>\n<h3 dir=\"ltr\"><span style=\"color: #000000;\"><strong>Nicht inbegriffen:<\/strong><\/span><\/h3>\n<p dir=\"ltr\"><span style=\"color: #ff0000;\"><strong>\u2717<\/strong><\/span> Pers\u00f6nliche Ausgaben<br \/>\n<span style=\"color: #ff0000;\"><strong>\u2717 <\/strong><\/span>Fotos und Videos<br \/>\n<span style=\"color: #ff0000;\"><strong>\u2717 <\/strong><\/span>Getr\u00e4nke<\/p>\n<h2 dir=\"ltr\"><span style=\"color: #000000;\"><strong>\ud83c\udf1f H\u00f6hepunkte der Tour<\/strong><\/span><\/h2>\n<p dir=\"ltr\">\ud83d\udd39 Kreuzfahrt auf einem modernen und komfortablen Katamaran<br \/>\n\ud83d\udd39 Schwimmen in den kristallklaren Buchten von Kemer<br \/>\n\ud83d\udd39 Live-Musik und Unterhaltungsprogramm an Bord<br \/>\n\ud83d\udd39 Sonnenbaden und Entspannung auf gro\u00dfz\u00fcgigen Decks<br \/>\n\ud83d\udd39 Atemberaubende Aussichten und tolle Fotom\u00f6glichkeiten<br \/>\n\ud83d\udd39 Hohe Qualit\u00e4t zu einem g\u00fcnstigen Preis<\/p>\n<h2 dir=\"ltr\"><span style=\"color: #000000;\"><strong>\ud83d\udcd6 Vollst\u00e4ndige Beschreibung<\/strong><\/span><\/h2>\n<div dir=\"ltr\">Verbringen Sie einen Tag voller Entspannung und Spa\u00df auf unserer Katamaran-Tour ab Kemer. Diese Reise verbindet den Komfort eines modernen Schiffes mit der Sch\u00f6nheit der Mittelmeerk\u00fcste.<br \/>\nDie Tour beginnt im Yachthafen von Kemer, wo Sie an Bord eines Katamarans gehen, der mit gem\u00fctlichen Liege- und Sonnenbadebereichen ausgestattet ist.<\/div>\n<div dir=\"ltr\">Auf der Kreuzfahrt wird in malerischen Buchten zum Baden angehalten: <strong>Phaselis-Bucht<\/strong>: Schwimmen in der N\u00e4he alter Ruinen und Pinienw\u00e4lder. <strong>Paradiesische Bucht<\/strong>: Ein abgeschiedener Ort mit strahlend blauem Wasser. <strong>Mondscheinbucht<\/strong>: Ideal f\u00fcr Fotos und Entspannung. <strong>Piratenh\u00f6hle<\/strong>: Segeln Sie an der legend\u00e4ren Meeresh\u00f6hle vorbei, einem gro\u00dfartigen Fotomotiv. An Bord gibt es Musik, Animation und eine lebhafte Schaumparty.<br \/>\nDas Mittagessen ist im Preis inbegriffen, und Getr\u00e4nke k\u00f6nnen erworben werden.<br \/>\nDiese Tour eignet sich f\u00fcr Paare, Familien und Alleinreisende und ist eine der beliebtesten Touren in Kemer.<\/div>\n<h3 dir=\"ltr\"><span style=\"color: #000000;\"><strong>\ud83d\uddfa\ufe0f Reiseverlauf<\/strong><\/span><\/h3>\n<p dir=\"ltr\">\ud83d\udd39 Abholung vom Hotel<br \/>\n\ud83d\udd39 Abfahrt vom Yachthafen Kemer<br \/>\n\ud83d\udd39 Badestopp in der Bucht von Phaselis: Ruinen und Natur<br \/>\n\ud83d\udd39 Badestopp in der Paradise Bay: abgelegene Bucht<br \/>\n\ud83d\udd39 Badestopp an der Moonlight Bay: Fotos und Entspannung<br \/>\n\ud83d\udd39 Segeln in der Piratenh\u00f6hle: Legenden und Klippen<br \/>\n\ud83d\udd39 Schaumparty und Musik an Bord<br \/>\nR\u00fcckkehr zum Yachthafen Kemer<br \/>\n\ud83d\udd39 Transfer zur\u00fcck zum Hotel<\/p>\n<h3 dir=\"ltr\">\u2139\ufe0f <strong>N\u00fctzliche Informationen<\/strong><\/h3>\n<p dir=\"ltr\">Dauer der Tour: ca. 7-8 Stunden<br \/>\n\ud83d\udd39 Der Katamaran verf\u00fcgt \u00fcber schattige Bereiche und Liegepl\u00e4tze<br \/>\n\ud83d\udd39 Kinder unter 6 Jahren, die kostenlos reisen, haben keinen eigenen Sitzplatz im Bus. Wenn der Bus voll ist, sitzen sie auf dem Scho\u00df eines Erwachsenen, oder es kann ein eigener Sitzplatz gebucht werden<\/p>\n<h2 dir=\"ltr\"><span style=\"color: #000000;\"><strong>\ud83c\udf92 Was Sie mitbringen sollten<\/strong><\/span><\/h2>\n<p dir=\"ltr\">\ud83d\udd39 Badeanzug und Handtuch<br \/>\n\ud83d\udd39 Sonnenschutzmittel und Sonnenbrille<br \/>\n\ud83d\udd39 Hut oder M\u00fctze<br \/>\n\ud83d\udd39 Wasserdichte Handytasche oder Kamera<br \/>\n\ud83d\udd39 Etwas Bargeld f\u00fcr pers\u00f6nliche Ausgaben<\/p>\n<h3 dir=\"ltr\"><span style=\"color: #000000;\"><strong>\ud83d\udeab Nicht geeignet f\u00fcr<\/strong><\/span><\/h3>\n<p dir=\"ltr\">\ud83d\udd39 Menschen, die zu schwerer Seekrankheit neigen<br \/>\n\ud83d\udd39 Reisende mit eingeschr\u00e4nkter Mobilit\u00e4t<\/p>\n<h2><span style=\"color: #000000;\"><strong>\ud83d\udcb8 Preis und Buchung<\/strong><\/span><\/h2>\n<p dir=\"ltr\"><strong>\ud83d\udd39 Jetzt buchen, am Tag der Tour bezahlen<\/strong><br \/>\nKontaktiere uns \u00fcber WhatsApp, Telegram, Viber oder f\u00fclle das Buchungsformular unten aus. \ud83d\udc47\ud83c\udffc<\/p>\n<p>Alternativen gesucht? St\u00f6bern Sie <a href=\"https:\/\/excursionsworld.com\/de\/antalya-ausfluege\/\">Weitere Antalya-Touren<\/a>.<\/p>","protected":false},"excerpt":{"rendered":"<p>Buchen Sie dies <b>t\u00e4gliche Tour<\/b> von <b>Antalya<\/b>! Das Piratenschiff Red Dragon <b>Reise<\/b> bietet Schaumparty, Musik und Schwimmen. Das ultimative All-inclusive-Meer <b>Ausflug<\/b> mit Mittagessen!<\/p>","protected":false},"featured_media":16711,"comment_status":"open","ping_status":"closed","template":"","meta":[],"product_brand":[],"product_cat":[125],"product_tag":[107],"class_list":{"0":"post-15549","1":"product","2":"type-product","3":"status-publish","4":"has-post-thumbnail","6":"tour_phys-antalya-tours","7":"tour_phys-pirate-boat-tours","8":"product_cat-antalya-tours","9":"product_tag-antalya","10":"pa_destination-antalya-tours","11":"pa_kategori-pirate-boat-tours","13":"first","14":"instock","15":"sale","16":"featured","17":"shipping-taxable","18":"purchasable","19":"product-type-tour_phys"},"aioseo_notices":[],"_links":{"self":[{"href":"https:\/\/excursionsworld.com\/de\/wp-json\/wp\/v2\/product\/15549","targetHints":{"allow":["GET"]}}],"collection":[{"href":"https:\/\/excursionsworld.com\/de\/wp-json\/wp\/v2\/product"}],"about":[{"href":"https:\/\/excursionsworld.com\/de\/wp-json\/wp\/v2\/types\/product"}],"replies":[{"embeddable":true,"href":"https:\/\/excursionsworld.com\/de\/wp-json\/wp\/v2\/comments?post=15549"}],"wp:featuredmedia":[{"embeddable":true,"href":"https:\/\/excursionsworld.com\/de\/wp-json\/wp\/v2\/media\/16711"}],"wp:attachment":[{"href":"https:\/\/excursionsworld.com\/de\/wp-json\/wp\/v2\/media?parent=15549"}],"wp:term":[{"taxonomy":"product_brand","embeddable":true,"href":"https:\/\/excursionsworld.com\/de\/wp-json\/wp\/v2\/product_brand?post=15549"},{"taxonomy":"product_cat","embeddable":true,"href":"https:\/\/excursionsworld.com\/de\/wp-json\/wp\/v2\/product_cat?post=15549"},{"taxonomy":"product_tag","embeddable":true,"href":"https:\/\/excursionsworld.com\/de\/wp-json\/wp\/v2\/product_tag?post=15549"}],"curies":[{"name":"wp","href":"https:\/\/api.w.org\/{rel}","templated":true}]}}