{"id":15551,"date":"2025-11-02T12:29:15","date_gmt":"2025-11-02T09:29:15","guid":{"rendered":"https:\/\/excursionsworld.com\/?post_type=product&#038;p=15551\/"},"modified":"2025-11-21T12:22:14","modified_gmt":"2025-11-21T09:22:14","slug":"green-canyon-bootstour-ab-antalya","status":"publish","type":"product","link":"https:\/\/excursionsworld.com\/tours\/green-canyon-boat-tour-antalya\/","title":{"rendered":"Green Canyon Bootstour ab Antalya | Gr\u00fcne Schlucht \u2013 All Inclusive"},"content":{"rendered":"<h3 dir=\"ltr\" data-pm-slice=\"1 1 []\">\ud83c\udf32 \u00dcberblick<\/h3>\n<p dir=\"ltr\">Begeben Sie sich von Antalya und Umgebung aus auf eine heitere Tour zum Green Canyon! Genie\u00dfen Sie eine Bootsfahrt auf t\u00fcrkisfarbenem Wasser, schwimmen Sie und genie\u00dfen Sie die atemberaubende Landschaft des Taurusgebirges. Diese Tour ist ideal f\u00fcr Familien und Naturliebhaber und dauert etwa 7-8 Stunden.<\/p>\n<h3 dir=\"ltr\">Inbegriffen:<\/h3>\n<p dir=\"ltr\"><span style=\"color: #00ff00;\"><strong>\u2713<\/strong><\/span> Abholung vom Hotel und R\u00fccktransport<br \/>\n<span style=\"color: #00ff00;\"><strong>\u2713 <\/strong><\/span>Bootsfahrt auf dem Green Canyon<br \/>\n<span style=\"color: #00ff00;\"><strong>\u2713 <\/strong><\/span>Leitfaden<br \/>\n<span style=\"color: #00ff00;\"><strong>\u2713 <\/strong><\/span>Mittagessen in einem Restaurant am See<br \/>\n<span style=\"color: #00ff00;\"><strong>\u2713 <\/strong><\/span>Vollversicherung<br \/>\n<span style=\"color: #00ff00;\"><strong>\u2713 <\/strong><\/span>Erfrischungsgetr\u00e4nke<\/p>\n<h3 dir=\"ltr\">Nicht inbegriffen<\/h3>\n<p dir=\"ltr\"><strong><span style=\"color: #ff0000;\">\u2717<\/span><\/strong> Pers\u00f6nliche Ausgaben<br \/>\n<strong><span style=\"color: #ff0000;\">\u2717 <\/span><\/strong>Fotos und Videos (optional)<\/p>\n<h3 dir=\"ltr\">\ud83d\udea4 H\u00f6hepunkte der Tour<\/h3>\n<p dir=\"ltr\">\ud83d\udd39 Bootsfahrt durch den Green Canyon<br \/>\n\ud83d\udd39 Atemberaubende Aussicht auf das Taurusgebirge<br \/>\n\ud83d\udd39 Schwimmen im erfrischenden Wasser des Canyons<br \/>\n\ud83d\udd39 Leckeres Mittagessen am See<br \/>\n\ud83d\udd39 Friedliche Flucht aus der Stadt<\/p>\n<h3 dir=\"ltr\">\ud83d\udcd6 Vollst\u00e4ndige Beschreibung<\/h3>\n<p dir=\"ltr\">Beginnen Sie den Tag mit einem komfortablen Transfer von Antalya oder der n\u00e4heren Umgebung aus und fahren Sie durch das Taurusgebirge zum Green Canyon. Gehen Sie an Bord eines gem\u00fctlichen Bootes und begeben Sie sich auf eine entspannende Fahrt durch smaragdgr\u00fcne Gew\u00e4sser, umgeben von Klippen und \u00fcppigem Gr\u00fcn. Segeln Sie durch den Kleinen und den Gro\u00dfen Canyon und halten Sie an, um in den kristallklaren Gew\u00e4ssern der T\u00fcrkei zu schwimmen. Genie\u00dfen Sie ein herzhaftes Mittagessen in einem Restaurant am See und tauchen Sie ein in die Ruhe der Natur. Diese Tour ist die perfekte Mischung aus Entspannung und nat\u00fcrlicher Sch\u00f6nheit und l\u00e4sst Sie erfrischt in Ihr Hotel zur\u00fcckkehren.<\/p>\n<h3 dir=\"ltr\">\ud83d\uddfa\ufe0f Reiseverlauf<\/h3>\n<p dir=\"ltr\">\ud83d\udd39 Abholung aus Antalya und Umgebung<br \/>\n\ud83d\udd39 Transfer zum Green Canyon \u00fcber das Taurusgebirge<br \/>\n\ud83d\udd39 Bootsfahrt durch die Schlucht<br \/>\n\ud83d\udd39 Schwimmstopps<br \/>\n\ud83d\udd39 Mittagessen in einem Restaurant am See<br \/>\n\ud83d\udd39 R\u00fcckreise Kreuzfahrt<br \/>\n\ud83d\udd39 Transfer zur\u00fcck zum Hotel<\/p>\n<h3 dir=\"ltr\">\u2139\ufe0f N\u00fctzliche Informationen<\/h3>\n<p dir=\"ltr\">\ud83d\udd39 Dauer: ~7-8 Stunden (Ganztagestour)<br \/>\n\ud83d\udd39 Geringe k\u00f6rperliche Aktivit\u00e4t (Kreuzfahrt und optionales Schwimmen)<br \/>\n\ud83d\udd39 Tour t\u00e4glich ab Antalya verf\u00fcgbar<br \/>\n\ud83d\udd39 Mittagessen inklusive, Getr\u00e4nke gegen Aufpreis<br \/>\n\ud83d\udd39 Das Boot hat schattige Bereiche und Toiletten<br \/>\n\ud83d\udd39 Schwimmwesten zum Schwimmen vorhanden<\/p>\n<h3 data-start=\"2090\" data-end=\"2113\">\ud83c\udf92 Was Sie mitbringen sollten<\/h3>\n<p data-start=\"2114\" data-end=\"2233\">\ud83d\udd39 Badeanzug und Handtuch<br data-start=\"2135\" data-end=\"2138\" \/>\ud83d\udd39 Sonnenbrille und Hut<br data-start=\"2159\" data-end=\"2162\" \/>\ud83d\udd39 Sonnenschutzmittel<br data-start=\"2174\" data-end=\"2177\" \/>\ud83d\udd39 Kamera oder Smartphone<br data-start=\"2200\" data-end=\"2203\" \/>\ud83d\udd39 Bargeld f\u00fcr Getr\u00e4nke oder Extras<\/p>\n<h3 data-start=\"1974\" data-end=\"2000\">\ud83d\udeab Nicht geeignet f\u00fcr<\/h3>\n<p data-start=\"2001\" data-end=\"2088\">\ud83d\udd39 Menschen mit eingeschr\u00e4nkter Mobilit\u00e4t<br data-start=\"2032\" data-end=\"2035\" \/>\ud83d\udd39 Rollstuhlfahrer<br data-start=\"2054\" data-end=\"2057\" \/>\ud83d\udd39 Menschen, die zur Seekrankheit neigen<\/p>\n<h3 data-start=\"2334\" data-end=\"2361\">\ud83d\udcb8 Preis und Buchung<\/h3>\n<p data-start=\"2362\" data-end=\"2477\">\ud83d\udd39 Jetzt buchen, am Tag der Tour bezahlen<br data-start=\"2401\" data-end=\"2404\" \/>\ud83d\udd39 Kontaktieren Sie uns \u00fcber WhatsApp, Telegram oder Viber f\u00fcr Buchungen oder Fragen. \ud83d\udc47\ud83c\udffc<\/p>","protected":false},"excerpt":{"rendered":"<p data-start=\"381\" data-end=\"590\">Genie\u00dfen Sie eine Green Canyon Bootsfahrt von Antalya aus mit Schwimmen, Angeln, Mittagessen am See und Hoteltransfer. Der perfekte Ausflug f\u00fcr Naturliebhaber im Taurusgebirge.<\/p>","protected":false},"featured_media":12848,"comment_status":"open","ping_status":"closed","template":"","meta":[],"product_brand":[],"product_cat":[125],"product_tag":[107],"class_list":{"0":"post-15551","1":"product","2":"type-product","3":"status-publish","4":"has-post-thumbnail","6":"tour_phys-antalya-tours","7":"tour_phys-boat-tours","8":"product_cat-antalya-tours","9":"product_tag-antalya","10":"pa_destination-antalya-tours","11":"pa_kategori-boat-tours","13":"first","14":"instock","15":"sale","16":"featured","17":"shipping-taxable","18":"purchasable","19":"product-type-tour_phys"},"aioseo_notices":[],"_links":{"self":[{"href":"https:\/\/excursionsworld.com\/de\/wp-json\/wp\/v2\/product\/15551","targetHints":{"allow":["GET"]}}],"collection":[{"href":"https:\/\/excursionsworld.com\/de\/wp-json\/wp\/v2\/product"}],"about":[{"href":"https:\/\/excursionsworld.com\/de\/wp-json\/wp\/v2\/types\/product"}],"replies":[{"embeddable":true,"href":"https:\/\/excursionsworld.com\/de\/wp-json\/wp\/v2\/comments?post=15551"}],"wp:featuredmedia":[{"embeddable":true,"href":"https:\/\/excursionsworld.com\/de\/wp-json\/wp\/v2\/media\/12848"}],"wp:attachment":[{"href":"https:\/\/excursionsworld.com\/de\/wp-json\/wp\/v2\/media?parent=15551"}],"wp:term":[{"taxonomy":"product_brand","embeddable":true,"href":"https:\/\/excursionsworld.com\/de\/wp-json\/wp\/v2\/product_brand?post=15551"},{"taxonomy":"product_cat","embeddable":true,"href":"https:\/\/excursionsworld.com\/de\/wp-json\/wp\/v2\/product_cat?post=15551"},{"taxonomy":"product_tag","embeddable":true,"href":"https:\/\/excursionsworld.com\/de\/wp-json\/wp\/v2\/product_tag?post=15551"}],"curies":[{"name":"wp","href":"https:\/\/api.w.org\/{rel}","templated":true}]}}