{"id":15552,"date":"2025-11-02T12:31:24","date_gmt":"2025-11-02T09:31:24","guid":{"rendered":"https:\/\/excursionsworld.com\/?post_type=product&#038;p=15552\/"},"modified":"2025-12-23T22:58:20","modified_gmt":"2025-12-23T19:58:20","slug":"antalya-altstadt-wasserfaelle","status":"publish","type":"product","link":"https:\/\/excursionsworld.com\/tours\/antalya-old-town-waterfalls\/","title":{"rendered":"Antalya Stadtrundfahrt \u2013 Altstadt, Wasserf\u00e4lle &amp; Bootstour"},"content":{"rendered":"<h3 data-start=\"150\" data-end=\"168\">\u2600\ufe0f \u00dcberblick<\/h3>\n<p data-start=\"169\" data-end=\"499\">Entdecken Sie die Sch\u00f6nheit und den Charme der <strong data-start=\"202\" data-end=\"213\">Antalya<\/strong> an einem einzigen Tag! Diese actiongeladene Tour beinhaltet eine Bootsfahrt, Besuche der atemberaubenden <strong data-start=\"300\" data-end=\"320\">D\u00fcdener Wasserf\u00e4lle<\/strong>, ein t\u00fcrkisches Mittagessen und einen Spaziergang durch das historische <strong data-start=\"373\" data-end=\"395\">Altstadt (Kalei\u00e7i)<\/strong>. Die Transfers sind von den Hotels in <strong data-start=\"435\" data-end=\"468\">Antalya und Umgebung<\/strong>, und machen Ihren Tag sorgenfrei.<\/p>\n<h3 data-start=\"501\" data-end=\"516\">Inbegriffen:<\/h3>\n<p data-start=\"517\" data-end=\"770\"><strong><span style=\"color: #00ff00;\">\u2713<\/span> <\/strong>Abholung vom Hotel und R\u00fccktransport<br data-start=\"544\" data-end=\"547\" \/><strong><span style=\"color: #00ff00;\">\u2713<\/span> <\/strong>Eintrittsgelder f\u00fcr die D\u00fcdener Wasserf\u00e4lle (Obere und Untere)<br data-start=\"600\" data-end=\"603\" \/><strong><span style=\"color: #00ff00;\">\u2713<\/span> <\/strong>Komfortabler klimatisierter Bus<br data-start=\"636\" data-end=\"639\" \/><strong><span style=\"color: #00ff00;\">\u2713<\/span> <\/strong>Professioneller englischsprachiger F\u00fchrer<br data-start=\"676\" data-end=\"679\" \/><strong><span style=\"color: #00ff00;\">\u2713<\/span> <\/strong>Mittagessen in einem lokalen Restaurant<br data-start=\"708\" data-end=\"711\" \/><strong><span style=\"color: #00ff00;\">\u2713<\/span> <\/strong>Vollversicherung<\/p>\n<h3 data-start=\"772\" data-end=\"791\">Nicht inbegriffen:<\/h3>\n<p data-start=\"792\" data-end=\"882\"><span style=\"color: #ff0000;\"><strong>\u2717<\/strong> <\/span>Bootsfahrt (falls als Option gew\u00e4hlt)<br data-start=\"830\" data-end=\"833\" \/><span style=\"color: #ff0000;\"><strong>\u2717<\/strong> <\/span>Getr\u00e4nke<br data-start=\"841\" data-end=\"844\" \/><span style=\"color: #ff0000;\"><strong>\u2717<\/strong> <\/span>Pers\u00f6nliche Ausgaben (Fotos, Videos)<\/p>\n<h3 data-start=\"884\" data-end=\"909\">\ud83c\udf1f H\u00f6hepunkte der Tour<\/h3>\n<p data-start=\"910\" data-end=\"1236\">\ud83d\udd39 Bewundern Sie den Unteren D\u00fcden-Wasserfall, der 40 Meter tief ins Meer st\u00fcrzt<br data-start=\"979\" data-end=\"982\" \/>\ud83d\udd39 Spaziergang durch die Altstadt (Kalei\u00e7i): Hadrianstor, Yivli-Minarett, Uhrenturm<br data-start=\"1066\" data-end=\"1069\" \/>\ud83d\udd39 Entspannen Sie sich auf einer einst\u00fcndigen Bootsfahrt vom alten Hafen von Antalya aus<br data-start=\"1125\" data-end=\"1128\" \/>\ud83d\udd39 Genie\u00dfen Sie das Gr\u00fcn und die K\u00fchle des Oberen D\u00fcdenwasserfalls<br data-start=\"1191\" data-end=\"1194\" \/>\ud83d\udd39 Besuch einer \u00f6rtlichen Silberschmuckwerkstatt<\/p>\n<h3 data-start=\"1238\" data-end=\"1264\">\ud83d\udcdd Vollst\u00e4ndige Beschreibung<\/h3>\n<div data-start=\"1265\" data-end=\"1482\">Die Tour beginnt mit einer morgendlichen Abholung von Ihrem Hotel in <strong data-start=\"1322\" data-end=\"1349\">Antalya oder nahe gelegene Gebiete<\/strong>. Beginnen Sie mit einem Spaziergang durch das historische <strong data-start=\"1390\" data-end=\"1412\">Altstadt (Kalei\u00e7i)<\/strong>, Sie sehen das Hadrianstor, charmante Stra\u00dfen, Moscheen und lokale Gesch\u00e4fte.<\/div>\n<div data-start=\"1484\" data-end=\"1893\">Anschlie\u00dfend genie\u00dfen Sie eine einst\u00fcndige <strong data-start=\"1507\" data-end=\"1520\">Bootsfahrt<\/strong> entlang der atemberaubenden Mittelmeerk\u00fcste (fakultativ). Nach der Bootsfahrt genie\u00dfen Sie ein traditionelles t\u00fcrkisches Mittagessen in einem lokalen Restaurant. Weiter geht es mit dem Besuch der <strong data-start=\"1682\" data-end=\"1718\">Unterer und Oberer D\u00fcdenwasserfall<\/strong>, umgeben von \u00fcppiger Vegetation. Beenden Sie den Tag in einem <strong data-start=\"1766\" data-end=\"1793\">Werkstatt f\u00fcr Silberschmuck<\/strong>, wo Sie handgefertigte Produkte sehen und kaufen k\u00f6nnen. Kehren Sie mit unvergesslichen Erinnerungen in Ihr Hotel zur\u00fcck.<\/div>\n<h3 data-start=\"1895\" data-end=\"1919\">\ud83d\udccd Reiseroute<\/h3>\n<p data-start=\"1920\" data-end=\"2193\">\ud83d\udd39 Abholung vom Hotel<br data-start=\"1940\" data-end=\"1943\" \/>\ud83d\udd39 Spaziergang durch die Altstadt (Kalei\u00e7i)<br data-start=\"1981\" data-end=\"1984\" \/>Bootsfahrt vom alten Hafen (1 Stunde, optional)<br data-start=\"2033\" data-end=\"2036\" \/>\ud83d\udd39 Mittagessen in einem lokalen Restaurant<br data-start=\"2066\" data-end=\"2069\" \/>\ud83d\udd39 Besuch des Unteren D\u00fcden Wasserfalls<br data-start=\"2102\" data-end=\"2105\" \/>\ud83d\udd39 Besuch des Oberen D\u00fcdenwasserfalls<br data-start=\"2138\" data-end=\"2141\" \/>\ud83d\udd39 Halt in einer Schmuckwerkstatt<br data-start=\"2170\" data-end=\"2173\" \/>\ud83d\udd39 R\u00fcckkehr zum Hotel<\/p>\n<h3 data-start=\"2195\" data-end=\"2223\">\u2139\ufe0f N\u00fctzliche Informationen<\/h3>\n<p data-start=\"2224\" data-end=\"2576\">\ud83d\udd39 Die Bootsfahrt kann aufgrund der Wetterbedingungen abgesagt oder ge\u00e4ndert werden.<br data-start=\"2294\" data-end=\"2297\" \/>\ud83d\udd39 Die Reiseroute kann sich \u00e4ndern, um das Reiseerlebnis zu verbessern<br data-start=\"2355\" data-end=\"2358\" \/>\ud83d\udd39 Dies ist eine Besichtigungstour; Schwimmen ist nicht inbegriffen<br data-start=\"2413\" data-end=\"2416\" \/>\ud83d\udd39 Kinder unter 5 Jahren, die kostenlos mitfahren, haben keinen eigenen Sitzplatz im Bus. Wenn der Bus voll ist, sitzen sie auf dem Scho\u00df eines Erwachsenen oder es kann ein eigener Sitzplatz gebucht werden<\/p>\n<h3 data-start=\"2578\" data-end=\"2601\">\ud83c\udf92 Was Sie mitbringen sollten<\/h3>\n<p data-start=\"2602\" data-end=\"2745\">\ud83d\udd39 Bequeme Wanderschuhe<br data-start=\"2630\" data-end=\"2633\" \/>\ud83d\udd39 Sonnenbrillen und Kopfbedeckungen<br data-start=\"2659\" data-end=\"2662\" \/>\ud83d\udd39 Sonnenschutzmittel<br data-start=\"2674\" data-end=\"2677\" \/>\ud83d\udd39 Kamera oder Smartphone<br data-start=\"2700\" data-end=\"2703\" \/>\ud83d\udd39 Bargeld f\u00fcr Getr\u00e4nke und pers\u00f6nliche Ausgaben<\/p>\n<h3 data-start=\"2747\" data-end=\"2773\">\ud83d\udeab Nicht geeignet f\u00fcr<\/h3>\n<p data-start=\"2774\" data-end=\"2829\">\ud83d\udd39 Rollstuhlfahrer<br data-start=\"2793\" data-end=\"2796\" \/>\ud83d\udd39 Menschen mit eingeschr\u00e4nkter Mobilit\u00e4t<\/p>\n<h3 data-start=\"2831\" data-end=\"2858\">\ud83d\udcb8 Preis und Buchung<\/h3>\n<p data-start=\"2859\" data-end=\"2995\"><strong>\ud83d\udd39 Jetzt buchen, am Tag der Tour bezahlen<\/strong><br data-start=\"2898\" data-end=\"2901\" \/>\ud83d\udd39 Kontaktieren Sie uns \u00fcber <strong data-start=\"2919\" data-end=\"2931\">WhatsApp<\/strong>, <strong data-start=\"2933\" data-end=\"2945\">Telegramm<\/strong>, <strong data-start=\"2947\" data-end=\"2956\">Viber<\/strong>, oder f\u00fcllen Sie das untenstehende Buchungsformular aus. \ud83d\udc47\ud83c\udffc<\/p>","protected":false},"excerpt":{"rendered":"<p>Buchen Sie die <b>Antalya Stadtrundfahrt<\/b>! Sehen Sie die D\u00fcden-Wasserf\u00e4lle und das historische Kalei\u00e7i. Enth\u00e4lt <b>Bootsfahrt<\/b>, T\u00fcrkisch <b>Mittagessen<\/b>, und ganzt\u00e4gig <b>Ausflug<\/b>. <b>Transfer inklusive<\/b>.<\/p>","protected":false},"featured_media":15466,"comment_status":"open","ping_status":"closed","template":"","meta":[],"product_brand":[],"product_cat":[125],"product_tag":[107],"class_list":{"0":"post-15552","1":"product","2":"type-product","3":"status-publish","4":"has-post-thumbnail","6":"tour_phys-antalya-tours","7":"product_cat-antalya-tours","8":"product_tag-antalya","9":"pa_destination-antalya-tours","11":"first","12":"instock","13":"sale","14":"shipping-taxable","15":"purchasable","16":"product-type-tour_phys"},"aioseo_notices":[],"_links":{"self":[{"href":"https:\/\/excursionsworld.com\/de\/wp-json\/wp\/v2\/product\/15552","targetHints":{"allow":["GET"]}}],"collection":[{"href":"https:\/\/excursionsworld.com\/de\/wp-json\/wp\/v2\/product"}],"about":[{"href":"https:\/\/excursionsworld.com\/de\/wp-json\/wp\/v2\/types\/product"}],"replies":[{"embeddable":true,"href":"https:\/\/excursionsworld.com\/de\/wp-json\/wp\/v2\/comments?post=15552"}],"wp:featuredmedia":[{"embeddable":true,"href":"https:\/\/excursionsworld.com\/de\/wp-json\/wp\/v2\/media\/15466"}],"wp:attachment":[{"href":"https:\/\/excursionsworld.com\/de\/wp-json\/wp\/v2\/media?parent=15552"}],"wp:term":[{"taxonomy":"product_brand","embeddable":true,"href":"https:\/\/excursionsworld.com\/de\/wp-json\/wp\/v2\/product_brand?post=15552"},{"taxonomy":"product_cat","embeddable":true,"href":"https:\/\/excursionsworld.com\/de\/wp-json\/wp\/v2\/product_cat?post=15552"},{"taxonomy":"product_tag","embeddable":true,"href":"https:\/\/excursionsworld.com\/de\/wp-json\/wp\/v2\/product_tag?post=15552"}],"curies":[{"name":"wp","href":"https:\/\/api.w.org\/{rel}","templated":true}]}}