{"id":15553,"date":"2025-11-02T12:32:29","date_gmt":"2025-11-02T09:32:29","guid":{"rendered":"https:\/\/excursionsworld.com\/?post_type=product&#038;p=15553\/"},"modified":"2026-01-18T17:19:45","modified_gmt":"2026-01-18T14:19:45","slug":"demre-myra-kekova-antalya","status":"publish","type":"product","link":"https:\/\/excursionsworld.com\/tours\/demre-myra-kekova-antalya\/","title":{"rendered":"Demre, Myra &amp; Kekova Ausflug ab Antalya \u2013 St. Nikolaus Kirche"},"content":{"rendered":"<h3 data-start=\"140\" data-end=\"159\">\ud83c\udfdd\ufe0f \u00dcberblick<\/h3>\n<p data-start=\"160\" data-end=\"462\">Entdecken Sie die antiken Wunder Lykiens auf einer eint\u00e4gigen Tour ab Antalya! Segeln Sie auf einer Yacht mit Glasboden \u00fcber die versunkene Stadt Kekova, besuchen Sie die antiken Felsengr\u00e4ber von Myra und erkunden Sie die St. Nikolaus-Kirche in Demre - die Inspiration f\u00fcr den Weihnachtsmann. Eine perfekte Mischung aus Geschichte, Natur und Meeresabenteuer.<\/p>\n<h3 data-start=\"464\" data-end=\"481\">\u00a0Inbegriffen:<\/h3>\n<p data-start=\"482\" data-end=\"686\"><span style=\"color: #00ff00;\"><strong>\u2713<\/strong> <\/span>Abholung vom Hotel und R\u00fccktransport\u00a0<br data-start=\"526\" data-end=\"529\" \/><span style=\"color: #00ff00;\"><strong>\u2713<\/strong> <\/span>Komfortabler klimatisierter Bus<br data-start=\"562\" data-end=\"565\" \/><span style=\"color: #00ff00;\"><strong>\u2713<\/strong> <\/span>Tour auf einer Glasboden-Yacht<br data-start=\"590\" data-end=\"593\" \/><span style=\"color: #00ff00;\"><strong>\u2713<\/strong> <\/span>Eintrittsgelder f\u00fcr Myra<br data-start=\"616\" data-end=\"619\" \/><span style=\"color: #00ff00;\"><strong>\u2713<\/strong> <\/span>Professioneller F\u00fchrer<br data-start=\"639\" data-end=\"642\" \/><span style=\"color: #00ff00;\"><strong>\u2713<\/strong> <\/span>Vollversicherung<br data-start=\"658\" data-end=\"661\" \/><span style=\"color: #00ff00;\"><strong>\u2713<\/strong> <\/span>Leckeres lokales Mittagessen<\/p>\n<h3 data-start=\"688\" data-end=\"709\">\u00a0Nicht inbegriffen:<\/h3>\n<p data-start=\"710\" data-end=\"808\"><span style=\"color: #ff0000;\"><strong>\u2717<\/strong> <\/span>Eingang zur St. Nikolaus-Kirche (optional)<br data-start=\"795\" data-end=\"798\" \/><span style=\"color: #ff0000;\"><strong>\u2717<\/strong> <\/span>Getr\u00e4nke<\/p>\n<h3 data-start=\"810\" data-end=\"835\">\ud83c\udf1f H\u00f6hepunkte der Tour<\/h3>\n<p data-start=\"836\" data-end=\"1167\">\ud83d\udd39 Kreuzfahrt \u00fcber die versunkene Stadt Kekova auf einer Yacht mit Glasboden<br data-start=\"900\" data-end=\"903\" \/>\ud83d\udd39 Erkunden Sie antike Felsengr\u00e4ber und das r\u00f6mische Theater in Myra<br data-start=\"962\" data-end=\"965\" \/>\ud83d\udd39 Besuch der St. Nikolaus-Kirche in Demre, die mit dem Weihnachtsmann verbunden ist<br data-start=\"1025\" data-end=\"1028\" \/>\ud83d\udd39 Schwimmen im t\u00fcrkisfarbenen Mittelmeer bei Kekova<br data-start=\"1081\" data-end=\"1084\" \/>\ud83d\udd39 Atemberaubende Aussicht auf Schloss Simena<br data-start=\"1118\" data-end=\"1121\" \/>\ud83d\udd39 Bequeme Transfers von den Hotels in Antalya<\/p>\n<h3 data-start=\"1169\" data-end=\"1195\">\ud83d\udcd6 Vollst\u00e4ndige Beschreibung<\/h3>\n<div data-start=\"1196\" data-end=\"1460\">Ihr Abenteuer beginnt mit einer morgendlichen Abholung vom Hotel in Antalya. Nach einer malerischen Fahrt entlang der K\u00fcste erkunden Sie <strong data-start=\"1298\" data-end=\"1306\">Myra<\/strong>, die f\u00fcr ihre lykischen Felsengr\u00e4ber und das r\u00f6mische Theater ber\u00fchmt ist. Dann besuchen Sie <strong data-start=\"1372\" data-end=\"1395\">St. Nikolaus Kirche<\/strong> in Demre, einer der wichtigsten christlichen St\u00e4tten der T\u00fcrkei.<\/div>\n<div data-start=\"1462\" data-end=\"1739\">Genie\u00dfen Sie eine <strong data-start=\"1470\" data-end=\"1485\">lokales Mittagessen<\/strong>, dann an Bord einer <strong data-start=\"1500\" data-end=\"1522\">Glasbodenyacht<\/strong> vom Hafen \u00c7aya\u011fz\u0131 f\u00fcr eine 2,5-st\u00fcndige Kreuzfahrt zur Insel Kekova. Sehen Sie die <strong data-start=\"1589\" data-end=\"1604\">versunkene Stadt<\/strong>, Schwimmen Sie im kristallklaren Meer und bewundern Sie die <strong data-start=\"1648\" data-end=\"1665\">Schloss Simena<\/strong>. Nach diesem unvergesslichen Tag k\u00f6nnen Sie sich auf der R\u00fcckfahrt nach Antalya entspannen.<\/div>\n<h3 data-start=\"1741\" data-end=\"1766\">\ud83d\uddfa\ufe0f Reiseverlauf<\/h3>\n<p data-start=\"1767\" data-end=\"2044\">\ud83d\udd39 Hotelabholung in der Region Antalya<br data-start=\"1800\" data-end=\"1803\" \/>\ud83d\udd39 Besuch der Felsengr\u00e4ber von Myra und des r\u00f6mischen Theaters<br data-start=\"1850\" data-end=\"1853\" \/>\ud83d\udd39 Halt an der St.-Nikolaus-Kirche (fakultativer Eintritt)<br data-start=\"1903\" data-end=\"1906\" \/>\ud83d\udd39 Mittagessen in einem lokalen Restaurant<br data-start=\"1936\" data-end=\"1939\" \/>\ud83d\udd39 Kreuzfahrt mit einer Glasbodenyacht nach Kekova<br data-start=\"1977\" data-end=\"1980\" \/>\ud83d\udd39 Badestopp und Besichtigung<br data-start=\"2012\" data-end=\"2015\" \/>\ud83d\udd39 R\u00fccktransfer zum Hotel<\/p>\n<h3 data-start=\"2352\" data-end=\"2380\">\u2139\ufe0f N\u00fctzliche Informationen<\/h3>\n<p data-start=\"2381\" data-end=\"2539\">\ud83d\udd39 Dauer: ca. 8-9 Stunden<br data-start=\"2411\" data-end=\"2414\" \/>\ud83d\udd39 Die Reiseroute kann aufgrund von Wetter- oder Seebedingungen variieren.<br data-start=\"2468\" data-end=\"2471\" \/>\ud83d\udd39 Kinder unter 6 Jahren fahren kostenlos, teilen sich aber einen Sitzplatz, wenn der Bus voll ist<\/p>\n<h3 data-start=\"2155\" data-end=\"2178\">\ud83c\udf92 Was Sie mitbringen sollten<\/h3>\n<p data-start=\"2179\" data-end=\"2287\">\ud83d\udd39 Bequeme Schuhe<br data-start=\"2199\" data-end=\"2202\" \/>\ud83d\udd39 Sonnenbrille und Sonnenschutzmittel<br data-start=\"2229\" data-end=\"2232\" \/>\ud83d\udd39 Badeanzug und Handtuch<br data-start=\"2253\" data-end=\"2256\" \/>\ud83d\udd39 Bargeld f\u00fcr pers\u00f6nliche Ausgaben<\/p>\n<h3 data-start=\"2046\" data-end=\"2072\">\ud83d\udeab Nicht geeignet f\u00fcr<\/h3>\n<p data-start=\"2073\" data-end=\"2153\">\ud83d\udd39 Menschen mit eingeschr\u00e4nkter Mobilit\u00e4t<br data-start=\"2104\" data-end=\"2107\" \/>\ud83d\udd39 Reisende mit schweren Erkrankungen<\/p>\n<h3>\ud83d\udcb8\u00a0<strong data-start=\"3780\" data-end=\"3801\">Preis und Buchung<\/strong><\/h3>\n<p data-start=\"3803\" data-end=\"3931\"><strong>\ud83d\udd39 Jetzt buchen, am Tag der Tour bezahlen<\/strong><br data-start=\"3842\" data-end=\"3845\" \/>\ud83d\udd39 Kontaktiere uns \u00fcber WhatsApp, Telegram, Viber oder f\u00fclle das Buchungsformular unten aus \ud83d\udc47\ud83c\udffc<\/p>","protected":false},"excerpt":{"rendered":"<p>Buchen Sie die ultimative Geschichte <b>Ausflug<\/b> von <b>Antalya<\/b>! Unvergesslich <b>Tagesausflug<\/b> zu den Felsengr\u00e4bern von Myra, der St.-Nikolaus-Kirche und der versunkenen Stadt Kekova <b>Bootstour<\/b>.<\/p>","protected":false},"featured_media":12563,"comment_status":"open","ping_status":"closed","template":"","meta":[],"product_brand":[],"product_cat":[125],"product_tag":[107],"class_list":{"0":"post-15553","1":"product","2":"type-product","3":"status-publish","4":"has-post-thumbnail","6":"tour_phys-antalya-tours","7":"product_cat-antalya-tours","8":"product_tag-antalya","9":"pa_destination-antalya-tours","11":"first","12":"instock","13":"sale","14":"shipping-taxable","15":"purchasable","16":"product-type-tour_phys"},"aioseo_notices":[],"_links":{"self":[{"href":"https:\/\/excursionsworld.com\/de\/wp-json\/wp\/v2\/product\/15553","targetHints":{"allow":["GET"]}}],"collection":[{"href":"https:\/\/excursionsworld.com\/de\/wp-json\/wp\/v2\/product"}],"about":[{"href":"https:\/\/excursionsworld.com\/de\/wp-json\/wp\/v2\/types\/product"}],"replies":[{"embeddable":true,"href":"https:\/\/excursionsworld.com\/de\/wp-json\/wp\/v2\/comments?post=15553"}],"wp:featuredmedia":[{"embeddable":true,"href":"https:\/\/excursionsworld.com\/de\/wp-json\/wp\/v2\/media\/12563"}],"wp:attachment":[{"href":"https:\/\/excursionsworld.com\/de\/wp-json\/wp\/v2\/media?parent=15553"}],"wp:term":[{"taxonomy":"product_brand","embeddable":true,"href":"https:\/\/excursionsworld.com\/de\/wp-json\/wp\/v2\/product_brand?post=15553"},{"taxonomy":"product_cat","embeddable":true,"href":"https:\/\/excursionsworld.com\/de\/wp-json\/wp\/v2\/product_cat?post=15553"},{"taxonomy":"product_tag","embeddable":true,"href":"https:\/\/excursionsworld.com\/de\/wp-json\/wp\/v2\/product_tag?post=15553"}],"curies":[{"name":"wp","href":"https:\/\/api.w.org\/{rel}","templated":true}]}}