{"id":15554,"date":"2025-11-02T12:33:31","date_gmt":"2025-11-02T09:33:31","guid":{"rendered":"https:\/\/excursionsworld.com\/?post_type=product&#038;p=15554\/"},"modified":"2026-01-18T17:24:43","modified_gmt":"2026-01-18T14:24:43","slug":"pamukkale-hierapolis-antalya","status":"publish","type":"product","link":"https:\/\/excursionsworld.com\/tours\/pamukkale-hierapolis-antalya\/","title":{"rendered":"Pamukkale Ausflug ab Antalya: Baumwollburg &amp; Hierapolis"},"content":{"rendered":"<h3 data-start=\"0\" data-end=\"19\">\ud83c\udfdd\ufe0f \u00dcberblick<\/h3>\n<p data-start=\"20\" data-end=\"348\">Entdecken Sie die atemberaubenden Terrassen von <strong data-start=\"58\" data-end=\"71\">Pamukkale<\/strong> und die antike Stadt <strong data-start=\"96\" data-end=\"110\">Hierapolis<\/strong> auf einer eint\u00e4gigen Tour von <strong data-start=\"134\" data-end=\"145\">Antalya<\/strong> und die umliegenden Regionen. Genie\u00dfen Sie bequeme Transfers von Hotels in der Region Antalya, schwimmen Sie in Thermalquellen, erkunden Sie historische Ruinen und genie\u00dfen Sie ein k\u00f6stliches t\u00fcrkisches Mittagessen auf dieser unvergesslichen Reise.<\/p>\n<h3 data-start=\"350\" data-end=\"366\">Inbegriffen:<\/h3>\n<p data-start=\"367\" data-end=\"541\"><span style=\"color: #00ff00;\"><strong>\u2713<\/strong> <\/span>Abholung vom Hotel und R\u00fccktransport<br data-start=\"394\" data-end=\"397\" \/><span style=\"color: #00ff00;\"><strong>\u2713<\/strong> <\/span>Klimatisierter Bus<br data-start=\"418\" data-end=\"421\" \/><span style=\"color: #00ff00;\"><strong>\u2713<\/strong> <\/span>Eintrittsgelder f\u00fcr Pamukkale und Hierapolis<br data-start=\"464\" data-end=\"467\" \/><span style=\"color: #00ff00;\"><strong>\u2713<\/strong> <\/span>Vollversicherung<br data-start=\"483\" data-end=\"486\" \/><span style=\"color: #00ff00;\"><strong>\u2713<\/strong> <\/span>Englischsprachiger historischer F\u00fchrer<br data-start=\"520\" data-end=\"523\" \/><span style=\"color: #00ff00;\"><strong>\u2713<\/strong> <\/span>Mittagessen (Buffet)<\/p>\n<h3 data-start=\"543\" data-end=\"563\">Nicht inbegriffen:<\/h3>\n<p data-start=\"564\" data-end=\"629\"><strong><span style=\"color: #ff0000;\">\u2717<\/span> <\/strong>Eingang zu Kleopatras Pool<br data-start=\"594\" data-end=\"597\" \/><strong><span style=\"color: #ff0000;\">\u2717<\/span> <\/strong>Pers\u00f6nliche Ausgaben<br data-start=\"616\" data-end=\"619\" \/><strong><span style=\"color: #ff0000;\">\u2717<\/span> <\/strong>Getr\u00e4nke<\/p>\n<h3 data-start=\"631\" data-end=\"656\">\ud83c\udf1f H\u00f6hepunkte der Tour<\/h3>\n<p data-start=\"657\" data-end=\"929\">\ud83d\udd39 Bewundern Sie die schneewei\u00dfen Travertine von Pamukkale<br data-start=\"706\" data-end=\"709\" \/>\ud83d\udd39 Erkunden Sie das r\u00f6mische Theater und die Ruinen von Hierapolis<br data-start=\"761\" data-end=\"764\" \/>\ud83d\udd39 Entspannen in nat\u00fcrlichen Thermalbecken<br data-start=\"797\" data-end=\"800\" \/>\ud83d\udd39 Optionales Schwimmen in Cleopatra's Pool (gegen Aufpreis)<br data-start=\"848\" data-end=\"851\" \/>\ud83d\udd39 Genie\u00dfen Sie ein traditionelles t\u00fcrkisches Mittagessen<br data-start=\"887\" data-end=\"890\" \/>\ud83d\udd39 Besuch einer UNESCO-Weltkulturerbest\u00e4tte<\/p>\n<h3 data-start=\"931\" data-end=\"957\">\ud83d\udcd6 Vollst\u00e4ndige Beschreibung<\/h3>\n<p data-start=\"958\" data-end=\"1580\">Ihr Tag beginnt mit einem komfortablen Transfer von Ihrem Hotel in <strong data-start=\"1021\" data-end=\"1032\">Antalya<\/strong> oder nahe gelegene Gebiete. Durch malerische Landschaften fahren Sie nach Pamukkale, der \u201cBaumwollburg\u201d, die f\u00fcr ihre strahlend wei\u00dfen Terrassen ber\u00fchmt ist.<br data-start=\"1173\" data-end=\"1176\" \/>Genie\u00dfen Sie nach Ihrer Ankunft ein Mittagsbuffet, bevor Sie die mineralhaltigen Travertine von Pamukkale erkunden. Anschlie\u00dfend unternehmen Sie eine gef\u00fchrte Tour durch die antike Stadt Hierapolis und besuchen das r\u00f6mische Theater, den Apollo-Tempel und andere Monumente.<br data-start=\"1397\" data-end=\"1400\" \/>Nach der Besichtigung k\u00f6nnen Sie sich in den Thermalbecken entspannen oder im Kleopatra-Pool schwimmen gehen (gegen Geb\u00fchr). Der Tag endet mit der R\u00fcckfahrt zu Ihrem Hotel, gef\u00fcllt mit lebhaften Erinnerungen.<\/p>\n<h3 data-start=\"1582\" data-end=\"1607\">\ud83d\uddfa\ufe0f Reiseverlauf<\/h3>\n<p data-start=\"1608\" data-end=\"1848\">\ud83d\udd39 Abholung vom Hotel<br data-start=\"1628\" data-end=\"1631\" \/>\ud83d\udd39 Reise nach Pamukkale<br data-start=\"1654\" data-end=\"1657\" \/>\ud83d\udd39 Mittagsbuffet<br data-start=\"1672\" data-end=\"1675\" \/>\ud83d\udd39 Besichtigung der Travertinen von Pamukkale<br data-start=\"1709\" data-end=\"1712\" \/>\ud83d\udd39 Besuch der Ruinen von Hierapolis<br data-start=\"1740\" data-end=\"1743\" \/>\ud83d\udd39 Freie Zeit f\u00fcr Kleopatra's Pool (optional)<br data-start=\"1787\" data-end=\"1790\" \/>\ud83d\udd39 R\u00fcckfahrt nach Antalya<br data-start=\"1818\" data-end=\"1821\" \/>\ud83d\udd39 Transfer zur\u00fcck zum Hotel<\/p>\n<h3 data-start=\"1850\" data-end=\"1878\">\u2139\ufe0f N\u00fctzliche Informationen<\/h3>\n<p data-start=\"1879\" data-end=\"2191\">\ud83d\udd39 Dauer: etwa 12 Stunden<br data-start=\"1914\" data-end=\"1917\" \/>\ud83d\udd39 Die Reiseroute kann sich aufgrund der Wetterbedingungen \u00e4ndern.<br data-start=\"1966\" data-end=\"1969\" \/>\ud83d\udd39 M\u00e4\u00dfige k\u00f6rperliche Aktivit\u00e4t (Spazierengehen, eventuell Schwimmen)<br data-start=\"2027\" data-end=\"2030\" \/>\ud83d\udd39 Kinder unter 5 Jahren, die kostenlos mitfahren, haben keinen eigenen Sitzplatz im Bus. Wenn der Bus voll ist, sitzen sie auf dem Scho\u00df eines Erwachsenen, oder es kann ein eigener Sitzplatz gebucht werden<\/p>\n<h3 data-start=\"2193\" data-end=\"2216\">\ud83c\udf92 Was Sie mitbringen sollten<\/h3>\n<p data-start=\"2217\" data-end=\"2359\">\ud83d\udd39 Reisepass oder Personalausweis<br data-start=\"2234\" data-end=\"2237\" \/>\ud83d\udd39 Bequeme Schuhe<br data-start=\"2257\" data-end=\"2260\" \/>\ud83d\udd39 Sonnenbrillen und Kopfbedeckungen<br data-start=\"2286\" data-end=\"2289\" \/>\ud83d\udd39 Badeanzug und Handtuch<br data-start=\"2310\" data-end=\"2313\" \/>\ud83d\udd39 Sonnenschutzmittel<br data-start=\"2325\" data-end=\"2328\" \/>\ud83d\udd39 Bargeld f\u00fcr pers\u00f6nliche Ausgaben<\/p>\n<h3 data-start=\"2361\" data-end=\"2387\">\ud83d\udeab Nicht geeignet f\u00fcr<\/h3>\n<p data-start=\"2388\" data-end=\"2470\">\ud83d\udd39 Menschen mit eingeschr\u00e4nkter Mobilit\u00e4t<br data-start=\"2419\" data-end=\"2422\" \/>\ud83d\udd39 Personen mit schweren Erkrankungen<\/p>\n<h3 data-start=\"2535\" data-end=\"2562\">\ud83d\udcb8 Preis und Buchung<\/h3>\n<p data-start=\"2563\" data-end=\"2685\" data-is-last-node=\"\" data-is-only-node=\"\"><strong>\ud83d\udd39 Jetzt buchen, am Tag der Tour bezahlen<\/strong><br data-start=\"2602\" data-end=\"2605\" \/>Kontaktiere uns \u00fcber WhatsApp, Telegram, Viber oder f\u00fclle das Buchungsformular unten aus. \ud83d\udc47\ud83c\udffc<\/p>","protected":false},"excerpt":{"rendered":"<p>Buchen Sie die <b>Antalya Pamukkale Tour<\/b>! Besuchen Sie die Ruinen von Hierapolis und die Thermaltravertinen. Ganzt\u00e4gig <b>Ausflug<\/b> mit Mittagessen und gem\u00fctlichem <b>Tagesausflug<\/b>. <b>Transfer inklusive<\/b>!<\/p>","protected":false},"featured_media":12575,"comment_status":"open","ping_status":"closed","template":"","meta":[],"product_brand":[],"product_cat":[125],"product_tag":[107],"class_list":{"0":"post-15554","1":"product","2":"type-product","3":"status-publish","4":"has-post-thumbnail","6":"tour_phys-antalya-tours","7":"product_cat-antalya-tours","8":"product_tag-antalya","9":"pa_destination-antalya-tours","11":"first","12":"instock","13":"sale","14":"shipping-taxable","15":"purchasable","16":"product-type-tour_phys"},"aioseo_notices":[],"_links":{"self":[{"href":"https:\/\/excursionsworld.com\/de\/wp-json\/wp\/v2\/product\/15554","targetHints":{"allow":["GET"]}}],"collection":[{"href":"https:\/\/excursionsworld.com\/de\/wp-json\/wp\/v2\/product"}],"about":[{"href":"https:\/\/excursionsworld.com\/de\/wp-json\/wp\/v2\/types\/product"}],"replies":[{"embeddable":true,"href":"https:\/\/excursionsworld.com\/de\/wp-json\/wp\/v2\/comments?post=15554"}],"wp:featuredmedia":[{"embeddable":true,"href":"https:\/\/excursionsworld.com\/de\/wp-json\/wp\/v2\/media\/12575"}],"wp:attachment":[{"href":"https:\/\/excursionsworld.com\/de\/wp-json\/wp\/v2\/media?parent=15554"}],"wp:term":[{"taxonomy":"product_brand","embeddable":true,"href":"https:\/\/excursionsworld.com\/de\/wp-json\/wp\/v2\/product_brand?post=15554"},{"taxonomy":"product_cat","embeddable":true,"href":"https:\/\/excursionsworld.com\/de\/wp-json\/wp\/v2\/product_cat?post=15554"},{"taxonomy":"product_tag","embeddable":true,"href":"https:\/\/excursionsworld.com\/de\/wp-json\/wp\/v2\/product_tag?post=15554"}],"curies":[{"name":"wp","href":"https:\/\/api.w.org\/{rel}","templated":true}]}}