{"id":15555,"date":"2025-11-02T12:34:46","date_gmt":"2025-11-02T09:34:46","guid":{"rendered":"https:\/\/excursionsworld.com\/?post_type=product&#038;p=15555\/"},"modified":"2026-04-03T12:17:01","modified_gmt":"2026-04-03T09:17:01","slug":"antalya-stadtrundfahrt-altstadt-seilbahn","status":"publish","type":"product","link":"https:\/\/excursionsworld.com\/tours\/antalya-tour-old-town-cable-car\/","title":{"rendered":"Antalya Stadtrundfahrt \u2013 Altstadt, D\u00fcden Wasserfall &amp; Olympos Seilbahn in Kemer"},"content":{"rendered":"<h3 data-start=\"251\" data-end=\"268\">\ud83c\udfd9\ufe0f \u00dcberblick<\/h3>\n<p data-start=\"270\" data-end=\"589\">Erleben Sie das Beste von Antalya bei einer ganzt\u00e4gigen gef\u00fchrten Stadtrundfahrt. Erkunden Sie die Altstadt von Antalya (Kaleici), spazieren Sie durch die alten Stadttore und genie\u00dfen Sie den atemberaubenden Blick auf das Mittelmeer. Besuchen Sie die Unteren und Oberen D\u00fcden-Wasserf\u00e4lle und entscheiden Sie sich f\u00fcr ein optionales Erlebnis: eine Bootsfahrt vom Kaleici-Hafen oder die Olympos-Seilbahn in Kemer.<\/p>\n<h3><strong data-start=\"699\" data-end=\"711\">Inbegriffen:<\/strong><\/h3>\n<p data-start=\"712\" data-end=\"913\"><span style=\"color: #00ff00;\"><strong>\u2713<\/strong> <\/span>Abholung vom Hotel und R\u00fccktransport\u00a0<br data-start=\"772\" data-end=\"775\" \/><span style=\"color: #00ff00;\"><strong>\u2713<\/strong> <\/span>D\u00fcdener Wasserf\u00e4lle<br data-start=\"828\" data-end=\"831\" \/><span style=\"color: #00ff00;\"><strong>\u2713<\/strong> <\/span>Seilbahn Olympos<br data-start=\"850\" data-end=\"853\" \/><span style=\"color: #00ff00;\"><strong>\u2713<\/strong> <\/span>Professioneller lizenzierter F\u00fchrer<br data-start=\"882\" data-end=\"885\" \/><span style=\"color: #00ff00;\"><strong>\u2713<\/strong> <\/span>Vollversicherung<br data-start=\"901\" data-end=\"904\" \/><span style=\"color: #00ff00;\"><strong>\u2713<\/strong> <\/span>Mittagessen<\/p>\n<h3><strong data-start=\"919\" data-end=\"935\">Nicht inbegriffen:<\/strong><\/h3>\n<p data-start=\"938\" data-end=\"1005\"><span style=\"color: #ff0000;\"><strong>\u2717<\/strong> <\/span>Bootsfahrt (fakultativ)<br data-start=\"970\" data-end=\"973\" \/><span style=\"color: #ff0000;\"><strong>\u2717<\/strong> <\/span>Pers\u00f6nliche Ausgaben<br data-start=\"992\" data-end=\"995\" \/><span style=\"color: #ff0000;\"><strong>\u2717<\/strong> <\/span>Getr\u00e4nke<\/p>\n<h3 data-start=\"889\" data-end=\"912\">\ud83c\udf1f H\u00f6hepunkte der Tour<\/h3>\n<p data-start=\"914\" data-end=\"1349\">\ud83d\udd39 Altstadt von Antalya - Hadrianstor, geriffeltes Minarett, Uhrenturm<br data-start=\"979\" data-end=\"982\" \/>\ud83d\udd39 Untere D\u00fcdener Wasserf\u00e4lle - 40 Meter hohe Kaskade ins Mittelmeer<br data-start=\"1049\" data-end=\"1052\" \/>\ud83d\udd39 Obere D\u00fcdener Wasserf\u00e4lle - malerische Fotostellen und \u00fcppige Umgebung<br data-start=\"1120\" data-end=\"1123\" \/>\ud83d\udd39 Olympos Seilbahnfahrt in Kemer - Panoramablick aus 2.365 Metern H\u00f6he<br data-start=\"1202\" data-end=\"1205\" \/>\ud83d\udd39 Dinopark-Besuch in Kemer - lebensgro\u00dfe Dinosauriermodelle in Kiefernw\u00e4ldern<br data-start=\"1284\" data-end=\"1287\" \/>Optionaler 1-st\u00fcndiger Bootsausflug ab Kaleici Marina<\/p>\n<h3 data-start=\"1351\" data-end=\"1375\">\ud83d\udcd6 Vollst\u00e4ndige Beschreibung<\/h3>\n<div>Ihr Tag beginnt mit einem komfortablen Transfer von Ihrem Hotel in Antalya und Umgebung. Die Tour konzentriert sich auf die bekanntesten Sehensw\u00fcrdigkeiten von Antalya - die historische Altstadt von Kaleici, die unteren und oberen D\u00fcden-Wasserf\u00e4lle und die Mittelmeerk\u00fcste.<\/div>\n<div>Wenn Sie die Option <strong data-start=\"1653\" data-end=\"1686\">Stadtrundfahrt + Olympos-Seilbahn<\/strong>, Nach dem Fr\u00fchst\u00fcck fahren Sie zum Berg Tahtal\u0131 in Kemer, wo Sie eine spektakul\u00e4re Seilbahnfahrt mit Panoramablick auf das Meer und das Taurusgebirge unternehmen. Sie besuchen auch <strong data-start=\"1837\" data-end=\"1849\">Dinopark<\/strong>, ein lustiger Familienausflug mit lebensgro\u00dfen Dinosaurierfiguren inmitten von Kiefernw\u00e4ldern. Wenn Sie sich f\u00fcr die <strong data-start=\"1942\" data-end=\"1967\">Stadtrundfahrt + Bootsfahrt<\/strong>, Genie\u00dfen Sie eine 1-st\u00fcndige Sightseeing-Kreuzfahrt von der Kaleici Marina aus - eine ideale M\u00f6glichkeit, die K\u00fcstenlandschaft Antalyas vom Meer aus zu bewundern. Nach einem lokalen Mittagessen setzen Sie Ihre Erkundungstour mit Stopps an folgenden Orten fort <strong data-start=\"2152\" data-end=\"2178\">Untere D\u00fcden-Wasserf\u00e4lle<\/strong>, wo die Kaskaden 40 Meter tief ins Meer st\u00fcrzen, und <strong data-start=\"2234\" data-end=\"2260\">Obere D\u00fcden Wasserf\u00e4lle<\/strong>, Sie sind von \u00fcppigem Gr\u00fcn umgeben - ideal f\u00fcr Fotos und zum Entspannen, bevor Sie zu Ihrem Hotel zur\u00fcckkehren.<\/div>\n<h3 data-start=\"2364\" data-end=\"2387\">\ud83d\uddfa\ufe0f Reiseverlauf<\/h3>\n<p data-start=\"2389\" data-end=\"2864\">\ud83d\udd39 Abholung von Hotels in Antalya und Umgebung<br data-start=\"2438\" data-end=\"2441\" \/>Fahrt ins Stadtzentrum von Antalya in einem klimatisierten Bus<br data-start=\"2498\" data-end=\"2501\" \/>\ud83d\udd39 Erkunden Sie die Altstadt von Antalya - Hadrianstor, geriffeltes Minarett, Uhrenturm<br data-start=\"2574\" data-end=\"2577\" \/>\ud83d\udd39 Besuch der Unteren D\u00fcden Wasserf\u00e4lle - 30 Minuten<br data-start=\"2621\" data-end=\"2624\" \/>\ud83d\udd39 Besuch der Oberen D\u00fcden Wasserf\u00e4lle - 45 Minuten<br data-start=\"2668\" data-end=\"2671\" \/>\ud83d\udd39 Olympos-Seilbahn in Kemer - 45 Minuten<br data-start=\"2722\" data-end=\"2725\" \/>\ud83d\udd39 Dinopark-Besuch in Kemer - 1 Stunde<br data-start=\"2769\" data-end=\"2772\" \/>Optionaler 1-st\u00fcndiger Bootsausflug ab Kaleici Marina<br data-start=\"2820\" data-end=\"2823\" \/>\ud83d\udd39 R\u00fccktransfer zu den Hotels in Antalya<\/p>\n<h3 data-start=\"2866\" data-end=\"2892\">\u2139\ufe0f N\u00fctzliche Informationen<\/h3>\n<p data-start=\"2894\" data-end=\"3203\">\ud83d\udd39 Dauer: ca. 8-9 Stunden<br data-start=\"2930\" data-end=\"2933\" \/>\ud83d\udd39 T\u00e4glich verf\u00fcgbar aus der Region Antalya<br data-start=\"2971\" data-end=\"2974\" \/>\ud83d\udd39 Englisch, Deutsch und Russisch sprechende F\u00fchrer<br data-start=\"3021\" data-end=\"3024\" \/>\ud83d\udd39 Kostenlose Stornierung bis zu 24 Stunden vor der Tour<br data-start=\"3075\" data-end=\"3078\" \/>\ud83d\udd39 Moderater Spaziergang in der Altstadt von Kaleici erforderlich<br data-start=\"3126\" data-end=\"3129\" \/>\ud83d\udd39 Zwei Verpackungsoptionen verf\u00fcgbar: <strong data-start=\"3163\" data-end=\"3184\">Seilbahn Olympos<\/strong> oder <strong data-start=\"3188\" data-end=\"3201\">Bootsfahrt<\/strong><\/p>\n<h3>\ud83c\udf92 Was Sie mitbringen sollten<\/h3>\n<p data-start=\"3637\" data-end=\"3769\">\ud83d\udd39 Bequeme Wanderschuhe<br data-start=\"3665\" data-end=\"3668\" \/>\ud83d\udd39 Hut, Sonnenbrille und Sonnenschutzmittel<br data-start=\"3701\" data-end=\"3704\" \/>\ud83d\udd39 Kamera oder Smartphone<br data-start=\"3727\" data-end=\"3730\" \/>\ud83d\udd39 Kleines Bargeld f\u00fcr Souvenirs oder Extras<\/p>\n<h3 data-start=\"3776\" data-end=\"3799\">\ud83d\udeab Nicht geeignet f\u00fcr<\/h3>\n<p data-start=\"3801\" data-end=\"3887\">\ud83d\udd39 G\u00e4ste mit eingeschr\u00e4nkter Mobilit\u00e4t<br data-start=\"3832\" data-end=\"3835\" \/>\ud83d\udd39 G\u00e4ste mit H\u00f6henangst (bei Option Seilbahn)<\/p>\n<h3 data-start=\"3962\" data-end=\"3986\">\ud83d\udcb8 Preis und Buchung<\/h3>\n<p data-start=\"3988\" data-end=\"4111\"><strong>\ud83d\udd39 Jetzt buchen, am Tag der Tour bezahlen<\/strong><br data-start=\"4027\" data-end=\"4030\" \/>Kontaktiere uns per WhatsApp, Telegram, Viber oder f\u00fclle das Buchungsformular unten aus.\ud83d\udc47\ud83c\udffd<\/p>","protected":false},"excerpt":{"rendered":"<p>Buchen Sie die <b>Antalya Stadtrundfahrt<\/b>! Ganzt\u00e4gige Besichtigung: Olympos <b>Seilbahn<\/b>, historisch <b>Kaleici<\/b>, und <b>D\u00fcdener Wasserf\u00e4lle<\/b>. Inklusive Mittagessen und F\u00fchrung.<\/p>","protected":false},"featured_media":15467,"comment_status":"open","ping_status":"closed","template":"","meta":[],"product_brand":[],"product_cat":[125],"product_tag":[107],"class_list":{"0":"post-15555","1":"product","2":"type-product","3":"status-publish","4":"has-post-thumbnail","6":"tour_phys-antalya-tours","7":"product_cat-antalya-tours","8":"product_tag-antalya","9":"pa_destination-antalya-tours","11":"first","12":"instock","13":"sale","14":"featured","15":"shipping-taxable","16":"purchasable","17":"product-type-tour_phys"},"aioseo_notices":[],"_links":{"self":[{"href":"https:\/\/excursionsworld.com\/de\/wp-json\/wp\/v2\/product\/15555","targetHints":{"allow":["GET"]}}],"collection":[{"href":"https:\/\/excursionsworld.com\/de\/wp-json\/wp\/v2\/product"}],"about":[{"href":"https:\/\/excursionsworld.com\/de\/wp-json\/wp\/v2\/types\/product"}],"replies":[{"embeddable":true,"href":"https:\/\/excursionsworld.com\/de\/wp-json\/wp\/v2\/comments?post=15555"}],"wp:featuredmedia":[{"embeddable":true,"href":"https:\/\/excursionsworld.com\/de\/wp-json\/wp\/v2\/media\/15467"}],"wp:attachment":[{"href":"https:\/\/excursionsworld.com\/de\/wp-json\/wp\/v2\/media?parent=15555"}],"wp:term":[{"taxonomy":"product_brand","embeddable":true,"href":"https:\/\/excursionsworld.com\/de\/wp-json\/wp\/v2\/product_brand?post=15555"},{"taxonomy":"product_cat","embeddable":true,"href":"https:\/\/excursionsworld.com\/de\/wp-json\/wp\/v2\/product_cat?post=15555"},{"taxonomy":"product_tag","embeddable":true,"href":"https:\/\/excursionsworld.com\/de\/wp-json\/wp\/v2\/product_tag?post=15555"}],"curies":[{"name":"wp","href":"https:\/\/api.w.org\/{rel}","templated":true}]}}