{"id":15557,"date":"2025-11-02T14:06:59","date_gmt":"2025-11-02T11:06:59","guid":{"rendered":"https:\/\/excursionsworld.com\/?post_type=product&#038;p=15557\/"},"modified":"2025-11-21T19:53:57","modified_gmt":"2025-11-21T16:53:57","slug":"piratenbootstour-belek-gonster","status":"publish","type":"product","link":"https:\/\/excursionsworld.com\/tours\/pirate-boat-tour-gonster-from-belek\/","title":{"rendered":"Piraten-Bootstour ab Belek \u2013 Gonster Piratenschiff All Inclusive"},"content":{"rendered":"<h3 data-start=\"296\" data-end=\"315\"><span style=\"color: #000000;\"><strong>\ud83c\udff4\u200d\u2620\ufe0f \u00dcberblick<\/strong><\/span><\/h3>\n<p data-start=\"317\" data-end=\"604\">Beitritt zum <strong data-start=\"326\" data-end=\"357\">Piratenboot-Tour ab Belek<\/strong> an Bord der ber\u00fchmten <strong data-start=\"376\" data-end=\"392\">Gonsterschiff<\/strong> - ein ganzer Tag voller Spa\u00df, Musik und Schwimmen entlang der t\u00fcrkisfarbenen K\u00fcste von Kemer! Diese Piratenkreuzfahrt bietet lebhafte Unterhaltung, wundersch\u00f6ne Ausblicke auf das Mittelmeer und erfrischende Softdrinks f\u00fcr alle.<\/p>\n<h3 data-start=\"606\" data-end=\"619\"><span style=\"color: #000000;\"><strong>Inbegriffen:<\/strong><\/span><\/h3>\n<p data-start=\"621\" data-end=\"803\"><span style=\"color: #00ff00;\"><strong>\u2713<\/strong><\/span> Abholung vom Hotel und R\u00fccktransport\u00a0<br data-start=\"697\" data-end=\"700\" \/><span style=\"color: #00ff00;\"><strong>\u2713 <\/strong><\/span>Versicherung<br data-start=\"711\" data-end=\"714\" \/><span style=\"color: #00ff00;\"><strong>\u2713 <\/strong><\/span>Professioneller F\u00fchrer<br data-start=\"734\" data-end=\"737\" \/><span style=\"color: #00ff00;\"><strong>\u2713 <\/strong><\/span>Schaumparty und Unterhaltung an Bord<br data-start=\"775\" data-end=\"778\" \/><span style=\"color: #00ff00;\"><strong>\u2713 <\/strong><\/span>Mittagessen<br data-start=\"785\" data-end=\"788\" \/><span style=\"color: #00ff00;\"><strong>\u2713 <\/strong><\/span>Erfrischungsgetr\u00e4nke<\/p>\n<h3 data-start=\"805\" data-end=\"822\"><span style=\"color: #000000;\"><strong>Nicht inbegriffen:<\/strong><\/span><\/h3>\n<p data-start=\"824\" data-end=\"891\"><span style=\"color: #ff0000;\"><strong>\u2717<\/strong> <\/span>Pers\u00f6nliche Ausgaben<br data-start=\"865\" data-end=\"868\" \/><span style=\"color: #ff0000;\"><strong>\u2717<\/strong> <\/span>Alkoholische Getr\u00e4nke<\/p>\n<h3 data-start=\"893\" data-end=\"916\"><span style=\"color: #000000;\"><strong>\ud83c\udf1f H\u00f6hepunkte der Tour<\/strong><\/span><\/h3>\n<p data-start=\"918\" data-end=\"1278\">Segeln auf dem ber\u00fchmten Gonster-Piratenschiff mit Musik und Shows<br data-start=\"980\" data-end=\"983\" \/>\ud83d\udd39 Schwimmen Sie in den sch\u00f6nsten Buchten von Kemer: Phaselis, Paradies und Mondschein<br data-start=\"1056\" data-end=\"1059\" \/>\ud83d\udd39 Besuche die legend\u00e4re Piratenh\u00f6hle und genie\u00dfe Fotopausen<br data-start=\"1114\" data-end=\"1117\" \/>\ud83d\udd39 Genie\u00dfen Sie ein k\u00f6stliches Mittagessen an Bord mit Erfrischungsgetr\u00e4nken<br data-start=\"1168\" data-end=\"1171\" \/>\ud83d\udd39 Tanzen Sie auf der Schaumparty und entspannen Sie auf den gro\u00dfz\u00fcgigen Sonnendecks<br data-start=\"1229\" data-end=\"1232\" \/>\ud83d\udd39 Perfekt f\u00fcr Familien, Paare und Gruppen<\/p>\n<h3 data-start=\"1280\" data-end=\"1304\"><span style=\"color: #000000;\"><strong>\ud83d\udcd6 Vollst\u00e4ndige Beschreibung<\/strong><\/span><\/h3>\n<div data-start=\"1306\" data-end=\"1591\">Abfahren von <strong data-start=\"1319\" data-end=\"1328\">Belek<\/strong> f\u00fcr einen unvergesslichen Tag auf dem <strong data-start=\"1361\" data-end=\"1384\">Gonster Piratenschiff<\/strong>, eine der unterhaltsamsten Meerestouren in Kemer. Nach der Abholung von Ihrem Hotel, genie\u00dfen Sie einen komfortablen Transfer nach <strong data-start=\"1492\" data-end=\"1506\">Hafen Kemer<\/strong>, wo das gro\u00dfe Piratenschiff mit einer freundlichen Besatzung und einer festlichen Atmosph\u00e4re auf Sie wartet. Das Schiff f\u00e4hrt entlang der atemberaubenden K\u00fcste von Kemer und h\u00e4lt an drei der sch\u00f6nsten Buchten zum Schwimmen und Entspannen an:<br data-start=\"1715\" data-end=\"1718\" \/><strong data-start=\"1718\" data-end=\"1734\">Phaselis-Bucht<\/strong> - in der N\u00e4he von antiken Ruinen und Natursch\u00f6nheiten schwimmen. <strong data-start=\"1783\" data-end=\"1799\">Paradiesische Bucht<\/strong> - kristallklares t\u00fcrkisfarbenes Wasser genie\u00dfen.<br data-start=\"1839\" data-end=\"1842\" \/><strong data-start=\"1842\" data-end=\"1859\">Mondscheinbucht<\/strong> - ideal zum Sonnenbaden und f\u00fcr Fotos. Sie kommen auch an der <strong data-start=\"1924\" data-end=\"1939\">Piratenh\u00f6hle<\/strong>, die f\u00fcr ihre dramatischen Klippen und legend\u00e4ren Geschichten bekannt ist. Genie\u00dfen Sie w\u00e4hrend der Kreuzfahrt ein leckeres <strong data-start=\"2027\" data-end=\"2053\">Mittagessen mit Erfrischungsgetr\u00e4nken<\/strong>, Live-Musik und ein <strong data-start=\"2073\" data-end=\"2087\">Schaumparty<\/strong> auf dem R\u00fcckweg. Egal, ob Sie lieber in der Sonne entspannen oder an Deck tanzen, diese Tour garantiert Spa\u00df f\u00fcr alle.<\/div>\n<h3 data-start=\"2204\" data-end=\"2227\"><span style=\"color: #000000;\"><strong>\ud83d\uddfa\ufe0f Reiseverlauf<\/strong><\/span><\/h3>\n<p data-start=\"2229\" data-end=\"2590\">\ud83d\udd39 Abholung von Hotels in Belek, Kadriye, Bo\u011fazkent und Umgebung<br data-start=\"2297\" data-end=\"2300\" \/>\ud83d\udd39 Transfer zum Hafen von Kemer<br data-start=\"2325\" data-end=\"2328\" \/>\ud83d\udd39 Abfahrt vom Hafen Kemer<br data-start=\"2356\" data-end=\"2359\" \/>\ud83d\udd39 Badestopp in der Phaselis-Bucht<br data-start=\"2391\" data-end=\"2394\" \/>\ud83d\udd39 Badestopp an der Moonlight Bay<br data-start=\"2427\" data-end=\"2430\" \/>\ud83d\udd39 Badestopp in der Paradise Bay<br data-start=\"2462\" data-end=\"2465\" \/>\ud83d\udd39 Segel durch die Piratenh\u00f6hle<br data-start=\"2491\" data-end=\"2494\" \/>\ud83d\udd39 Schaumparty und Unterhaltung an Bord<br data-start=\"2533\" data-end=\"2536\" \/>\ud83d\udd39 R\u00fcckkehr zum Hafen von Kemer<br data-start=\"2559\" data-end=\"2562\" \/>\ud83d\udd39 Transfer zur\u00fcck zu den Hotels<\/p>\n<h3 data-start=\"2592\" data-end=\"2618\"><span style=\"color: #000000;\"><strong>\u2139\ufe0f N\u00fctzliche Informationen<\/strong><\/span><\/h3>\n<p data-start=\"2620\" data-end=\"2881\">\ud83d\udd39 Dauer: ca. 7-8 Stunden (einschlie\u00dflich Transfer)<br data-start=\"2677\" data-end=\"2680\" \/>\ud83d\udd39 Englischsprachige Besatzung und F\u00fchrer<br data-start=\"2715\" data-end=\"2718\" \/>\ud83d\udd39 Bequeme, schattige und sonnige Bereiche an Bord<br data-start=\"2765\" data-end=\"2768\" \/>\ud83d\udd39 Geeignet f\u00fcr Familien und alle Altersgruppen<br data-start=\"2811\" data-end=\"2814\" \/>\ud83d\udd39 Kinder unter 5 Jahren fahren kostenlos, teilen sich aber einen Bussitz mit den Eltern<\/p>\n<h3 data-start=\"2883\" data-end=\"2904\"><span style=\"color: #000000;\"><strong>\ud83c\udf92 Was Sie mitbringen sollten<\/strong><\/span><\/h3>\n<p data-start=\"2906\" data-end=\"3045\">\ud83d\udd39 Badeanzug und Handtuch<br data-start=\"2927\" data-end=\"2930\" \/>\ud83d\udd39 Sonnencreme, Sonnenbrille und Hut<br data-start=\"2963\" data-end=\"2966\" \/>\ud83d\udd39 Wasserdichte Handytasche oder Kamera<br data-start=\"3000\" data-end=\"3003\" \/>\ud83d\udd39 Bargeld f\u00fcr Souvenirs und zus\u00e4tzliche Ausgaben<\/p>\n<h3 data-start=\"3047\" data-end=\"3071\"><span style=\"color: #000000;\"><strong>\ud83d\udeab Nicht geeignet f\u00fcr<\/strong><\/span><\/h3>\n<p data-start=\"3073\" data-end=\"3146\">\ud83d\udd39 G\u00e4ste, die zu schwerer Seekrankheit neigen<br data-start=\"3110\" data-end=\"3113\" \/>\ud83d\udd39 Menschen mit eingeschr\u00e4nkter Mobilit\u00e4t<\/p>\n<h3 dir=\"ltr\">\ud83d\udcb8\u00a0<strong>Preis und Buchung<\/strong><\/h3>\n<p dir=\"ltr\"><strong>\ud83d\udd39 Jetzt buchen, am Tag der Tour bezahlen<\/strong><br \/>\nKontaktiere uns \u00fcber WhatsApp, Telegram, Viber oder f\u00fclle das Buchungsformular unten aus. \ud83d\udc47\ud83c\udffc<\/p>","protected":false},"excerpt":{"rendered":"<p>Buchen Sie die <b>Belek Piratenboot Tour<\/b> nach Kemer! Spa\u00df <b>Gonsterschiff-Exkursion<\/b> mit <b>Schaumparty<\/b>, <b>Mittagessen<\/b>, und Schwimmen <b>Reise<\/b> in 3 wundersch\u00f6nen Buchten. <b>Transfer inklusive<\/b>!<\/p>","protected":false},"featured_media":12200,"comment_status":"open","ping_status":"closed","template":"","meta":[],"product_brand":[],"product_cat":[126,130],"product_tag":[120],"class_list":{"0":"post-15557","1":"product","2":"type-product","3":"status-publish","4":"has-post-thumbnail","6":"tour_phys-belek-tours","7":"tour_phys-pirate-boat-tours","8":"product_cat-belek-tours","9":"product_cat-pirate-boat-tours","10":"product_tag-belek","11":"pa_destination-belek-tours","12":"pa_kategori-pirate-boat-tours","14":"first","15":"instock","16":"sale","17":"shipping-taxable","18":"purchasable","19":"product-type-tour_phys"},"aioseo_notices":[],"_links":{"self":[{"href":"https:\/\/excursionsworld.com\/de\/wp-json\/wp\/v2\/product\/15557","targetHints":{"allow":["GET"]}}],"collection":[{"href":"https:\/\/excursionsworld.com\/de\/wp-json\/wp\/v2\/product"}],"about":[{"href":"https:\/\/excursionsworld.com\/de\/wp-json\/wp\/v2\/types\/product"}],"replies":[{"embeddable":true,"href":"https:\/\/excursionsworld.com\/de\/wp-json\/wp\/v2\/comments?post=15557"}],"wp:featuredmedia":[{"embeddable":true,"href":"https:\/\/excursionsworld.com\/de\/wp-json\/wp\/v2\/media\/12200"}],"wp:attachment":[{"href":"https:\/\/excursionsworld.com\/de\/wp-json\/wp\/v2\/media?parent=15557"}],"wp:term":[{"taxonomy":"product_brand","embeddable":true,"href":"https:\/\/excursionsworld.com\/de\/wp-json\/wp\/v2\/product_brand?post=15557"},{"taxonomy":"product_cat","embeddable":true,"href":"https:\/\/excursionsworld.com\/de\/wp-json\/wp\/v2\/product_cat?post=15557"},{"taxonomy":"product_tag","embeddable":true,"href":"https:\/\/excursionsworld.com\/de\/wp-json\/wp\/v2\/product_tag?post=15557"}],"curies":[{"name":"wp","href":"https:\/\/api.w.org\/{rel}","templated":true}]}}