{"id":15558,"date":"2025-11-02T14:08:17","date_gmt":"2025-11-02T11:08:17","guid":{"rendered":"https:\/\/excursionsworld.com\/?post_type=product&#038;p=15558\/"},"modified":"2025-11-21T19:52:02","modified_gmt":"2025-11-21T16:52:02","slug":"porto-genoese-bootstour-belek-blaue-lagune","status":"publish","type":"product","link":"https:\/\/excursionsworld.com\/tours\/porto-genoese-boat-tour-from-belek\/","title":{"rendered":"Porto Genoese Bootstour ab Belek &amp; Blaue Lagune"},"content":{"rendered":"<h3 data-start=\"180\" data-end=\"197\"><span style=\"color: #000000;\"><strong>\u26f5 \u00dcberblick<\/strong><\/span><\/h3>\n<p data-start=\"199\" data-end=\"598\">Begeben Sie sich auf eine unvergessliche Yachtreise ab <strong data-start=\"245\" data-end=\"325\">Belek und umliegende Gebiete (Bo\u011fazkent, Kadriye, Lara, Kundu, Antalya, Konyaalt\u0131)<\/strong> zu den atemberaubenden Buchten von <strong data-start=\"350\" data-end=\"361\">Adrasan<\/strong> - Porto Genoese, Akseki Bay, Pirate Bay, und das Gl\u00fchen <strong data-start=\"419\" data-end=\"442\">Phosphoreszierende H\u00f6hle<\/strong>.<br data-start=\"443\" data-end=\"446\" \/>Genie\u00dfen Sie t\u00fcrkisfarbenes Wasser, ein erfrischendes Lehmbad und ein k\u00f6stliches Mittagessen an Bord einer stilvollen Boutique-Yacht - die perfekte Flucht f\u00fcr Meeres- und Naturliebhaber.<\/p>\n<h3 dir=\"ltr\"><span style=\"color: #000000;\"><strong>Inbegriffen:<\/strong><\/span><\/h3>\n<p dir=\"ltr\"><span style=\"color: #00ff00;\"><strong>\u2713<\/strong><\/span> Abholung vom Hotel und R\u00fccktransport<br \/>\n<span style=\"color: #00ff00;\"><strong>\u2713 <\/strong><\/span>Komfortabler klimatisierter Bus<br \/>\n<span style=\"color: #00ff00;\"><strong>\u2713 <\/strong><\/span>Versicherung<br \/>\n<span style=\"color: #00ff00;\"><strong>\u2713 <\/strong><\/span>Leitfaden<br \/>\n<span style=\"color: #00ff00;\"><strong>\u2713 <\/strong><\/span>Mittagessen und Fr\u00fcchte der Saison<br \/>\n<span style=\"color: #00ff00;\"><strong>\u2713 <\/strong><\/span>Tee an Bord<\/p>\n<h3 dir=\"ltr\"><strong>Nicht inbegriffen:<\/strong><\/h3>\n<p dir=\"ltr\"><span style=\"color: #ff0000;\"><strong>\u2717<\/strong><\/span> Getr\u00e4nke<br \/>\n<span style=\"color: #ff0000;\"><strong>\u2717 <\/strong><\/span>Pers\u00f6nliche Ausgaben<br \/>\n<span style=\"color: #ff0000;\"><strong>\u2717 <\/strong><\/span>Fotos und Videos<\/p>\n<h3 data-start=\"848\" data-end=\"874\">\ud83c\udfdd\ufe0f H\u00f6hepunkte der Tour<\/h3>\n<p data-start=\"876\" data-end=\"1211\">\ud83d\udd39 Schwimmen Sie im t\u00fcrkisfarbenen Wasser des <strong data-start=\"911\" data-end=\"932\">Bucht von Porto Genoese<\/strong><br data-start=\"932\" data-end=\"935\" \/>\ud83d\udd39 Genie\u00dfen Sie Stopps bei <strong data-start=\"953\" data-end=\"967\">Akseki-Bucht<\/strong> und <strong data-start=\"972\" data-end=\"986\">Piratenbucht<\/strong><br data-start=\"986\" data-end=\"989\" \/>\ud83d\udd39 Kreuzfahrt an Bord eines <strong data-start=\"1008\" data-end=\"1034\">stilvolle Boutique-Yacht<\/strong><br data-start=\"1034\" data-end=\"1037\" \/>\ud83d\udd39 Erleben Sie eine <strong data-start=\"1053\" data-end=\"1074\">nat\u00fcrliches Lehmbad<\/strong> auf dem Meer<br data-start=\"1085\" data-end=\"1088\" \/>\ud83d\udd39 Besuchen Sie die <strong data-start=\"1101\" data-end=\"1132\">magische phosphoreszierende H\u00f6hle<\/strong> (je nach Wetterlage)<br data-start=\"1153\" data-end=\"1156\" \/>\ud83d\udd39 Savor a <strong data-start=\"1167\" data-end=\"1194\">leckeres Mittagessen und Tee<\/strong> an Bord serviert<\/p>\n<h3 data-start=\"1213\" data-end=\"1239\">\ud83d\udcdc Vollst\u00e4ndige Beschreibung<\/h3>\n<div>Ihr Abenteuer beginnt mit einem komfortablen Transfer von Ihrem Hotel in <strong data-start=\"1313\" data-end=\"1372\">Belek, Bo\u011fazkent, Kadriye, Lara, Kundu oder nahe gelegene Gebiete<\/strong> zum Hafen von Adrasan. Sobald Sie an Bord der Yacht sind, machen Sie sich bereit f\u00fcr eine unvergessliche Kreuzfahrt entlang der wundersch\u00f6nen Mittelmeerk\u00fcste.<\/div>\n<div><strong data-start=\"1505\" data-end=\"1519\">Akseki-Bucht <\/strong>Der erste Halt ist die Akseki-Bucht, wo Sie etwa 30 Minuten Zeit haben, im kristallklaren Wasser zu schwimmen oder zu schnorcheln. Bitte beachten Sie das Vorkommen von Seeigeln - das Tragen von Wasserschuhen wird empfohlen.<\/div>\n<div><strong data-start=\"1716\" data-end=\"1737\">Bucht von Porto Genoese <\/strong>Anschlie\u00dfend erreichen Sie die weltber\u00fchmte Bucht von Porto Genoese. Hier genie\u00dfen Sie 60 Minuten Schwimmen, ein entspannendes Lehmbad und ein k\u00f6stliches Mittagessen, das an Bord serviert wird, w\u00e4hrend Sie von einer atemberaubenden Landschaft umgeben sind.<\/div>\n<div><strong data-start=\"1942\" data-end=\"1956\">Piratenbucht <\/strong>Nach einer kurzen 25-min\u00fctigen Fahrt erreichen Sie die Piratenbucht, wo Sie weitere 40 Minuten schwimmen, sich entspannen oder auf dem Deck ein Sonnenbad nehmen k\u00f6nnen.<\/div>\n<div><strong data-start=\"2089\" data-end=\"2112\">Phosphoreszierende H\u00f6hle <\/strong>Wenn das Wetter es zul\u00e4sst, besuchen Sie die faszinierende Phosphoreszenzh\u00f6hle, die f\u00fcr ihr leuchtendes Wasser bekannt ist, das einen magischen Lichteffekt erzeugt. Am Ende Ihrer Reise kehrt die Yacht zum Hafen von Adrasan zur\u00fcck, wo Ihr Bus auf Sie wartet, um Sie bequem zu Ihrem Hotel in Belek zur\u00fcckzubringen.<\/div>\n<h3>\u2139\ufe0f N\u00fctzliche Informationen<\/h3>\n<p data-start=\"2428\" data-end=\"2851\">\ud83d\udd39 Die Reiseroute kann sich je nach Wetter- und Seebedingungen \u00e4ndern.<br data-start=\"2495\" data-end=\"2498\" \/>\ud83d\udd39 Einige Haltestellen k\u00f6nnen aus Sicherheitsgr\u00fcnden \u00fcbersprungen werden.<br data-start=\"2545\" data-end=\"2548\" \/>\ud83d\udd39 Dies ist keine spezielle Schnorcheltour, aber Sie k\u00f6nnen Ihre eigene Ausr\u00fcstung mitbringen.<br data-start=\"2623\" data-end=\"2626\" \/>\ud83d\udd39 Rutschfeste Schuhe werden dringend empfohlen<br data-start=\"2668\" data-end=\"2671\" \/>\ud83d\udd39 Kinder unter 5 Jahren, die kostenlos reisen, haben keinen eigenen Sitzplatz im Bus - sie sitzen auf dem Scho\u00df eines Erwachsenen, wenn der Bus voll ist (ein eigener Sitzplatz kann auf Wunsch gebucht werden)<\/p>\n<h3 dir=\"ltr\"><span style=\"color: #000000;\"><strong>\ud83c\udf92 Was Sie mitbringen sollten<\/strong><\/span><\/h3>\n<p dir=\"ltr\">\ud83d\udd39 Badeanzug und Handtuch<br \/>\n\ud83d\udd39 Sonnenbrille und Sonnenschutzmittel<br \/>\n\ud83d\udd39 Hut und Wasserflasche<br \/>\n\ud83d\udd39 Schnorchelausr\u00fcstung (optional)<\/p>\n<h3 dir=\"ltr\"><span style=\"color: #000000;\"><strong>\ud83d\udeab Nicht geeignet f\u00fcr<\/strong><\/span><\/h3>\n<p dir=\"ltr\">\ud83d\udd39 Menschen mit eingeschr\u00e4nkter Mobilit\u00e4t<br \/>\n\ud83d\udd39 Menschen, die zur Seekrankheit neigen<\/p>\n<h3 dir=\"ltr\"><span style=\"color: #000000;\"><strong>\ud83d\udcb8 Preis und Buchung<\/strong><\/span><\/h3>\n<p dir=\"ltr\"><strong>\ud83d\udd39 Jetzt buchen, am Tag der Tour bezahlen<\/strong><br \/>\nKontaktiere uns \u00fcber WhatsApp, Telegram, Viber oder f\u00fclle das Buchungsformular unten aus. \ud83d\udc47\ud83c\udffc<\/p>","protected":false},"excerpt":{"rendered":"<p>Buchen Sie die <b>Belek Adrasan Yacht Tour<\/b>! Yachttour nach <b>Porto Genoese<\/b> &amp; Piratenbucht. Schwimmen, genie\u00dfen Sie eine nat\u00fcrliche <b>Lehmbad<\/b>, und besuchen Sie die Phosphoreszenz-H\u00f6hle. Mittagessen inklusive.<\/p>","protected":false},"featured_media":12442,"comment_status":"open","ping_status":"closed","template":"","meta":[],"product_brand":[],"product_cat":[126],"product_tag":[120],"class_list":{"0":"post-15558","1":"product","2":"type-product","3":"status-publish","4":"has-post-thumbnail","6":"tour_phys-belek-tours","7":"tour_phys-boat-tours","8":"product_cat-belek-tours","9":"product_tag-belek","10":"pa_destination-belek-tours","11":"pa_kategori-boat-tours","13":"first","14":"instock","15":"sale","16":"shipping-taxable","17":"purchasable","18":"product-type-tour_phys"},"aioseo_notices":[],"_links":{"self":[{"href":"https:\/\/excursionsworld.com\/de\/wp-json\/wp\/v2\/product\/15558","targetHints":{"allow":["GET"]}}],"collection":[{"href":"https:\/\/excursionsworld.com\/de\/wp-json\/wp\/v2\/product"}],"about":[{"href":"https:\/\/excursionsworld.com\/de\/wp-json\/wp\/v2\/types\/product"}],"replies":[{"embeddable":true,"href":"https:\/\/excursionsworld.com\/de\/wp-json\/wp\/v2\/comments?post=15558"}],"wp:featuredmedia":[{"embeddable":true,"href":"https:\/\/excursionsworld.com\/de\/wp-json\/wp\/v2\/media\/12442"}],"wp:attachment":[{"href":"https:\/\/excursionsworld.com\/de\/wp-json\/wp\/v2\/media?parent=15558"}],"wp:term":[{"taxonomy":"product_brand","embeddable":true,"href":"https:\/\/excursionsworld.com\/de\/wp-json\/wp\/v2\/product_brand?post=15558"},{"taxonomy":"product_cat","embeddable":true,"href":"https:\/\/excursionsworld.com\/de\/wp-json\/wp\/v2\/product_cat?post=15558"},{"taxonomy":"product_tag","embeddable":true,"href":"https:\/\/excursionsworld.com\/de\/wp-json\/wp\/v2\/product_tag?post=15558"}],"curies":[{"name":"wp","href":"https:\/\/api.w.org\/{rel}","templated":true}]}}