{"id":15559,"date":"2025-11-02T14:09:27","date_gmt":"2025-11-02T11:09:27","guid":{"rendered":"https:\/\/excursionsworld.com\/?post_type=product&#038;p=15559\/"},"modified":"2026-02-25T12:19:38","modified_gmt":"2026-02-25T09:19:38","slug":"suluada-insel-boot-belek","status":"publish","type":"product","link":"https:\/\/excursionsworld.com\/tours\/suluada-island-boat-trip-from-belek\/","title":{"rendered":"Suluada Insel Bootstour ab Belek \u2013 T\u00fcrkische Malediven"},"content":{"rendered":"<h3><span style=\"color: #000000;\"><strong>\ud83c\udfdd\ufe0f \u00dcberblick<\/strong><\/span><\/h3>\n<p data-start=\"232\" data-end=\"544\">Begeben Sie sich auf eine unvergessliche <strong data-start=\"259\" data-end=\"293\">Suluada Insel Tour von Belek<\/strong>, bekannt als die <em data-start=\"308\" data-end=\"328\">\u201cT\u00fcrkische Malediven\u201d<\/em> f\u00fcr seine wei\u00dfen Sandstr\u00e4nde und das kristallklare t\u00fcrkisfarbene Wasser. Genie\u00dfen Sie drei Badestopps, ein k\u00f6stliches BBQ-Mittagessen und einen atemberaubenden Blick auf das Mittelmeer - ein perfekter Ausflug f\u00fcr Familien, Paare und Naturliebhaber!<\/p>\n<h3 data-start=\"546\" data-end=\"563\">\u00a0<span style=\"color: #000000;\"><strong>Inbegriffen:<\/strong><\/span><\/h3>\n<p data-start=\"565\" data-end=\"729\"><span style=\"color: #00ff00;\"><strong>\u2713<\/strong> <\/span>Abholung vom Hotel und R\u00fccktransport\u00a0<br data-start=\"638\" data-end=\"641\" \/><span style=\"color: #00ff00;\"><strong>\u2713<\/strong> <\/span>Versicherung<br data-start=\"652\" data-end=\"655\" \/><span style=\"color: #00ff00;\"><strong>\u2713<\/strong> <\/span>Professioneller F\u00fchrer<br data-start=\"675\" data-end=\"678\" \/><span style=\"color: #00ff00;\"><strong>\u2713<\/strong> <\/span>Mittagessen und frisches Obst der Saison<br data-start=\"711\" data-end=\"714\" \/><span style=\"color: #00ff00;\"><strong>\u2713<\/strong> <\/span>Tee an Bord<\/p>\n<h3 data-start=\"731\" data-end=\"752\"><span style=\"color: #000000;\"><strong>\u00a0Nicht inbegriffen:<\/strong><\/span><\/h3>\n<p data-start=\"754\" data-end=\"808\"><span style=\"color: #ff0000;\"><strong>\u2717<\/strong> <\/span>Getr\u00e4nke<br data-start=\"762\" data-end=\"765\" \/><span style=\"color: #ff0000;\"><strong>\u2717<\/strong> <\/span>Pers\u00f6nliche Ausgaben<br data-start=\"784\" data-end=\"787\" \/><span style=\"color: #ff0000;\"><strong>\u2717<\/strong> <\/span>Fotos und Videos<\/p>\n<h3 data-start=\"810\" data-end=\"835\"><span style=\"color: #000000;\"><strong>\ud83c\udf1f H\u00f6hepunkte der Tour<\/strong><\/span><\/h3>\n<p data-start=\"837\" data-end=\"1276\">\ud83d\udd39 Entdecken Sie die versteckten Buchten und unber\u00fchrten Str\u00e4nde von <strong data-start=\"889\" data-end=\"907\">Insel Suluada<\/strong><br data-start=\"907\" data-end=\"910\" \/>\ud83d\udd39 Schwimmen in <strong data-start=\"921\" data-end=\"937\">Malediven-Bucht<\/strong> - weicher wei\u00dfer Sand und t\u00fcrkisfarbenes Wasser<br data-start=\"977\" data-end=\"980\" \/>\ud83d\udd39 Machen Sie unvergessliche Fotos auf der <strong data-start=\"1012\" data-end=\"1025\">Liebesh\u00f6hle<\/strong><br data-start=\"1025\" data-end=\"1028\" \/>\ud83d\udd39 Genie\u00dfen Sie einen <strong data-start=\"1039\" data-end=\"1052\">BBQ-Mittagessen<\/strong> mit Huhn, Fisch und t\u00fcrkischen Meze<br data-start=\"1089\" data-end=\"1092\" \/>\ud83d\udd39 Entspannen und sonnen Sie sich bei drei Badepausen<br data-start=\"1142\" data-end=\"1145\" \/>\ud83d\udd39 Bewundern Sie die <strong data-start=\"1159\" data-end=\"1179\">Taurusgebirge<\/strong> und malerische Ausblicke auf die K\u00fcste<br data-start=\"1206\" data-end=\"1209\" \/>\ud83d\udd39 W\u00e4hlen Sie zwischen <strong data-start=\"1227\" data-end=\"1242\">Kleingruppen<\/strong> oder <strong data-start=\"1246\" data-end=\"1261\">Gro\u00dfgruppe<\/strong> Tour-Optionen<\/p>\n<h3 data-start=\"1278\" data-end=\"1304\"><span style=\"color: #000000;\"><strong>\ud83d\udcd6 Vollst\u00e4ndige Beschreibung<\/strong><\/span><\/h3>\n<div>Ihr Abenteuer beginnt mit einem komfortablen <strong data-start=\"1347\" data-end=\"1396\">Abholung vom Hotel in Belek und Umgebung<\/strong> (Bo\u011fazkent, Kadriye, Lara, Kundu, Antalya). Sie reisen in einem klimatisierten Bus nach <strong data-start=\"1484\" data-end=\"1500\">Hafen Adrasan<\/strong>, wo Ihr Boot auf Sie wartet.<\/div>\n<div>An Bord des Katamarans beginnt die Reise entlang der atemberaubenden S\u00fcdk\u00fcste der T\u00fcrkei - mit atemberaubenden Ausblicken auf Klippen, Pinienw\u00e4lder und t\u00fcrkisfarbene Buchten.<\/div>\n<div><strong data-start=\"1692\" data-end=\"1708\">Malediven-Bucht<\/strong><br data-start=\"1708\" data-end=\"1711\" \/>Ihr erster Halt ist die Bucht der Malediven - ber\u00fchmt f\u00fcr ihren wei\u00dfen Sandstrand und das kristallklare Wasser, das zum Schwimmen und Schnorcheln einl\u00e4dt.<\/div>\n<div><strong data-start=\"1847\" data-end=\"1876\">Versteckte Str\u00e4nde von Suluada<\/strong><br data-start=\"1876\" data-end=\"1879\" \/>Danach ankert die Yacht in der N\u00e4he der versteckten Buchten von Suluada - ideal zum Entspannen, Schwimmen oder Sonnenbaden auf dem Deck.<\/div>\n<div><strong data-start=\"1998\" data-end=\"2011\">Liebesh\u00f6hle<\/strong><br data-start=\"2011\" data-end=\"2014\" \/>Die letzte Station ist die bezaubernde Liebesh\u00f6hle, wo Sie in ruhigem Wasser schwimmen und in diesem Naturwunder atemberaubende Fotos machen k\u00f6nnen.<\/div>\n<div>Eine frisch zubereitete <strong data-start=\"2166\" data-end=\"2179\">BBQ-Mittagessen<\/strong> mit Fisch, Huhn, Pasta und Meze wird an Bord serviert. Nach dem Mittagessen k\u00f6nnen Sie sich bei einer Tasse Tee entspannen, w\u00e4hrend Sie zum Hafen von Adrasan zur\u00fccksegeln.<br data-start=\"2305\" data-end=\"2308\" \/>Am Ende des Tages genie\u00dfen Sie einen bequemen Transfer zur\u00fcck zu Ihrem Hotel in Belek.<\/div>\n<h3 data-start=\"2399\" data-end=\"2424\"><span style=\"color: #000000;\"><strong>\ud83d\uddfa\ufe0f Reiseverlauf<\/strong><\/span><\/h3>\n<p data-start=\"2426\" data-end=\"2774\">\ud83d\udd39 Abholung von Hotels in Belek und Umgebung<br data-start=\"2473\" data-end=\"2476\" \/>\ud83d\udd39 Transfer zum Hafen von Adrasan<br data-start=\"2503\" data-end=\"2506\" \/>\ud83d\udd39 Abfahrt mit der Yacht oder dem Katamaran<br data-start=\"2540\" data-end=\"2543\" \/>\ud83d\udd39 Schwimmstopp bei <strong data-start=\"2563\" data-end=\"2579\">Malediven-Bucht<\/strong><br data-start=\"2579\" data-end=\"2582\" \/>\ud83d\udd39 Schwimmen bei <strong data-start=\"2597\" data-end=\"2625\">Die versteckten Str\u00e4nde von Suluada<\/strong><br data-start=\"2625\" data-end=\"2628\" \/>\ud83d\udd39 Halt an der <strong data-start=\"2643\" data-end=\"2656\">Liebesh\u00f6hle<\/strong> f\u00fcr Fotos und zum Schwimmen<br data-start=\"2680\" data-end=\"2683\" \/>BBQ-Mittagessen und Tee an Bord<br data-start=\"2711\" data-end=\"2714\" \/>\ud83d\udd39 R\u00fcckkehr zum Hafen von Adrasan<br data-start=\"2739\" data-end=\"2742\" \/>\ud83d\udd39 Transfer zur\u00fcck zu Ihrem Hotel<\/p>\n<h3 data-start=\"2776\" data-end=\"2804\"><span style=\"color: #000000;\"><strong>\u2139\ufe0f N\u00fctzliche Informationen<\/strong><\/span><\/h3>\n<p data-start=\"2806\" data-end=\"3142\">\ud83d\udd39 Dauer: ca. 8 Stunden (ganzt\u00e4gig)<br data-start=\"2851\" data-end=\"2854\" \/>\ud83d\udd39 Die Reiseroute kann sich aufgrund von Wetter- oder Seebedingungen \u00e4ndern.<br data-start=\"2910\" data-end=\"2913\" \/>\ud83d\udd39 M\u00e4\u00dfiges Schwimmen\/Gehen erforderlich<br data-start=\"2950\" data-end=\"2953\" \/>\ud83d\udd39 Dies ist keine spezielle Schnorcheltour, aber Sie k\u00f6nnen Ihre eigene Ausr\u00fcstung mitbringen.<br data-start=\"3028\" data-end=\"3031\" \/>\ud83d\udd39 Kinder unter 6 Jahren, die kostenlos reisen, haben keinen eigenen Sitzplatz im Bus (kann auf Anfrage gebucht werden)<\/p>\n<h3 data-start=\"3144\" data-end=\"3167\"><span style=\"color: #000000;\"><strong>\ud83c\udf92 Was Sie mitbringen sollten<\/strong><\/span><\/h3>\n<p data-start=\"3169\" data-end=\"3333\">\ud83d\udd39 Badeanzug und Handtuch<br data-start=\"3190\" data-end=\"3193\" \/>\ud83d\udd39 Hut, Sonnenbrille und Sonnenschutzmittel<br data-start=\"3226\" data-end=\"3229\" \/>\ud83d\udd39 Wasserdichte Kamera oder Smartphone<br data-start=\"3263\" data-end=\"3266\" \/>\ud83d\udd39 Rutschfeste Schuhe oder Sandalen<br data-start=\"3294\" data-end=\"3297\" \/>\ud83d\udd39 Etwas Bargeld f\u00fcr pers\u00f6nliche Ausgaben<\/p>\n<h3 data-start=\"3442\" data-end=\"3468\"><span style=\"color: #000000;\"><strong>\ud83d\udeab Nicht geeignet f\u00fcr<\/strong><\/span><\/h3>\n<p data-start=\"3470\" data-end=\"3563\">\ud83d\udd39 Menschen mit eingeschr\u00e4nkter Mobilit\u00e4t<br data-start=\"3501\" data-end=\"3504\" \/>\ud83d\udd39 G\u00e4ste mit schwerer Reisekrankheit oder Herzproblemen<\/p>\n<h3 data-start=\"3565\" data-end=\"3592\"><span style=\"color: #000000;\"><strong>\ud83d\udcb8 Preis und Buchung<\/strong><\/span><\/h3>\n<p data-start=\"3594\" data-end=\"3729\">\ud83d\udd39 <strong data-start=\"3597\" data-end=\"3638\">Jetzt buchen - am Tag der Tour bezahlen<\/strong><br data-start=\"3638\" data-end=\"3641\" \/>\ud83d\udd39 Kontaktieren Sie uns \u00fcber <strong>WhatsApp<\/strong>, Telegram, Viber, oder f\u00fcllen Sie das Buchungsformular unten aus. \ud83d\udc47\ud83c\udffc<\/p>","protected":false},"excerpt":{"rendered":"<p>Buchen Sie die <b>Suluada Bootsfahrt <\/b>von <b>Belek<\/b>! Entdecken Sie die <b>\u201cT\u00fcrkische Malediven\u201d<\/b> mit einer ganzt\u00e4gigen Kreuzfahrt, Schwimmen in kristallklarem Wasser. Mittagessen und Transfer inklusive.<\/p>","protected":false},"featured_media":12423,"comment_status":"open","ping_status":"closed","template":"","meta":[],"product_brand":[],"product_cat":[126],"product_tag":[120],"class_list":{"0":"post-15559","1":"product","2":"type-product","3":"status-publish","4":"has-post-thumbnail","6":"tour_phys-belek-tours","7":"tour_phys-boat-tours","8":"product_cat-belek-tours","9":"product_tag-belek","10":"pa_destination-belek-tours","11":"pa_kategori-boat-tours","13":"first","14":"instock","15":"sale","16":"shipping-taxable","17":"purchasable","18":"product-type-tour_phys"},"aioseo_notices":[],"_links":{"self":[{"href":"https:\/\/excursionsworld.com\/de\/wp-json\/wp\/v2\/product\/15559","targetHints":{"allow":["GET"]}}],"collection":[{"href":"https:\/\/excursionsworld.com\/de\/wp-json\/wp\/v2\/product"}],"about":[{"href":"https:\/\/excursionsworld.com\/de\/wp-json\/wp\/v2\/types\/product"}],"replies":[{"embeddable":true,"href":"https:\/\/excursionsworld.com\/de\/wp-json\/wp\/v2\/comments?post=15559"}],"wp:featuredmedia":[{"embeddable":true,"href":"https:\/\/excursionsworld.com\/de\/wp-json\/wp\/v2\/media\/12423"}],"wp:attachment":[{"href":"https:\/\/excursionsworld.com\/de\/wp-json\/wp\/v2\/media?parent=15559"}],"wp:term":[{"taxonomy":"product_brand","embeddable":true,"href":"https:\/\/excursionsworld.com\/de\/wp-json\/wp\/v2\/product_brand?post=15559"},{"taxonomy":"product_cat","embeddable":true,"href":"https:\/\/excursionsworld.com\/de\/wp-json\/wp\/v2\/product_cat?post=15559"},{"taxonomy":"product_tag","embeddable":true,"href":"https:\/\/excursionsworld.com\/de\/wp-json\/wp\/v2\/product_tag?post=15559"}],"curies":[{"name":"wp","href":"https:\/\/api.w.org\/{rel}","templated":true}]}}