{"id":15560,"date":"2025-11-02T14:10:52","date_gmt":"2025-11-02T11:10:52","guid":{"rendered":"https:\/\/excursionsworld.com\/?post_type=product&#038;p=15560\/"},"modified":"2026-01-06T21:31:33","modified_gmt":"2026-01-06T18:31:33","slug":"antalya-stadtrundfahrt-altstadt-belek","status":"publish","type":"product","link":"https:\/\/excursionsworld.com\/tours\/antalya-city-tour-from-belek\/","title":{"rendered":"Antalya Stadtrundfahrt ab Belek \u2013 Altstadt, Wasserf\u00e4lle &amp; Bootstour"},"content":{"rendered":"<h3 data-start=\"217\" data-end=\"235\">\u2600\ufe0f \u00dcberblick<\/h3>\n<p data-start=\"236\" data-end=\"592\">Entdecken Sie die Sch\u00f6nheit und den Charme der <strong data-start=\"269\" data-end=\"280\">Antalya<\/strong> auf einer eint\u00e4gigen Tour von <strong data-start=\"304\" data-end=\"313\">Belek<\/strong> und die umliegenden Gebiete. Diese actiongeladene Tour beinhaltet eine Bootsfahrt, Besuche der atemberaubenden <strong data-start=\"406\" data-end=\"426\">D\u00fcdener Wasserf\u00e4lle<\/strong>, ein t\u00fcrkisches Mittagessen und einen Spaziergang durch das historische <strong data-start=\"479\" data-end=\"501\">Altstadt (Kalei\u00e7i)<\/strong>. Der Transfer von den Hotels in Belek, Kadriye, Kundu, Lara und Bo\u011fazkent ist inbegriffen.<\/p>\n<h3 data-start=\"594\" data-end=\"609\">Inbegriffen:<\/h3>\n<p data-start=\"610\" data-end=\"863\"><span style=\"color: #00ff00;\"><strong>\u2713<\/strong> <\/span>Abholung vom Hotel und R\u00fccktransport<br data-start=\"637\" data-end=\"640\" \/><span style=\"color: #00ff00;\"><strong>\u2713<\/strong> <\/span>Eintrittsgelder f\u00fcr die D\u00fcdener Wasserf\u00e4lle (Obere und Untere)<br data-start=\"693\" data-end=\"696\" \/><span style=\"color: #00ff00;\"><strong>\u2713<\/strong> <\/span>Komfortabler klimatisierter Bus<br data-start=\"729\" data-end=\"732\" \/><span style=\"color: #00ff00;\"><strong>\u2713<\/strong> <\/span>Professioneller englischsprachiger F\u00fchrer<br data-start=\"769\" data-end=\"772\" \/><span style=\"color: #00ff00;\"><strong>\u2713<\/strong> <\/span>Mittagessen in einem lokalen Restaurant<br data-start=\"801\" data-end=\"804\" \/><span style=\"color: #00ff00;\"><strong>\u2713<\/strong> <\/span>Vollversicherung<\/p>\n<h3 data-start=\"865\" data-end=\"884\">Nicht inbegriffen:<\/h3>\n<p data-start=\"885\" data-end=\"975\"><span style=\"color: #ff0000;\"><strong>\u2717<\/strong> <\/span>Bootsfahrt (fakultativ)<br data-start=\"923\" data-end=\"926\" \/><span style=\"color: #ff0000;\"><strong>\u2717<\/strong> <\/span>Getr\u00e4nke<\/p>\n<h3 data-start=\"977\" data-end=\"1002\">\ud83c\udf1f H\u00f6hepunkte der Tour<\/h3>\n<p data-start=\"1003\" data-end=\"1329\">\ud83d\udd39 Bewundern Sie den Unteren D\u00fcden-Wasserfall, der 40 Meter tief ins Meer st\u00fcrzt<br data-start=\"1072\" data-end=\"1075\" \/>\ud83d\udd39 Spaziergang durch die Altstadt (Kalei\u00e7i): Hadrianstor, Yivli-Minarett, Uhrenturm<br data-start=\"1159\" data-end=\"1162\" \/>\ud83d\udd39 Entspannen Sie sich auf einer einst\u00fcndigen Bootsfahrt vom alten Hafen von Antalya aus<br data-start=\"1218\" data-end=\"1221\" \/>\ud83d\udd39 Genie\u00dfen Sie das Gr\u00fcn und die K\u00fchle des Oberen D\u00fcdenwasserfalls<br data-start=\"1284\" data-end=\"1287\" \/>\ud83d\udd39 Besuch einer \u00f6rtlichen Silberschmuckwerkstatt<\/p>\n<h3 data-start=\"1331\" data-end=\"1357\">\ud83d\udcdd Vollst\u00e4ndige Beschreibung<\/h3>\n<div data-start=\"1358\" data-end=\"1552\">Beginnen Sie Ihren Tag mit der Abholung von Ihrem Hotel in <strong data-start=\"1404\" data-end=\"1429\">Belek oder nahe gelegene Gebiete<\/strong>. Beginnen Sie mit einem Rundgang <strong data-start=\"1457\" data-end=\"1468\">Kalei\u00e7i<\/strong>, Die Altstadt von Antalya, das Hadrianstor, die Stra\u00dfen, Moscheen und lokalen Gesch\u00e4fte. Genie\u00dfen Sie eine einst\u00fcndige <strong data-start=\"1571\" data-end=\"1584\">Bootsfahrt<\/strong> entlang der Mittelmeerk\u00fcste (fakultativ), dann genie\u00dfen Sie ein traditionelles t\u00fcrkisches Mittagessen in einem lokalen Restaurant. Weiter geht es mit Besuchen in <strong data-start=\"1713\" data-end=\"1749\">Unterer und Oberer D\u00fcdenwasserfall<\/strong>, und enden bei einem <strong data-start=\"1767\" data-end=\"1794\">Werkstatt f\u00fcr Silberschmuck<\/strong>. Kehren Sie mit unvergesslichen Erinnerungen in Ihr Hotel zur\u00fcck.<\/div>\n<h3 data-start=\"1895\" data-end=\"1919\">\ud83d\udccd Reiseroute<\/h3>\n<p data-start=\"1920\" data-end=\"2193\">\ud83d\udd39 Abholung vom Hotel<br data-start=\"1940\" data-end=\"1943\" \/>\ud83d\udd39 Spaziergang durch die Altstadt (Kalei\u00e7i)<br data-start=\"1981\" data-end=\"1984\" \/>Bootsfahrt vom alten Hafen (1 Stunde, optional)<br data-start=\"2033\" data-end=\"2036\" \/>\ud83d\udd39 Mittagessen in einem lokalen Restaurant<br data-start=\"2066\" data-end=\"2069\" \/>\ud83d\udd39 Besuch des Unteren D\u00fcden Wasserfalls<br data-start=\"2102\" data-end=\"2105\" \/>\ud83d\udd39 Besuch des Oberen D\u00fcdenwasserfalls<br data-start=\"2138\" data-end=\"2141\" \/>\ud83d\udd39 Halt in einer Schmuckwerkstatt<br data-start=\"2170\" data-end=\"2173\" \/>\ud83d\udd39 R\u00fcckkehr zum Hotel<\/p>\n<h3 data-start=\"2195\" data-end=\"2223\">\u2139\ufe0f N\u00fctzliche Informationen<\/h3>\n<p data-start=\"2224\" data-end=\"2576\">\ud83d\udd39 Die Bootsfahrt kann aufgrund der Wetterbedingungen abgesagt oder ge\u00e4ndert werden.<br data-start=\"2294\" data-end=\"2297\" \/>\ud83d\udd39 Die Reiseroute kann sich \u00e4ndern, um das Reiseerlebnis zu verbessern<br data-start=\"2355\" data-end=\"2358\" \/>\ud83d\udd39 Dies ist eine Besichtigungstour; Schwimmen ist nicht inbegriffen<br data-start=\"2413\" data-end=\"2416\" \/>\ud83d\udd39 Kinder unter 5 Jahren, die kostenlos mitfahren, haben keinen eigenen Sitzplatz im Bus. Wenn der Bus voll ist, sitzen sie auf dem Scho\u00df eines Erwachsenen oder es kann ein eigener Sitzplatz gebucht werden<\/p>\n<h3 data-start=\"2578\" data-end=\"2601\">\ud83c\udf92 Was Sie mitbringen sollten<\/h3>\n<p data-start=\"2602\" data-end=\"2745\">\ud83d\udd39 Bequeme Wanderschuhe<br data-start=\"2630\" data-end=\"2633\" \/>\ud83d\udd39 Sonnenbrillen und Kopfbedeckungen<br data-start=\"2659\" data-end=\"2662\" \/>\ud83d\udd39 Sonnenschutzmittel<br data-start=\"2674\" data-end=\"2677\" \/>\ud83d\udd39 Kamera oder Smartphone<br data-start=\"2700\" data-end=\"2703\" \/>\ud83d\udd39 Bargeld f\u00fcr Getr\u00e4nke und pers\u00f6nliche Ausgaben<\/p>\n<h3 data-start=\"2747\" data-end=\"2773\">\ud83d\udeab Nicht geeignet f\u00fcr<\/h3>\n<p data-start=\"2774\" data-end=\"2829\">\ud83d\udd39 Rollstuhlfahrer<br data-start=\"2793\" data-end=\"2796\" \/>\ud83d\udd39 Menschen mit eingeschr\u00e4nkter Mobilit\u00e4t<\/p>\n<h3 data-start=\"2831\" data-end=\"2858\">\ud83d\udcb8 Preis und Buchung<\/h3>\n<p data-start=\"2859\" data-end=\"2995\"><strong>\ud83d\udd39 Jetzt buchen, am Tag der Tour bezahlen<\/strong><br data-start=\"2898\" data-end=\"2901\" \/>\ud83d\udd39 Kontaktieren Sie uns \u00fcber <strong data-start=\"2919\" data-end=\"2931\">WhatsApp<\/strong>, <strong data-start=\"2933\" data-end=\"2945\">Telegramm<\/strong>, <strong data-start=\"2947\" data-end=\"2956\">Viber<\/strong>, oder f\u00fcllen Sie das untenstehende Buchungsformular aus. \ud83d\udc47\ud83c\udffc<\/p>","protected":false},"excerpt":{"rendered":"<p>Buchen Sie die <b>Antalya Stadtrundfahrt von Belek<\/b>! Sehen Sie die D\u00fcden-Wasserf\u00e4lle und das historische Kalei\u00e7i. Ganzt\u00e4gig <b>Ausflug<\/b> mit <b>Bootsfahrt<\/b>, Mittagessen, und bequem <b>Tagesausflug<\/b>.<\/p>","protected":false},"featured_media":15466,"comment_status":"open","ping_status":"closed","template":"","meta":[],"product_brand":[],"product_cat":[126],"product_tag":[120],"class_list":{"0":"post-15560","1":"product","2":"type-product","3":"status-publish","4":"has-post-thumbnail","6":"tour_phys-belek-tours","7":"product_cat-belek-tours","8":"product_tag-belek","9":"pa_destination-belek-tours","11":"first","12":"instock","13":"sale","14":"shipping-taxable","15":"purchasable","16":"product-type-tour_phys"},"aioseo_notices":[],"_links":{"self":[{"href":"https:\/\/excursionsworld.com\/de\/wp-json\/wp\/v2\/product\/15560","targetHints":{"allow":["GET"]}}],"collection":[{"href":"https:\/\/excursionsworld.com\/de\/wp-json\/wp\/v2\/product"}],"about":[{"href":"https:\/\/excursionsworld.com\/de\/wp-json\/wp\/v2\/types\/product"}],"replies":[{"embeddable":true,"href":"https:\/\/excursionsworld.com\/de\/wp-json\/wp\/v2\/comments?post=15560"}],"wp:featuredmedia":[{"embeddable":true,"href":"https:\/\/excursionsworld.com\/de\/wp-json\/wp\/v2\/media\/15466"}],"wp:attachment":[{"href":"https:\/\/excursionsworld.com\/de\/wp-json\/wp\/v2\/media?parent=15560"}],"wp:term":[{"taxonomy":"product_brand","embeddable":true,"href":"https:\/\/excursionsworld.com\/de\/wp-json\/wp\/v2\/product_brand?post=15560"},{"taxonomy":"product_cat","embeddable":true,"href":"https:\/\/excursionsworld.com\/de\/wp-json\/wp\/v2\/product_cat?post=15560"},{"taxonomy":"product_tag","embeddable":true,"href":"https:\/\/excursionsworld.com\/de\/wp-json\/wp\/v2\/product_tag?post=15560"}],"curies":[{"name":"wp","href":"https:\/\/api.w.org\/{rel}","templated":true}]}}