{"id":15562,"date":"2025-11-02T14:16:22","date_gmt":"2025-11-02T11:16:22","guid":{"rendered":"https:\/\/excursionsworld.com\/?post_type=product&#038;p=15562\/"},"modified":"2026-04-03T12:16:23","modified_gmt":"2026-04-03T09:16:23","slug":"antalya-stadtrundfahrt-olympos-seilbahn-belek","status":"publish","type":"product","link":"https:\/\/excursionsworld.com\/tours\/antalya-city-tour-olympos-cable-car-belek\/","title":{"rendered":"Antalya Stadtrundfahrt ab Belek \u2013 Kemer &amp; Olympos Seilbahn"},"content":{"rendered":"<h3 data-start=\"248\" data-end=\"265\"><span style=\"color: #000000;\"><strong>\ud83c\udfd9\ufe0f \u00dcberblick<\/strong><\/span><\/h3>\n<p data-start=\"266\" data-end=\"595\">Erleben Sie das Beste von Antalya bei einer ganzt\u00e4gigen gef\u00fchrten Stadtrundfahrt ab Belek. Erkunden Sie die Altstadt von Antalya, spazieren Sie durch die alten Stadttore und genie\u00dfen Sie den atemberaubenden Blick auf das Mittelmeer. Besuchen Sie die Unteren und Oberen D\u00fcden-Wasserf\u00e4lle und entscheiden Sie sich f\u00fcr ein optionales Erlebnis: eine Bootsfahrt von der Kaleici Marina oder die Olympos-Seilbahn in Kemer.<\/p>\n<h3 data-start=\"597\" data-end=\"616\"><strong data-start=\"602\" data-end=\"614\">Inbegriffen:<\/strong><\/h3>\n<p data-start=\"617\" data-end=\"829\"><span style=\"color: #00ff00;\"><strong>\u2713<\/strong> <\/span>Abholung vom Hotel und R\u00fccktransport<br data-start=\"677\" data-end=\"680\" \/><span style=\"color: #00ff00;\"><strong>\u2713 <\/strong><\/span>D\u00fcdener Wasserf\u00e4lle\u00a0<br data-start=\"733\" data-end=\"736\" \/><span style=\"color: #00ff00;\"><strong>\u2713<\/strong> <\/span>Seilbahn Olympos\u00a0<br data-start=\"766\" data-end=\"769\" \/><span style=\"color: #00ff00;\"><strong>\u2713<\/strong> <\/span>Professioneller lizenzierter F\u00fchrer<br data-start=\"798\" data-end=\"801\" \/><span style=\"color: #00ff00;\"><strong>\u2713<\/strong> <\/span>Vollversicherung<br data-start=\"817\" data-end=\"820\" \/><span style=\"color: #00ff00;\"><strong>\u2713<\/strong> <\/span>Mittagessen<\/p>\n<h3 data-start=\"831\" data-end=\"854\"><strong data-start=\"836\" data-end=\"852\">Nicht inbegriffen:<\/strong><\/h3>\n<p data-start=\"855\" data-end=\"922\"><span style=\"color: #ff0000;\"><strong>\u2717<\/strong> <\/span>Bootsfahrt (fakultativ)<br data-start=\"887\" data-end=\"890\" \/><span style=\"color: #ff0000;\"><strong>\u2717<\/strong> <\/span>Pers\u00f6nliche Ausgaben<br data-start=\"909\" data-end=\"912\" \/><span style=\"color: #ff0000;\"><strong>\u2717<\/strong> <\/span>Getr\u00e4nke<\/p>\n<h3 data-start=\"924\" data-end=\"947\">\ud83c\udf1f H\u00f6hepunkte der Tour<\/h3>\n<p data-start=\"948\" data-end=\"1383\">\ud83d\udd39 Altstadt von Antalya - Hadrianstor, geriffeltes Minarett, Uhrenturm<br data-start=\"1013\" data-end=\"1016\" \/>\ud83d\udd39 Untere D\u00fcdener Wasserf\u00e4lle - 40 Meter hohe Kaskade ins Mittelmeer<br data-start=\"1083\" data-end=\"1086\" \/>\ud83d\udd39 Obere D\u00fcdener Wasserf\u00e4lle - malerische Fotostellen und \u00fcppige Umgebung<br data-start=\"1154\" data-end=\"1157\" \/>\ud83d\udd39 Olympos Seilbahnfahrt in Kemer - Panoramablick aus 2.365 Metern H\u00f6he<br data-start=\"1236\" data-end=\"1239\" \/>\ud83d\udd39 Dinopark-Besuch in Kemer - lebensgro\u00dfe Dinosauriermodelle in Kiefernw\u00e4ldern<br data-start=\"1318\" data-end=\"1321\" \/>Optionaler 1-st\u00fcndiger Bootsausflug ab Kaleici Marina<\/p>\n<h3 data-start=\"1385\" data-end=\"1409\">\ud83d\udcd6 Vollst\u00e4ndige Beschreibung<\/h3>\n<div>Ihr Tag beginnt mit einem komfortablen Transfer von Ihrem Hotel in Belek und Umgebung. Der Schwerpunkt der Tour liegt in Antalya-Stadt, wo Sie die historische Altstadt von Kaleici, die D\u00fcden-Wasserf\u00e4lle und die Mittelmeerk\u00fcste erkunden.<\/div>\n<div>Wenn Sie die Option <strong data-start=\"1656\" data-end=\"1689\">Stadtrundfahrt + Olympos-Seilbahn<\/strong>, fahren Sie zum Berg Tahtal\u0131 in Kemer, wo Sie eine spektakul\u00e4re Fahrt mit der Seilbahn mit Panoramablick unternehmen. Ganz in der N\u00e4he k\u00f6nnen Sie den Dinopark besuchen, einen familienfreundlichen Ort mit lebensgro\u00dfen Dinosauriermodellen.<\/div>\n<div>Wenn Sie die Option <strong data-start=\"1897\" data-end=\"1922\">Stadtrundfahrt + Bootsfahrt<\/strong>, Genie\u00dfen Sie eine 1-st\u00fcndige Sightseeing-Kreuzfahrt von der Kaleici Marina aus, um die K\u00fcste Antalyas vom Meer aus zu bewundern. Nach dem Mittagessen erkunden Sie die Unteren und Oberen D\u00fcden-Wasserf\u00e4lle, die ein Naturerlebnis und perfekte Fotomotive bieten.<\/div>\n<h3 data-start=\"2157\" data-end=\"2180\"><span style=\"color: #000000;\"><strong>\ud83d\uddfa\ufe0f Reiseverlauf<\/strong><\/span><\/h3>\n<p data-start=\"2181\" data-end=\"2657\">\ud83d\udd39 Abholung von Hotels in Belek und Umgebung<br data-start=\"2233\" data-end=\"2236\" \/>Fahrt ins Stadtzentrum von Antalya in einem klimatisierten Bus<br data-start=\"2293\" data-end=\"2296\" \/>\ud83d\udd39 Erkunden Sie die Altstadt von Antalya - Hadrianstor, geriffeltes Minarett, Uhrenturm<br data-start=\"2369\" data-end=\"2372\" \/>\ud83d\udd39 Besuch der Unteren D\u00fcden Wasserf\u00e4lle - 30 Minuten<br data-start=\"2416\" data-end=\"2419\" \/>\ud83d\udd39 Besuch der Oberen D\u00fcden Wasserf\u00e4lle - 45 Minuten<br data-start=\"2463\" data-end=\"2466\" \/>\ud83d\udd39 Olympos-Seilbahn in Kemer - 45 Minuten<br data-start=\"2517\" data-end=\"2520\" \/>\ud83d\udd39 Dinopark-Besuch in Kemer - 1 Stunde<br data-start=\"2564\" data-end=\"2567\" \/>Optionaler 1-st\u00fcndiger Bootsausflug ab Kaleici Marina<br data-start=\"2615\" data-end=\"2618\" \/>\ud83d\udd39 R\u00fccktransfer zu den Hotels in Belek<\/p>\n<h3 data-start=\"2659\" data-end=\"2685\"><span style=\"color: #000000;\"><strong>\u2139\ufe0f N\u00fctzliche Informationen<\/strong><\/span><\/h3>\n<p data-start=\"2686\" data-end=\"2986\">\ud83d\udd39 Dauer: ca. 8-9 Stunden<br data-start=\"2722\" data-end=\"2725\" \/>\ud83d\udd39 T\u00e4glich verf\u00fcgbar in der Region Belek<br data-start=\"2761\" data-end=\"2764\" \/>\ud83d\udd39 Englisch, Deutsch und Russisch sprechende F\u00fchrer<br data-start=\"2811\" data-end=\"2814\" \/>\ud83d\udd39 Kostenlose Stornierung bis zu 24 Stunden vor der Tour<br data-start=\"2865\" data-end=\"2868\" \/>\ud83d\udd39 Moderater Spaziergang in der Altstadt von Kaleici erforderlich<br data-start=\"2916\" data-end=\"2919\" \/>\ud83d\udd39 Zwei Paketoptionen verf\u00fcgbar (Olympos-Seilbahn oder Bootsfahrt)<\/p>\n<h3 data-start=\"2988\" data-end=\"3009\"><span style=\"color: #000000;\"><strong>\ud83c\udf92 Was Sie mitbringen sollten<\/strong><\/span><\/h3>\n<p data-start=\"3010\" data-end=\"3142\">\ud83d\udd39 Bequeme Wanderschuhe<br data-start=\"3038\" data-end=\"3041\" \/>\ud83d\udd39 Hut, Sonnenbrille und Sonnenschutzmittel<br data-start=\"3074\" data-end=\"3077\" \/>\ud83d\udd39 Kamera oder Smartphone<br data-start=\"3100\" data-end=\"3103\" \/>\ud83d\udd39 Kleines Bargeld f\u00fcr Souvenirs oder Extras<\/p>\n<h3 data-start=\"3144\" data-end=\"3168\"><span style=\"color: #000000;\"><strong>\ud83d\udeab Nicht geeignet f\u00fcr<\/strong><\/span><\/h3>\n<p data-start=\"3169\" data-end=\"3255\">\ud83d\udd39 G\u00e4ste mit eingeschr\u00e4nkter Mobilit\u00e4t<br data-start=\"3200\" data-end=\"3203\" \/>\ud83d\udd39 G\u00e4ste mit H\u00f6henangst (bei Option Seilbahn)<\/p>\n<h3 data-start=\"3320\" data-end=\"3345\"><span style=\"color: #000000;\"><strong>\ud83d\udcb8 Preis und Buchung<\/strong><\/span><\/h3>\n<p data-start=\"3346\" data-end=\"3469\"><strong>\ud83d\udd39 Jetzt buchen, am Tag der Tour bezahlen<\/strong><br data-start=\"3385\" data-end=\"3388\" \/>Kontaktiere uns \u00fcber WhatsApp, Telegram, Viber oder f\u00fclle das Buchungsformular unten aus. \ud83d\udc47\ud83c\udffc<\/p>","protected":false},"excerpt":{"rendered":"<p>Buchen Sie die <b>Antalya City Tour &amp; Kemer from Belek<\/b>! Explore <b>Kaleici<\/b>, <b>D\u00fcdener Wasserf\u00e4lle<\/b>, and ride the <b>Seilbahn Olympos<\/b>. Inklusive Mittagessen und F\u00fchrung.<\/p>","protected":false},"featured_media":15467,"comment_status":"open","ping_status":"closed","template":"","meta":[],"product_brand":[],"product_cat":[126],"product_tag":[120],"class_list":{"0":"post-15562","1":"product","2":"type-product","3":"status-publish","4":"has-post-thumbnail","6":"tour_phys-belek-tours","7":"product_cat-belek-tours","8":"product_tag-belek","9":"pa_destination-belek-tours","11":"first","12":"instock","13":"sale","14":"shipping-taxable","15":"purchasable","16":"product-type-tour_phys"},"aioseo_notices":[],"_links":{"self":[{"href":"https:\/\/excursionsworld.com\/de\/wp-json\/wp\/v2\/product\/15562","targetHints":{"allow":["GET"]}}],"collection":[{"href":"https:\/\/excursionsworld.com\/de\/wp-json\/wp\/v2\/product"}],"about":[{"href":"https:\/\/excursionsworld.com\/de\/wp-json\/wp\/v2\/types\/product"}],"replies":[{"embeddable":true,"href":"https:\/\/excursionsworld.com\/de\/wp-json\/wp\/v2\/comments?post=15562"}],"wp:featuredmedia":[{"embeddable":true,"href":"https:\/\/excursionsworld.com\/de\/wp-json\/wp\/v2\/media\/15467"}],"wp:attachment":[{"href":"https:\/\/excursionsworld.com\/de\/wp-json\/wp\/v2\/media?parent=15562"}],"wp:term":[{"taxonomy":"product_brand","embeddable":true,"href":"https:\/\/excursionsworld.com\/de\/wp-json\/wp\/v2\/product_brand?post=15562"},{"taxonomy":"product_cat","embeddable":true,"href":"https:\/\/excursionsworld.com\/de\/wp-json\/wp\/v2\/product_cat?post=15562"},{"taxonomy":"product_tag","embeddable":true,"href":"https:\/\/excursionsworld.com\/de\/wp-json\/wp\/v2\/product_tag?post=15562"}],"curies":[{"name":"wp","href":"https:\/\/api.w.org\/{rel}","templated":true}]}}